{"id":1001158,"date":"2024-06-30T10:42:57","date_gmt":"2024-06-30T09:42:57","guid":{"rendered":"https:\/\/labellink.org\/conformita-e-certificazione-delle-etichette-elettroniche-labellink\/"},"modified":"2024-04-16T08:36:13","modified_gmt":"2024-04-16T07:36:13","slug":"conformita-e-certificazione-delle-etichette-elettroniche-labellink","status":"publish","type":"page","link":"https:\/\/labellink.org\/it\/conformita-e-certificazione-delle-etichette-elettroniche-labellink\/","title":{"rendered":"Conformit\u00e0 e certificazione delle etichette elettroniche &#8211; Labellink"},"content":{"rendered":"\t\t<div data-elementor-type=\"wp-page\" data-elementor-id=\"1001158\" class=\"elementor elementor-1001158 elementor-995733\" data-elementor-post-type=\"page\">\n\t\t\t\t<div data-particle_enable=\"false\" data-particle-mobile-disabled=\"false\" class=\"elementor-element elementor-element-4c2425a e-flex e-con-boxed e-con e-parent\" data-id=\"4c2425a\" data-element_type=\"container\" data-settings=\"{&quot;background_background&quot;:&quot;classic&quot;,&quot;jet_parallax_layout_list&quot;:[]}\">\n\t\t\t\t\t<div class=\"e-con-inner\">\n\t\t<div data-particle_enable=\"false\" data-particle-mobile-disabled=\"false\" class=\"elementor-element elementor-element-eebdc63 e-con-full e-flex e-con e-child\" data-id=\"eebdc63\" data-element_type=\"container\" data-settings=\"{&quot;jet_parallax_layout_list&quot;:[]}\">\n\t\t\t\t<div class=\"elementor-element elementor-element-eeb445c elementor-widget__width-initial elementor-widget elementor-widget-heading\" data-id=\"eeb445c\" data-element_type=\"widget\" data-widget_type=\"heading.default\">\n\t\t\t\t<div class=\"elementor-widget-container\">\n\t\t\t<h1 class=\"elementor-heading-title elementor-size-default\">Conformit\u00e0 e certificazione del marchio elettronico<\/h1>\t\t<\/div>\n\t\t\t\t<\/div>\n\t\t\t\t<div class=\"elementor-element elementor-element-07f8088 elementor-widget elementor-widget-text-editor\" data-id=\"07f8088\" data-element_type=\"widget\" data-widget_type=\"text-editor.default\">\n\t\t\t\t<div class=\"elementor-widget-container\">\n\t\t\t\t\t\t\t<div data-pm-slice=\"1 1 []\" data-en-clipboard=\"true\">\n<div data-pm-slice=\"1 1 []\" data-en-clipboard=\"true\">\n<div data-pm-slice=\"1 1 []\" data-en-clipboard=\"true\">\n<div class=\"flex flex-grow flex-col max-w-full\">\n<div class=\"min-h-[20px] text-message flex flex-col items-start gap-3 whitespace-pre-wrap break-words [.text-message+&amp;]:mt-5 overflow-x-auto\" data-message-author-role=\"assistant\" data-message-id=\"dce313ee-9c02-4c7b-b21a-9372c8241400\">\n<div class=\"markdown prose w-full break-words dark:prose-invert light\">\n<p>La certificazione Labellink assicura i consumatori e semplifica la certificazione e la conformit\u00e0 dei marchi elettronici per le aziende.<\/p>\n<\/div>\n<\/div>\n<\/div>\n<\/div>\n<\/div>\n<\/div>\n\t\t\t\t\t\t<\/div>\n\t\t\t\t<\/div>\n\t\t\t\t<\/div>\n\t\t\t\t\t<\/div>\n\t\t\t\t<\/div>\n\t\t<div data-particle_enable=\"false\" data-particle-mobile-disabled=\"false\" class=\"elementor-element elementor-element-8262044 e-flex e-con-boxed e-con e-parent\" data-id=\"8262044\" data-element_type=\"container\" data-settings=\"{&quot;background_background&quot;:&quot;classic&quot;,&quot;jet_parallax_layout_list&quot;:[]}\">\n\t\t\t\t\t<div class=\"e-con-inner\">\n\t\t<div data-particle_enable=\"false\" data-particle-mobile-disabled=\"false\" class=\"elementor-element elementor-element-dc72668 e-con-full e-flex e-con e-child\" data-id=\"dc72668\" data-element_type=\"container\" data-settings=\"{&quot;background_background&quot;:&quot;classic&quot;,&quot;jet_parallax_layout_list&quot;:[]}\">\n\t\t\t\t<div class=\"elementor-element elementor-element-7e83179 elementor-widget elementor-widget-heading\" data-id=\"7e83179\" data-element_type=\"widget\" data-widget_type=\"heading.default\">\n\t\t\t\t<div class=\"elementor-widget-container\">\n\t\t\t<h3 class=\"elementor-heading-title elementor-size-default\">Conformit\u00e0<\/h3>\t\t<\/div>\n\t\t\t\t<\/div>\n\t\t\t\t<div class=\"elementor-element elementor-element-65236c5 elementor-widget elementor-widget-text-editor\" data-id=\"65236c5\" data-element_type=\"widget\" data-widget_type=\"text-editor.default\">\n\t\t\t\t<div class=\"elementor-widget-container\">\n\t\t\t\t\t\t\t<p>Nel campo dell&#8217;etichettatura digitale, il rispetto degli standard normativi \u00e8 fondamentale. La piattaforma di Labellink \u00e8 meticolosamente progettata per garantire che tutte le etichette elettroniche generate e gestite attraverso il suo sistema soddisfino automaticamente i rigorosi requisiti stabiliti dalle normative dell&#8217;Unione Europea (UE) e degli Stati Uniti (USA). Questa conformit\u00e0 automatica elimina la necessit\u00e0 per le aziende di navigare nella complessa rete dei singoli requisiti normativi, risparmiando tempo e riducendo il rischio di sanzioni per mancata conformit\u00e0. Labellink rimane al passo con le modifiche normative e aggiorna di conseguenza le sue funzioni di conformit\u00e0, offrendo alle aziende una tranquillit\u00e0 continua e garantendo che le loro etichette elettroniche siano sempre in linea con gli ultimi standard legali.<\/p>\n\t\t\t\t\t\t<\/div>\n\t\t\t\t<\/div>\n\t\t\t\t<\/div>\n\t\t<div data-particle_enable=\"false\" data-particle-mobile-disabled=\"false\" class=\"elementor-element elementor-element-ce88a05 e-con-full e-flex e-con e-child\" data-id=\"ce88a05\" data-element_type=\"container\" data-settings=\"{&quot;background_background&quot;:&quot;classic&quot;,&quot;jet_parallax_layout_list&quot;:[]}\">\n\t\t\t\t<div class=\"elementor-element elementor-element-a065a9d elementor-hidden-mobile elementor-widget elementor-widget-image\" data-id=\"a065a9d\" data-element_type=\"widget\" data-widget_type=\"image.default\">\n\t\t\t\t<div class=\"elementor-widget-container\">\n\t\t\t\t\t\t\t\t\t\t\t\t\t<img fetchpriority=\"high\" decoding=\"async\" width=\"500\" height=\"500\" src=\"https:\/\/labellink.org\/wp-content\/uploads\/2024\/04\/e-label-compliance-1.webp\" class=\"attachment-full size-full wp-image-997067\" alt=\"\" srcset=\"https:\/\/labellink.org\/wp-content\/uploads\/2024\/04\/e-label-compliance-1.webp 500w, https:\/\/labellink.org\/wp-content\/uploads\/2024\/04\/e-label-compliance-1-300x300.webp 300w, https:\/\/labellink.org\/wp-content\/uploads\/2024\/04\/e-label-compliance-1-700x700.webp 700w, https:\/\/labellink.org\/wp-content\/uploads\/2024\/04\/e-label-compliance-1-900x900.webp 900w, https:\/\/labellink.org\/wp-content\/uploads\/2024\/04\/e-label-compliance-1-1200x1200.webp 1200w\" sizes=\"(max-width: 500px) 100vw, 500px\" \/>\t\t\t\t\t\t\t\t\t\t\t\t\t<\/div>\n\t\t\t\t<\/div>\n\t\t\t\t<\/div>\n\t\t\t\t\t<\/div>\n\t\t\t\t<\/div>\n\t\t<div data-particle_enable=\"false\" data-particle-mobile-disabled=\"false\" class=\"elementor-element elementor-element-f61120e e-flex e-con-boxed e-con e-parent\" data-id=\"f61120e\" data-element_type=\"container\" data-settings=\"{&quot;background_background&quot;:&quot;classic&quot;,&quot;jet_parallax_layout_list&quot;:[]}\">\n\t\t\t\t\t<div class=\"e-con-inner\">\n\t\t<div data-particle_enable=\"false\" data-particle-mobile-disabled=\"false\" class=\"elementor-element elementor-element-8b7be9d e-con-full e-flex e-con e-child\" data-id=\"8b7be9d\" data-element_type=\"container\" data-settings=\"{&quot;background_background&quot;:&quot;classic&quot;,&quot;jet_parallax_layout_list&quot;:[]}\">\n\t\t\t\t<div class=\"elementor-element elementor-element-0a7d21e elementor-widget elementor-widget-heading\" data-id=\"0a7d21e\" data-element_type=\"widget\" data-widget_type=\"heading.default\">\n\t\t\t\t<div class=\"elementor-widget-container\">\n\t\t\t<h3 class=\"elementor-heading-title elementor-size-default\">Certificazione<\/h3>\t\t<\/div>\n\t\t\t\t<\/div>\n\t\t\t\t<div class=\"elementor-element elementor-element-84a9a79 elementor-widget elementor-widget-text-editor\" data-id=\"84a9a79\" data-element_type=\"widget\" data-widget_type=\"text-editor.default\">\n\t\t\t\t<div class=\"elementor-widget-container\">\n\t\t\t\t\t\t\t<p>Al di l\u00e0 della semplice conformit\u00e0, Labellink eleva le etichette elettroniche con la sua funzione di certificazione, offrendo un marchio di autenticit\u00e0 e garanzia di qualit\u00e0 che le aziende possono esibire sulle loro etichette digitali. Questa certificazione testimonia l&#8217;aderenza del marchio elettronico agli standard e alle normative vigenti, fornendo un ulteriore livello di fiducia e rassicurazione ai consumatori. Sottoponendosi al processo di certificazione di Labellink, le aziende possono differenziare i loro prodotti, aumentare la credibilit\u00e0 del marchio e promuovere la fiducia dei consumatori. Il processo di certificazione Labellink \u00e8 approfondito ma semplice, progettato per essere accessibile alle aziende di tutte le dimensioni e per garantire ai consumatori le informazioni e i prodotti che incontrano.<\/p>\n\t\t\t\t\t\t<\/div>\n\t\t\t\t<\/div>\n\t\t\t\t<\/div>\n\t\t<div data-particle_enable=\"false\" data-particle-mobile-disabled=\"false\" class=\"elementor-element elementor-element-7e52141 e-con-full e-flex e-con e-child\" data-id=\"7e52141\" data-element_type=\"container\" data-settings=\"{&quot;background_background&quot;:&quot;classic&quot;,&quot;jet_parallax_layout_list&quot;:[]}\">\n\t\t\t\t<div class=\"elementor-element elementor-element-2fa679d elementor-hidden-mobile elementor-widget elementor-widget-image\" data-id=\"2fa679d\" data-element_type=\"widget\" data-widget_type=\"image.default\">\n\t\t\t\t<div class=\"elementor-widget-container\">\n\t\t\t\t\t\t\t\t\t\t\t\t\t<img decoding=\"async\" width=\"500\" height=\"500\" src=\"https:\/\/labellink.org\/wp-content\/uploads\/2024\/03\/qr-label-certification-1.png\" class=\"attachment-full size-full wp-image-991618\" alt=\"\" srcset=\"https:\/\/labellink.org\/wp-content\/uploads\/2024\/03\/qr-label-certification-1.png 500w, https:\/\/labellink.org\/wp-content\/uploads\/2024\/03\/qr-label-certification-1-300x300.png 300w, https:\/\/labellink.org\/wp-content\/uploads\/2024\/03\/qr-label-certification-1-700x700.png 700w, https:\/\/labellink.org\/wp-content\/uploads\/2024\/03\/qr-label-certification-1-900x900.png 900w, https:\/\/labellink.org\/wp-content\/uploads\/2024\/03\/qr-label-certification-1-1200x1200.png 1200w\" sizes=\"(max-width: 500px) 100vw, 500px\" \/>\t\t\t\t\t\t\t\t\t\t\t\t\t<\/div>\n\t\t\t\t<\/div>\n\t\t\t\t<\/div>\n\t\t\t\t\t<\/div>\n\t\t\t\t<\/div>\n\t\t<div data-particle_enable=\"false\" data-particle-mobile-disabled=\"false\" class=\"elementor-element elementor-element-2e7255f e-flex e-con-boxed e-con e-parent\" data-id=\"2e7255f\" data-element_type=\"container\" data-settings=\"{&quot;background_background&quot;:&quot;classic&quot;,&quot;jet_parallax_layout_list&quot;:[]}\">\n\t\t\t\t\t<div class=\"e-con-inner\">\n\t\t<div data-particle_enable=\"false\" data-particle-mobile-disabled=\"false\" class=\"elementor-element elementor-element-2167b5b e-con-full e-flex e-con e-child\" data-id=\"2167b5b\" data-element_type=\"container\" data-settings=\"{&quot;background_background&quot;:&quot;classic&quot;,&quot;jet_parallax_layout_list&quot;:[]}\">\n\t\t\t\t<div class=\"elementor-element elementor-element-f424c84 elementor-widget elementor-widget-heading\" data-id=\"f424c84\" data-element_type=\"widget\" data-widget_type=\"heading.default\">\n\t\t\t\t<div class=\"elementor-widget-container\">\n\t\t\t<h3 class=\"elementor-heading-title elementor-size-default\">Verifica<\/h3>\t\t<\/div>\n\t\t\t\t<\/div>\n\t\t\t\t<div class=\"elementor-element elementor-element-bbe4530 elementor-widget elementor-widget-text-editor\" data-id=\"bbe4530\" data-element_type=\"widget\" data-widget_type=\"text-editor.default\">\n\t\t\t\t<div class=\"elementor-widget-container\">\n\t\t\t\t\t\t\t<p>Il processo di verifica di Labellink \u00e8 stato concepito per infondere fiducia ai consumatori, garantendo l&#8217;autenticit\u00e0 e l&#8217;affidabilit\u00e0 dei fornitori di etichette elettroniche. Questo passaggio cruciale non solo garantisce l&#8217;integrit\u00e0 delle informazioni presentate, ma serve anche a salvaguardare il mercato da prodotti contraffatti e non autorizzati. Attraverso una meticolosa verifica dei fornitori, Labellink crea una rete di fonti affidabili, consentendo cos\u00ec ai consumatori di distinguere facilmente i prodotti autentici dalle imitazioni. Questo livello di verifica \u00e8 particolarmente significativo nel mercato odierno, dove discernere la legittimit\u00e0 di informazioni e prodotti online pu\u00f2 essere difficile. La dedizione di Labellink alla verifica dei fornitori sottolinea il suo impegno a sostenere i pi\u00f9 alti standard di trasparenza e affidabilit\u00e0 nell&#8217;ecosistema delle etichette elettroniche.<\/p>\n\t\t\t\t\t\t<\/div>\n\t\t\t\t<\/div>\n\t\t\t\t<\/div>\n\t\t<div data-particle_enable=\"false\" data-particle-mobile-disabled=\"false\" class=\"elementor-element elementor-element-eb19df2 e-con-full e-flex e-con e-child\" data-id=\"eb19df2\" data-element_type=\"container\" data-settings=\"{&quot;background_background&quot;:&quot;classic&quot;,&quot;jet_parallax_layout_list&quot;:[]}\">\n\t\t\t\t<div class=\"elementor-element elementor-element-b0fb73c elementor-hidden-mobile elementor-widget elementor-widget-image\" data-id=\"b0fb73c\" data-element_type=\"widget\" data-widget_type=\"image.default\">\n\t\t\t\t<div class=\"elementor-widget-container\">\n\t\t\t\t\t\t\t\t\t\t\t\t\t<img decoding=\"async\" width=\"500\" height=\"500\" src=\"https:\/\/labellink.org\/wp-content\/uploads\/2024\/04\/e-label-verification-1.webp\" class=\"attachment-full size-full wp-image-997068\" alt=\"\" srcset=\"https:\/\/labellink.org\/wp-content\/uploads\/2024\/04\/e-label-verification-1.webp 500w, https:\/\/labellink.org\/wp-content\/uploads\/2024\/04\/e-label-verification-1-300x300.webp 300w, https:\/\/labellink.org\/wp-content\/uploads\/2024\/04\/e-label-verification-1-700x700.webp 700w, https:\/\/labellink.org\/wp-content\/uploads\/2024\/04\/e-label-verification-1-900x900.webp 900w, https:\/\/labellink.org\/wp-content\/uploads\/2024\/04\/e-label-verification-1-1200x1200.webp 1200w\" sizes=\"(max-width: 500px) 100vw, 500px\" \/>\t\t\t\t\t\t\t\t\t\t\t\t\t<\/div>\n\t\t\t\t<\/div>\n\t\t\t\t<\/div>\n\t\t\t\t\t<\/div>\n\t\t\t\t<\/div>\n\t\t\t\t<\/div>\n\t\t","protected":false},"excerpt":{"rendered":"<p>Conformit\u00e0 e certificazione del marchio elettronico La certificazione Labellink assicura i consumatori e semplifica la certificazione e la conformit\u00e0 dei marchi elettronici per le aziende. Conformit\u00e0 Nel campo dell&#8217;etichettatura digitale, il rispetto degli standard normativi \u00e8 fondamentale. La piattaforma di Labellink \u00e8 meticolosamente progettata per garantire che tutte le etichette elettroniche generate e gestite attraverso [&hellip;]<\/p>\n","protected":false},"author":2,"featured_media":0,"parent":0,"menu_order":11,"comment_status":"closed","ping_status":"closed","template":"","meta":{"tpgb_global_settings":"","footnotes":""},"class_list":["post-1001158","page","type-page","status-publish","hentry"],"yoast_head":"<!-- This site is optimized with the Yoast SEO plugin v22.6 - https:\/\/yoast.com\/wordpress\/plugins\/seo\/ -->\n<title>Conformit\u00e0 e certificazione delle etichette elettroniche - Labellink<\/title>\n<meta name=\"description\" content=\"Le soluzioni per la conformit\u00e0 delle etichette elettroniche e la certificazione di Labellink semplificano gli standard del settore e l&#039;etichettatura elettronica, garantendo una conformit\u00e0 senza soluzione di continuit\u00e0.\" \/>\n<meta name=\"robots\" content=\"index, follow, max-snippet:-1, max-image-preview:large, max-video-preview:-1\" \/>\n<link rel=\"canonical\" href=\"https:\/\/labellink.org\/it\/conformita-e-certificazione-delle-etichette-elettroniche-labellink\/\" \/>\n<meta property=\"og:locale\" content=\"it_IT\" \/>\n<meta property=\"og:type\" content=\"article\" \/>\n<meta property=\"og:title\" content=\"Conformit\u00e0 e certificazione delle etichette elettroniche - Labellink\" \/>\n<meta property=\"og:description\" content=\"Le soluzioni per la conformit\u00e0 delle etichette elettroniche e la certificazione di Labellink semplificano gli standard del settore e l&#039;etichettatura elettronica, garantendo una conformit\u00e0 senza soluzione di continuit\u00e0.\" \/>\n<meta property=\"og:url\" content=\"https:\/\/labellink.org\/it\/conformita-e-certificazione-delle-etichette-elettroniche-labellink\/\" \/>\n<meta property=\"og:site_name\" content=\"Labellink\" \/>\n<meta property=\"article:modified_time\" content=\"2024-04-16T07:36:13+00:00\" \/>\n<meta property=\"og:image\" content=\"https:\/\/labellink.org\/wp-content\/uploads\/2024\/04\/e-label-compliance-1.webp\" \/>\n<meta name=\"twitter:card\" content=\"summary_large_image\" \/>\n<meta name=\"twitter:label1\" content=\"Tempo di lettura stimato\" \/>\n\t<meta name=\"twitter:data1\" content=\"2 minuti\" \/>\n<script type=\"application\/ld+json\" class=\"yoast-schema-graph\">{\"@context\":\"https:\/\/schema.org\",\"@graph\":[{\"@type\":\"WebPage\",\"@id\":\"https:\/\/labellink.org\/it\/conformita-e-certificazione-delle-etichette-elettroniche-labellink\/\",\"url\":\"https:\/\/labellink.org\/it\/conformita-e-certificazione-delle-etichette-elettroniche-labellink\/\",\"name\":\"Conformit\u00e0 e certificazione delle etichette elettroniche - Labellink\",\"isPartOf\":{\"@id\":\"https:\/\/labellink.org\/it\/#website\"},\"primaryImageOfPage\":{\"@id\":\"https:\/\/labellink.org\/it\/conformita-e-certificazione-delle-etichette-elettroniche-labellink\/#primaryimage\"},\"image\":{\"@id\":\"https:\/\/labellink.org\/it\/conformita-e-certificazione-delle-etichette-elettroniche-labellink\/#primaryimage\"},\"thumbnailUrl\":\"https:\/\/labellink.org\/wp-content\/uploads\/2024\/04\/e-label-compliance-1.webp\",\"datePublished\":\"2024-06-30T09:42:57+00:00\",\"dateModified\":\"2024-04-16T07:36:13+00:00\",\"description\":\"Le soluzioni per la conformit\u00e0 delle etichette elettroniche e la certificazione di Labellink semplificano gli standard del settore e l'etichettatura elettronica, garantendo una conformit\u00e0 senza soluzione di continuit\u00e0.\",\"breadcrumb\":{\"@id\":\"https:\/\/labellink.org\/it\/conformita-e-certificazione-delle-etichette-elettroniche-labellink\/#breadcrumb\"},\"inLanguage\":\"it-IT\",\"potentialAction\":[{\"@type\":\"ReadAction\",\"target\":[\"https:\/\/labellink.org\/it\/conformita-e-certificazione-delle-etichette-elettroniche-labellink\/\"]}]},{\"@type\":\"ImageObject\",\"inLanguage\":\"it-IT\",\"@id\":\"https:\/\/labellink.org\/it\/conformita-e-certificazione-delle-etichette-elettroniche-labellink\/#primaryimage\",\"url\":\"https:\/\/labellink.org\/wp-content\/uploads\/2024\/04\/e-label-compliance-1.webp\",\"contentUrl\":\"https:\/\/labellink.org\/wp-content\/uploads\/2024\/04\/e-label-compliance-1.webp\"},{\"@type\":\"BreadcrumbList\",\"@id\":\"https:\/\/labellink.org\/it\/conformita-e-certificazione-delle-etichette-elettroniche-labellink\/#breadcrumb\",\"itemListElement\":[{\"@type\":\"ListItem\",\"position\":1,\"name\":\"Home\",\"item\":\"https:\/\/labellink.org\/it\/\"},{\"@type\":\"ListItem\",\"position\":2,\"name\":\"Conformit\u00e0 e certificazione delle etichette elettroniche &#8211; Labellink\"}]},{\"@type\":\"WebSite\",\"@id\":\"https:\/\/labellink.org\/it\/#website\",\"url\":\"https:\/\/labellink.org\/it\/\",\"name\":\"Labellink\",\"description\":\"E-label software and services\",\"publisher\":{\"@id\":\"https:\/\/labellink.org\/it\/#organization\"},\"potentialAction\":[{\"@type\":\"SearchAction\",\"target\":{\"@type\":\"EntryPoint\",\"urlTemplate\":\"https:\/\/labellink.org\/it\/?s={search_term_string}\"},\"query-input\":\"required name=search_term_string\"}],\"inLanguage\":\"it-IT\"},{\"@type\":\"Organization\",\"@id\":\"https:\/\/labellink.org\/it\/#organization\",\"name\":\"Labellink\",\"url\":\"https:\/\/labellink.org\/it\/\",\"logo\":{\"@type\":\"ImageObject\",\"inLanguage\":\"it-IT\",\"@id\":\"https:\/\/labellink.org\/it\/#\/schema\/logo\/image\/\",\"url\":\"https:\/\/labellink.org\/wp-content\/uploads\/2024\/01\/labellink-logo.png\",\"contentUrl\":\"https:\/\/labellink.org\/wp-content\/uploads\/2024\/01\/labellink-logo.png\",\"width\":900,\"height\":200,\"caption\":\"Labellink\"},\"image\":{\"@id\":\"https:\/\/labellink.org\/it\/#\/schema\/logo\/image\/\"}}]}<\/script>\n<!-- \/ Yoast SEO plugin. -->","yoast_head_json":{"title":"Conformit\u00e0 e certificazione delle etichette elettroniche - Labellink","description":"Le soluzioni per la conformit\u00e0 delle etichette elettroniche e la certificazione di Labellink semplificano gli standard del settore e l'etichettatura elettronica, garantendo una conformit\u00e0 senza soluzione di continuit\u00e0.","robots":{"index":"index","follow":"follow","max-snippet":"max-snippet:-1","max-image-preview":"max-image-preview:large","max-video-preview":"max-video-preview:-1"},"canonical":"https:\/\/labellink.org\/it\/conformita-e-certificazione-delle-etichette-elettroniche-labellink\/","og_locale":"it_IT","og_type":"article","og_title":"Conformit\u00e0 e certificazione delle etichette elettroniche - Labellink","og_description":"Le soluzioni per la conformit\u00e0 delle etichette elettroniche e la certificazione di Labellink semplificano gli standard del settore e l'etichettatura elettronica, garantendo una conformit\u00e0 senza soluzione di continuit\u00e0.","og_url":"https:\/\/labellink.org\/it\/conformita-e-certificazione-delle-etichette-elettroniche-labellink\/","og_site_name":"Labellink","article_modified_time":"2024-04-16T07:36:13+00:00","og_image":[{"url":"https:\/\/labellink.org\/wp-content\/uploads\/2024\/04\/e-label-compliance-1.webp"}],"twitter_card":"summary_large_image","twitter_misc":{"Tempo di lettura stimato":"2 minuti"},"schema":{"@context":"https:\/\/schema.org","@graph":[{"@type":"WebPage","@id":"https:\/\/labellink.org\/it\/conformita-e-certificazione-delle-etichette-elettroniche-labellink\/","url":"https:\/\/labellink.org\/it\/conformita-e-certificazione-delle-etichette-elettroniche-labellink\/","name":"Conformit\u00e0 e certificazione delle etichette elettroniche - Labellink","isPartOf":{"@id":"https:\/\/labellink.org\/it\/#website"},"primaryImageOfPage":{"@id":"https:\/\/labellink.org\/it\/conformita-e-certificazione-delle-etichette-elettroniche-labellink\/#primaryimage"},"image":{"@id":"https:\/\/labellink.org\/it\/conformita-e-certificazione-delle-etichette-elettroniche-labellink\/#primaryimage"},"thumbnailUrl":"https:\/\/labellink.org\/wp-content\/uploads\/2024\/04\/e-label-compliance-1.webp","datePublished":"2024-06-30T09:42:57+00:00","dateModified":"2024-04-16T07:36:13+00:00","description":"Le soluzioni per la conformit\u00e0 delle etichette elettroniche e la certificazione di Labellink semplificano gli standard del settore e l'etichettatura elettronica, garantendo una conformit\u00e0 senza soluzione di continuit\u00e0.","breadcrumb":{"@id":"https:\/\/labellink.org\/it\/conformita-e-certificazione-delle-etichette-elettroniche-labellink\/#breadcrumb"},"inLanguage":"it-IT","potentialAction":[{"@type":"ReadAction","target":["https:\/\/labellink.org\/it\/conformita-e-certificazione-delle-etichette-elettroniche-labellink\/"]}]},{"@type":"ImageObject","inLanguage":"it-IT","@id":"https:\/\/labellink.org\/it\/conformita-e-certificazione-delle-etichette-elettroniche-labellink\/#primaryimage","url":"https:\/\/labellink.org\/wp-content\/uploads\/2024\/04\/e-label-compliance-1.webp","contentUrl":"https:\/\/labellink.org\/wp-content\/uploads\/2024\/04\/e-label-compliance-1.webp"},{"@type":"BreadcrumbList","@id":"https:\/\/labellink.org\/it\/conformita-e-certificazione-delle-etichette-elettroniche-labellink\/#breadcrumb","itemListElement":[{"@type":"ListItem","position":1,"name":"Home","item":"https:\/\/labellink.org\/it\/"},{"@type":"ListItem","position":2,"name":"Conformit\u00e0 e certificazione delle etichette elettroniche &#8211; Labellink"}]},{"@type":"WebSite","@id":"https:\/\/labellink.org\/it\/#website","url":"https:\/\/labellink.org\/it\/","name":"Labellink","description":"E-label software and services","publisher":{"@id":"https:\/\/labellink.org\/it\/#organization"},"potentialAction":[{"@type":"SearchAction","target":{"@type":"EntryPoint","urlTemplate":"https:\/\/labellink.org\/it\/?s={search_term_string}"},"query-input":"required name=search_term_string"}],"inLanguage":"it-IT"},{"@type":"Organization","@id":"https:\/\/labellink.org\/it\/#organization","name":"Labellink","url":"https:\/\/labellink.org\/it\/","logo":{"@type":"ImageObject","inLanguage":"it-IT","@id":"https:\/\/labellink.org\/it\/#\/schema\/logo\/image\/","url":"https:\/\/labellink.org\/wp-content\/uploads\/2024\/01\/labellink-logo.png","contentUrl":"https:\/\/labellink.org\/wp-content\/uploads\/2024\/01\/labellink-logo.png","width":900,"height":200,"caption":"Labellink"},"image":{"@id":"https:\/\/labellink.org\/it\/#\/schema\/logo\/image\/"}}]}},"tpgb_featured_images":null,"tpgb_post_meta_info":{"get_date":"30 Giugno 2024","author_name":"Boris Motusic","author_url":"https:\/\/labellink.org\/it\/author\/boris\/","author_email":"boris@uexperts.com","author_website":"https:\/\/www.linkedin.com\/in\/boris-motusic\/","author_description":"Boris Motusic is the CEO of Labellink and United Experts, a seasoned Chief Solution Architect, consultant, author, and public speaker, with experience working on projects for global brands like Microsoft, BNP Paribas, ABB, Panasonic, and Best Western Hotels.\r\n\r\n<a href=\"https:\/\/www.linkedin.com\/in\/boris-motusic\/\">LinkedIn Profile<\/a>","author_facebook":"","author_twitter":"","author_instagram":"","author_role":["administrator"],"author_firstname":"Boris","author_lastname":"Motusic","user_login":"Boris","author_avatar":"<img alt='' src='https:\/\/secure.gravatar.com\/avatar\/a16ac50596ba289795b185a9dc6123239c87be7224f05ac14470b09a0d3cf8c4?s=200&#038;d=mm&#038;r=g' srcset='https:\/\/secure.gravatar.com\/avatar\/a16ac50596ba289795b185a9dc6123239c87be7224f05ac14470b09a0d3cf8c4?s=400&#038;d=mm&#038;r=g 2x' class='avatar avatar-200 photo' height='200' width='200' decoding='async'\/>","author_avatar_url":"https:\/\/secure.gravatar.com\/avatar\/a16ac50596ba289795b185a9dc6123239c87be7224f05ac14470b09a0d3cf8c4?s=96&d=mm&r=g","comment_count":0,"post_likes":0,"post_views":0},"tpgb_post_category":[],"_links":{"self":[{"href":"https:\/\/labellink.org\/it\/wp-json\/wp\/v2\/pages\/1001158","targetHints":{"allow":["GET"]}}],"collection":[{"href":"https:\/\/labellink.org\/it\/wp-json\/wp\/v2\/pages"}],"about":[{"href":"https:\/\/labellink.org\/it\/wp-json\/wp\/v2\/types\/page"}],"author":[{"embeddable":true,"href":"https:\/\/labellink.org\/it\/wp-json\/wp\/v2\/users\/2"}],"replies":[{"embeddable":true,"href":"https:\/\/labellink.org\/it\/wp-json\/wp\/v2\/comments?post=1001158"}],"version-history":[{"count":1,"href":"https:\/\/labellink.org\/it\/wp-json\/wp\/v2\/pages\/1001158\/revisions"}],"predecessor-version":[{"id":1001161,"href":"https:\/\/labellink.org\/it\/wp-json\/wp\/v2\/pages\/1001158\/revisions\/1001161"}],"wp:attachment":[{"href":"https:\/\/labellink.org\/it\/wp-json\/wp\/v2\/media?parent=1001158"}],"curies":[{"name":"wp","href":"https:\/\/api.w.org\/{rel}","templated":true}]}}