{"id":1001273,"date":"2024-06-30T12:37:16","date_gmt":"2024-06-30T11:37:16","guid":{"rendered":"https:\/\/labellink.org\/guides-detiquetage-electronique-labellink\/"},"modified":"2024-09-26T11:00:10","modified_gmt":"2024-09-26T10:00:10","slug":"guides-detiquetage-electronique-labellink","status":"publish","type":"page","link":"https:\/\/labellink.org\/fr\/guides-detiquetage-electronique-labellink\/","title":{"rendered":"Guides d&#8217;\u00e9tiquetage \u00e9lectronique &#8211; Labellink"},"content":{"rendered":"\t\t<div data-elementor-type=\"wp-page\" data-elementor-id=\"1001273\" class=\"elementor elementor-1001273 elementor-988193\" data-elementor-post-type=\"page\">\n\t\t\t\t<div data-particle_enable=\"false\" data-particle-mobile-disabled=\"false\" class=\"elementor-element elementor-element-adf5fc8 e-flex e-con-boxed e-con e-parent\" data-id=\"adf5fc8\" data-element_type=\"container\" data-settings=\"{&quot;background_background&quot;:&quot;classic&quot;,&quot;jet_parallax_layout_list&quot;:[]}\">\n\t\t\t\t\t<div class=\"e-con-inner\">\n\t\t<div data-particle_enable=\"false\" data-particle-mobile-disabled=\"false\" class=\"elementor-element elementor-element-b21aaee e-con-full e-flex e-con e-child\" data-id=\"b21aaee\" data-element_type=\"container\" data-settings=\"{&quot;jet_parallax_layout_list&quot;:[]}\">\n\t\t\t\t<div class=\"elementor-element elementor-element-465b4f9 elementor-widget__width-initial elementor-widget elementor-widget-heading\" data-id=\"465b4f9\" data-element_type=\"widget\" data-widget_type=\"heading.default\">\n\t\t\t\t<div class=\"elementor-widget-container\">\n\t\t\t<h1 class=\"elementor-heading-title elementor-size-default\">Guides : e-\u00e9tiquettes et DPP<\/h1>\t\t<\/div>\n\t\t\t\t<\/div>\n\t\t\t\t<div class=\"elementor-element elementor-element-2483773 elementor-widget elementor-widget-text-editor\" data-id=\"2483773\" data-element_type=\"widget\" data-widget_type=\"text-editor.default\">\n\t\t\t\t<div class=\"elementor-widget-container\">\n\t\t\t\t\t\t\t<div data-pm-slice=\"1 1 []\" data-en-clipboard=\"true\"><div data-pm-slice=\"1 1 []\" data-en-clipboard=\"true\"><div data-pm-slice=\"1 1 []\" data-en-clipboard=\"true\">Explorez les guides sur la mise en place des e-\u00e9tiquettes et les r\u00e9glementations selon les diff\u00e9rents secteurs d&#8217;activit\u00e9.<\/div><\/div><\/div>\t\t\t\t\t\t<\/div>\n\t\t\t\t<\/div>\n\t\t\t\t<div class=\"elementor-element elementor-element-9a118c8 ee-grid-columns-4 ee-posts-thumbnail-ratio ee-grid-columns-tablet-2 ee-grid-columns-mobile-1 ee-grid-align--stretch ee-grid-halign--left ee-posts-align-top ee-posts-avatar-position-left elementor-widget elementor-widget-posts-extra\" data-id=\"9a118c8\" data-element_type=\"widget\" data-settings=\"{&quot;columns&quot;:&quot;4&quot;,&quot;columns_tablet&quot;:&quot;2&quot;,&quot;columns_mobile&quot;:&quot;1&quot;,&quot;classic_layout&quot;:&quot;default&quot;,&quot;classic_grid_columns_spacing&quot;:{&quot;unit&quot;:&quot;px&quot;,&quot;size&quot;:24,&quot;sizes&quot;:[]},&quot;classic_grid_columns_spacing_tablet&quot;:{&quot;unit&quot;:&quot;px&quot;,&quot;size&quot;:12,&quot;sizes&quot;:[]},&quot;classic_grid_columns_spacing_mobile&quot;:{&quot;unit&quot;:&quot;px&quot;,&quot;size&quot;:0,&quot;sizes&quot;:[]}}\" data-widget_type=\"posts-extra.classic\">\n\t\t\t\t<div class=\"elementor-widget-container\">\n\t\t\t<div class=\"ee-grid ee-loop ee-grid--default\"><div class=\"ee-grid__item--sizer\"><\/div><div class=\"ee-grid__item ee-loop__item\"><article class=\"ee-post post-1003698 post type-post status-publish format-standard hentry category-apercu-de-lindustrie\"><div class=\"ee-post__body ee-post__area\"><a href=\"https:\/\/labellink.org\/fr\/comprendre-les-passeports-numeriques-de-produits-dans-lindustrie-du-jouet\/\" class=\"ee-post__title\">\n\t\t\t<h4 class=\"ee-post__title__heading\">Comprendre les passeports num\u00e9riques de produits dans l&#8217;industrie du jouet<\/h4>\n\t\t<\/a><\/div><!-- .ee-post__body --><\/article><!-- .ee-post --><\/div><!-- .ee-loop__item --><div class=\"ee-grid__item ee-loop__item\"><article class=\"ee-post post-1003260 post type-post status-publish format-standard hentry category-apercu-de-lindustrie\"><div class=\"ee-post__body ee-post__area\"><a href=\"https:\/\/labellink.org\/fr\/sauvons-51-millions-darbres-grace-aux-etiquettes-electroniques\/\" class=\"ee-post__title\">\n\t\t\t<h4 class=\"ee-post__title__heading\">Sauvons 51 millions d&#8217;arbres gr\u00e2ce aux \u00e9tiquettes \u00e9lectroniques<\/h4>\n\t\t<\/a><\/div><!-- .ee-post__body --><\/article><!-- .ee-post --><\/div><!-- .ee-loop__item --><div class=\"ee-grid__item ee-loop__item\"><article class=\"ee-post post-1003230 post type-post status-publish format-standard hentry category-apercu-de-lindustrie category-labellink-fr\"><div class=\"ee-post__body ee-post__area\"><a href=\"https:\/\/labellink.org\/fr\/comment-lia-peut-developper-sa-propre-personnalite-et-devenir-vraiment-intelligente\/\" class=\"ee-post__title\">\n\t\t\t<h4 class=\"ee-post__title__heading\">Comment l&#8217;IA peut d\u00e9velopper sa propre personnalit\u00e9 et devenir vraiment intelligente<\/h4>\n\t\t<\/a><\/div><!-- .ee-post__body --><\/article><!-- .ee-post --><\/div><!-- .ee-loop__item --><div class=\"ee-grid__item ee-loop__item\"><article class=\"ee-post post-1002894 post type-post status-publish format-standard has-post-thumbnail hentry category-apercu-de-lindustrie category-guides-de-lindustrie\"><a class=\"ee-media ee-post__media\" href=\"https:\/\/labellink.org\/fr\/comment-labellink-les-passeports-numeriques-de-produits-de-lue-et-gs1-transforment-la-transparence-et-la-durabilite\/\"><div class=\"ee-post__media__thumbnail ee-media__thumbnail\"><img fetchpriority=\"high\" decoding=\"async\" width=\"300\" height=\"300\" src=\"https:\/\/labellink.org\/wp-content\/uploads\/eu-digital-product-passport-300x300.png\" class=\"attachment-thumbnail size-thumbnail wp-image-1002860\" alt=\"EU Digital Product Passport\" srcset=\"https:\/\/labellink.org\/wp-content\/uploads\/eu-digital-product-passport-300x300.png 300w, https:\/\/labellink.org\/wp-content\/uploads\/eu-digital-product-passport-700x700.png 700w, https:\/\/labellink.org\/wp-content\/uploads\/eu-digital-product-passport-900x900.png 900w, https:\/\/labellink.org\/wp-content\/uploads\/eu-digital-product-passport-1200x1200.png 1200w\" sizes=\"(max-width: 300px) 100vw, 300px\" \/><\/div><div class=\"ee-post__media__overlay ee-media__overlay\"><\/div><\/a><!-- .ee-post__media --><div class=\"ee-post__body ee-post__area\"><a href=\"https:\/\/labellink.org\/fr\/comment-labellink-les-passeports-numeriques-de-produits-de-lue-et-gs1-transforment-la-transparence-et-la-durabilite\/\" class=\"ee-post__title\">\n\t\t\t<h4 class=\"ee-post__title__heading\">Comment Labellink, le Digital Product Passeport (DPP) de l&#8217;UE et GS1 transforment la tra\u00e7abilit\u00e9, la transparence et la durabilit\u00e9<\/h4>\n\t\t<\/a><\/div><!-- .ee-post__body --><\/article><!-- .ee-post --><\/div><!-- .ee-loop__item --><div class=\"ee-grid__item ee-loop__item\"><article class=\"ee-post post-1001093 post type-post status-publish format-standard has-post-thumbnail hentry category-apercu-de-lindustrie category-guides-de-lindustrie\"><a class=\"ee-media ee-post__media\" href=\"https:\/\/labellink.org\/fr\/labels-electroniques-et-accessibilite-rendre-linformation-universellement-accessible\/\"><div class=\"ee-post__media__thumbnail ee-media__thumbnail\"><img decoding=\"async\" width=\"300\" height=\"300\" src=\"https:\/\/labellink.org\/wp-content\/uploads\/2024\/03\/e-labels-accessibility-300x300.webp\" class=\"attachment-thumbnail size-thumbnail wp-image-1000556\" alt=\"\" srcset=\"https:\/\/labellink.org\/wp-content\/uploads\/2024\/03\/e-labels-accessibility-300x300.webp 300w, https:\/\/labellink.org\/wp-content\/uploads\/2024\/03\/e-labels-accessibility-700x700.webp 700w, https:\/\/labellink.org\/wp-content\/uploads\/2024\/03\/e-labels-accessibility-900x900.webp 900w, https:\/\/labellink.org\/wp-content\/uploads\/2024\/03\/e-labels-accessibility-1200x1200.webp 1200w\" sizes=\"(max-width: 300px) 100vw, 300px\" \/><\/div><div class=\"ee-post__media__overlay ee-media__overlay\"><\/div><\/a><!-- .ee-post__media --><div class=\"ee-post__body ee-post__area\"><a href=\"https:\/\/labellink.org\/fr\/labels-electroniques-et-accessibilite-rendre-linformation-universellement-accessible\/\" class=\"ee-post__title\">\n\t\t\t<h4 class=\"ee-post__title__heading\">Labels \u00e9lectroniques et accessibilit\u00e9 : Rendre l&#8217;information universellement accessible<\/h4>\n\t\t<\/a><\/div><!-- .ee-post__body --><\/article><!-- .ee-post --><\/div><!-- .ee-loop__item --><div class=\"ee-grid__item ee-loop__item\"><article class=\"ee-post post-1001111 post type-post status-publish format-standard has-post-thumbnail hentry category-apercu-de-lindustrie category-guides-de-lindustrie\"><a class=\"ee-media ee-post__media\" href=\"https:\/\/labellink.org\/fr\/comment-les-codes-qr-font-progresser-la-durabilite-environnementale\/\"><div class=\"ee-post__media__thumbnail ee-media__thumbnail\"><img decoding=\"async\" width=\"300\" height=\"300\" src=\"https:\/\/labellink.org\/wp-content\/uploads\/2024\/03\/qr-code-e-label-sustainable-environment-300x300.webp\" class=\"attachment-thumbnail size-thumbnail wp-image-1000551\" alt=\"\" srcset=\"https:\/\/labellink.org\/wp-content\/uploads\/2024\/03\/qr-code-e-label-sustainable-environment-300x300.webp 300w, https:\/\/labellink.org\/wp-content\/uploads\/2024\/03\/qr-code-e-label-sustainable-environment-700x700.webp 700w, https:\/\/labellink.org\/wp-content\/uploads\/2024\/03\/qr-code-e-label-sustainable-environment-900x900.webp 900w, https:\/\/labellink.org\/wp-content\/uploads\/2024\/03\/qr-code-e-label-sustainable-environment-1200x1200.webp 1200w\" sizes=\"(max-width: 300px) 100vw, 300px\" \/><\/div><div class=\"ee-post__media__overlay ee-media__overlay\"><\/div><\/a><!-- .ee-post__media --><div class=\"ee-post__body ee-post__area\"><a href=\"https:\/\/labellink.org\/fr\/comment-les-codes-qr-font-progresser-la-durabilite-environnementale\/\" class=\"ee-post__title\">\n\t\t\t<h4 class=\"ee-post__title__heading\">Comment les codes QR font progresser la durabilit\u00e9 environnementale<\/h4>\n\t\t<\/a><\/div><!-- .ee-post__body --><\/article><!-- .ee-post --><\/div><!-- .ee-loop__item --><div class=\"ee-grid__item ee-loop__item\"><article class=\"ee-post post-1001108 post type-post status-publish format-standard has-post-thumbnail hentry category-apercu-de-lindustrie category-guides-de-lindustrie\"><a class=\"ee-media ee-post__media\" href=\"https:\/\/labellink.org\/fr\/comprendre-les-codes-qr-et-leur-fonctionnement\/\"><div class=\"ee-post__media__thumbnail ee-media__thumbnail\"><img loading=\"lazy\" decoding=\"async\" width=\"300\" height=\"300\" src=\"https:\/\/labellink.org\/wp-content\/uploads\/2024\/03\/what-is-qr-code-explained-300x300.png\" class=\"attachment-thumbnail size-thumbnail wp-image-1000546\" alt=\"\" srcset=\"https:\/\/labellink.org\/wp-content\/uploads\/2024\/03\/what-is-qr-code-explained-300x300.png 300w, https:\/\/labellink.org\/wp-content\/uploads\/2024\/03\/what-is-qr-code-explained-700x700.png 700w, https:\/\/labellink.org\/wp-content\/uploads\/2024\/03\/what-is-qr-code-explained-900x900.png 900w, https:\/\/labellink.org\/wp-content\/uploads\/2024\/03\/what-is-qr-code-explained-1200x1200.png 1200w\" sizes=\"(max-width: 300px) 100vw, 300px\" \/><\/div><div class=\"ee-post__media__overlay ee-media__overlay\"><\/div><\/a><!-- .ee-post__media --><div class=\"ee-post__body ee-post__area\"><a href=\"https:\/\/labellink.org\/fr\/comprendre-les-codes-qr-et-leur-fonctionnement\/\" class=\"ee-post__title\">\n\t\t\t<h4 class=\"ee-post__title__heading\">Comprendre les codes QR et leur fonctionnement<\/h4>\n\t\t<\/a><\/div><!-- .ee-post__body --><\/article><!-- .ee-post --><\/div><!-- .ee-loop__item --><\/div><!-- .ee-loop -->\t\t<\/div>\n\t\t\t\t<\/div>\n\t\t\t\t<\/div>\n\t\t\t\t\t<\/div>\n\t\t\t\t<\/div>\n\t\t\t\t<\/div>\n\t\t","protected":false},"excerpt":{"rendered":"<p>Guides : e-\u00e9tiquettes et DPP Explorez les guides sur la mise en place des e-\u00e9tiquettes et les r\u00e9glementations selon les diff\u00e9rents secteurs d&#8217;activit\u00e9. Comprendre les passeports num\u00e9riques de produits dans l&#8217;industrie du jouet Sauvons 51 millions d&#8217;arbres gr\u00e2ce aux \u00e9tiquettes \u00e9lectroniques Comment l&#8217;IA peut d\u00e9velopper sa propre personnalit\u00e9 et devenir vraiment intelligente Comment Labellink, le [&hellip;]<\/p>\n","protected":false},"author":2,"featured_media":0,"parent":0,"menu_order":16,"comment_status":"closed","ping_status":"closed","template":"","meta":{"tpgb_global_settings":"","footnotes":""},"class_list":["post-1001273","page","type-page","status-publish","hentry"],"yoast_head":"<!-- This site is optimized with the Yoast SEO plugin v22.6 - https:\/\/yoast.com\/wordpress\/plugins\/seo\/ -->\n<title>Guides d&#039;\u00e9tiquetage \u00e9lectronique - Labellink<\/title>\n<meta name=\"description\" content=\"Les guides d&#039;\u00e9tiquetage \u00e9lectronique de Labellink offrent des informations essentielles sur les strat\u00e9gies d&#039;\u00e9tiquetage \u00e9lectronique, la conformit\u00e9 et les r\u00e9glementations.\" \/>\n<meta name=\"robots\" content=\"index, follow, max-snippet:-1, max-image-preview:large, max-video-preview:-1\" \/>\n<link rel=\"canonical\" href=\"https:\/\/labellink.org\/fr\/guides-detiquetage-electronique-labellink\/\" \/>\n<meta property=\"og:locale\" content=\"fr_FR\" \/>\n<meta property=\"og:type\" content=\"article\" \/>\n<meta property=\"og:title\" content=\"Guides d&#039;\u00e9tiquetage \u00e9lectronique - Labellink\" \/>\n<meta property=\"og:description\" content=\"Les guides d&#039;\u00e9tiquetage \u00e9lectronique de Labellink offrent des informations essentielles sur les strat\u00e9gies d&#039;\u00e9tiquetage \u00e9lectronique, la conformit\u00e9 et les r\u00e9glementations.\" \/>\n<meta property=\"og:url\" content=\"https:\/\/labellink.org\/fr\/guides-detiquetage-electronique-labellink\/\" \/>\n<meta property=\"og:site_name\" content=\"Labellink\" \/>\n<meta property=\"article:modified_time\" content=\"2024-09-26T10:00:10+00:00\" \/>\n<meta property=\"og:image\" content=\"https:\/\/labellink.org\/wp-content\/uploads\/eu-digital-product-passport-300x300.png\" \/>\n<meta name=\"twitter:card\" content=\"summary_large_image\" \/>\n<meta name=\"twitter:label1\" content=\"Dur\u00e9e de lecture estim\u00e9e\" \/>\n\t<meta name=\"twitter:data1\" content=\"2 minutes\" \/>\n<script type=\"application\/ld+json\" class=\"yoast-schema-graph\">{\"@context\":\"https:\/\/schema.org\",\"@graph\":[{\"@type\":\"WebPage\",\"@id\":\"https:\/\/labellink.org\/fr\/guides-detiquetage-electronique-labellink\/\",\"url\":\"https:\/\/labellink.org\/fr\/guides-detiquetage-electronique-labellink\/\",\"name\":\"Guides d'\u00e9tiquetage \u00e9lectronique - Labellink\",\"isPartOf\":{\"@id\":\"https:\/\/labellink.org\/fr\/#website\"},\"primaryImageOfPage\":{\"@id\":\"https:\/\/labellink.org\/fr\/guides-detiquetage-electronique-labellink\/#primaryimage\"},\"image\":{\"@id\":\"https:\/\/labellink.org\/fr\/guides-detiquetage-electronique-labellink\/#primaryimage\"},\"thumbnailUrl\":\"https:\/\/labellink.org\/wp-content\/uploads\/eu-digital-product-passport-300x300.png\",\"datePublished\":\"2024-06-30T11:37:16+00:00\",\"dateModified\":\"2024-09-26T10:00:10+00:00\",\"description\":\"Les guides d'\u00e9tiquetage \u00e9lectronique de Labellink offrent des informations essentielles sur les strat\u00e9gies d'\u00e9tiquetage \u00e9lectronique, la conformit\u00e9 et les r\u00e9glementations.\",\"breadcrumb\":{\"@id\":\"https:\/\/labellink.org\/fr\/guides-detiquetage-electronique-labellink\/#breadcrumb\"},\"inLanguage\":\"fr-FR\",\"potentialAction\":[{\"@type\":\"ReadAction\",\"target\":[\"https:\/\/labellink.org\/fr\/guides-detiquetage-electronique-labellink\/\"]}]},{\"@type\":\"ImageObject\",\"inLanguage\":\"fr-FR\",\"@id\":\"https:\/\/labellink.org\/fr\/guides-detiquetage-electronique-labellink\/#primaryimage\",\"url\":\"https:\/\/labellink.org\/wp-content\/uploads\/eu-digital-product-passport-300x300.png\",\"contentUrl\":\"https:\/\/labellink.org\/wp-content\/uploads\/eu-digital-product-passport-300x300.png\"},{\"@type\":\"BreadcrumbList\",\"@id\":\"https:\/\/labellink.org\/fr\/guides-detiquetage-electronique-labellink\/#breadcrumb\",\"itemListElement\":[{\"@type\":\"ListItem\",\"position\":1,\"name\":\"Home\",\"item\":\"https:\/\/labellink.org\/fr\/labellink-le-scan-de-code-qr-apprecie-de-tous\/\"},{\"@type\":\"ListItem\",\"position\":2,\"name\":\"Guides d&#8217;\u00e9tiquetage \u00e9lectronique &#8211; Labellink\"}]},{\"@type\":\"WebSite\",\"@id\":\"https:\/\/labellink.org\/fr\/#website\",\"url\":\"https:\/\/labellink.org\/fr\/\",\"name\":\"Labellink\",\"description\":\"E-label software and services\",\"publisher\":{\"@id\":\"https:\/\/labellink.org\/fr\/#organization\"},\"potentialAction\":[{\"@type\":\"SearchAction\",\"target\":{\"@type\":\"EntryPoint\",\"urlTemplate\":\"https:\/\/labellink.org\/fr\/?s={search_term_string}\"},\"query-input\":\"required name=search_term_string\"}],\"inLanguage\":\"fr-FR\"},{\"@type\":\"Organization\",\"@id\":\"https:\/\/labellink.org\/fr\/#organization\",\"name\":\"Labellink\",\"url\":\"https:\/\/labellink.org\/fr\/\",\"logo\":{\"@type\":\"ImageObject\",\"inLanguage\":\"fr-FR\",\"@id\":\"https:\/\/labellink.org\/fr\/#\/schema\/logo\/image\/\",\"url\":\"https:\/\/labellink.org\/wp-content\/uploads\/2024\/01\/labellink-logo.png\",\"contentUrl\":\"https:\/\/labellink.org\/wp-content\/uploads\/2024\/01\/labellink-logo.png\",\"width\":900,\"height\":200,\"caption\":\"Labellink\"},\"image\":{\"@id\":\"https:\/\/labellink.org\/fr\/#\/schema\/logo\/image\/\"}}]}<\/script>\n<!-- \/ Yoast SEO plugin. -->","yoast_head_json":{"title":"Guides d'\u00e9tiquetage \u00e9lectronique - Labellink","description":"Les guides d'\u00e9tiquetage \u00e9lectronique de Labellink offrent des informations essentielles sur les strat\u00e9gies d'\u00e9tiquetage \u00e9lectronique, la conformit\u00e9 et les r\u00e9glementations.","robots":{"index":"index","follow":"follow","max-snippet":"max-snippet:-1","max-image-preview":"max-image-preview:large","max-video-preview":"max-video-preview:-1"},"canonical":"https:\/\/labellink.org\/fr\/guides-detiquetage-electronique-labellink\/","og_locale":"fr_FR","og_type":"article","og_title":"Guides d'\u00e9tiquetage \u00e9lectronique - Labellink","og_description":"Les guides d'\u00e9tiquetage \u00e9lectronique de Labellink offrent des informations essentielles sur les strat\u00e9gies d'\u00e9tiquetage \u00e9lectronique, la conformit\u00e9 et les r\u00e9glementations.","og_url":"https:\/\/labellink.org\/fr\/guides-detiquetage-electronique-labellink\/","og_site_name":"Labellink","article_modified_time":"2024-09-26T10:00:10+00:00","og_image":[{"url":"https:\/\/labellink.org\/wp-content\/uploads\/eu-digital-product-passport-300x300.png"}],"twitter_card":"summary_large_image","twitter_misc":{"Dur\u00e9e de lecture estim\u00e9e":"2 minutes"},"schema":{"@context":"https:\/\/schema.org","@graph":[{"@type":"WebPage","@id":"https:\/\/labellink.org\/fr\/guides-detiquetage-electronique-labellink\/","url":"https:\/\/labellink.org\/fr\/guides-detiquetage-electronique-labellink\/","name":"Guides d'\u00e9tiquetage \u00e9lectronique - Labellink","isPartOf":{"@id":"https:\/\/labellink.org\/fr\/#website"},"primaryImageOfPage":{"@id":"https:\/\/labellink.org\/fr\/guides-detiquetage-electronique-labellink\/#primaryimage"},"image":{"@id":"https:\/\/labellink.org\/fr\/guides-detiquetage-electronique-labellink\/#primaryimage"},"thumbnailUrl":"https:\/\/labellink.org\/wp-content\/uploads\/eu-digital-product-passport-300x300.png","datePublished":"2024-06-30T11:37:16+00:00","dateModified":"2024-09-26T10:00:10+00:00","description":"Les guides d'\u00e9tiquetage \u00e9lectronique de Labellink offrent des informations essentielles sur les strat\u00e9gies d'\u00e9tiquetage \u00e9lectronique, la conformit\u00e9 et les r\u00e9glementations.","breadcrumb":{"@id":"https:\/\/labellink.org\/fr\/guides-detiquetage-electronique-labellink\/#breadcrumb"},"inLanguage":"fr-FR","potentialAction":[{"@type":"ReadAction","target":["https:\/\/labellink.org\/fr\/guides-detiquetage-electronique-labellink\/"]}]},{"@type":"ImageObject","inLanguage":"fr-FR","@id":"https:\/\/labellink.org\/fr\/guides-detiquetage-electronique-labellink\/#primaryimage","url":"https:\/\/labellink.org\/wp-content\/uploads\/eu-digital-product-passport-300x300.png","contentUrl":"https:\/\/labellink.org\/wp-content\/uploads\/eu-digital-product-passport-300x300.png"},{"@type":"BreadcrumbList","@id":"https:\/\/labellink.org\/fr\/guides-detiquetage-electronique-labellink\/#breadcrumb","itemListElement":[{"@type":"ListItem","position":1,"name":"Home","item":"https:\/\/labellink.org\/fr\/labellink-le-scan-de-code-qr-apprecie-de-tous\/"},{"@type":"ListItem","position":2,"name":"Guides d&#8217;\u00e9tiquetage \u00e9lectronique &#8211; Labellink"}]},{"@type":"WebSite","@id":"https:\/\/labellink.org\/fr\/#website","url":"https:\/\/labellink.org\/fr\/","name":"Labellink","description":"E-label software and services","publisher":{"@id":"https:\/\/labellink.org\/fr\/#organization"},"potentialAction":[{"@type":"SearchAction","target":{"@type":"EntryPoint","urlTemplate":"https:\/\/labellink.org\/fr\/?s={search_term_string}"},"query-input":"required name=search_term_string"}],"inLanguage":"fr-FR"},{"@type":"Organization","@id":"https:\/\/labellink.org\/fr\/#organization","name":"Labellink","url":"https:\/\/labellink.org\/fr\/","logo":{"@type":"ImageObject","inLanguage":"fr-FR","@id":"https:\/\/labellink.org\/fr\/#\/schema\/logo\/image\/","url":"https:\/\/labellink.org\/wp-content\/uploads\/2024\/01\/labellink-logo.png","contentUrl":"https:\/\/labellink.org\/wp-content\/uploads\/2024\/01\/labellink-logo.png","width":900,"height":200,"caption":"Labellink"},"image":{"@id":"https:\/\/labellink.org\/fr\/#\/schema\/logo\/image\/"}}]}},"tpgb_featured_images":null,"tpgb_post_meta_info":{"get_date":"30 juin 2024","author_name":"Boris Motusic","author_url":"https:\/\/labellink.org\/fr\/author\/boris\/","author_email":"boris@uexperts.com","author_website":"https:\/\/www.linkedin.com\/in\/boris-motusic\/","author_description":"Boris Motusic is the CEO of Labellink and United Experts, a seasoned Chief Solution Architect, consultant, author, and public speaker, with experience working on projects for global brands like Microsoft, BNP Paribas, ABB, Panasonic, and Best Western Hotels.\r\n\r\n<a href=\"https:\/\/www.linkedin.com\/in\/boris-motusic\/\">LinkedIn Profile<\/a>","author_facebook":"","author_twitter":"","author_instagram":"","author_role":["administrator"],"author_firstname":"Boris","author_lastname":"Motusic","user_login":"Boris","author_avatar":"<img alt='' src='https:\/\/secure.gravatar.com\/avatar\/4bc45f64520557e2f15934e8b7d33f6d57194206bc4d8bf9ec1b0bc3924ff129?s=200&#038;d=mm&#038;r=g' srcset='https:\/\/secure.gravatar.com\/avatar\/4bc45f64520557e2f15934e8b7d33f6d57194206bc4d8bf9ec1b0bc3924ff129?s=400&#038;d=mm&#038;r=g 2x' class='avatar avatar-200 photo' height='200' width='200' decoding='async'\/>","author_avatar_url":"https:\/\/secure.gravatar.com\/avatar\/4bc45f64520557e2f15934e8b7d33f6d57194206bc4d8bf9ec1b0bc3924ff129?s=96&d=mm&r=g","comment_count":0,"post_likes":0,"post_views":0},"tpgb_post_category":[],"_links":{"self":[{"href":"https:\/\/labellink.org\/fr\/wp-json\/wp\/v2\/pages\/1001273","targetHints":{"allow":["GET"]}}],"collection":[{"href":"https:\/\/labellink.org\/fr\/wp-json\/wp\/v2\/pages"}],"about":[{"href":"https:\/\/labellink.org\/fr\/wp-json\/wp\/v2\/types\/page"}],"author":[{"embeddable":true,"href":"https:\/\/labellink.org\/fr\/wp-json\/wp\/v2\/users\/2"}],"replies":[{"embeddable":true,"href":"https:\/\/labellink.org\/fr\/wp-json\/wp\/v2\/comments?post=1001273"}],"version-history":[{"count":10,"href":"https:\/\/labellink.org\/fr\/wp-json\/wp\/v2\/pages\/1001273\/revisions"}],"predecessor-version":[{"id":1005712,"href":"https:\/\/labellink.org\/fr\/wp-json\/wp\/v2\/pages\/1001273\/revisions\/1005712"}],"wp:attachment":[{"href":"https:\/\/labellink.org\/fr\/wp-json\/wp\/v2\/media?parent=1001273"}],"curies":[{"name":"wp","href":"https:\/\/api.w.org\/{rel}","templated":true}]}}