{"id":1001234,"date":"2024-06-30T10:58:32","date_gmt":"2024-06-30T09:58:32","guid":{"rendered":"https:\/\/labellink.org\/services-detiquetage-electronique-labellink\/"},"modified":"2024-09-26T10:56:11","modified_gmt":"2024-09-26T09:56:11","slug":"services-detiquetage-electronique-labellink","status":"publish","type":"page","link":"https:\/\/labellink.org\/fr\/services-detiquetage-electronique-labellink\/","title":{"rendered":"Services d&#8217;\u00e9tiquetage \u00e9lectronique &#8211; Labellink"},"content":{"rendered":"\t\t<div data-elementor-type=\"wp-page\" data-elementor-id=\"1001234\" class=\"elementor elementor-1001234 elementor-992033\" data-elementor-post-type=\"page\">\n\t\t\t\t<div data-particle_enable=\"false\" data-particle-mobile-disabled=\"false\" class=\"elementor-element elementor-element-7237475 e-flex e-con-boxed e-con e-parent\" data-id=\"7237475\" data-element_type=\"container\" data-settings=\"{&quot;background_background&quot;:&quot;classic&quot;,&quot;jet_parallax_layout_list&quot;:[]}\">\n\t\t\t\t\t<div class=\"e-con-inner\">\n\t\t\t\t<div class=\"elementor-element elementor-element-a3cac8f elementor-widget__width-initial elementor-widget elementor-widget-heading\" data-id=\"a3cac8f\" data-element_type=\"widget\" data-widget_type=\"heading.default\">\n\t\t\t\t<div class=\"elementor-widget-container\">\n\t\t\t<h1 class=\"elementor-heading-title elementor-size-default\">Les services Labellink<\/h1>\t\t<\/div>\n\t\t\t\t<\/div>\n\t\t\t\t<div class=\"elementor-element elementor-element-c9ce0bf elementor-widget elementor-widget-text-editor\" data-id=\"c9ce0bf\" data-element_type=\"widget\" data-widget_type=\"text-editor.default\">\n\t\t\t\t<div class=\"elementor-widget-container\">\n\t\t\t\t\t\t\t<p>Labellink int\u00e8gre une technologie de pointe \u00e0 une approche globale. Nous proposons des conseils strat\u00e9giques, un d\u00e9veloppement personnalis\u00e9, une cr\u00e9ation de contenu professionnel et une formation compl\u00e8te. Cette approche assure l&#8217;excellence de la gestion des e-\u00e9tiquettes.<\/p>\t\t\t\t\t\t<\/div>\n\t\t\t\t<\/div>\n\t\t\t\t\t<\/div>\n\t\t\t\t<\/div>\n\t\t<div data-particle_enable=\"false\" data-particle-mobile-disabled=\"false\" class=\"elementor-element elementor-element-8108700 e-flex e-con-boxed e-con e-parent\" data-id=\"8108700\" data-element_type=\"container\" data-settings=\"{&quot;background_background&quot;:&quot;classic&quot;,&quot;jet_parallax_layout_list&quot;:[]}\">\n\t\t\t\t\t<div class=\"e-con-inner\">\n\t\t<div data-particle_enable=\"false\" data-particle-mobile-disabled=\"false\" class=\"elementor-element elementor-element-3936527 e-con-full e-flex e-con e-child\" data-id=\"3936527\" data-element_type=\"container\" data-settings=\"{&quot;background_background&quot;:&quot;classic&quot;,&quot;jet_parallax_layout_list&quot;:[]}\">\n\t\t\t\t<div class=\"elementor-element elementor-element-b31209a elementor-widget elementor-widget-heading\" data-id=\"b31209a\" data-element_type=\"widget\" data-widget_type=\"heading.default\">\n\t\t\t\t<div class=\"elementor-widget-container\">\n\t\t\t<h3 class=\"elementor-heading-title elementor-size-default\">Conseil<\/h3>\t\t<\/div>\n\t\t\t\t<\/div>\n\t\t\t\t<div class=\"elementor-element elementor-element-b2bc816 elementor-widget elementor-widget-text-editor\" data-id=\"b2bc816\" data-element_type=\"widget\" data-widget_type=\"text-editor.default\">\n\t\t\t\t<div class=\"elementor-widget-container\">\n\t\t\t\t\t\t\t<p>Labellink propose une gamme de services de conseil allant de l&#8217;expertise-conseil \u00e0 la conception de strat\u00e9gies d&#8217;e-\u00e9tiquetage compl\u00e8tes, adapt\u00e9es aux besoins sp\u00e9cifiques de chaque client. Cette approche permet aux entreprises de naviguer avec confiance dans le paysage complexe de l&#8217;e-\u00e9tiquetage , en prenant des d\u00e9cisions conformes \u00e0 leurs objectifs et aux exigences r\u00e9glementaires.<\/p>\t\t\t\t\t\t<\/div>\n\t\t\t\t<\/div>\n\t\t\t\t<\/div>\n\t\t<div data-particle_enable=\"false\" data-particle-mobile-disabled=\"false\" class=\"elementor-element elementor-element-d80b0dd e-con-full e-flex e-con e-child\" data-id=\"d80b0dd\" data-element_type=\"container\" data-settings=\"{&quot;background_background&quot;:&quot;classic&quot;,&quot;jet_parallax_layout_list&quot;:[]}\">\n\t\t\t\t<\/div>\n\t\t\t\t\t<\/div>\n\t\t\t\t<\/div>\n\t\t<div data-particle_enable=\"false\" data-particle-mobile-disabled=\"false\" class=\"elementor-element elementor-element-9b4dcf0 e-flex e-con-boxed e-con e-parent\" data-id=\"9b4dcf0\" data-element_type=\"container\" data-settings=\"{&quot;background_background&quot;:&quot;classic&quot;,&quot;jet_parallax_layout_list&quot;:[]}\">\n\t\t\t\t\t<div class=\"e-con-inner\">\n\t\t<div data-particle_enable=\"false\" data-particle-mobile-disabled=\"false\" class=\"elementor-element elementor-element-71f5e5d e-con-full e-flex e-con e-child\" data-id=\"71f5e5d\" data-element_type=\"container\" data-settings=\"{&quot;background_background&quot;:&quot;classic&quot;,&quot;jet_parallax_layout_list&quot;:[]}\">\n\t\t\t\t<div class=\"elementor-element elementor-element-52f4843 elementor-widget elementor-widget-heading\" data-id=\"52f4843\" data-element_type=\"widget\" data-widget_type=\"heading.default\">\n\t\t\t\t<div class=\"elementor-widget-container\">\n\t\t\t<h3 class=\"elementor-heading-title elementor-size-default\">UX &amp; Design<\/h3>\t\t<\/div>\n\t\t\t\t<\/div>\n\t\t\t\t<div class=\"elementor-element elementor-element-59fe0af elementor-widget elementor-widget-text-editor\" data-id=\"59fe0af\" data-element_type=\"widget\" data-widget_type=\"text-editor.default\">\n\t\t\t\t<div class=\"elementor-widget-container\">\n\t\t\t\t\t\t\t<div class=\"flex flex-grow flex-col max-w-full\"><div class=\"min-h-[20px] text-message flex flex-col items-start whitespace-pre-wrap break-words [.text-message+&amp;]:mt-5 overflow-x-auto gap-3\" dir=\"auto\" data-message-author-role=\"assistant\" data-message-id=\"0382436f-b9f4-41fd-b511-6e769d8b6c41\"><div class=\"markdown prose w-full break-words dark:prose-invert dark\"><p>L&#8217;exp\u00e9rience utilisateur (UX) et la conception des e-\u00e9tiquettes sont des \u00e9l\u00e9ments cl\u00e9s de leur r\u00e9ussite. Le service UX &amp; Design de Labellink se concentre sur la cr\u00e9ation minutieuse, les tests et l&#8217;am\u00e9lioration des aspects visuels et interactifs des e-\u00e9tiquettes , garantissant qu&#8217;elles soient intuitives, accessibles et esth\u00e9tiques. Ce processus n\u00e9cessite une compr\u00e9hension approfondie du comportement et des pr\u00e9f\u00e9rences des utilisateurs, afin de cr\u00e9er des e-\u00e9tiquettes faciles \u00e0 parcourir et \u00e0 utiliser.<\/p><\/div><\/div><\/div><div class=\"mt-1 flex gap-3 empty:hidden\"><div class=\"text-gray-400 flex self-end lg:self-center items-center justify-center lg:justify-start mt-0 -ml-1 h-7 gap-[2px] visible\">\u00a0<\/div><\/div><div class=\"flex\">\u00a0<\/div>\t\t\t\t\t\t<\/div>\n\t\t\t\t<\/div>\n\t\t\t\t<\/div>\n\t\t<div data-particle_enable=\"false\" data-particle-mobile-disabled=\"false\" class=\"elementor-element elementor-element-a0168a6 e-con-full e-flex e-con e-child\" data-id=\"a0168a6\" data-element_type=\"container\" data-settings=\"{&quot;background_background&quot;:&quot;classic&quot;,&quot;jet_parallax_layout_list&quot;:[]}\">\n\t\t\t\t<\/div>\n\t\t\t\t\t<\/div>\n\t\t\t\t<\/div>\n\t\t<div data-particle_enable=\"false\" data-particle-mobile-disabled=\"false\" class=\"elementor-element elementor-element-1acbea6 e-flex e-con-boxed e-con e-parent\" data-id=\"1acbea6\" data-element_type=\"container\" data-settings=\"{&quot;background_background&quot;:&quot;classic&quot;,&quot;jet_parallax_layout_list&quot;:[]}\">\n\t\t\t\t\t<div class=\"e-con-inner\">\n\t\t<div data-particle_enable=\"false\" data-particle-mobile-disabled=\"false\" class=\"elementor-element elementor-element-27dcac2 e-con-full e-flex e-con e-child\" data-id=\"27dcac2\" data-element_type=\"container\" data-settings=\"{&quot;background_background&quot;:&quot;classic&quot;,&quot;jet_parallax_layout_list&quot;:[]}\">\n\t\t\t\t<div class=\"elementor-element elementor-element-c1b735a elementor-widget elementor-widget-heading\" data-id=\"c1b735a\" data-element_type=\"widget\" data-widget_type=\"heading.default\">\n\t\t\t\t<div class=\"elementor-widget-container\">\n\t\t\t<h3 class=\"elementor-heading-title elementor-size-default\">D\u00e9veloppement<\/h3>\t\t<\/div>\n\t\t\t\t<\/div>\n\t\t\t\t<div class=\"elementor-element elementor-element-dd1c6c8 elementor-widget elementor-widget-text-editor\" data-id=\"dd1c6c8\" data-element_type=\"widget\" data-widget_type=\"text-editor.default\">\n\t\t\t\t<div class=\"elementor-widget-container\">\n\t\t\t\t\t\t\t<p>Labellink propose des options de d\u00e9veloppement flexibles, allant de la personnalisation des packs de d\u00e9marrage \u00e0 la cr\u00e9ation de solutions d&#8217;e-\u00e9tiquetage enti\u00e8rement sur mesure. Ce service est con\u00e7u pour r\u00e9pondre aux besoins sp\u00e9cifiques de chaque client, assurant ainsi que chaque aspect de la solution d&#8217;e-\u00e9tiquetage soit parfaitement adapt\u00e9 \u00e0 ses besoins op\u00e9rationnels et \u00e0 ses objectifs strat\u00e9giques.<\/p>\t\t\t\t\t\t<\/div>\n\t\t\t\t<\/div>\n\t\t\t\t<\/div>\n\t\t<div data-particle_enable=\"false\" data-particle-mobile-disabled=\"false\" class=\"elementor-element elementor-element-65967ad e-con-full e-flex e-con e-child\" data-id=\"65967ad\" data-element_type=\"container\" data-settings=\"{&quot;background_background&quot;:&quot;classic&quot;,&quot;jet_parallax_layout_list&quot;:[]}\">\n\t\t\t\t<\/div>\n\t\t\t\t\t<\/div>\n\t\t\t\t<\/div>\n\t\t<div data-particle_enable=\"false\" data-particle-mobile-disabled=\"false\" class=\"elementor-element elementor-element-db9c1eb e-flex e-con-boxed e-con e-parent\" data-id=\"db9c1eb\" data-element_type=\"container\" data-settings=\"{&quot;background_background&quot;:&quot;classic&quot;,&quot;jet_parallax_layout_list&quot;:[]}\">\n\t\t\t\t\t<div class=\"e-con-inner\">\n\t\t<div data-particle_enable=\"false\" data-particle-mobile-disabled=\"false\" class=\"elementor-element elementor-element-72b3eef e-con-full e-flex e-con e-child\" data-id=\"72b3eef\" data-element_type=\"container\" data-settings=\"{&quot;background_background&quot;:&quot;classic&quot;,&quot;jet_parallax_layout_list&quot;:[]}\">\n\t\t\t\t<div class=\"elementor-element elementor-element-8e92b28 elementor-widget elementor-widget-heading\" data-id=\"8e92b28\" data-element_type=\"widget\" data-widget_type=\"heading.default\">\n\t\t\t\t<div class=\"elementor-widget-container\">\n\t\t\t<h3 class=\"elementor-heading-title elementor-size-default\">Cr\u00e9ation de contenu professionnel<\/h3>\t\t<\/div>\n\t\t\t\t<\/div>\n\t\t\t\t<div class=\"elementor-element elementor-element-25f73fe elementor-widget elementor-widget-text-editor\" data-id=\"25f73fe\" data-element_type=\"widget\" data-widget_type=\"text-editor.default\">\n\t\t\t\t<div class=\"elementor-widget-container\">\n\t\t\t\t\t\t\t<p>Conscient de l&#8217;importance d&#8217;un contenu convaincant, Labellink propose des services professionnels dans les domaines de la photographie, de la vid\u00e9ographie, de la r\u00e9daction, de l&#8217;imagerie et de la saisie de donn\u00e9es, entre autres. Cette large gamme de services de cr\u00e9ation de contenu est con\u00e7ue pour rendre les e-\u00e9tiquettes non seulement informatives, mais aussi visuellement captivantes et attrayantes, \u00e9tablissant ainsi une norme \u00e9lev\u00e9e pour le contenu des e-\u00e9tiquettes.<\/p>\t\t\t\t\t\t<\/div>\n\t\t\t\t<\/div>\n\t\t\t\t<\/div>\n\t\t<div data-particle_enable=\"false\" data-particle-mobile-disabled=\"false\" class=\"elementor-element elementor-element-e0d5eba e-con-full e-flex e-con e-child\" data-id=\"e0d5eba\" data-element_type=\"container\" data-settings=\"{&quot;background_background&quot;:&quot;classic&quot;,&quot;jet_parallax_layout_list&quot;:[]}\">\n\t\t\t\t<\/div>\n\t\t\t\t\t<\/div>\n\t\t\t\t<\/div>\n\t\t<div data-particle_enable=\"false\" data-particle-mobile-disabled=\"false\" class=\"elementor-element elementor-element-a236cd8 e-flex e-con-boxed e-con e-parent\" data-id=\"a236cd8\" data-element_type=\"container\" data-settings=\"{&quot;background_background&quot;:&quot;classic&quot;,&quot;jet_parallax_layout_list&quot;:[]}\">\n\t\t\t\t\t<div class=\"e-con-inner\">\n\t\t<div data-particle_enable=\"false\" data-particle-mobile-disabled=\"false\" class=\"elementor-element elementor-element-397b1a5 e-con-full e-flex e-con e-child\" data-id=\"397b1a5\" data-element_type=\"container\" data-settings=\"{&quot;background_background&quot;:&quot;classic&quot;,&quot;jet_parallax_layout_list&quot;:[]}\">\n\t\t\t\t<div class=\"elementor-element elementor-element-6058a2f elementor-widget elementor-widget-heading\" data-id=\"6058a2f\" data-element_type=\"widget\" data-widget_type=\"heading.default\">\n\t\t\t\t<div class=\"elementor-widget-container\">\n\t\t\t<h3 class=\"elementor-heading-title elementor-size-default\">Formation<\/h3>\t\t<\/div>\n\t\t\t\t<\/div>\n\t\t\t\t<div class=\"elementor-element elementor-element-2991bba elementor-widget elementor-widget-text-editor\" data-id=\"2991bba\" data-element_type=\"widget\" data-widget_type=\"text-editor.default\">\n\t\t\t\t<div class=\"elementor-widget-container\">\n\t\t\t\t\t\t\t<div class=\"flex flex-grow flex-col max-w-full\"><div class=\"min-h-[20px] text-message flex flex-col items-start whitespace-pre-wrap break-words [.text-message+&amp;]:mt-5 overflow-x-auto gap-3\" dir=\"auto\" data-message-author-role=\"assistant\" data-message-id=\"77ce52f6-344e-4f79-9577-7a9342c218b2\"><div class=\"markdown prose w-full break-words dark:prose-invert dark\"><p>Labellink offre \u00e0 ses clients des programmes de formation complets pour tirer pleinement parti de ses solutions d&#8217;e-\u00e9tiquetage. Disponibles en ligne et sur site, ces formations couvrent tous les aspects de la plateforme Labellink, de la navigation de base aux fonctionnalit\u00e9s avanc\u00e9es. Con\u00e7ues pour am\u00e9liorer les comp\u00e9tences des utilisateurs en mati\u00e8re d&#8217;e-\u00e9tiquettes, elles les pr\u00e9parent \u00e0 g\u00e9rer et optimiser efficacement leurs e-\u00e9tiquettes.<\/p><\/div><\/div><\/div><div class=\"mt-1 flex gap-3 empty:hidden\"><div class=\"text-gray-400 flex self-end lg:self-center items-center justify-center lg:justify-start mt-0 -ml-1 h-7 gap-[2px] visible\">\u00a0<\/div><\/div><div class=\"flex\">\u00a0<\/div>\t\t\t\t\t\t<\/div>\n\t\t\t\t<\/div>\n\t\t\t\t<\/div>\n\t\t<div data-particle_enable=\"false\" data-particle-mobile-disabled=\"false\" class=\"elementor-element elementor-element-9cc5621 e-con-full e-flex e-con e-child\" data-id=\"9cc5621\" data-element_type=\"container\" data-settings=\"{&quot;background_background&quot;:&quot;classic&quot;,&quot;jet_parallax_layout_list&quot;:[]}\">\n\t\t\t\t<\/div>\n\t\t\t\t\t<\/div>\n\t\t\t\t<\/div>\n\t\t\t\t<\/div>\n\t\t","protected":false},"excerpt":{"rendered":"<p>Les services Labellink Labellink int\u00e8gre une technologie de pointe \u00e0 une approche globale. Nous proposons des conseils strat\u00e9giques, un d\u00e9veloppement personnalis\u00e9, une cr\u00e9ation de contenu professionnel et une formation compl\u00e8te. Cette approche assure l&#8217;excellence de la gestion des e-\u00e9tiquettes. Conseil Labellink propose une gamme de services de conseil allant de l&#8217;expertise-conseil \u00e0 la conception de [&hellip;]<\/p>\n","protected":false},"author":2,"featured_media":0,"parent":0,"menu_order":14,"comment_status":"closed","ping_status":"closed","template":"","meta":{"tpgb_global_settings":"","footnotes":""},"class_list":["post-1001234","page","type-page","status-publish","hentry"],"yoast_head":"<!-- This site is optimized with the Yoast SEO plugin v22.6 - https:\/\/yoast.com\/wordpress\/plugins\/seo\/ -->\n<title>Services d&#039;\u00e9tiquetage \u00e9lectronique - Labellink<\/title>\n<meta name=\"description\" content=\"Les services d&#039;\u00e9tiquetage \u00e9lectronique de Labellink englobent le conseil, la conception UX, le d\u00e9veloppement, la formation et la cr\u00e9ation de contenu professionnel, fournissant une solution holistique pour une gestion transparente de l&#039;\u00e9tiquetage \u00e9lectronique.\" \/>\n<meta name=\"robots\" content=\"index, follow, max-snippet:-1, max-image-preview:large, max-video-preview:-1\" \/>\n<link rel=\"canonical\" href=\"https:\/\/labellink.org\/fr\/services-detiquetage-electronique-labellink\/\" \/>\n<meta property=\"og:locale\" content=\"fr_FR\" \/>\n<meta property=\"og:type\" content=\"article\" \/>\n<meta property=\"og:title\" content=\"Services d&#039;\u00e9tiquetage \u00e9lectronique - Labellink\" \/>\n<meta property=\"og:description\" content=\"Les services d&#039;\u00e9tiquetage \u00e9lectronique de Labellink englobent le conseil, la conception UX, le d\u00e9veloppement, la formation et la cr\u00e9ation de contenu professionnel, fournissant une solution holistique pour une gestion transparente de l&#039;\u00e9tiquetage \u00e9lectronique.\" \/>\n<meta property=\"og:url\" content=\"https:\/\/labellink.org\/fr\/services-detiquetage-electronique-labellink\/\" \/>\n<meta property=\"og:site_name\" content=\"Labellink\" \/>\n<meta property=\"article:modified_time\" content=\"2024-09-26T09:56:11+00:00\" \/>\n<meta property=\"og:image\" content=\"https:\/\/labellink.org\/wp-content\/uploads\/labellink.png\" \/>\n\t<meta property=\"og:image:width\" content=\"1200\" \/>\n\t<meta property=\"og:image:height\" content=\"675\" \/>\n\t<meta property=\"og:image:type\" content=\"image\/png\" \/>\n<meta name=\"twitter:card\" content=\"summary_large_image\" \/>\n<meta name=\"twitter:label1\" content=\"Dur\u00e9e de lecture estim\u00e9e\" \/>\n\t<meta name=\"twitter:data1\" content=\"2 minutes\" \/>\n<script type=\"application\/ld+json\" class=\"yoast-schema-graph\">{\"@context\":\"https:\/\/schema.org\",\"@graph\":[{\"@type\":\"WebPage\",\"@id\":\"https:\/\/labellink.org\/fr\/services-detiquetage-electronique-labellink\/\",\"url\":\"https:\/\/labellink.org\/fr\/services-detiquetage-electronique-labellink\/\",\"name\":\"Services d'\u00e9tiquetage \u00e9lectronique - Labellink\",\"isPartOf\":{\"@id\":\"https:\/\/labellink.org\/fr\/#website\"},\"datePublished\":\"2024-06-30T09:58:32+00:00\",\"dateModified\":\"2024-09-26T09:56:11+00:00\",\"description\":\"Les services d'\u00e9tiquetage \u00e9lectronique de Labellink englobent le conseil, la conception UX, le d\u00e9veloppement, la formation et la cr\u00e9ation de contenu professionnel, fournissant une solution holistique pour une gestion transparente de l'\u00e9tiquetage \u00e9lectronique.\",\"breadcrumb\":{\"@id\":\"https:\/\/labellink.org\/fr\/services-detiquetage-electronique-labellink\/#breadcrumb\"},\"inLanguage\":\"fr-FR\",\"potentialAction\":[{\"@type\":\"ReadAction\",\"target\":[\"https:\/\/labellink.org\/fr\/services-detiquetage-electronique-labellink\/\"]}]},{\"@type\":\"BreadcrumbList\",\"@id\":\"https:\/\/labellink.org\/fr\/services-detiquetage-electronique-labellink\/#breadcrumb\",\"itemListElement\":[{\"@type\":\"ListItem\",\"position\":1,\"name\":\"Home\",\"item\":\"https:\/\/labellink.org\/fr\/labellink-le-scan-de-code-qr-apprecie-de-tous\/\"},{\"@type\":\"ListItem\",\"position\":2,\"name\":\"Services d&#8217;\u00e9tiquetage \u00e9lectronique &#8211; Labellink\"}]},{\"@type\":\"WebSite\",\"@id\":\"https:\/\/labellink.org\/fr\/#website\",\"url\":\"https:\/\/labellink.org\/fr\/\",\"name\":\"Labellink\",\"description\":\"E-label software and services\",\"publisher\":{\"@id\":\"https:\/\/labellink.org\/fr\/#organization\"},\"potentialAction\":[{\"@type\":\"SearchAction\",\"target\":{\"@type\":\"EntryPoint\",\"urlTemplate\":\"https:\/\/labellink.org\/fr\/?s={search_term_string}\"},\"query-input\":\"required name=search_term_string\"}],\"inLanguage\":\"fr-FR\"},{\"@type\":\"Organization\",\"@id\":\"https:\/\/labellink.org\/fr\/#organization\",\"name\":\"Labellink\",\"url\":\"https:\/\/labellink.org\/fr\/\",\"logo\":{\"@type\":\"ImageObject\",\"inLanguage\":\"fr-FR\",\"@id\":\"https:\/\/labellink.org\/fr\/#\/schema\/logo\/image\/\",\"url\":\"https:\/\/labellink.org\/wp-content\/uploads\/2024\/01\/labellink-logo.png\",\"contentUrl\":\"https:\/\/labellink.org\/wp-content\/uploads\/2024\/01\/labellink-logo.png\",\"width\":900,\"height\":200,\"caption\":\"Labellink\"},\"image\":{\"@id\":\"https:\/\/labellink.org\/fr\/#\/schema\/logo\/image\/\"}}]}<\/script>\n<!-- \/ Yoast SEO plugin. -->","yoast_head_json":{"title":"Services d'\u00e9tiquetage \u00e9lectronique - Labellink","description":"Les services d'\u00e9tiquetage \u00e9lectronique de Labellink englobent le conseil, la conception UX, le d\u00e9veloppement, la formation et la cr\u00e9ation de contenu professionnel, fournissant une solution holistique pour une gestion transparente de l'\u00e9tiquetage \u00e9lectronique.","robots":{"index":"index","follow":"follow","max-snippet":"max-snippet:-1","max-image-preview":"max-image-preview:large","max-video-preview":"max-video-preview:-1"},"canonical":"https:\/\/labellink.org\/fr\/services-detiquetage-electronique-labellink\/","og_locale":"fr_FR","og_type":"article","og_title":"Services d'\u00e9tiquetage \u00e9lectronique - Labellink","og_description":"Les services d'\u00e9tiquetage \u00e9lectronique de Labellink englobent le conseil, la conception UX, le d\u00e9veloppement, la formation et la cr\u00e9ation de contenu professionnel, fournissant une solution holistique pour une gestion transparente de l'\u00e9tiquetage \u00e9lectronique.","og_url":"https:\/\/labellink.org\/fr\/services-detiquetage-electronique-labellink\/","og_site_name":"Labellink","article_modified_time":"2024-09-26T09:56:11+00:00","og_image":[{"width":1200,"height":675,"url":"https:\/\/labellink.org\/wp-content\/uploads\/labellink.png","type":"image\/png"}],"twitter_card":"summary_large_image","twitter_misc":{"Dur\u00e9e de lecture estim\u00e9e":"2 minutes"},"schema":{"@context":"https:\/\/schema.org","@graph":[{"@type":"WebPage","@id":"https:\/\/labellink.org\/fr\/services-detiquetage-electronique-labellink\/","url":"https:\/\/labellink.org\/fr\/services-detiquetage-electronique-labellink\/","name":"Services d'\u00e9tiquetage \u00e9lectronique - Labellink","isPartOf":{"@id":"https:\/\/labellink.org\/fr\/#website"},"datePublished":"2024-06-30T09:58:32+00:00","dateModified":"2024-09-26T09:56:11+00:00","description":"Les services d'\u00e9tiquetage \u00e9lectronique de Labellink englobent le conseil, la conception UX, le d\u00e9veloppement, la formation et la cr\u00e9ation de contenu professionnel, fournissant une solution holistique pour une gestion transparente de l'\u00e9tiquetage \u00e9lectronique.","breadcrumb":{"@id":"https:\/\/labellink.org\/fr\/services-detiquetage-electronique-labellink\/#breadcrumb"},"inLanguage":"fr-FR","potentialAction":[{"@type":"ReadAction","target":["https:\/\/labellink.org\/fr\/services-detiquetage-electronique-labellink\/"]}]},{"@type":"BreadcrumbList","@id":"https:\/\/labellink.org\/fr\/services-detiquetage-electronique-labellink\/#breadcrumb","itemListElement":[{"@type":"ListItem","position":1,"name":"Home","item":"https:\/\/labellink.org\/fr\/labellink-le-scan-de-code-qr-apprecie-de-tous\/"},{"@type":"ListItem","position":2,"name":"Services d&#8217;\u00e9tiquetage \u00e9lectronique &#8211; Labellink"}]},{"@type":"WebSite","@id":"https:\/\/labellink.org\/fr\/#website","url":"https:\/\/labellink.org\/fr\/","name":"Labellink","description":"E-label software and services","publisher":{"@id":"https:\/\/labellink.org\/fr\/#organization"},"potentialAction":[{"@type":"SearchAction","target":{"@type":"EntryPoint","urlTemplate":"https:\/\/labellink.org\/fr\/?s={search_term_string}"},"query-input":"required name=search_term_string"}],"inLanguage":"fr-FR"},{"@type":"Organization","@id":"https:\/\/labellink.org\/fr\/#organization","name":"Labellink","url":"https:\/\/labellink.org\/fr\/","logo":{"@type":"ImageObject","inLanguage":"fr-FR","@id":"https:\/\/labellink.org\/fr\/#\/schema\/logo\/image\/","url":"https:\/\/labellink.org\/wp-content\/uploads\/2024\/01\/labellink-logo.png","contentUrl":"https:\/\/labellink.org\/wp-content\/uploads\/2024\/01\/labellink-logo.png","width":900,"height":200,"caption":"Labellink"},"image":{"@id":"https:\/\/labellink.org\/fr\/#\/schema\/logo\/image\/"}}]}},"tpgb_featured_images":null,"tpgb_post_meta_info":{"get_date":"30 juin 2024","author_name":"Boris Motusic","author_url":"https:\/\/labellink.org\/fr\/author\/boris\/","author_email":"boris@uexperts.com","author_website":"https:\/\/www.linkedin.com\/in\/boris-motusic\/","author_description":"Boris Motusic is the CEO of Labellink and United Experts, a seasoned Chief Solution Architect, consultant, author, and public speaker, with experience working on projects for global brands like Microsoft, BNP Paribas, ABB, Panasonic, and Best Western Hotels.\r\n\r\n<a href=\"https:\/\/www.linkedin.com\/in\/boris-motusic\/\">LinkedIn Profile<\/a>","author_facebook":"","author_twitter":"","author_instagram":"","author_role":["administrator"],"author_firstname":"Boris","author_lastname":"Motusic","user_login":"Boris","author_avatar":"<img alt='' src='https:\/\/secure.gravatar.com\/avatar\/a16ac50596ba289795b185a9dc6123239c87be7224f05ac14470b09a0d3cf8c4?s=200&#038;d=mm&#038;r=g' srcset='https:\/\/secure.gravatar.com\/avatar\/a16ac50596ba289795b185a9dc6123239c87be7224f05ac14470b09a0d3cf8c4?s=400&#038;d=mm&#038;r=g 2x' class='avatar avatar-200 photo' height='200' width='200' decoding='async'\/>","author_avatar_url":"https:\/\/secure.gravatar.com\/avatar\/a16ac50596ba289795b185a9dc6123239c87be7224f05ac14470b09a0d3cf8c4?s=96&d=mm&r=g","comment_count":0,"post_likes":0,"post_views":0},"tpgb_post_category":[],"_links":{"self":[{"href":"https:\/\/labellink.org\/fr\/wp-json\/wp\/v2\/pages\/1001234","targetHints":{"allow":["GET"]}}],"collection":[{"href":"https:\/\/labellink.org\/fr\/wp-json\/wp\/v2\/pages"}],"about":[{"href":"https:\/\/labellink.org\/fr\/wp-json\/wp\/v2\/types\/page"}],"author":[{"embeddable":true,"href":"https:\/\/labellink.org\/fr\/wp-json\/wp\/v2\/users\/2"}],"replies":[{"embeddable":true,"href":"https:\/\/labellink.org\/fr\/wp-json\/wp\/v2\/comments?post=1001234"}],"version-history":[{"count":31,"href":"https:\/\/labellink.org\/fr\/wp-json\/wp\/v2\/pages\/1001234\/revisions"}],"predecessor-version":[{"id":1005706,"href":"https:\/\/labellink.org\/fr\/wp-json\/wp\/v2\/pages\/1001234\/revisions\/1005706"}],"wp:attachment":[{"href":"https:\/\/labellink.org\/fr\/wp-json\/wp\/v2\/media?parent=1001234"}],"curies":[{"name":"wp","href":"https:\/\/api.w.org\/{rel}","templated":true}]}}