{"id":1001145,"date":"2024-06-30T10:42:57","date_gmt":"2024-06-30T09:42:57","guid":{"rendered":"https:\/\/labellink.org\/conformite-et-certification-des-etiquettes-electroniques-labellink\/"},"modified":"2024-05-06T10:01:47","modified_gmt":"2024-05-06T09:01:47","slug":"conformite-et-certification-des-etiquettes-electroniques-labellink","status":"publish","type":"page","link":"https:\/\/labellink.org\/fr\/conformite-et-certification-des-etiquettes-electroniques-labellink\/","title":{"rendered":"Conformit\u00e9 et certification des \u00e9tiquettes \u00e9lectroniques &#8211; Labellink"},"content":{"rendered":"\t\t<div data-elementor-type=\"wp-page\" data-elementor-id=\"1001145\" class=\"elementor elementor-1001145 elementor-995733\" data-elementor-post-type=\"page\">\n\t\t\t\t<div data-particle_enable=\"false\" data-particle-mobile-disabled=\"false\" class=\"elementor-element elementor-element-4c2425a e-flex e-con-boxed e-con e-parent\" data-id=\"4c2425a\" data-element_type=\"container\" data-settings=\"{&quot;background_background&quot;:&quot;classic&quot;,&quot;jet_parallax_layout_list&quot;:[]}\">\n\t\t\t\t\t<div class=\"e-con-inner\">\n\t\t<div data-particle_enable=\"false\" data-particle-mobile-disabled=\"false\" class=\"elementor-element elementor-element-eebdc63 e-con-full e-flex e-con e-child\" data-id=\"eebdc63\" data-element_type=\"container\" data-settings=\"{&quot;jet_parallax_layout_list&quot;:[]}\">\n\t\t\t\t<div class=\"elementor-element elementor-element-eeb445c elementor-widget__width-initial elementor-widget elementor-widget-heading\" data-id=\"eeb445c\" data-element_type=\"widget\" data-widget_type=\"heading.default\">\n\t\t\t\t<div class=\"elementor-widget-container\">\n\t\t\t<h1 class=\"elementor-heading-title elementor-size-default\">Conformit\u00e9 et certification des e-\u00e9tiquettes.<\/h1>\t\t<\/div>\n\t\t\t\t<\/div>\n\t\t\t\t<div class=\"elementor-element elementor-element-07f8088 elementor-widget elementor-widget-text-editor\" data-id=\"07f8088\" data-element_type=\"widget\" data-widget_type=\"text-editor.default\">\n\t\t\t\t<div class=\"elementor-widget-container\">\n\t\t\t\t\t\t\t<div data-pm-slice=\"1 1 []\" data-en-clipboard=\"true\"><div data-pm-slice=\"1 1 []\" data-en-clipboard=\"true\"><div data-pm-slice=\"1 1 []\" data-en-clipboard=\"true\"><div class=\"flex flex-grow flex-col max-w-full\"><div class=\"min-h-[20px] text-message flex flex-col items-start gap-3 whitespace-pre-wrap break-words [.text-message+&amp;]:mt-5 overflow-x-auto\" data-message-author-role=\"assistant\" data-message-id=\"dce313ee-9c02-4c7b-b21a-9372c8241400\"><div class=\"markdown prose w-full break-words dark:prose-invert light\"><p>Labellink garantit le plus haut niveau de certifications aux consommateurs et simplifie les processus de certification pour les entreprises.<\/p><\/div><\/div><\/div><\/div><\/div><\/div>\t\t\t\t\t\t<\/div>\n\t\t\t\t<\/div>\n\t\t\t\t<\/div>\n\t\t\t\t\t<\/div>\n\t\t\t\t<\/div>\n\t\t<div data-particle_enable=\"false\" data-particle-mobile-disabled=\"false\" class=\"elementor-element elementor-element-8262044 e-flex e-con-boxed e-con e-parent\" data-id=\"8262044\" data-element_type=\"container\" data-settings=\"{&quot;background_background&quot;:&quot;classic&quot;,&quot;jet_parallax_layout_list&quot;:[]}\">\n\t\t\t\t\t<div class=\"e-con-inner\">\n\t\t<div data-particle_enable=\"false\" data-particle-mobile-disabled=\"false\" class=\"elementor-element elementor-element-dc72668 e-con-full e-flex e-con e-child\" data-id=\"dc72668\" data-element_type=\"container\" data-settings=\"{&quot;background_background&quot;:&quot;classic&quot;,&quot;jet_parallax_layout_list&quot;:[]}\">\n\t\t\t\t<div class=\"elementor-element elementor-element-7e83179 elementor-widget elementor-widget-heading\" data-id=\"7e83179\" data-element_type=\"widget\" data-widget_type=\"heading.default\">\n\t\t\t\t<div class=\"elementor-widget-container\">\n\t\t\t<h3 class=\"elementor-heading-title elementor-size-default\">Conformit\u00e9<\/h3>\t\t<\/div>\n\t\t\t\t<\/div>\n\t\t\t\t<div class=\"elementor-element elementor-element-65236c5 elementor-widget elementor-widget-text-editor\" data-id=\"65236c5\" data-element_type=\"widget\" data-widget_type=\"text-editor.default\">\n\t\t\t\t<div class=\"elementor-widget-container\">\n\t\t\t\t\t\t\t<p>Dans le domaine de l&#8217;e-\u00e9tiquetage, le respect des normes r\u00e9glementaires est primordial. La plateforme Labellink est con\u00e7ue pour garantir que toutes les e-\u00e9tiquettes g\u00e9n\u00e9r\u00e9es et g\u00e9r\u00e9es par son syst\u00e8me r\u00e9pondent automatiquement aux exigences d\u00e9finies par les r\u00e9glementations de l&#8217;Union europ\u00e9enne (UE) et des \u00c9tats-Unis (US). Cette automatisation permet aux entreprises de gagner du temps et de r\u00e9duire les risques de p\u00e9nalit\u00e9s. Labellink est toujours \u00e0 jour des changements r\u00e9glementaires et actualise ses fonctionnalit\u00e9s de conformit\u00e9 en cons\u00e9quence, offrant ainsi aux entreprises une tranquillit\u00e9 d&#8217;esprit permanente et garantissant que leurs e-\u00e9tiquettes sont toujours conformes aux normes juridiques les plus r\u00e9centes.<\/p>\t\t\t\t\t\t<\/div>\n\t\t\t\t<\/div>\n\t\t\t\t<\/div>\n\t\t<div data-particle_enable=\"false\" data-particle-mobile-disabled=\"false\" class=\"elementor-element elementor-element-ce88a05 e-con-full e-flex e-con e-child\" data-id=\"ce88a05\" data-element_type=\"container\" data-settings=\"{&quot;background_background&quot;:&quot;classic&quot;,&quot;jet_parallax_layout_list&quot;:[]}\">\n\t\t\t\t<div class=\"elementor-element elementor-element-a065a9d elementor-hidden-mobile elementor-widget elementor-widget-image\" data-id=\"a065a9d\" data-element_type=\"widget\" data-widget_type=\"image.default\">\n\t\t\t\t<div class=\"elementor-widget-container\">\n\t\t\t\t\t\t\t\t\t\t\t\t\t<img fetchpriority=\"high\" decoding=\"async\" width=\"500\" height=\"500\" src=\"https:\/\/labellink.org\/wp-content\/uploads\/2024\/04\/e-label-compliance-1.webp\" class=\"attachment-full size-full wp-image-997067\" alt=\"\" srcset=\"https:\/\/labellink.org\/wp-content\/uploads\/2024\/04\/e-label-compliance-1.webp 500w, https:\/\/labellink.org\/wp-content\/uploads\/2024\/04\/e-label-compliance-1-300x300.webp 300w, https:\/\/labellink.org\/wp-content\/uploads\/2024\/04\/e-label-compliance-1-700x700.webp 700w, https:\/\/labellink.org\/wp-content\/uploads\/2024\/04\/e-label-compliance-1-900x900.webp 900w, https:\/\/labellink.org\/wp-content\/uploads\/2024\/04\/e-label-compliance-1-1200x1200.webp 1200w\" sizes=\"(max-width: 500px) 100vw, 500px\" \/>\t\t\t\t\t\t\t\t\t\t\t\t\t<\/div>\n\t\t\t\t<\/div>\n\t\t\t\t<\/div>\n\t\t\t\t\t<\/div>\n\t\t\t\t<\/div>\n\t\t<div data-particle_enable=\"false\" data-particle-mobile-disabled=\"false\" class=\"elementor-element elementor-element-f61120e e-flex e-con-boxed e-con e-parent\" data-id=\"f61120e\" data-element_type=\"container\" data-settings=\"{&quot;background_background&quot;:&quot;classic&quot;,&quot;jet_parallax_layout_list&quot;:[]}\">\n\t\t\t\t\t<div class=\"e-con-inner\">\n\t\t<div data-particle_enable=\"false\" data-particle-mobile-disabled=\"false\" class=\"elementor-element elementor-element-8b7be9d e-con-full e-flex e-con e-child\" data-id=\"8b7be9d\" data-element_type=\"container\" data-settings=\"{&quot;background_background&quot;:&quot;classic&quot;,&quot;jet_parallax_layout_list&quot;:[]}\">\n\t\t\t\t<div class=\"elementor-element elementor-element-0a7d21e elementor-widget elementor-widget-heading\" data-id=\"0a7d21e\" data-element_type=\"widget\" data-widget_type=\"heading.default\">\n\t\t\t\t<div class=\"elementor-widget-container\">\n\t\t\t<h3 class=\"elementor-heading-title elementor-size-default\">Certification<\/h3>\t\t<\/div>\n\t\t\t\t<\/div>\n\t\t\t\t<div class=\"elementor-element elementor-element-84a9a79 elementor-widget elementor-widget-text-editor\" data-id=\"84a9a79\" data-element_type=\"widget\" data-widget_type=\"text-editor.default\">\n\t\t\t\t<div class=\"elementor-widget-container\">\n\t\t\t\t\t\t\t<p>Labellink va au-del\u00e0 de la simple conformit\u00e9 en offrant une certification pour les e-\u00e9tiquettes. Cette certification garantit le respect des normes et r\u00e9glementations, renfor\u00e7ant ainsi la confiance des consommateurs. Gr\u00e2ce \u00e0 Labellink, les entreprises peuvent diff\u00e9rencier leurs produits, renforcer leur cr\u00e9dibilit\u00e9 et la confiance des consommateurs, tout en simplifiant le processus de certification pour les entreprises de toutes tailles.<\/p>\t\t\t\t\t\t<\/div>\n\t\t\t\t<\/div>\n\t\t\t\t<\/div>\n\t\t<div data-particle_enable=\"false\" data-particle-mobile-disabled=\"false\" class=\"elementor-element elementor-element-7e52141 e-con-full e-flex e-con e-child\" data-id=\"7e52141\" data-element_type=\"container\" data-settings=\"{&quot;background_background&quot;:&quot;classic&quot;,&quot;jet_parallax_layout_list&quot;:[]}\">\n\t\t\t\t<div class=\"elementor-element elementor-element-2fa679d elementor-hidden-mobile elementor-widget elementor-widget-image\" data-id=\"2fa679d\" data-element_type=\"widget\" data-widget_type=\"image.default\">\n\t\t\t\t<div class=\"elementor-widget-container\">\n\t\t\t\t\t\t\t\t\t\t\t\t\t<img decoding=\"async\" width=\"500\" height=\"500\" src=\"https:\/\/labellink.org\/wp-content\/uploads\/2024\/03\/qr-label-certification-1.png\" class=\"attachment-full size-full wp-image-991618\" alt=\"\" srcset=\"https:\/\/labellink.org\/wp-content\/uploads\/2024\/03\/qr-label-certification-1.png 500w, https:\/\/labellink.org\/wp-content\/uploads\/2024\/03\/qr-label-certification-1-300x300.png 300w, https:\/\/labellink.org\/wp-content\/uploads\/2024\/03\/qr-label-certification-1-700x700.png 700w, https:\/\/labellink.org\/wp-content\/uploads\/2024\/03\/qr-label-certification-1-900x900.png 900w, https:\/\/labellink.org\/wp-content\/uploads\/2024\/03\/qr-label-certification-1-1200x1200.png 1200w\" sizes=\"(max-width: 500px) 100vw, 500px\" \/>\t\t\t\t\t\t\t\t\t\t\t\t\t<\/div>\n\t\t\t\t<\/div>\n\t\t\t\t<\/div>\n\t\t\t\t\t<\/div>\n\t\t\t\t<\/div>\n\t\t<div data-particle_enable=\"false\" data-particle-mobile-disabled=\"false\" class=\"elementor-element elementor-element-2e7255f e-flex e-con-boxed e-con e-parent\" data-id=\"2e7255f\" data-element_type=\"container\" data-settings=\"{&quot;background_background&quot;:&quot;classic&quot;,&quot;jet_parallax_layout_list&quot;:[]}\">\n\t\t\t\t\t<div class=\"e-con-inner\">\n\t\t<div data-particle_enable=\"false\" data-particle-mobile-disabled=\"false\" class=\"elementor-element elementor-element-2167b5b e-con-full e-flex e-con e-child\" data-id=\"2167b5b\" data-element_type=\"container\" data-settings=\"{&quot;background_background&quot;:&quot;classic&quot;,&quot;jet_parallax_layout_list&quot;:[]}\">\n\t\t\t\t<div class=\"elementor-element elementor-element-f424c84 elementor-widget elementor-widget-heading\" data-id=\"f424c84\" data-element_type=\"widget\" data-widget_type=\"heading.default\">\n\t\t\t\t<div class=\"elementor-widget-container\">\n\t\t\t<h3 class=\"elementor-heading-title elementor-size-default\">V\u00e9rification<\/h3>\t\t<\/div>\n\t\t\t\t<\/div>\n\t\t\t\t<div class=\"elementor-element elementor-element-bbe4530 elementor-widget elementor-widget-text-editor\" data-id=\"bbe4530\" data-element_type=\"widget\" data-widget_type=\"text-editor.default\">\n\t\t\t\t<div class=\"elementor-widget-container\">\n\t\t\t\t\t\t\t<div class=\"flex flex-grow flex-col max-w-full\"><div class=\"min-h-[20px] text-message flex flex-col items-start gap-3 whitespace-pre-wrap break-words [.text-message+&amp;]:mt-5 overflow-x-auto\" dir=\"auto\" data-message-author-role=\"assistant\" data-message-id=\"77031b0b-c8a2-42bf-b9e3-f2e55111de6c\"><div class=\"markdown prose w-full break-words dark:prose-invert dark\"><p>Labellink r\u00e9alise une v\u00e9rification compl\u00e8te pour authentifier chaque produit et chaque vendeur, assurant ainsi la fiabilit\u00e9 des informations et prot\u00e9geant contre les contrefa\u00e7ons. Cette \u00e9tape essentielle permet aux consommateurs de distinguer facilement les produits authentiques des imitations dans un march\u00e9 en ligne souvent confus. La d\u00e9marche de Labellink souligne son engagement envers la transparence et la fiabilit\u00e9 dans le domaine de l&#8217;e-\u00e9tiquetage.<\/p><\/div><\/div><\/div>\t\t\t\t\t\t<\/div>\n\t\t\t\t<\/div>\n\t\t\t\t<\/div>\n\t\t<div data-particle_enable=\"false\" data-particle-mobile-disabled=\"false\" class=\"elementor-element elementor-element-eb19df2 e-con-full e-flex e-con e-child\" data-id=\"eb19df2\" data-element_type=\"container\" data-settings=\"{&quot;background_background&quot;:&quot;classic&quot;,&quot;jet_parallax_layout_list&quot;:[]}\">\n\t\t\t\t<div class=\"elementor-element elementor-element-b0fb73c elementor-hidden-mobile elementor-widget elementor-widget-image\" data-id=\"b0fb73c\" data-element_type=\"widget\" data-widget_type=\"image.default\">\n\t\t\t\t<div class=\"elementor-widget-container\">\n\t\t\t\t\t\t\t\t\t\t\t\t\t<img decoding=\"async\" width=\"500\" height=\"500\" src=\"https:\/\/labellink.org\/wp-content\/uploads\/2024\/04\/e-label-verification-1.webp\" class=\"attachment-full size-full wp-image-997068\" alt=\"\" srcset=\"https:\/\/labellink.org\/wp-content\/uploads\/2024\/04\/e-label-verification-1.webp 500w, https:\/\/labellink.org\/wp-content\/uploads\/2024\/04\/e-label-verification-1-300x300.webp 300w, https:\/\/labellink.org\/wp-content\/uploads\/2024\/04\/e-label-verification-1-700x700.webp 700w, https:\/\/labellink.org\/wp-content\/uploads\/2024\/04\/e-label-verification-1-900x900.webp 900w, https:\/\/labellink.org\/wp-content\/uploads\/2024\/04\/e-label-verification-1-1200x1200.webp 1200w\" sizes=\"(max-width: 500px) 100vw, 500px\" \/>\t\t\t\t\t\t\t\t\t\t\t\t\t<\/div>\n\t\t\t\t<\/div>\n\t\t\t\t<\/div>\n\t\t\t\t\t<\/div>\n\t\t\t\t<\/div>\n\t\t\t\t<\/div>\n\t\t","protected":false},"excerpt":{"rendered":"<p>Conformit\u00e9 et certification des e-\u00e9tiquettes. Labellink garantit le plus haut niveau de certifications aux consommateurs et simplifie les processus de certification pour les entreprises. Conformit\u00e9 Dans le domaine de l&#8217;e-\u00e9tiquetage, le respect des normes r\u00e9glementaires est primordial. La plateforme Labellink est con\u00e7ue pour garantir que toutes les e-\u00e9tiquettes g\u00e9n\u00e9r\u00e9es et g\u00e9r\u00e9es par son syst\u00e8me r\u00e9pondent [&hellip;]<\/p>\n","protected":false},"author":2,"featured_media":0,"parent":0,"menu_order":11,"comment_status":"closed","ping_status":"closed","template":"","meta":{"tpgb_global_settings":"","footnotes":""},"class_list":["post-1001145","page","type-page","status-publish","hentry"],"yoast_head":"<!-- This site is optimized with the Yoast SEO plugin v22.6 - https:\/\/yoast.com\/wordpress\/plugins\/seo\/ -->\n<title>Conformit\u00e9 et certification des \u00e9tiquettes \u00e9lectroniques - Labellink<\/title>\n<meta name=\"description\" content=\"Les solutions de conformit\u00e9 \u00e0 l&#039;\u00e9tiquetage \u00e9lectronique et la certification de Labellink rationalisent les normes industrielles et l&#039;\u00e9tiquetage \u00e9lectronique, garantissant ainsi une conformit\u00e9 sans faille.\" \/>\n<meta name=\"robots\" content=\"index, follow, max-snippet:-1, max-image-preview:large, max-video-preview:-1\" \/>\n<link rel=\"canonical\" href=\"https:\/\/labellink.org\/fr\/conformite-et-certification-des-etiquettes-electroniques-labellink\/\" \/>\n<meta property=\"og:locale\" content=\"fr_FR\" \/>\n<meta property=\"og:type\" content=\"article\" \/>\n<meta property=\"og:title\" content=\"Conformit\u00e9 et certification des \u00e9tiquettes \u00e9lectroniques - Labellink\" \/>\n<meta property=\"og:description\" content=\"Les solutions de conformit\u00e9 \u00e0 l&#039;\u00e9tiquetage \u00e9lectronique et la certification de Labellink rationalisent les normes industrielles et l&#039;\u00e9tiquetage \u00e9lectronique, garantissant ainsi une conformit\u00e9 sans faille.\" \/>\n<meta property=\"og:url\" content=\"https:\/\/labellink.org\/fr\/conformite-et-certification-des-etiquettes-electroniques-labellink\/\" \/>\n<meta property=\"og:site_name\" content=\"Labellink\" \/>\n<meta property=\"article:modified_time\" content=\"2024-05-06T09:01:47+00:00\" \/>\n<meta property=\"og:image\" content=\"https:\/\/labellink.org\/wp-content\/uploads\/2024\/04\/e-label-compliance-1.webp\" \/>\n<meta name=\"twitter:card\" content=\"summary_large_image\" \/>\n<meta name=\"twitter:label1\" content=\"Dur\u00e9e de lecture estim\u00e9e\" \/>\n\t<meta name=\"twitter:data1\" content=\"2 minutes\" \/>\n<script type=\"application\/ld+json\" class=\"yoast-schema-graph\">{\"@context\":\"https:\/\/schema.org\",\"@graph\":[{\"@type\":\"WebPage\",\"@id\":\"https:\/\/labellink.org\/fr\/conformite-et-certification-des-etiquettes-electroniques-labellink\/\",\"url\":\"https:\/\/labellink.org\/fr\/conformite-et-certification-des-etiquettes-electroniques-labellink\/\",\"name\":\"Conformit\u00e9 et certification des \u00e9tiquettes \u00e9lectroniques - Labellink\",\"isPartOf\":{\"@id\":\"https:\/\/labellink.org\/fr\/#website\"},\"primaryImageOfPage\":{\"@id\":\"https:\/\/labellink.org\/fr\/conformite-et-certification-des-etiquettes-electroniques-labellink\/#primaryimage\"},\"image\":{\"@id\":\"https:\/\/labellink.org\/fr\/conformite-et-certification-des-etiquettes-electroniques-labellink\/#primaryimage\"},\"thumbnailUrl\":\"https:\/\/labellink.org\/wp-content\/uploads\/2024\/04\/e-label-compliance-1.webp\",\"datePublished\":\"2024-06-30T09:42:57+00:00\",\"dateModified\":\"2024-05-06T09:01:47+00:00\",\"description\":\"Les solutions de conformit\u00e9 \u00e0 l'\u00e9tiquetage \u00e9lectronique et la certification de Labellink rationalisent les normes industrielles et l'\u00e9tiquetage \u00e9lectronique, garantissant ainsi une conformit\u00e9 sans faille.\",\"breadcrumb\":{\"@id\":\"https:\/\/labellink.org\/fr\/conformite-et-certification-des-etiquettes-electroniques-labellink\/#breadcrumb\"},\"inLanguage\":\"fr-FR\",\"potentialAction\":[{\"@type\":\"ReadAction\",\"target\":[\"https:\/\/labellink.org\/fr\/conformite-et-certification-des-etiquettes-electroniques-labellink\/\"]}]},{\"@type\":\"ImageObject\",\"inLanguage\":\"fr-FR\",\"@id\":\"https:\/\/labellink.org\/fr\/conformite-et-certification-des-etiquettes-electroniques-labellink\/#primaryimage\",\"url\":\"https:\/\/labellink.org\/wp-content\/uploads\/2024\/04\/e-label-compliance-1.webp\",\"contentUrl\":\"https:\/\/labellink.org\/wp-content\/uploads\/2024\/04\/e-label-compliance-1.webp\"},{\"@type\":\"BreadcrumbList\",\"@id\":\"https:\/\/labellink.org\/fr\/conformite-et-certification-des-etiquettes-electroniques-labellink\/#breadcrumb\",\"itemListElement\":[{\"@type\":\"ListItem\",\"position\":1,\"name\":\"Home\",\"item\":\"https:\/\/labellink.org\/fr\/labellink-le-scan-de-code-qr-apprecie-de-tous\/\"},{\"@type\":\"ListItem\",\"position\":2,\"name\":\"Conformit\u00e9 et certification des \u00e9tiquettes \u00e9lectroniques &#8211; Labellink\"}]},{\"@type\":\"WebSite\",\"@id\":\"https:\/\/labellink.org\/fr\/#website\",\"url\":\"https:\/\/labellink.org\/fr\/\",\"name\":\"Labellink\",\"description\":\"E-label software and services\",\"publisher\":{\"@id\":\"https:\/\/labellink.org\/fr\/#organization\"},\"potentialAction\":[{\"@type\":\"SearchAction\",\"target\":{\"@type\":\"EntryPoint\",\"urlTemplate\":\"https:\/\/labellink.org\/fr\/?s={search_term_string}\"},\"query-input\":\"required name=search_term_string\"}],\"inLanguage\":\"fr-FR\"},{\"@type\":\"Organization\",\"@id\":\"https:\/\/labellink.org\/fr\/#organization\",\"name\":\"Labellink\",\"url\":\"https:\/\/labellink.org\/fr\/\",\"logo\":{\"@type\":\"ImageObject\",\"inLanguage\":\"fr-FR\",\"@id\":\"https:\/\/labellink.org\/fr\/#\/schema\/logo\/image\/\",\"url\":\"https:\/\/labellink.org\/wp-content\/uploads\/2024\/01\/labellink-logo.png\",\"contentUrl\":\"https:\/\/labellink.org\/wp-content\/uploads\/2024\/01\/labellink-logo.png\",\"width\":900,\"height\":200,\"caption\":\"Labellink\"},\"image\":{\"@id\":\"https:\/\/labellink.org\/fr\/#\/schema\/logo\/image\/\"}}]}<\/script>\n<!-- \/ Yoast SEO plugin. -->","yoast_head_json":{"title":"Conformit\u00e9 et certification des \u00e9tiquettes \u00e9lectroniques - Labellink","description":"Les solutions de conformit\u00e9 \u00e0 l'\u00e9tiquetage \u00e9lectronique et la certification de Labellink rationalisent les normes industrielles et l'\u00e9tiquetage \u00e9lectronique, garantissant ainsi une conformit\u00e9 sans faille.","robots":{"index":"index","follow":"follow","max-snippet":"max-snippet:-1","max-image-preview":"max-image-preview:large","max-video-preview":"max-video-preview:-1"},"canonical":"https:\/\/labellink.org\/fr\/conformite-et-certification-des-etiquettes-electroniques-labellink\/","og_locale":"fr_FR","og_type":"article","og_title":"Conformit\u00e9 et certification des \u00e9tiquettes \u00e9lectroniques - Labellink","og_description":"Les solutions de conformit\u00e9 \u00e0 l'\u00e9tiquetage \u00e9lectronique et la certification de Labellink rationalisent les normes industrielles et l'\u00e9tiquetage \u00e9lectronique, garantissant ainsi une conformit\u00e9 sans faille.","og_url":"https:\/\/labellink.org\/fr\/conformite-et-certification-des-etiquettes-electroniques-labellink\/","og_site_name":"Labellink","article_modified_time":"2024-05-06T09:01:47+00:00","og_image":[{"url":"https:\/\/labellink.org\/wp-content\/uploads\/2024\/04\/e-label-compliance-1.webp"}],"twitter_card":"summary_large_image","twitter_misc":{"Dur\u00e9e de lecture estim\u00e9e":"2 minutes"},"schema":{"@context":"https:\/\/schema.org","@graph":[{"@type":"WebPage","@id":"https:\/\/labellink.org\/fr\/conformite-et-certification-des-etiquettes-electroniques-labellink\/","url":"https:\/\/labellink.org\/fr\/conformite-et-certification-des-etiquettes-electroniques-labellink\/","name":"Conformit\u00e9 et certification des \u00e9tiquettes \u00e9lectroniques - Labellink","isPartOf":{"@id":"https:\/\/labellink.org\/fr\/#website"},"primaryImageOfPage":{"@id":"https:\/\/labellink.org\/fr\/conformite-et-certification-des-etiquettes-electroniques-labellink\/#primaryimage"},"image":{"@id":"https:\/\/labellink.org\/fr\/conformite-et-certification-des-etiquettes-electroniques-labellink\/#primaryimage"},"thumbnailUrl":"https:\/\/labellink.org\/wp-content\/uploads\/2024\/04\/e-label-compliance-1.webp","datePublished":"2024-06-30T09:42:57+00:00","dateModified":"2024-05-06T09:01:47+00:00","description":"Les solutions de conformit\u00e9 \u00e0 l'\u00e9tiquetage \u00e9lectronique et la certification de Labellink rationalisent les normes industrielles et l'\u00e9tiquetage \u00e9lectronique, garantissant ainsi une conformit\u00e9 sans faille.","breadcrumb":{"@id":"https:\/\/labellink.org\/fr\/conformite-et-certification-des-etiquettes-electroniques-labellink\/#breadcrumb"},"inLanguage":"fr-FR","potentialAction":[{"@type":"ReadAction","target":["https:\/\/labellink.org\/fr\/conformite-et-certification-des-etiquettes-electroniques-labellink\/"]}]},{"@type":"ImageObject","inLanguage":"fr-FR","@id":"https:\/\/labellink.org\/fr\/conformite-et-certification-des-etiquettes-electroniques-labellink\/#primaryimage","url":"https:\/\/labellink.org\/wp-content\/uploads\/2024\/04\/e-label-compliance-1.webp","contentUrl":"https:\/\/labellink.org\/wp-content\/uploads\/2024\/04\/e-label-compliance-1.webp"},{"@type":"BreadcrumbList","@id":"https:\/\/labellink.org\/fr\/conformite-et-certification-des-etiquettes-electroniques-labellink\/#breadcrumb","itemListElement":[{"@type":"ListItem","position":1,"name":"Home","item":"https:\/\/labellink.org\/fr\/labellink-le-scan-de-code-qr-apprecie-de-tous\/"},{"@type":"ListItem","position":2,"name":"Conformit\u00e9 et certification des \u00e9tiquettes \u00e9lectroniques &#8211; Labellink"}]},{"@type":"WebSite","@id":"https:\/\/labellink.org\/fr\/#website","url":"https:\/\/labellink.org\/fr\/","name":"Labellink","description":"E-label software and services","publisher":{"@id":"https:\/\/labellink.org\/fr\/#organization"},"potentialAction":[{"@type":"SearchAction","target":{"@type":"EntryPoint","urlTemplate":"https:\/\/labellink.org\/fr\/?s={search_term_string}"},"query-input":"required name=search_term_string"}],"inLanguage":"fr-FR"},{"@type":"Organization","@id":"https:\/\/labellink.org\/fr\/#organization","name":"Labellink","url":"https:\/\/labellink.org\/fr\/","logo":{"@type":"ImageObject","inLanguage":"fr-FR","@id":"https:\/\/labellink.org\/fr\/#\/schema\/logo\/image\/","url":"https:\/\/labellink.org\/wp-content\/uploads\/2024\/01\/labellink-logo.png","contentUrl":"https:\/\/labellink.org\/wp-content\/uploads\/2024\/01\/labellink-logo.png","width":900,"height":200,"caption":"Labellink"},"image":{"@id":"https:\/\/labellink.org\/fr\/#\/schema\/logo\/image\/"}}]}},"tpgb_featured_images":null,"tpgb_post_meta_info":{"get_date":"30 juin 2024","author_name":"Boris Motusic","author_url":"https:\/\/labellink.org\/fr\/author\/boris\/","author_email":"boris@uexperts.com","author_website":"https:\/\/www.linkedin.com\/in\/boris-motusic\/","author_description":"Boris Motusic is the CEO of Labellink and United Experts, a seasoned Chief Solution Architect, consultant, author, and public speaker, with experience working on projects for global brands like Microsoft, BNP Paribas, ABB, Panasonic, and Best Western Hotels.\r\n\r\n<a href=\"https:\/\/www.linkedin.com\/in\/boris-motusic\/\">LinkedIn Profile<\/a>","author_facebook":"","author_twitter":"","author_instagram":"","author_role":["administrator"],"author_firstname":"Boris","author_lastname":"Motusic","user_login":"Boris","author_avatar":"<img alt='' src='https:\/\/secure.gravatar.com\/avatar\/a16ac50596ba289795b185a9dc6123239c87be7224f05ac14470b09a0d3cf8c4?s=200&#038;d=mm&#038;r=g' srcset='https:\/\/secure.gravatar.com\/avatar\/a16ac50596ba289795b185a9dc6123239c87be7224f05ac14470b09a0d3cf8c4?s=400&#038;d=mm&#038;r=g 2x' class='avatar avatar-200 photo' height='200' width='200' decoding='async'\/>","author_avatar_url":"https:\/\/secure.gravatar.com\/avatar\/a16ac50596ba289795b185a9dc6123239c87be7224f05ac14470b09a0d3cf8c4?s=96&d=mm&r=g","comment_count":0,"post_likes":0,"post_views":0},"tpgb_post_category":[],"_links":{"self":[{"href":"https:\/\/labellink.org\/fr\/wp-json\/wp\/v2\/pages\/1001145","targetHints":{"allow":["GET"]}}],"collection":[{"href":"https:\/\/labellink.org\/fr\/wp-json\/wp\/v2\/pages"}],"about":[{"href":"https:\/\/labellink.org\/fr\/wp-json\/wp\/v2\/types\/page"}],"author":[{"embeddable":true,"href":"https:\/\/labellink.org\/fr\/wp-json\/wp\/v2\/users\/2"}],"replies":[{"embeddable":true,"href":"https:\/\/labellink.org\/fr\/wp-json\/wp\/v2\/comments?post=1001145"}],"version-history":[{"count":16,"href":"https:\/\/labellink.org\/fr\/wp-json\/wp\/v2\/pages\/1001145\/revisions"}],"predecessor-version":[{"id":1002630,"href":"https:\/\/labellink.org\/fr\/wp-json\/wp\/v2\/pages\/1001145\/revisions\/1002630"}],"wp:attachment":[{"href":"https:\/\/labellink.org\/fr\/wp-json\/wp\/v2\/media?parent=1001145"}],"curies":[{"name":"wp","href":"https:\/\/api.w.org\/{rel}","templated":true}]}}