{"id":1001127,"date":"2024-06-30T10:06:47","date_gmt":"2024-06-30T09:06:47","guid":{"rendered":"https:\/\/labellink.org\/etudes-de-cas-detiquettes-electroniques-labellink\/"},"modified":"2024-09-26T11:01:00","modified_gmt":"2024-09-26T10:01:00","slug":"etudes-de-cas-detiquettes-electroniques-labellink","status":"publish","type":"page","link":"https:\/\/labellink.org\/fr\/etudes-de-cas-detiquettes-electroniques-labellink\/","title":{"rendered":"\u00c9tudes de cas d&#8217;\u00e9tiquettes \u00e9lectroniques &#8211; Labellink"},"content":{"rendered":"\t\t<div data-elementor-type=\"wp-page\" data-elementor-id=\"1001127\" class=\"elementor elementor-1001127 elementor-996832\" data-elementor-post-type=\"page\">\n\t\t\t\t<div data-particle_enable=\"false\" data-particle-mobile-disabled=\"false\" class=\"elementor-element elementor-element-adf5fc8 e-flex e-con-boxed e-con e-parent\" data-id=\"adf5fc8\" data-element_type=\"container\" data-settings=\"{&quot;background_background&quot;:&quot;classic&quot;,&quot;jet_parallax_layout_list&quot;:[]}\">\n\t\t\t\t\t<div class=\"e-con-inner\">\n\t\t<div data-particle_enable=\"false\" data-particle-mobile-disabled=\"false\" class=\"elementor-element elementor-element-b21aaee e-con-full e-flex e-con e-child\" data-id=\"b21aaee\" data-element_type=\"container\" data-settings=\"{&quot;jet_parallax_layout_list&quot;:[]}\">\n\t\t\t\t<div class=\"elementor-element elementor-element-465b4f9 elementor-widget__width-initial elementor-widget elementor-widget-heading\" data-id=\"465b4f9\" data-element_type=\"widget\" data-widget_type=\"heading.default\">\n\t\t\t\t<div class=\"elementor-widget-container\">\n\t\t\t<h1 class=\"elementor-heading-title elementor-size-default\">\u00c9tudes de cas<\/h1>\t\t<\/div>\n\t\t\t\t<\/div>\n\t\t\t\t<div class=\"elementor-element elementor-element-2483773 elementor-widget elementor-widget-text-editor\" data-id=\"2483773\" data-element_type=\"widget\" data-widget_type=\"text-editor.default\">\n\t\t\t\t<div class=\"elementor-widget-container\">\n\t\t\t\t\t\t\t<div data-pm-slice=\"1 1 []\" data-en-clipboard=\"true\"><div data-pm-slice=\"1 1 []\" data-en-clipboard=\"true\"><div data-pm-slice=\"1 1 []\" data-en-clipboard=\"true\">D\u00e9couvrez des \u00e9tudes de cas sur les applications des e-\u00e9tiquettes et du DPP dans diff\u00e9rents secteurs d&#8217;activit\u00e9.<\/div><\/div><\/div>\t\t\t\t\t\t<\/div>\n\t\t\t\t<\/div>\n\t\t\t\t<div class=\"elementor-element elementor-element-9a118c8 ee-grid-columns-4 ee-posts-thumbnail-ratio ee-grid-columns-tablet-2 ee-grid-columns-mobile-1 ee-grid-align--stretch ee-grid-halign--left ee-posts-align-top ee-posts-avatar-position-left elementor-widget elementor-widget-posts-extra\" data-id=\"9a118c8\" data-element_type=\"widget\" data-settings=\"{&quot;columns&quot;:&quot;4&quot;,&quot;columns_tablet&quot;:&quot;2&quot;,&quot;columns_mobile&quot;:&quot;1&quot;,&quot;classic_layout&quot;:&quot;default&quot;,&quot;classic_grid_columns_spacing&quot;:{&quot;unit&quot;:&quot;px&quot;,&quot;size&quot;:24,&quot;sizes&quot;:[]},&quot;classic_grid_columns_spacing_tablet&quot;:{&quot;unit&quot;:&quot;px&quot;,&quot;size&quot;:12,&quot;sizes&quot;:[]},&quot;classic_grid_columns_spacing_mobile&quot;:{&quot;unit&quot;:&quot;px&quot;,&quot;size&quot;:0,&quot;sizes&quot;:[]}}\" data-widget_type=\"posts-extra.classic\">\n\t\t\t\t<div class=\"elementor-widget-container\">\n\t\t\t<div class=\"ee-grid ee-loop ee-grid--default\"><div class=\"ee-grid__item--sizer\"><\/div><div class=\"ee-grid__item ee-loop__item\"><article class=\"ee-post post-1001003 post type-post status-publish format-standard has-post-thumbnail hentry category-etudes-de-cas tag-ville-et-gouvernement\"><a class=\"ee-media ee-post__media\" href=\"https:\/\/labellink.org\/fr\/campagnes-pour-une-ville-ecologique-amplifier-les-initiatives-en-faveur-du-developpement-durable-grace-aux-codes-qr\/\"><div class=\"ee-post__media__thumbnail ee-media__thumbnail\"><img fetchpriority=\"high\" decoding=\"async\" width=\"300\" height=\"300\" src=\"https:\/\/labellink.org\/wp-content\/uploads\/qr-codes-city-government-Sustainability-300x300.webp\" class=\"attachment-thumbnail size-thumbnail wp-image-1000986\" alt=\"\" srcset=\"https:\/\/labellink.org\/wp-content\/uploads\/qr-codes-city-government-Sustainability-300x300.webp 300w, https:\/\/labellink.org\/wp-content\/uploads\/qr-codes-city-government-Sustainability-700x700.webp 700w, https:\/\/labellink.org\/wp-content\/uploads\/qr-codes-city-government-Sustainability-900x900.webp 900w, https:\/\/labellink.org\/wp-content\/uploads\/qr-codes-city-government-Sustainability-1200x1200.webp 1200w\" sizes=\"(max-width: 300px) 100vw, 300px\" \/><\/div><div class=\"ee-post__media__overlay ee-media__overlay\"><\/div><\/a><!-- .ee-post__media --><div class=\"ee-post__body ee-post__area\"><a href=\"https:\/\/labellink.org\/fr\/campagnes-pour-une-ville-ecologique-amplifier-les-initiatives-en-faveur-du-developpement-durable-grace-aux-codes-qr\/\" class=\"ee-post__title\">\n\t\t\t<h4 class=\"ee-post__title__heading\">Campagnes pour une ville \u00e9cologique : Amplifier les initiatives en faveur du d\u00e9veloppement durable gr\u00e2ce aux codes QR<\/h4>\n\t\t<\/a><\/div><!-- .ee-post__body --><\/article><!-- .ee-post --><\/div><!-- .ee-loop__item --><div class=\"ee-grid__item ee-loop__item\"><article class=\"ee-post post-1001006 post type-post status-publish format-standard has-post-thumbnail hentry category-etudes-de-cas tag-ville-et-gouvernement\"><a class=\"ee-media ee-post__media\" href=\"https:\/\/labellink.org\/fr\/engager-les-citoyens-avec-des-visites-de-ville-ludiques-le-pouvoir-des-chasses-au-tresor-par-code-qr\/\"><div class=\"ee-post__media__thumbnail ee-media__thumbnail\"><img decoding=\"async\" width=\"300\" height=\"300\" src=\"https:\/\/labellink.org\/wp-content\/uploads\/e-label-cities-city-gemification-qr-code-300x300.webp\" class=\"attachment-thumbnail size-thumbnail wp-image-1000981\" alt=\"\" srcset=\"https:\/\/labellink.org\/wp-content\/uploads\/e-label-cities-city-gemification-qr-code-300x300.webp 300w, https:\/\/labellink.org\/wp-content\/uploads\/e-label-cities-city-gemification-qr-code-700x700.webp 700w, https:\/\/labellink.org\/wp-content\/uploads\/e-label-cities-city-gemification-qr-code-900x900.webp 900w, https:\/\/labellink.org\/wp-content\/uploads\/e-label-cities-city-gemification-qr-code-1200x1200.webp 1200w\" sizes=\"(max-width: 300px) 100vw, 300px\" \/><\/div><div class=\"ee-post__media__overlay ee-media__overlay\"><\/div><\/a><!-- .ee-post__media --><div class=\"ee-post__body ee-post__area\"><a href=\"https:\/\/labellink.org\/fr\/engager-les-citoyens-avec-des-visites-de-ville-ludiques-le-pouvoir-des-chasses-au-tresor-par-code-qr\/\" class=\"ee-post__title\">\n\t\t\t<h4 class=\"ee-post__title__heading\">Engager les citoyens avec des visites de ville ludiques : Le pouvoir des chasses au tr\u00e9sor par code QR<\/h4>\n\t\t<\/a><\/div><!-- .ee-post__body --><\/article><!-- .ee-post --><\/div><!-- .ee-loop__item --><div class=\"ee-grid__item ee-loop__item\"><article class=\"ee-post post-1001001 post type-post status-publish format-standard has-post-thumbnail hentry category-etudes-de-cas\"><a class=\"ee-media ee-post__media\" href=\"https:\/\/labellink.org\/fr\/de-la-ferme-a-la-table-les-codes-qr-retracent-le-parcours-des-produits-biologiques\/\"><div class=\"ee-post__media__thumbnail ee-media__thumbnail\"><img decoding=\"async\" width=\"300\" height=\"300\" src=\"https:\/\/labellink.org\/wp-content\/uploads\/2024\/04\/sample-farm-300x300.webp\" class=\"attachment-thumbnail size-thumbnail wp-image-1000731\" alt=\"\" srcset=\"https:\/\/labellink.org\/wp-content\/uploads\/2024\/04\/sample-farm-300x300.webp 300w, https:\/\/labellink.org\/wp-content\/uploads\/2024\/04\/sample-farm-700x700.webp 700w, https:\/\/labellink.org\/wp-content\/uploads\/2024\/04\/sample-farm-900x900.webp 900w, https:\/\/labellink.org\/wp-content\/uploads\/2024\/04\/sample-farm-1200x1200.webp 1200w\" sizes=\"(max-width: 300px) 100vw, 300px\" \/><\/div><div class=\"ee-post__media__overlay ee-media__overlay\"><\/div><\/a><!-- .ee-post__media --><div class=\"ee-post__body ee-post__area\"><a href=\"https:\/\/labellink.org\/fr\/de-la-ferme-a-la-table-les-codes-qr-retracent-le-parcours-des-produits-biologiques\/\" class=\"ee-post__title\">\n\t\t\t<h4 class=\"ee-post__title__heading\">De la ferme \u00e0 la table : Les codes QR retracent le parcours des produits biologiques<\/h4>\n\t\t<\/a><\/div><!-- .ee-post__body --><\/article><!-- .ee-post --><\/div><!-- .ee-loop__item --><div class=\"ee-grid__item ee-loop__item\"><article class=\"ee-post post-1001043 post type-post status-publish format-standard has-post-thumbnail hentry category-etudes-de-cas\"><a class=\"ee-media ee-post__media\" href=\"https:\/\/labellink.org\/fr\/le-succes-de-bean-bean-coffee-roasters-grace-aux-etiquettes-electroniques-et-aux-codes-qr\/\"><div class=\"ee-post__media__thumbnail ee-media__thumbnail\"><img loading=\"lazy\" decoding=\"async\" width=\"300\" height=\"300\" src=\"https:\/\/labellink.org\/wp-content\/uploads\/2024\/04\/sample-coffee-300x300.webp\" class=\"attachment-thumbnail size-thumbnail wp-image-1000726\" alt=\"\" srcset=\"https:\/\/labellink.org\/wp-content\/uploads\/2024\/04\/sample-coffee-300x300.webp 300w, https:\/\/labellink.org\/wp-content\/uploads\/2024\/04\/sample-coffee-700x700.webp 700w, https:\/\/labellink.org\/wp-content\/uploads\/2024\/04\/sample-coffee-900x900.webp 900w, https:\/\/labellink.org\/wp-content\/uploads\/2024\/04\/sample-coffee-1200x1200.webp 1200w\" sizes=\"(max-width: 300px) 100vw, 300px\" \/><\/div><div class=\"ee-post__media__overlay ee-media__overlay\"><\/div><\/a><!-- .ee-post__media --><div class=\"ee-post__body ee-post__area\"><a href=\"https:\/\/labellink.org\/fr\/le-succes-de-bean-bean-coffee-roasters-grace-aux-etiquettes-electroniques-et-aux-codes-qr\/\" class=\"ee-post__title\">\n\t\t\t<h4 class=\"ee-post__title__heading\">Le succ\u00e8s de Bean &amp; Bean Coffee Roasters gr\u00e2ce aux \u00e9tiquettes \u00e9lectroniques et aux codes QR<\/h4>\n\t\t<\/a><\/div><!-- .ee-post__body --><\/article><!-- .ee-post --><\/div><!-- .ee-loop__item --><div class=\"ee-grid__item ee-loop__item\"><article class=\"ee-post post-1001010 post type-post status-publish format-standard has-post-thumbnail hentry category-etudes-de-cas tag-ville-et-gouvernement\"><a class=\"ee-media ee-post__media\" href=\"https:\/\/labellink.org\/fr\/la-revolution-du-code-qr-dans-le-tourisme-a-dubai-un-apercu-de-lavenir-avec-labellink\/\"><div class=\"ee-post__media__thumbnail ee-media__thumbnail\"><img loading=\"lazy\" decoding=\"async\" width=\"300\" height=\"300\" src=\"https:\/\/labellink.org\/wp-content\/uploads\/2024\/04\/qr-codes-dubai-solution-e-label-1-300x300.webp\" class=\"attachment-thumbnail size-thumbnail wp-image-1000721\" alt=\"\" srcset=\"https:\/\/labellink.org\/wp-content\/uploads\/2024\/04\/qr-codes-dubai-solution-e-label-1-300x300.webp 300w, https:\/\/labellink.org\/wp-content\/uploads\/2024\/04\/qr-codes-dubai-solution-e-label-1-700x700.webp 700w, https:\/\/labellink.org\/wp-content\/uploads\/2024\/04\/qr-codes-dubai-solution-e-label-1-900x900.webp 900w, https:\/\/labellink.org\/wp-content\/uploads\/2024\/04\/qr-codes-dubai-solution-e-label-1-1200x1200.webp 1200w\" sizes=\"(max-width: 300px) 100vw, 300px\" \/><\/div><div class=\"ee-post__media__overlay ee-media__overlay\"><\/div><\/a><!-- .ee-post__media --><div class=\"ee-post__body ee-post__area\"><a href=\"https:\/\/labellink.org\/fr\/la-revolution-du-code-qr-dans-le-tourisme-a-dubai-un-apercu-de-lavenir-avec-labellink\/\" class=\"ee-post__title\">\n\t\t\t<h4 class=\"ee-post__title__heading\">La r\u00e9volution du code QR dans le tourisme \u00e0 Duba\u00ef : Un aper\u00e7u de l&#8217;avenir avec Labellink<\/h4>\n\t\t<\/a><\/div><!-- .ee-post__body --><\/article><!-- .ee-post --><\/div><!-- .ee-loop__item --><div class=\"ee-grid__item ee-loop__item\"><article class=\"ee-post post-1001126 post type-post status-publish format-standard has-post-thumbnail hentry category-etudes-de-cas\"><a class=\"ee-media ee-post__media\" href=\"https:\/\/labellink.org\/fr\/etude-de-cas-valoriser-lart-au-musee-du-louvre-grace-aux-etiquettes-electroniques\/\"><div class=\"ee-post__media__thumbnail ee-media__thumbnail\"><img loading=\"lazy\" decoding=\"async\" width=\"300\" height=\"300\" src=\"https:\/\/labellink.org\/wp-content\/uploads\/louvre-museum-qr-code-e-label-300x300.webp\" class=\"attachment-thumbnail size-thumbnail wp-image-1001829\" alt=\"\" srcset=\"https:\/\/labellink.org\/wp-content\/uploads\/louvre-museum-qr-code-e-label-300x300.webp 300w, https:\/\/labellink.org\/wp-content\/uploads\/louvre-museum-qr-code-e-label-700x700.webp 700w, https:\/\/labellink.org\/wp-content\/uploads\/louvre-museum-qr-code-e-label-900x900.webp 900w, https:\/\/labellink.org\/wp-content\/uploads\/louvre-museum-qr-code-e-label-1200x1200.webp 1200w\" sizes=\"(max-width: 300px) 100vw, 300px\" \/><\/div><div class=\"ee-post__media__overlay ee-media__overlay\"><\/div><\/a><!-- .ee-post__media --><div class=\"ee-post__body ee-post__area\"><a href=\"https:\/\/labellink.org\/fr\/etude-de-cas-valoriser-lart-au-musee-du-louvre-grace-aux-etiquettes-electroniques\/\" class=\"ee-post__title\">\n\t\t\t<h4 class=\"ee-post__title__heading\">\u00c9tude de cas : Valoriser l&#8217;art au mus\u00e9e du Louvre gr\u00e2ce aux \u00e9tiquettes \u00e9lectroniques<\/h4>\n\t\t<\/a><\/div><!-- .ee-post__body --><\/article><!-- .ee-post --><\/div><!-- .ee-loop__item --><div class=\"ee-grid__item ee-loop__item\"><article class=\"ee-post post-1001090 post type-post status-publish format-standard has-post-thumbnail hentry category-etudes-de-cas\"><a class=\"ee-media ee-post__media\" href=\"https:\/\/labellink.org\/fr\/etude-de-cas-linitiative-de-developpement-durable-de-target-avec-les-etiquettes-electroniques\/\"><div class=\"ee-post__media__thumbnail ee-media__thumbnail\"><img loading=\"lazy\" decoding=\"async\" width=\"300\" height=\"300\" src=\"https:\/\/labellink.org\/wp-content\/uploads\/2024\/03\/e-labels-case-study-target-300x300.webp\" class=\"attachment-thumbnail size-thumbnail wp-image-1000571\" alt=\"\" srcset=\"https:\/\/labellink.org\/wp-content\/uploads\/2024\/03\/e-labels-case-study-target-300x300.webp 300w, https:\/\/labellink.org\/wp-content\/uploads\/2024\/03\/e-labels-case-study-target-700x700.webp 700w, https:\/\/labellink.org\/wp-content\/uploads\/2024\/03\/e-labels-case-study-target-900x900.webp 900w, https:\/\/labellink.org\/wp-content\/uploads\/2024\/03\/e-labels-case-study-target-1200x1200.webp 1200w\" sizes=\"(max-width: 300px) 100vw, 300px\" \/><\/div><div class=\"ee-post__media__overlay ee-media__overlay\"><\/div><\/a><!-- .ee-post__media --><div class=\"ee-post__body ee-post__area\"><a href=\"https:\/\/labellink.org\/fr\/etude-de-cas-linitiative-de-developpement-durable-de-target-avec-les-etiquettes-electroniques\/\" class=\"ee-post__title\">\n\t\t\t<h4 class=\"ee-post__title__heading\">\u00c9tude de cas : L&#8217;initiative de d\u00e9veloppement durable de Target avec les \u00e9tiquettes \u00e9lectroniques<\/h4>\n\t\t<\/a><\/div><!-- .ee-post__body --><\/article><!-- .ee-post --><\/div><!-- .ee-loop__item --><\/div><!-- .ee-loop -->\t\t<\/div>\n\t\t\t\t<\/div>\n\t\t\t\t<\/div>\n\t\t\t\t\t<\/div>\n\t\t\t\t<\/div>\n\t\t\t\t<\/div>\n\t\t","protected":false},"excerpt":{"rendered":"<p>\u00c9tudes de cas D\u00e9couvrez des \u00e9tudes de cas sur les applications des e-\u00e9tiquettes et du DPP dans diff\u00e9rents secteurs d&#8217;activit\u00e9. Campagnes pour une ville \u00e9cologique : Amplifier les initiatives en faveur du d\u00e9veloppement durable gr\u00e2ce aux codes QR Engager les citoyens avec des visites de ville ludiques : Le pouvoir des chasses au tr\u00e9sor par [&hellip;]<\/p>\n","protected":false},"author":2,"featured_media":0,"parent":0,"menu_order":17,"comment_status":"closed","ping_status":"closed","template":"","meta":{"tpgb_global_settings":"","footnotes":""},"class_list":["post-1001127","page","type-page","status-publish","hentry"],"yoast_head":"<!-- This site is optimized with the Yoast SEO plugin v22.6 - https:\/\/yoast.com\/wordpress\/plugins\/seo\/ -->\n<title>\u00c9tudes de cas d&#039;\u00e9tiquettes \u00e9lectroniques - Labellink<\/title>\n<meta name=\"description\" content=\"\u00c9tudes de cas d&#039;\u00e9tiquetage \u00e9lectronique par Labellink : Plongez dans des exemples concrets illustrant l&#039;efficacit\u00e9 des solutions d&#039;\u00e9tiquetage \u00e9lectronique.\" \/>\n<meta name=\"robots\" content=\"index, follow, max-snippet:-1, max-image-preview:large, max-video-preview:-1\" \/>\n<link rel=\"canonical\" href=\"https:\/\/labellink.org\/fr\/etudes-de-cas-detiquettes-electroniques-labellink\/\" \/>\n<meta property=\"og:locale\" content=\"fr_FR\" \/>\n<meta property=\"og:type\" content=\"article\" \/>\n<meta property=\"og:title\" content=\"\u00c9tudes de cas d&#039;\u00e9tiquettes \u00e9lectroniques - Labellink\" \/>\n<meta property=\"og:description\" content=\"\u00c9tudes de cas d&#039;\u00e9tiquetage \u00e9lectronique par Labellink : Plongez dans des exemples concrets illustrant l&#039;efficacit\u00e9 des solutions d&#039;\u00e9tiquetage \u00e9lectronique.\" \/>\n<meta property=\"og:url\" content=\"https:\/\/labellink.org\/fr\/etudes-de-cas-detiquettes-electroniques-labellink\/\" \/>\n<meta property=\"og:site_name\" content=\"Labellink\" \/>\n<meta property=\"article:modified_time\" content=\"2024-09-26T10:01:00+00:00\" \/>\n<meta property=\"og:image\" content=\"https:\/\/labellink.org\/wp-content\/uploads\/qr-codes-city-government-Sustainability-300x300.webp\" \/>\n<meta name=\"twitter:card\" content=\"summary_large_image\" \/>\n<meta name=\"twitter:label1\" content=\"Dur\u00e9e de lecture estim\u00e9e\" \/>\n\t<meta name=\"twitter:data1\" content=\"3 minutes\" \/>\n<script type=\"application\/ld+json\" class=\"yoast-schema-graph\">{\"@context\":\"https:\/\/schema.org\",\"@graph\":[{\"@type\":\"WebPage\",\"@id\":\"https:\/\/labellink.org\/fr\/etudes-de-cas-detiquettes-electroniques-labellink\/\",\"url\":\"https:\/\/labellink.org\/fr\/etudes-de-cas-detiquettes-electroniques-labellink\/\",\"name\":\"\u00c9tudes de cas d'\u00e9tiquettes \u00e9lectroniques - Labellink\",\"isPartOf\":{\"@id\":\"https:\/\/labellink.org\/fr\/#website\"},\"primaryImageOfPage\":{\"@id\":\"https:\/\/labellink.org\/fr\/etudes-de-cas-detiquettes-electroniques-labellink\/#primaryimage\"},\"image\":{\"@id\":\"https:\/\/labellink.org\/fr\/etudes-de-cas-detiquettes-electroniques-labellink\/#primaryimage\"},\"thumbnailUrl\":\"https:\/\/labellink.org\/wp-content\/uploads\/qr-codes-city-government-Sustainability-300x300.webp\",\"datePublished\":\"2024-06-30T09:06:47+00:00\",\"dateModified\":\"2024-09-26T10:01:00+00:00\",\"description\":\"\u00c9tudes de cas d'\u00e9tiquetage \u00e9lectronique par Labellink : Plongez dans des exemples concrets illustrant l'efficacit\u00e9 des solutions d'\u00e9tiquetage \u00e9lectronique.\",\"breadcrumb\":{\"@id\":\"https:\/\/labellink.org\/fr\/etudes-de-cas-detiquettes-electroniques-labellink\/#breadcrumb\"},\"inLanguage\":\"fr-FR\",\"potentialAction\":[{\"@type\":\"ReadAction\",\"target\":[\"https:\/\/labellink.org\/fr\/etudes-de-cas-detiquettes-electroniques-labellink\/\"]}]},{\"@type\":\"ImageObject\",\"inLanguage\":\"fr-FR\",\"@id\":\"https:\/\/labellink.org\/fr\/etudes-de-cas-detiquettes-electroniques-labellink\/#primaryimage\",\"url\":\"https:\/\/labellink.org\/wp-content\/uploads\/qr-codes-city-government-Sustainability-300x300.webp\",\"contentUrl\":\"https:\/\/labellink.org\/wp-content\/uploads\/qr-codes-city-government-Sustainability-300x300.webp\"},{\"@type\":\"BreadcrumbList\",\"@id\":\"https:\/\/labellink.org\/fr\/etudes-de-cas-detiquettes-electroniques-labellink\/#breadcrumb\",\"itemListElement\":[{\"@type\":\"ListItem\",\"position\":1,\"name\":\"Home\",\"item\":\"https:\/\/labellink.org\/fr\/labellink-le-scan-de-code-qr-apprecie-de-tous\/\"},{\"@type\":\"ListItem\",\"position\":2,\"name\":\"\u00c9tudes de cas d&#8217;\u00e9tiquettes \u00e9lectroniques &#8211; Labellink\"}]},{\"@type\":\"WebSite\",\"@id\":\"https:\/\/labellink.org\/fr\/#website\",\"url\":\"https:\/\/labellink.org\/fr\/\",\"name\":\"Labellink\",\"description\":\"E-label software and services\",\"publisher\":{\"@id\":\"https:\/\/labellink.org\/fr\/#organization\"},\"potentialAction\":[{\"@type\":\"SearchAction\",\"target\":{\"@type\":\"EntryPoint\",\"urlTemplate\":\"https:\/\/labellink.org\/fr\/?s={search_term_string}\"},\"query-input\":\"required name=search_term_string\"}],\"inLanguage\":\"fr-FR\"},{\"@type\":\"Organization\",\"@id\":\"https:\/\/labellink.org\/fr\/#organization\",\"name\":\"Labellink\",\"url\":\"https:\/\/labellink.org\/fr\/\",\"logo\":{\"@type\":\"ImageObject\",\"inLanguage\":\"fr-FR\",\"@id\":\"https:\/\/labellink.org\/fr\/#\/schema\/logo\/image\/\",\"url\":\"https:\/\/labellink.org\/wp-content\/uploads\/2024\/01\/labellink-logo.png\",\"contentUrl\":\"https:\/\/labellink.org\/wp-content\/uploads\/2024\/01\/labellink-logo.png\",\"width\":900,\"height\":200,\"caption\":\"Labellink\"},\"image\":{\"@id\":\"https:\/\/labellink.org\/fr\/#\/schema\/logo\/image\/\"}}]}<\/script>\n<!-- \/ Yoast SEO plugin. -->","yoast_head_json":{"title":"\u00c9tudes de cas d'\u00e9tiquettes \u00e9lectroniques - Labellink","description":"\u00c9tudes de cas d'\u00e9tiquetage \u00e9lectronique par Labellink : Plongez dans des exemples concrets illustrant l'efficacit\u00e9 des solutions d'\u00e9tiquetage \u00e9lectronique.","robots":{"index":"index","follow":"follow","max-snippet":"max-snippet:-1","max-image-preview":"max-image-preview:large","max-video-preview":"max-video-preview:-1"},"canonical":"https:\/\/labellink.org\/fr\/etudes-de-cas-detiquettes-electroniques-labellink\/","og_locale":"fr_FR","og_type":"article","og_title":"\u00c9tudes de cas d'\u00e9tiquettes \u00e9lectroniques - Labellink","og_description":"\u00c9tudes de cas d'\u00e9tiquetage \u00e9lectronique par Labellink : Plongez dans des exemples concrets illustrant l'efficacit\u00e9 des solutions d'\u00e9tiquetage \u00e9lectronique.","og_url":"https:\/\/labellink.org\/fr\/etudes-de-cas-detiquettes-electroniques-labellink\/","og_site_name":"Labellink","article_modified_time":"2024-09-26T10:01:00+00:00","og_image":[{"url":"https:\/\/labellink.org\/wp-content\/uploads\/qr-codes-city-government-Sustainability-300x300.webp"}],"twitter_card":"summary_large_image","twitter_misc":{"Dur\u00e9e de lecture estim\u00e9e":"3 minutes"},"schema":{"@context":"https:\/\/schema.org","@graph":[{"@type":"WebPage","@id":"https:\/\/labellink.org\/fr\/etudes-de-cas-detiquettes-electroniques-labellink\/","url":"https:\/\/labellink.org\/fr\/etudes-de-cas-detiquettes-electroniques-labellink\/","name":"\u00c9tudes de cas d'\u00e9tiquettes \u00e9lectroniques - Labellink","isPartOf":{"@id":"https:\/\/labellink.org\/fr\/#website"},"primaryImageOfPage":{"@id":"https:\/\/labellink.org\/fr\/etudes-de-cas-detiquettes-electroniques-labellink\/#primaryimage"},"image":{"@id":"https:\/\/labellink.org\/fr\/etudes-de-cas-detiquettes-electroniques-labellink\/#primaryimage"},"thumbnailUrl":"https:\/\/labellink.org\/wp-content\/uploads\/qr-codes-city-government-Sustainability-300x300.webp","datePublished":"2024-06-30T09:06:47+00:00","dateModified":"2024-09-26T10:01:00+00:00","description":"\u00c9tudes de cas d'\u00e9tiquetage \u00e9lectronique par Labellink : Plongez dans des exemples concrets illustrant l'efficacit\u00e9 des solutions d'\u00e9tiquetage \u00e9lectronique.","breadcrumb":{"@id":"https:\/\/labellink.org\/fr\/etudes-de-cas-detiquettes-electroniques-labellink\/#breadcrumb"},"inLanguage":"fr-FR","potentialAction":[{"@type":"ReadAction","target":["https:\/\/labellink.org\/fr\/etudes-de-cas-detiquettes-electroniques-labellink\/"]}]},{"@type":"ImageObject","inLanguage":"fr-FR","@id":"https:\/\/labellink.org\/fr\/etudes-de-cas-detiquettes-electroniques-labellink\/#primaryimage","url":"https:\/\/labellink.org\/wp-content\/uploads\/qr-codes-city-government-Sustainability-300x300.webp","contentUrl":"https:\/\/labellink.org\/wp-content\/uploads\/qr-codes-city-government-Sustainability-300x300.webp"},{"@type":"BreadcrumbList","@id":"https:\/\/labellink.org\/fr\/etudes-de-cas-detiquettes-electroniques-labellink\/#breadcrumb","itemListElement":[{"@type":"ListItem","position":1,"name":"Home","item":"https:\/\/labellink.org\/fr\/labellink-le-scan-de-code-qr-apprecie-de-tous\/"},{"@type":"ListItem","position":2,"name":"\u00c9tudes de cas d&#8217;\u00e9tiquettes \u00e9lectroniques &#8211; Labellink"}]},{"@type":"WebSite","@id":"https:\/\/labellink.org\/fr\/#website","url":"https:\/\/labellink.org\/fr\/","name":"Labellink","description":"E-label software and services","publisher":{"@id":"https:\/\/labellink.org\/fr\/#organization"},"potentialAction":[{"@type":"SearchAction","target":{"@type":"EntryPoint","urlTemplate":"https:\/\/labellink.org\/fr\/?s={search_term_string}"},"query-input":"required name=search_term_string"}],"inLanguage":"fr-FR"},{"@type":"Organization","@id":"https:\/\/labellink.org\/fr\/#organization","name":"Labellink","url":"https:\/\/labellink.org\/fr\/","logo":{"@type":"ImageObject","inLanguage":"fr-FR","@id":"https:\/\/labellink.org\/fr\/#\/schema\/logo\/image\/","url":"https:\/\/labellink.org\/wp-content\/uploads\/2024\/01\/labellink-logo.png","contentUrl":"https:\/\/labellink.org\/wp-content\/uploads\/2024\/01\/labellink-logo.png","width":900,"height":200,"caption":"Labellink"},"image":{"@id":"https:\/\/labellink.org\/fr\/#\/schema\/logo\/image\/"}}]}},"tpgb_featured_images":null,"tpgb_post_meta_info":{"get_date":"30 juin 2024","author_name":"Boris Motusic","author_url":"https:\/\/labellink.org\/fr\/author\/boris\/","author_email":"boris@uexperts.com","author_website":"https:\/\/www.linkedin.com\/in\/boris-motusic\/","author_description":"Boris Motusic is the CEO of Labellink and United Experts, a seasoned Chief Solution Architect, consultant, author, and public speaker, with experience working on projects for global brands like Microsoft, BNP Paribas, ABB, Panasonic, and Best Western Hotels.\r\n\r\n<a href=\"https:\/\/www.linkedin.com\/in\/boris-motusic\/\">LinkedIn Profile<\/a>","author_facebook":"","author_twitter":"","author_instagram":"","author_role":["administrator"],"author_firstname":"Boris","author_lastname":"Motusic","user_login":"Boris","author_avatar":"<img alt='' src='https:\/\/secure.gravatar.com\/avatar\/4bc45f64520557e2f15934e8b7d33f6d57194206bc4d8bf9ec1b0bc3924ff129?s=200&#038;d=mm&#038;r=g' srcset='https:\/\/secure.gravatar.com\/avatar\/4bc45f64520557e2f15934e8b7d33f6d57194206bc4d8bf9ec1b0bc3924ff129?s=400&#038;d=mm&#038;r=g 2x' class='avatar avatar-200 photo' height='200' width='200' decoding='async'\/>","author_avatar_url":"https:\/\/secure.gravatar.com\/avatar\/4bc45f64520557e2f15934e8b7d33f6d57194206bc4d8bf9ec1b0bc3924ff129?s=96&d=mm&r=g","comment_count":0,"post_likes":0,"post_views":0},"tpgb_post_category":[],"_links":{"self":[{"href":"https:\/\/labellink.org\/fr\/wp-json\/wp\/v2\/pages\/1001127","targetHints":{"allow":["GET"]}}],"collection":[{"href":"https:\/\/labellink.org\/fr\/wp-json\/wp\/v2\/pages"}],"about":[{"href":"https:\/\/labellink.org\/fr\/wp-json\/wp\/v2\/types\/page"}],"author":[{"embeddable":true,"href":"https:\/\/labellink.org\/fr\/wp-json\/wp\/v2\/users\/2"}],"replies":[{"embeddable":true,"href":"https:\/\/labellink.org\/fr\/wp-json\/wp\/v2\/comments?post=1001127"}],"version-history":[{"count":10,"href":"https:\/\/labellink.org\/fr\/wp-json\/wp\/v2\/pages\/1001127\/revisions"}],"predecessor-version":[{"id":1005715,"href":"https:\/\/labellink.org\/fr\/wp-json\/wp\/v2\/pages\/1001127\/revisions\/1005715"}],"wp:attachment":[{"href":"https:\/\/labellink.org\/fr\/wp-json\/wp\/v2\/media?parent=1001127"}],"curies":[{"name":"wp","href":"https:\/\/api.w.org\/{rel}","templated":true}]}}