{"id":1001110,"date":"2024-06-30T12:18:23","date_gmt":"2024-06-30T11:18:23","guid":{"rendered":"https:\/\/labellink.org\/notes-de-mise-a-jour-sur-letiquette-electronique-labellink\/"},"modified":"2024-05-16T12:30:14","modified_gmt":"2024-05-16T11:30:14","slug":"notes-de-mise-a-jour-sur-letiquette-electronique-labellink","status":"publish","type":"page","link":"https:\/\/labellink.org\/fr\/notes-de-mise-a-jour-sur-letiquette-electronique-labellink\/","title":{"rendered":"Notes de mise \u00e0 jour sur l&#8217;\u00e9tiquette \u00e9lectronique &#8211; Labellink"},"content":{"rendered":"\t\t<div data-elementor-type=\"wp-page\" data-elementor-id=\"1001110\" class=\"elementor elementor-1001110 elementor-996868\" data-elementor-post-type=\"page\">\n\t\t\t\t<div data-particle_enable=\"false\" data-particle-mobile-disabled=\"false\" class=\"elementor-element elementor-element-adf5fc8 e-flex e-con-boxed e-con e-parent\" data-id=\"adf5fc8\" data-element_type=\"container\" data-settings=\"{&quot;background_background&quot;:&quot;classic&quot;,&quot;jet_parallax_layout_list&quot;:[]}\">\n\t\t\t\t\t<div class=\"e-con-inner\">\n\t\t<div data-particle_enable=\"false\" data-particle-mobile-disabled=\"false\" class=\"elementor-element elementor-element-b21aaee e-con-full e-flex e-con e-child\" data-id=\"b21aaee\" data-element_type=\"container\" data-settings=\"{&quot;jet_parallax_layout_list&quot;:[]}\">\n\t\t\t\t<div class=\"elementor-element elementor-element-465b4f9 elementor-widget__width-initial elementor-widget elementor-widget-heading\" data-id=\"465b4f9\" data-element_type=\"widget\" data-widget_type=\"heading.default\">\n\t\t\t\t<div class=\"elementor-widget-container\">\n\t\t\t<h1 class=\"elementor-heading-title elementor-size-default\">Labellink<br>Notes de mise \u00e0 jour<\/h1>\t\t<\/div>\n\t\t\t\t<\/div>\n\t\t\t\t<div class=\"elementor-element elementor-element-1b0a2a6 elementor-widget elementor-widget-text-editor\" data-id=\"1b0a2a6\" data-element_type=\"widget\" data-widget_type=\"text-editor.default\">\n\t\t\t\t<div class=\"elementor-widget-container\">\n\t\t\t\t\t\t\t<div class=\"flex flex-grow flex-col max-w-full\">\n<div class=\"min-h-[20px] text-message flex flex-col items-start gap-3 whitespace-pre-wrap break-words [.text-message+&amp;]:mt-5 overflow-x-auto\" dir=\"auto\" data-message-author-role=\"assistant\" data-message-id=\"065c90ff-76f6-4e6e-a257-ed7690e08f9d\">\n<div class=\"markdown prose w-full break-words dark:prose-invert light\">\n<p>NOTE : Les notes de mise \u00e0 jour de Labellink fournies ici ne comprennent que les notes publi\u00e9es <strong>apr\u00e8s le 24 mars 2024<\/strong>.<\/p>\n<\/div>\n<\/div>\n<\/div>\n\t\t\t\t\t\t<\/div>\n\t\t\t\t<\/div>\n\t\t\t\t<div class=\"elementor-element elementor-element-9a118c8 ee-grid-columns-1 ee-filters-align-left ee-grid-columns-tablet-1 ee-grid-columns-mobile-1 ee-grid-align--stretch ee-grid-halign--left ee-posts-avatar-position-left elementor-widget elementor-widget-posts-extra\" data-id=\"9a118c8\" data-element_type=\"widget\" data-settings=\"{&quot;columns&quot;:&quot;1&quot;,&quot;classic_filters&quot;:&quot;yes&quot;,&quot;columns_tablet&quot;:&quot;1&quot;,&quot;classic_grid_columns_spacing_mobile&quot;:{&quot;unit&quot;:&quot;px&quot;,&quot;size&quot;:12,&quot;sizes&quot;:[]},&quot;columns_mobile&quot;:&quot;1&quot;,&quot;classic_grid_columns_spacing&quot;:{&quot;unit&quot;:&quot;px&quot;,&quot;size&quot;:24,&quot;sizes&quot;:[]},&quot;classic_grid_columns_spacing_tablet&quot;:{&quot;unit&quot;:&quot;px&quot;,&quot;size&quot;:12,&quot;sizes&quot;:[]}}\" data-widget_type=\"posts-extra.classic\">\n\t\t\t\t<div class=\"elementor-widget-container\">\n\t\t\t<ul class=\"ee-filters ee-filters--post_tag\">\n\n\t\t\t\t\t\t<li class=\"ee-filters__item o-nav__item\"><a data-filter=\"*\" class=\"ee--active\">\n\t\t\t\tTous\t\t\t<\/a><\/li>\n\t\t\t\n\t\t\t<li class=\"ee-filters__item o-nav__item ee-term ee-term--nouvelles-structures\">\n\t\t\t\t\t<a data-filter=\".ee-filter-117\" class=\"ee-term__link\">\n\t\t\t\t\t\tNouvelles structures\t\t\t\t\t\t\t\t\t\t\t<\/a>\n\t\t\t\t<\/li>\n\t\t\t\t\t<\/ul><div class=\"ee-grid ee-loop ee-grid--default\"><div class=\"ee-grid__item--sizer\"><\/div><div class=\"ee-grid__item ee-loop__item ee-filter-117\"><article class=\"ee-post post-1001009 post type-post status-publish format-standard hentry category-notes-de-mise-a-jour-de-labellink tag-nouvelles-structures\"><div class=\"ee-post__body ee-post__area\"><a href=\"https:\/\/labellink.org\/fr\/nouvelle-fonctionnalite-codes-qr-avec-nouveaux-formats-de-telechargement\/\" class=\"ee-post__title\">\n\t\t\t<h4 class=\"ee-post__title__heading\">Nouvelle fonctionnalit\u00e9 : Codes QR avec nouveaux formats de t\u00e9l\u00e9chargement<\/h4>\n\t\t<\/a><\/div><!-- .ee-post__body --><div class=\"ee-post__footer ee-post__area\"><div class=\"ee-post__metas ee-post__metas--has-metas\"><ul class=\"ee-post__metas__list display--\"><li class=\"ee-post__meta ee-post__meta--date ee-post__metas__date\"> avril 12, 2024<span class=\"ee-post__meta__separator\">\u00b7<\/span><\/li><\/ul><\/div><\/div><!-- .ee-post__footer --><\/article><!-- .ee-post --><\/div><!-- .ee-loop__item --><div class=\"ee-grid__item ee-loop__item ee-filter-117\"><article class=\"ee-post post-1001105 post type-post status-publish format-standard hentry category-notes-de-mise-a-jour-de-labellink tag-nouvelles-structures\"><div class=\"ee-post__body ee-post__area\"><a href=\"https:\/\/labellink.org\/fr\/nouvelle-fonctionnalite-rapport-sur-les-problemes\/\" class=\"ee-post__title\">\n\t\t\t<h4 class=\"ee-post__title__heading\">Nouvelle fonctionnalit\u00e9 : Rapport sur les probl\u00e8mes<\/h4>\n\t\t<\/a><\/div><!-- .ee-post__body --><div class=\"ee-post__footer ee-post__area\"><div class=\"ee-post__metas ee-post__metas--has-metas\"><ul class=\"ee-post__metas__list display--\"><li class=\"ee-post__meta ee-post__meta--date ee-post__metas__date\"> avril 2, 2024<span class=\"ee-post__meta__separator\">\u00b7<\/span><\/li><\/ul><\/div><\/div><!-- .ee-post__footer --><\/article><!-- .ee-post --><\/div><!-- .ee-loop__item --><\/div><!-- .ee-loop -->\t\t<\/div>\n\t\t\t\t<\/div>\n\t\t\t\t<\/div>\n\t\t\t\t\t<\/div>\n\t\t\t\t<\/div>\n\t\t\t\t<\/div>\n\t\t","protected":false},"excerpt":{"rendered":"<p>LabellinkNotes de mise \u00e0 jour NOTE : Les notes de mise \u00e0 jour de Labellink fournies ici ne comprennent que les notes publi\u00e9es apr\u00e8s le 24 mars 2024. Tous Nouvelles structures Nouvelle fonctionnalit\u00e9 : Codes QR avec nouveaux formats de t\u00e9l\u00e9chargement April 12, 2024\u00b7 Nouvelle fonctionnalit\u00e9 : Rapport sur les probl\u00e8mes April 2, 2024\u00b7<\/p>\n","protected":false},"author":2,"featured_media":0,"parent":0,"menu_order":20,"comment_status":"closed","ping_status":"closed","template":"","meta":{"tpgb_global_settings":"","footnotes":""},"class_list":["post-1001110","page","type-page","status-publish","hentry"],"yoast_head":"<!-- This site is optimized with the Yoast SEO plugin v22.6 - https:\/\/yoast.com\/wordpress\/plugins\/seo\/ -->\n<title>Notes de mise \u00e0 jour sur l&#039;\u00e9tiquette \u00e9lectronique - Labellink<\/title>\n<meta name=\"description\" content=\"Restez inform\u00e9 gr\u00e2ce aux notes de mise \u00e0 jour de Labellink, votre ressource de r\u00e9f\u00e9rence pour les derni\u00e8res fonctionnalit\u00e9s et am\u00e9liorations. D\u00e9couvrez les nouveaut\u00e9s, les am\u00e9liorations et les optimisations de notre plateforme d&#039;\u00e9tiquetage \u00e9lectronique pour maximiser l&#039;efficacit\u00e9 et garder une longueur d&#039;avance dans vos efforts d&#039;\u00e9tiquetage.\" \/>\n<meta name=\"robots\" content=\"index, follow, max-snippet:-1, max-image-preview:large, max-video-preview:-1\" \/>\n<link rel=\"canonical\" href=\"https:\/\/labellink.org\/fr\/notes-de-mise-a-jour-sur-letiquette-electronique-labellink\/\" \/>\n<meta property=\"og:locale\" content=\"fr_FR\" \/>\n<meta property=\"og:type\" content=\"article\" \/>\n<meta property=\"og:title\" content=\"Notes de mise \u00e0 jour sur l&#039;\u00e9tiquette \u00e9lectronique - Labellink\" \/>\n<meta property=\"og:description\" content=\"Restez inform\u00e9 gr\u00e2ce aux notes de mise \u00e0 jour de Labellink, votre ressource de r\u00e9f\u00e9rence pour les derni\u00e8res fonctionnalit\u00e9s et am\u00e9liorations. D\u00e9couvrez les nouveaut\u00e9s, les am\u00e9liorations et les optimisations de notre plateforme d&#039;\u00e9tiquetage \u00e9lectronique pour maximiser l&#039;efficacit\u00e9 et garder une longueur d&#039;avance dans vos efforts d&#039;\u00e9tiquetage.\" \/>\n<meta property=\"og:url\" content=\"https:\/\/labellink.org\/fr\/notes-de-mise-a-jour-sur-letiquette-electronique-labellink\/\" \/>\n<meta property=\"og:site_name\" content=\"Labellink\" \/>\n<meta property=\"article:modified_time\" content=\"2024-05-16T11:30:14+00:00\" \/>\n<meta property=\"og:image\" content=\"https:\/\/labellink.org\/wp-content\/uploads\/labellink.png\" \/>\n\t<meta property=\"og:image:width\" content=\"1200\" \/>\n\t<meta property=\"og:image:height\" content=\"675\" \/>\n\t<meta property=\"og:image:type\" content=\"image\/png\" \/>\n<meta name=\"twitter:card\" content=\"summary_large_image\" \/>\n<meta name=\"twitter:label1\" content=\"Dur\u00e9e de lecture estim\u00e9e\" \/>\n\t<meta name=\"twitter:data1\" content=\"1 minute\" \/>\n<script type=\"application\/ld+json\" class=\"yoast-schema-graph\">{\"@context\":\"https:\/\/schema.org\",\"@graph\":[{\"@type\":\"WebPage\",\"@id\":\"https:\/\/labellink.org\/fr\/notes-de-mise-a-jour-sur-letiquette-electronique-labellink\/\",\"url\":\"https:\/\/labellink.org\/fr\/notes-de-mise-a-jour-sur-letiquette-electronique-labellink\/\",\"name\":\"Notes de mise \u00e0 jour sur l'\u00e9tiquette \u00e9lectronique - Labellink\",\"isPartOf\":{\"@id\":\"https:\/\/labellink.org\/fr\/#website\"},\"datePublished\":\"2024-06-30T11:18:23+00:00\",\"dateModified\":\"2024-05-16T11:30:14+00:00\",\"description\":\"Restez inform\u00e9 gr\u00e2ce aux notes de mise \u00e0 jour de Labellink, votre ressource de r\u00e9f\u00e9rence pour les derni\u00e8res fonctionnalit\u00e9s et am\u00e9liorations. D\u00e9couvrez les nouveaut\u00e9s, les am\u00e9liorations et les optimisations de notre plateforme d'\u00e9tiquetage \u00e9lectronique pour maximiser l'efficacit\u00e9 et garder une longueur d'avance dans vos efforts d'\u00e9tiquetage.\",\"breadcrumb\":{\"@id\":\"https:\/\/labellink.org\/fr\/notes-de-mise-a-jour-sur-letiquette-electronique-labellink\/#breadcrumb\"},\"inLanguage\":\"fr-FR\",\"potentialAction\":[{\"@type\":\"ReadAction\",\"target\":[\"https:\/\/labellink.org\/fr\/notes-de-mise-a-jour-sur-letiquette-electronique-labellink\/\"]}]},{\"@type\":\"BreadcrumbList\",\"@id\":\"https:\/\/labellink.org\/fr\/notes-de-mise-a-jour-sur-letiquette-electronique-labellink\/#breadcrumb\",\"itemListElement\":[{\"@type\":\"ListItem\",\"position\":1,\"name\":\"Home\",\"item\":\"https:\/\/labellink.org\/fr\/labellink-le-scan-de-code-qr-apprecie-de-tous\/\"},{\"@type\":\"ListItem\",\"position\":2,\"name\":\"Notes de mise \u00e0 jour sur l&#8217;\u00e9tiquette \u00e9lectronique &#8211; Labellink\"}]},{\"@type\":\"WebSite\",\"@id\":\"https:\/\/labellink.org\/fr\/#website\",\"url\":\"https:\/\/labellink.org\/fr\/\",\"name\":\"Labellink\",\"description\":\"E-label software and services\",\"publisher\":{\"@id\":\"https:\/\/labellink.org\/fr\/#organization\"},\"potentialAction\":[{\"@type\":\"SearchAction\",\"target\":{\"@type\":\"EntryPoint\",\"urlTemplate\":\"https:\/\/labellink.org\/fr\/?s={search_term_string}\"},\"query-input\":\"required name=search_term_string\"}],\"inLanguage\":\"fr-FR\"},{\"@type\":\"Organization\",\"@id\":\"https:\/\/labellink.org\/fr\/#organization\",\"name\":\"Labellink\",\"url\":\"https:\/\/labellink.org\/fr\/\",\"logo\":{\"@type\":\"ImageObject\",\"inLanguage\":\"fr-FR\",\"@id\":\"https:\/\/labellink.org\/fr\/#\/schema\/logo\/image\/\",\"url\":\"https:\/\/labellink.org\/wp-content\/uploads\/2024\/01\/labellink-logo.png\",\"contentUrl\":\"https:\/\/labellink.org\/wp-content\/uploads\/2024\/01\/labellink-logo.png\",\"width\":900,\"height\":200,\"caption\":\"Labellink\"},\"image\":{\"@id\":\"https:\/\/labellink.org\/fr\/#\/schema\/logo\/image\/\"}}]}<\/script>\n<!-- \/ Yoast SEO plugin. -->","yoast_head_json":{"title":"Notes de mise \u00e0 jour sur l'\u00e9tiquette \u00e9lectronique - Labellink","description":"Restez inform\u00e9 gr\u00e2ce aux notes de mise \u00e0 jour de Labellink, votre ressource de r\u00e9f\u00e9rence pour les derni\u00e8res fonctionnalit\u00e9s et am\u00e9liorations. D\u00e9couvrez les nouveaut\u00e9s, les am\u00e9liorations et les optimisations de notre plateforme d'\u00e9tiquetage \u00e9lectronique pour maximiser l'efficacit\u00e9 et garder une longueur d'avance dans vos efforts d'\u00e9tiquetage.","robots":{"index":"index","follow":"follow","max-snippet":"max-snippet:-1","max-image-preview":"max-image-preview:large","max-video-preview":"max-video-preview:-1"},"canonical":"https:\/\/labellink.org\/fr\/notes-de-mise-a-jour-sur-letiquette-electronique-labellink\/","og_locale":"fr_FR","og_type":"article","og_title":"Notes de mise \u00e0 jour sur l'\u00e9tiquette \u00e9lectronique - Labellink","og_description":"Restez inform\u00e9 gr\u00e2ce aux notes de mise \u00e0 jour de Labellink, votre ressource de r\u00e9f\u00e9rence pour les derni\u00e8res fonctionnalit\u00e9s et am\u00e9liorations. D\u00e9couvrez les nouveaut\u00e9s, les am\u00e9liorations et les optimisations de notre plateforme d'\u00e9tiquetage \u00e9lectronique pour maximiser l'efficacit\u00e9 et garder une longueur d'avance dans vos efforts d'\u00e9tiquetage.","og_url":"https:\/\/labellink.org\/fr\/notes-de-mise-a-jour-sur-letiquette-electronique-labellink\/","og_site_name":"Labellink","article_modified_time":"2024-05-16T11:30:14+00:00","og_image":[{"width":1200,"height":675,"url":"https:\/\/labellink.org\/wp-content\/uploads\/labellink.png","type":"image\/png"}],"twitter_card":"summary_large_image","twitter_misc":{"Dur\u00e9e de lecture estim\u00e9e":"1 minute"},"schema":{"@context":"https:\/\/schema.org","@graph":[{"@type":"WebPage","@id":"https:\/\/labellink.org\/fr\/notes-de-mise-a-jour-sur-letiquette-electronique-labellink\/","url":"https:\/\/labellink.org\/fr\/notes-de-mise-a-jour-sur-letiquette-electronique-labellink\/","name":"Notes de mise \u00e0 jour sur l'\u00e9tiquette \u00e9lectronique - Labellink","isPartOf":{"@id":"https:\/\/labellink.org\/fr\/#website"},"datePublished":"2024-06-30T11:18:23+00:00","dateModified":"2024-05-16T11:30:14+00:00","description":"Restez inform\u00e9 gr\u00e2ce aux notes de mise \u00e0 jour de Labellink, votre ressource de r\u00e9f\u00e9rence pour les derni\u00e8res fonctionnalit\u00e9s et am\u00e9liorations. D\u00e9couvrez les nouveaut\u00e9s, les am\u00e9liorations et les optimisations de notre plateforme d'\u00e9tiquetage \u00e9lectronique pour maximiser l'efficacit\u00e9 et garder une longueur d'avance dans vos efforts d'\u00e9tiquetage.","breadcrumb":{"@id":"https:\/\/labellink.org\/fr\/notes-de-mise-a-jour-sur-letiquette-electronique-labellink\/#breadcrumb"},"inLanguage":"fr-FR","potentialAction":[{"@type":"ReadAction","target":["https:\/\/labellink.org\/fr\/notes-de-mise-a-jour-sur-letiquette-electronique-labellink\/"]}]},{"@type":"BreadcrumbList","@id":"https:\/\/labellink.org\/fr\/notes-de-mise-a-jour-sur-letiquette-electronique-labellink\/#breadcrumb","itemListElement":[{"@type":"ListItem","position":1,"name":"Home","item":"https:\/\/labellink.org\/fr\/labellink-le-scan-de-code-qr-apprecie-de-tous\/"},{"@type":"ListItem","position":2,"name":"Notes de mise \u00e0 jour sur l&#8217;\u00e9tiquette \u00e9lectronique &#8211; Labellink"}]},{"@type":"WebSite","@id":"https:\/\/labellink.org\/fr\/#website","url":"https:\/\/labellink.org\/fr\/","name":"Labellink","description":"E-label software and services","publisher":{"@id":"https:\/\/labellink.org\/fr\/#organization"},"potentialAction":[{"@type":"SearchAction","target":{"@type":"EntryPoint","urlTemplate":"https:\/\/labellink.org\/fr\/?s={search_term_string}"},"query-input":"required name=search_term_string"}],"inLanguage":"fr-FR"},{"@type":"Organization","@id":"https:\/\/labellink.org\/fr\/#organization","name":"Labellink","url":"https:\/\/labellink.org\/fr\/","logo":{"@type":"ImageObject","inLanguage":"fr-FR","@id":"https:\/\/labellink.org\/fr\/#\/schema\/logo\/image\/","url":"https:\/\/labellink.org\/wp-content\/uploads\/2024\/01\/labellink-logo.png","contentUrl":"https:\/\/labellink.org\/wp-content\/uploads\/2024\/01\/labellink-logo.png","width":900,"height":200,"caption":"Labellink"},"image":{"@id":"https:\/\/labellink.org\/fr\/#\/schema\/logo\/image\/"}}]}},"tpgb_featured_images":null,"tpgb_post_meta_info":{"get_date":"30 juin 2024","author_name":"Boris Motusic","author_url":"https:\/\/labellink.org\/fr\/author\/boris\/","author_email":"boris@uexperts.com","author_website":"https:\/\/www.linkedin.com\/in\/boris-motusic\/","author_description":"Boris Motusic is the CEO of Labellink and United Experts, a seasoned Chief Solution Architect, consultant, author, and public speaker, with experience working on projects for global brands like Microsoft, BNP Paribas, ABB, Panasonic, and Best Western Hotels.\r\n\r\n<a href=\"https:\/\/www.linkedin.com\/in\/boris-motusic\/\">LinkedIn Profile<\/a>","author_facebook":"","author_twitter":"","author_instagram":"","author_role":["administrator"],"author_firstname":"Boris","author_lastname":"Motusic","user_login":"Boris","author_avatar":"<img alt='' src='https:\/\/secure.gravatar.com\/avatar\/4bc45f64520557e2f15934e8b7d33f6d57194206bc4d8bf9ec1b0bc3924ff129?s=200&#038;d=mm&#038;r=g' srcset='https:\/\/secure.gravatar.com\/avatar\/4bc45f64520557e2f15934e8b7d33f6d57194206bc4d8bf9ec1b0bc3924ff129?s=400&#038;d=mm&#038;r=g 2x' class='avatar avatar-200 photo' height='200' width='200' decoding='async'\/>","author_avatar_url":"https:\/\/secure.gravatar.com\/avatar\/4bc45f64520557e2f15934e8b7d33f6d57194206bc4d8bf9ec1b0bc3924ff129?s=96&d=mm&r=g","comment_count":0,"post_likes":0,"post_views":0},"tpgb_post_category":[],"_links":{"self":[{"href":"https:\/\/labellink.org\/fr\/wp-json\/wp\/v2\/pages\/1001110","targetHints":{"allow":["GET"]}}],"collection":[{"href":"https:\/\/labellink.org\/fr\/wp-json\/wp\/v2\/pages"}],"about":[{"href":"https:\/\/labellink.org\/fr\/wp-json\/wp\/v2\/types\/page"}],"author":[{"embeddable":true,"href":"https:\/\/labellink.org\/fr\/wp-json\/wp\/v2\/users\/2"}],"replies":[{"embeddable":true,"href":"https:\/\/labellink.org\/fr\/wp-json\/wp\/v2\/comments?post=1001110"}],"version-history":[{"count":4,"href":"https:\/\/labellink.org\/fr\/wp-json\/wp\/v2\/pages\/1001110\/revisions"}],"predecessor-version":[{"id":1002907,"href":"https:\/\/labellink.org\/fr\/wp-json\/wp\/v2\/pages\/1001110\/revisions\/1002907"}],"wp:attachment":[{"href":"https:\/\/labellink.org\/fr\/wp-json\/wp\/v2\/media?parent=1001110"}],"curies":[{"name":"wp","href":"https:\/\/api.w.org\/{rel}","templated":true}]}}