{"id":1001016,"date":"2024-04-12T11:05:56","date_gmt":"2024-04-12T10:05:56","guid":{"rendered":"https:\/\/labellink.org\/politique-de-confidentialite\/"},"modified":"2024-05-06T12:47:21","modified_gmt":"2024-05-06T11:47:21","slug":"politique-de-confidentialite","status":"publish","type":"page","link":"https:\/\/labellink.org\/fr\/politique-de-confidentialite\/","title":{"rendered":"Politique de confidentialit\u00e9"},"content":{"rendered":"\t\t<div data-elementor-type=\"wp-page\" data-elementor-id=\"1001016\" class=\"elementor elementor-1001016 elementor-998138\" data-elementor-post-type=\"page\">\n\t\t\t\t<div data-particle_enable=\"false\" data-particle-mobile-disabled=\"false\" class=\"elementor-element elementor-element-791a36c e-flex e-con-boxed e-con e-parent\" data-id=\"791a36c\" data-element_type=\"container\" data-settings=\"{&quot;jet_parallax_layout_list&quot;:[]}\">\n\t\t\t\t\t<div class=\"e-con-inner\">\n\t\t\t\t<div class=\"elementor-element elementor-element-3b0525b elementor-widget__width-initial elementor-widget elementor-widget-heading\" data-id=\"3b0525b\" data-element_type=\"widget\" data-widget_type=\"heading.default\">\n\t\t\t\t<div class=\"elementor-widget-container\">\n\t\t\t<h1 class=\"elementor-heading-title elementor-size-default\">Politique de confidentialit\u00e9<\/h1>\t\t<\/div>\n\t\t\t\t<\/div>\n\t\t\t\t<div class=\"elementor-element elementor-element-20ded9e elementor-widget elementor-widget-text-editor\" data-id=\"20ded9e\" data-element_type=\"widget\" data-widget_type=\"text-editor.default\">\n\t\t\t\t<div class=\"elementor-widget-container\">\n\t\t\t\t\t\t\t<p><strong>Derni\u00e8re mise \u00e0 jour :<\/strong> 12 avril 2024<\/p>\n<p>Bienvenue sur le site labellink.org, d\u00e9tenu et exploit\u00e9 par UE Labellink Ltd. (&#8220;nous&#8221;, &#8220;notre&#8221; ou &#8220;nos&#8221;). Nous accordons une importance primordiale \u00e0 la protection de votre vie priv\u00e9e. Ce document sur la politique de confidentialit\u00e9 contient les types d&#8217;informations qui sont collect\u00e9es et enregistr\u00e9es par labellink.org et la mani\u00e8re dont nous les utilisons.<\/p>\n<p>Si vous avez des questions suppl\u00e9mentaires ou si vous souhaitez obtenir plus d&#8217;informations sur notre politique de protection de la vie priv\u00e9e, n&#8217;h\u00e9sitez pas \u00e0 nous contacter.<\/p>\n<h4> <\/h4>\n<h4>Collecte d&#8217;informations<\/h4>\n<p>Nous recueillons plusieurs types d&#8217;informations \u00e0 des fins diverses afin de vous fournir et d&#8217;am\u00e9liorer nos services. Ces informations peuvent inclure, mais ne sont pas limit\u00e9es \u00e0 :<\/p>\n<ul>\n<li>\n<p><strong>Donn\u00e9es personnelles<\/strong>: Lorsque vous utilisez notre site web, nous pouvons vous demander de nous fournir certaines informations personnellement identifiables qui peuvent \u00eatre utilis\u00e9es pour vous contacter ou vous identifier (&#8220;donn\u00e9es personnelles&#8221;). Il peut s&#8217;agir, entre autres, de l&#8217;adresse \u00e9lectronique, du pr\u00e9nom et du nom de famille, du num\u00e9ro de t\u00e9l\u00e9phone, des cookies et des donn\u00e9es d&#8217;utilisation.<\/p>\n<\/li>\n<li>\n<p><strong>Donn\u00e9es d&#8217;utilisation<\/strong>: Nous pouvons \u00e9galement collecter des informations sur la mani\u00e8re dont le site web est consult\u00e9 et utilis\u00e9 (&#8220;donn\u00e9es d&#8217;utilisation&#8221;). Ces donn\u00e9es d&#8217;utilisation peuvent inclure des informations telles que l&#8217;adresse IP de votre ordinateur, le type et la version de votre navigateur, les pages de notre site web que vous visitez, l&#8217;heure et la date de votre visite, le temps pass\u00e9 sur ces pages, les identifiants uniques de votre appareil et d&#8217;autres donn\u00e9es de diagnostic.<\/p>\n<\/li>\n<\/ul>\n<h4> <\/h4>\n<h4>Utilisation des donn\u00e9es<\/h4>\n<p>UE Labellink Ltd. utilise les donn\u00e9es collect\u00e9es \u00e0 diverses fins, notamment :<\/p>\n<ul>\n<li>Fournir et maintenir notre site web<\/li>\n<li>Pour vous informer des modifications apport\u00e9es \u00e0 notre site web<\/li>\n<li>pour vous permettre de participer aux fonctions interactives de notre site web lorsque vous le souhaitez<\/li>\n<li>Fournir une assistance \u00e0 la client\u00e8le<\/li>\n<li>Recueillir des analyses ou des informations pr\u00e9cieuses afin d&#8217;am\u00e9liorer notre site web.<\/li>\n<li>Contr\u00f4ler l&#8217;utilisation de notre site web<\/li>\n<li>D\u00e9tecter, pr\u00e9venir et traiter les probl\u00e8mes techniques<\/li>\n<li>Pour vous fournir des nouvelles, des offres sp\u00e9ciales et des informations g\u00e9n\u00e9rales sur d&#8217;autres biens, services et \u00e9v\u00e9nements que nous proposons.<\/li>\n<\/ul>\n<h4> <\/h4>\n<h4>S\u00e9curit\u00e9 des donn\u00e9es<\/h4>\n<p>La s\u00e9curit\u00e9 de vos donn\u00e9es est importante pour nous, mais n&#8217;oubliez pas qu&#8217;aucune m\u00e9thode de transmission sur Internet ne peut \u00eatre utilis\u00e9e.<\/p>\n\t\t\t\t\t\t<\/div>\n\t\t\t\t<\/div>\n\t\t\t\t\t<\/div>\n\t\t\t\t<\/div>\n\t\t<div data-particle_enable=\"false\" data-particle-mobile-disabled=\"false\" class=\"elementor-element elementor-element-0bd8d02 e-flex e-con-boxed e-con e-parent\" data-id=\"0bd8d02\" data-element_type=\"container\" data-settings=\"{&quot;jet_parallax_layout_list&quot;:[],&quot;background_background&quot;:&quot;gradient&quot;}\">\n\t\t\t\t\t<div class=\"e-con-inner\">\n\t\t\t\t<div class=\"elementor-element elementor-element-9f800ba elementor-widget__width-initial elementor-widget elementor-widget-heading\" data-id=\"9f800ba\" data-element_type=\"widget\" data-widget_type=\"heading.default\">\n\t\t\t\t<div class=\"elementor-widget-container\">\n\t\t\t<h1 class=\"elementor-heading-title elementor-size-default\">Politique de cookies de Labellink<\/h1>\t\t<\/div>\n\t\t\t\t<\/div>\n\t\t\t\t<div class=\"elementor-element elementor-element-7dd8c6b elementor-widget elementor-widget-text-editor\" data-id=\"7dd8c6b\" data-element_type=\"widget\" data-widget_type=\"text-editor.default\">\n\t\t\t\t<div class=\"elementor-widget-container\">\n\t\t\t\t\t\t\t<p>Labellink <strong>n&#8217;utilise pas de cookies<\/strong> ni de technologies de suivi similaires pour collecter des informations personnelles aupr\u00e8s des utilisateurs de son site web.<\/p>\n\t\t\t\t\t\t<\/div>\n\t\t\t\t<\/div>\n\t\t\t\t\t<\/div>\n\t\t\t\t<\/div>\n\t\t\t\t<\/div>\n\t\t","protected":false},"excerpt":{"rendered":"<p>Politique de confidentialit\u00e9 Derni\u00e8re mise \u00e0 jour : 12 avril 2024 Bienvenue sur le site labellink.org, d\u00e9tenu et exploit\u00e9 par UE Labellink Ltd. (&#8220;nous&#8221;, &#8220;notre&#8221; ou &#8220;nos&#8221;). Nous accordons une importance primordiale \u00e0 la protection de votre vie priv\u00e9e. Ce document sur la politique de confidentialit\u00e9 contient les types d&#8217;informations qui sont collect\u00e9es et enregistr\u00e9es [&hellip;]<\/p>\n","protected":false},"author":2,"featured_media":0,"parent":0,"menu_order":28,"comment_status":"closed","ping_status":"closed","template":"","meta":{"tpgb_global_settings":"","footnotes":""},"class_list":["post-1001016","page","type-page","status-publish","hentry"],"yoast_head":"<!-- This site is optimized with the Yoast SEO plugin v22.6 - https:\/\/yoast.com\/wordpress\/plugins\/seo\/ -->\n<title>Politique de confidentialit\u00e9 - Labellink<\/title>\n<meta name=\"robots\" content=\"noindex, nofollow\" \/>\n<meta property=\"og:locale\" content=\"fr_FR\" \/>\n<meta property=\"og:type\" content=\"article\" \/>\n<meta property=\"og:title\" content=\"Politique de confidentialit\u00e9 - Labellink\" \/>\n<meta property=\"og:description\" content=\"Politique de confidentialit\u00e9 Derni\u00e8re mise \u00e0 jour : 12 avril 2024 Bienvenue sur le site labellink.org, d\u00e9tenu et exploit\u00e9 par UE Labellink Ltd. (&#8220;nous&#8221;, &#8220;notre&#8221; ou &#8220;nos&#8221;). Nous accordons une importance primordiale \u00e0 la protection de votre vie priv\u00e9e. Ce document sur la politique de confidentialit\u00e9 contient les types d&#8217;informations qui sont collect\u00e9es et enregistr\u00e9es [&hellip;]\" \/>\n<meta property=\"og:url\" content=\"https:\/\/labellink.org\/fr\/politique-de-confidentialite\/\" \/>\n<meta property=\"og:site_name\" content=\"Labellink\" \/>\n<meta property=\"article:modified_time\" content=\"2024-05-06T11:47:21+00:00\" \/>\n<meta property=\"og:image\" content=\"https:\/\/labellink.org\/wp-content\/uploads\/labellink.png\" \/>\n\t<meta property=\"og:image:width\" content=\"1200\" \/>\n\t<meta property=\"og:image:height\" content=\"675\" \/>\n\t<meta property=\"og:image:type\" content=\"image\/png\" \/>\n<meta name=\"twitter:card\" content=\"summary_large_image\" \/>\n<meta name=\"twitter:label1\" content=\"Dur\u00e9e de lecture estim\u00e9e\" \/>\n\t<meta name=\"twitter:data1\" content=\"5 minutes\" \/>\n<script type=\"application\/ld+json\" class=\"yoast-schema-graph\">{\"@context\":\"https:\/\/schema.org\",\"@graph\":[{\"@type\":\"WebPage\",\"@id\":\"https:\/\/labellink.org\/fr\/politique-de-confidentialite\/\",\"url\":\"https:\/\/labellink.org\/fr\/politique-de-confidentialite\/\",\"name\":\"Politique de confidentialit\u00e9 - Labellink\",\"isPartOf\":{\"@id\":\"https:\/\/labellink.org\/fr\/#website\"},\"datePublished\":\"2024-04-12T10:05:56+00:00\",\"dateModified\":\"2024-05-06T11:47:21+00:00\",\"breadcrumb\":{\"@id\":\"https:\/\/labellink.org\/fr\/politique-de-confidentialite\/#breadcrumb\"},\"inLanguage\":\"fr-FR\",\"potentialAction\":[{\"@type\":\"ReadAction\",\"target\":[\"https:\/\/labellink.org\/fr\/politique-de-confidentialite\/\"]}]},{\"@type\":\"BreadcrumbList\",\"@id\":\"https:\/\/labellink.org\/fr\/politique-de-confidentialite\/#breadcrumb\",\"itemListElement\":[{\"@type\":\"ListItem\",\"position\":1,\"name\":\"Home\",\"item\":\"https:\/\/labellink.org\/fr\/labellink-le-scan-de-code-qr-apprecie-de-tous\/\"},{\"@type\":\"ListItem\",\"position\":2,\"name\":\"Politique de confidentialit\u00e9\"}]},{\"@type\":\"WebSite\",\"@id\":\"https:\/\/labellink.org\/fr\/#website\",\"url\":\"https:\/\/labellink.org\/fr\/\",\"name\":\"Labellink\",\"description\":\"E-label software and services\",\"publisher\":{\"@id\":\"https:\/\/labellink.org\/fr\/#organization\"},\"potentialAction\":[{\"@type\":\"SearchAction\",\"target\":{\"@type\":\"EntryPoint\",\"urlTemplate\":\"https:\/\/labellink.org\/fr\/?s={search_term_string}\"},\"query-input\":\"required name=search_term_string\"}],\"inLanguage\":\"fr-FR\"},{\"@type\":\"Organization\",\"@id\":\"https:\/\/labellink.org\/fr\/#organization\",\"name\":\"Labellink\",\"url\":\"https:\/\/labellink.org\/fr\/\",\"logo\":{\"@type\":\"ImageObject\",\"inLanguage\":\"fr-FR\",\"@id\":\"https:\/\/labellink.org\/fr\/#\/schema\/logo\/image\/\",\"url\":\"https:\/\/labellink.org\/wp-content\/uploads\/2024\/01\/labellink-logo.png\",\"contentUrl\":\"https:\/\/labellink.org\/wp-content\/uploads\/2024\/01\/labellink-logo.png\",\"width\":900,\"height\":200,\"caption\":\"Labellink\"},\"image\":{\"@id\":\"https:\/\/labellink.org\/fr\/#\/schema\/logo\/image\/\"}}]}<\/script>\n<!-- \/ Yoast SEO plugin. -->","yoast_head_json":{"title":"Politique de confidentialit\u00e9 - Labellink","robots":{"index":"noindex","follow":"nofollow"},"og_locale":"fr_FR","og_type":"article","og_title":"Politique de confidentialit\u00e9 - Labellink","og_description":"Politique de confidentialit\u00e9 Derni\u00e8re mise \u00e0 jour : 12 avril 2024 Bienvenue sur le site labellink.org, d\u00e9tenu et exploit\u00e9 par UE Labellink Ltd. (&#8220;nous&#8221;, &#8220;notre&#8221; ou &#8220;nos&#8221;). Nous accordons une importance primordiale \u00e0 la protection de votre vie priv\u00e9e. Ce document sur la politique de confidentialit\u00e9 contient les types d&#8217;informations qui sont collect\u00e9es et enregistr\u00e9es [&hellip;]","og_url":"https:\/\/labellink.org\/fr\/politique-de-confidentialite\/","og_site_name":"Labellink","article_modified_time":"2024-05-06T11:47:21+00:00","og_image":[{"width":1200,"height":675,"url":"https:\/\/labellink.org\/wp-content\/uploads\/labellink.png","type":"image\/png"}],"twitter_card":"summary_large_image","twitter_misc":{"Dur\u00e9e de lecture estim\u00e9e":"5 minutes"},"schema":{"@context":"https:\/\/schema.org","@graph":[{"@type":"WebPage","@id":"https:\/\/labellink.org\/fr\/politique-de-confidentialite\/","url":"https:\/\/labellink.org\/fr\/politique-de-confidentialite\/","name":"Politique de confidentialit\u00e9 - Labellink","isPartOf":{"@id":"https:\/\/labellink.org\/fr\/#website"},"datePublished":"2024-04-12T10:05:56+00:00","dateModified":"2024-05-06T11:47:21+00:00","breadcrumb":{"@id":"https:\/\/labellink.org\/fr\/politique-de-confidentialite\/#breadcrumb"},"inLanguage":"fr-FR","potentialAction":[{"@type":"ReadAction","target":["https:\/\/labellink.org\/fr\/politique-de-confidentialite\/"]}]},{"@type":"BreadcrumbList","@id":"https:\/\/labellink.org\/fr\/politique-de-confidentialite\/#breadcrumb","itemListElement":[{"@type":"ListItem","position":1,"name":"Home","item":"https:\/\/labellink.org\/fr\/labellink-le-scan-de-code-qr-apprecie-de-tous\/"},{"@type":"ListItem","position":2,"name":"Politique de confidentialit\u00e9"}]},{"@type":"WebSite","@id":"https:\/\/labellink.org\/fr\/#website","url":"https:\/\/labellink.org\/fr\/","name":"Labellink","description":"E-label software and services","publisher":{"@id":"https:\/\/labellink.org\/fr\/#organization"},"potentialAction":[{"@type":"SearchAction","target":{"@type":"EntryPoint","urlTemplate":"https:\/\/labellink.org\/fr\/?s={search_term_string}"},"query-input":"required name=search_term_string"}],"inLanguage":"fr-FR"},{"@type":"Organization","@id":"https:\/\/labellink.org\/fr\/#organization","name":"Labellink","url":"https:\/\/labellink.org\/fr\/","logo":{"@type":"ImageObject","inLanguage":"fr-FR","@id":"https:\/\/labellink.org\/fr\/#\/schema\/logo\/image\/","url":"https:\/\/labellink.org\/wp-content\/uploads\/2024\/01\/labellink-logo.png","contentUrl":"https:\/\/labellink.org\/wp-content\/uploads\/2024\/01\/labellink-logo.png","width":900,"height":200,"caption":"Labellink"},"image":{"@id":"https:\/\/labellink.org\/fr\/#\/schema\/logo\/image\/"}}]}},"tpgb_featured_images":null,"tpgb_post_meta_info":{"get_date":"12 avril 2024","author_name":"Boris Motusic","author_url":"https:\/\/labellink.org\/fr\/author\/boris\/","author_email":"boris@uexperts.com","author_website":"https:\/\/www.linkedin.com\/in\/boris-motusic\/","author_description":"Boris Motusic is the CEO of Labellink and United Experts, a seasoned Chief Solution Architect, consultant, author, and public speaker, with experience working on projects for global brands like Microsoft, BNP Paribas, ABB, Panasonic, and Best Western Hotels.\r\n\r\n<a href=\"https:\/\/www.linkedin.com\/in\/boris-motusic\/\">LinkedIn Profile<\/a>","author_facebook":"","author_twitter":"","author_instagram":"","author_role":["administrator"],"author_firstname":"Boris","author_lastname":"Motusic","user_login":"Boris","author_avatar":"<img alt='' src='https:\/\/secure.gravatar.com\/avatar\/a16ac50596ba289795b185a9dc6123239c87be7224f05ac14470b09a0d3cf8c4?s=200&#038;d=mm&#038;r=g' srcset='https:\/\/secure.gravatar.com\/avatar\/a16ac50596ba289795b185a9dc6123239c87be7224f05ac14470b09a0d3cf8c4?s=400&#038;d=mm&#038;r=g 2x' class='avatar avatar-200 photo' height='200' width='200' decoding='async'\/>","author_avatar_url":"https:\/\/secure.gravatar.com\/avatar\/a16ac50596ba289795b185a9dc6123239c87be7224f05ac14470b09a0d3cf8c4?s=96&d=mm&r=g","comment_count":0,"post_likes":0,"post_views":0},"tpgb_post_category":[],"_links":{"self":[{"href":"https:\/\/labellink.org\/fr\/wp-json\/wp\/v2\/pages\/1001016","targetHints":{"allow":["GET"]}}],"collection":[{"href":"https:\/\/labellink.org\/fr\/wp-json\/wp\/v2\/pages"}],"about":[{"href":"https:\/\/labellink.org\/fr\/wp-json\/wp\/v2\/types\/page"}],"author":[{"embeddable":true,"href":"https:\/\/labellink.org\/fr\/wp-json\/wp\/v2\/users\/2"}],"replies":[{"embeddable":true,"href":"https:\/\/labellink.org\/fr\/wp-json\/wp\/v2\/comments?post=1001016"}],"version-history":[{"count":7,"href":"https:\/\/labellink.org\/fr\/wp-json\/wp\/v2\/pages\/1001016\/revisions"}],"predecessor-version":[{"id":1002854,"href":"https:\/\/labellink.org\/fr\/wp-json\/wp\/v2\/pages\/1001016\/revisions\/1002854"}],"wp:attachment":[{"href":"https:\/\/labellink.org\/fr\/wp-json\/wp\/v2\/media?parent=1001016"}],"curies":[{"name":"wp","href":"https:\/\/api.w.org\/{rel}","templated":true}]}}