{"id":1001014,"date":"2024-04-12T11:12:31","date_gmt":"2024-04-12T10:12:31","guid":{"rendered":"https:\/\/labellink.org\/conditions-dutilisation\/"},"modified":"2024-04-16T08:30:22","modified_gmt":"2024-04-16T07:30:22","slug":"conditions-dutilisation","status":"publish","type":"page","link":"https:\/\/labellink.org\/fr\/conditions-dutilisation\/","title":{"rendered":"Conditions d&#8217;utilisation"},"content":{"rendered":"\t\t<div data-elementor-type=\"wp-page\" data-elementor-id=\"1001014\" class=\"elementor elementor-1001014 elementor-998146\" data-elementor-post-type=\"page\">\n\t\t\t\t<div data-particle_enable=\"false\" data-particle-mobile-disabled=\"false\" class=\"elementor-element elementor-element-791a36c e-flex e-con-boxed e-con e-parent\" data-id=\"791a36c\" data-element_type=\"container\" data-settings=\"{&quot;jet_parallax_layout_list&quot;:[]}\">\n\t\t\t\t\t<div class=\"e-con-inner\">\n\t\t\t\t<div class=\"elementor-element elementor-element-3b0525b elementor-widget__width-initial elementor-widget elementor-widget-heading\" data-id=\"3b0525b\" data-element_type=\"widget\" data-widget_type=\"heading.default\">\n\t\t\t\t<div class=\"elementor-widget-container\">\n\t\t\t<h1 class=\"elementor-heading-title elementor-size-default\">Conditions d'utilisation de Labellink<\/h1>\t\t<\/div>\n\t\t\t\t<\/div>\n\t\t\t\t<div class=\"elementor-element elementor-element-20ded9e elementor-widget elementor-widget-text-editor\" data-id=\"20ded9e\" data-element_type=\"widget\" data-widget_type=\"text-editor.default\">\n\t\t\t\t<div class=\"elementor-widget-container\">\n\t\t\t\t\t\t\t<p><strong>Derni\u00e8re mise \u00e0 jour :<\/strong> 12 avril 2024<\/p>\n<p>Bienvenue sur labellink.org. Les pr\u00e9sentes conditions d&#8217;utilisation (&#8220;Conditions&#8221;) r\u00e9gissent votre utilisation de notre site web, situ\u00e9 \u00e0 l&#8217;adresse labellink.org (&#8220;Site web&#8221;), et sont fournies par UE Labellink Ltd. (&#8220;Soci\u00e9t\u00e9&#8221;, &#8220;nous&#8221;, &#8220;notre&#8221; ou &#8220;nos&#8221;). En acc\u00e9dant au site web ou en l&#8217;utilisant, vous acceptez d&#8217;\u00eatre li\u00e9 par les pr\u00e9sentes conditions et par toutes les lois et r\u00e9glementations applicables. Si vous n&#8217;\u00eates pas d&#8217;accord avec une quelconque partie des conditions, vous n&#8217;\u00eates pas autoris\u00e9 \u00e0 acc\u00e9der au site web.<\/p>\n<h4> <\/h4>\n<h4>Acc\u00e8s au site web<\/h4>\n<p>Sous r\u00e9serve des pr\u00e9sentes conditions, nous vous accordons une licence limit\u00e9e, non transf\u00e9rable, non exclusive et r\u00e9vocable vous permettant d&#8217;utiliser le site web et d&#8217;y acc\u00e9der uniquement pour votre usage personnel et non commercial.<\/p>\n<h4> <\/h4>\n<h4>Utilisations interdites<\/h4>\n<p>En utilisant le site web, vous vous engagez \u00e0 ne pas :<\/p>\n<ul>\n<li>violer toute loi ou r\u00e9glementation nationale ou internationale.<\/li>\n<li>enfreindre ou violer nos droits de propri\u00e9t\u00e9 intellectuelle ou les droits de propri\u00e9t\u00e9 intellectuelle d&#8217;autrui.<\/li>\n<li>se livrer \u00e0 des activit\u00e9s d&#8217;exploration, de collecte ou d&#8217;extraction de donn\u00e9es ou \u00e0 toute autre activit\u00e9 similaire en rapport avec le site web ou lors de l&#8217;utilisation du site web.<\/li>\n<li>Utiliser le site Web \u00e0 des fins commerciales non autoris\u00e9es.<\/li>\n<\/ul>\n<h4> <\/h4>\n<h4>Droits de propri\u00e9t\u00e9 intellectuelle<\/h4>\n<p>Le site web et son contenu original (\u00e0 l&#8217;exclusion du contenu fourni par les utilisateurs), ses caract\u00e9ristiques et ses fonctionnalit\u00e9s sont et resteront la propri\u00e9t\u00e9 exclusive d&#8217;UE Labellink Ltd. et de ses conc\u00e9dants de licence. Nos marques et notre habillage commercial ne peuvent \u00eatre utilis\u00e9s en relation avec un produit ou un service sans l&#8217;accord \u00e9crit pr\u00e9alable d&#8217;UE Labellink Ltd.<\/p>\n<h4> <\/h4>\n<h4>Cessation d&#8217;activit\u00e9<\/h4>\n<p>Nous pouvons r\u00e9silier ou suspendre votre acc\u00e8s \u00e0 notre site web imm\u00e9diatement, sans pr\u00e9avis ni responsabilit\u00e9, pour quelque raison que ce soit, y compris, mais sans s&#8217;y limiter, si vous enfreignez les conditions.<\/p>\n<h4> <\/h4>\n<h4>Droit applicable<\/h4>\n<p>Les pr\u00e9sentes conditions sont r\u00e9gies et interpr\u00e9t\u00e9es conform\u00e9ment aux lois de l&#8217;Angleterre et du Pays de Galles, sans tenir compte des dispositions relatives aux conflits de lois.<\/p>\n<h4> <\/h4>\n<h4>Changements<\/h4>\n<p>Nous nous r\u00e9servons le droit, \u00e0 notre seule discr\u00e9tion, de modifier ou de remplacer les pr\u00e9sentes conditions \u00e0 tout moment. En continuant \u00e0 acc\u00e9der \u00e0 notre site web ou \u00e0 l&#8217;utiliser apr\u00e8s l&#8217;entr\u00e9e en vigueur de toute r\u00e9vision, vous acceptez d&#8217;\u00eatre li\u00e9 par les conditions r\u00e9vis\u00e9es. Si vous n&#8217;acceptez pas les nouvelles conditions, vous n&#8217;\u00eates plus autoris\u00e9 \u00e0 utiliser le site web.<\/p>\n<h4> <\/h4>\n<h4>Nous contacter<\/h4>\n<p>Si vous avez des questions concernant ces conditions, veuillez nous contacter \u00e0 l&#8217;adresse suivante : office@labellink.org.<\/p>\n\t\t\t\t\t\t<\/div>\n\t\t\t\t<\/div>\n\t\t\t\t\t<\/div>\n\t\t\t\t<\/div>\n\t\t\t\t<\/div>\n\t\t","protected":false},"excerpt":{"rendered":"<p>Conditions d&#8217;utilisation de Labellink Derni\u00e8re mise \u00e0 jour : 12 avril 2024 Bienvenue sur labellink.org. Les pr\u00e9sentes conditions d&#8217;utilisation (&#8220;Conditions&#8221;) r\u00e9gissent votre utilisation de notre site web, situ\u00e9 \u00e0 l&#8217;adresse labellink.org (&#8220;Site web&#8221;), et sont fournies par UE Labellink Ltd. (&#8220;Soci\u00e9t\u00e9&#8221;, &#8220;nous&#8221;, &#8220;notre&#8221; ou &#8220;nos&#8221;). En acc\u00e9dant au site web ou en l&#8217;utilisant, vous acceptez [&hellip;]<\/p>\n","protected":false},"author":2,"featured_media":0,"parent":0,"menu_order":29,"comment_status":"closed","ping_status":"closed","template":"","meta":{"tpgb_global_settings":"","footnotes":""},"class_list":["post-1001014","page","type-page","status-publish","hentry"],"yoast_head":"<!-- This site is optimized with the Yoast SEO plugin v22.6 - https:\/\/yoast.com\/wordpress\/plugins\/seo\/ -->\n<title>Conditions d&#039;utilisation - Labellink<\/title>\n<meta name=\"robots\" content=\"noindex, nofollow\" \/>\n<meta property=\"og:locale\" content=\"fr_FR\" \/>\n<meta property=\"og:type\" content=\"article\" \/>\n<meta property=\"og:title\" content=\"Conditions d&#039;utilisation - Labellink\" \/>\n<meta property=\"og:description\" content=\"Conditions d&#8217;utilisation de Labellink Derni\u00e8re mise \u00e0 jour : 12 avril 2024 Bienvenue sur labellink.org. Les pr\u00e9sentes conditions d&#8217;utilisation (&#8220;Conditions&#8221;) r\u00e9gissent votre utilisation de notre site web, situ\u00e9 \u00e0 l&#8217;adresse labellink.org (&#8220;Site web&#8221;), et sont fournies par UE Labellink Ltd. (&#8220;Soci\u00e9t\u00e9&#8221;, &#8220;nous&#8221;, &#8220;notre&#8221; ou &#8220;nos&#8221;). En acc\u00e9dant au site web ou en l&#8217;utilisant, vous acceptez [&hellip;]\" \/>\n<meta property=\"og:url\" content=\"https:\/\/labellink.org\/fr\/conditions-dutilisation\/\" \/>\n<meta property=\"og:site_name\" content=\"Labellink\" \/>\n<meta property=\"article:modified_time\" content=\"2024-04-16T07:30:22+00:00\" \/>\n<meta property=\"og:image\" content=\"https:\/\/labellink.org\/wp-content\/uploads\/labellink.png\" \/>\n\t<meta property=\"og:image:width\" content=\"1200\" \/>\n\t<meta property=\"og:image:height\" content=\"675\" \/>\n\t<meta property=\"og:image:type\" content=\"image\/png\" \/>\n<meta name=\"twitter:card\" content=\"summary_large_image\" \/>\n<meta name=\"twitter:label1\" content=\"Dur\u00e9e de lecture estim\u00e9e\" \/>\n\t<meta name=\"twitter:data1\" content=\"2 minutes\" \/>\n<script type=\"application\/ld+json\" class=\"yoast-schema-graph\">{\"@context\":\"https:\/\/schema.org\",\"@graph\":[{\"@type\":\"WebPage\",\"@id\":\"https:\/\/labellink.org\/fr\/conditions-dutilisation\/\",\"url\":\"https:\/\/labellink.org\/fr\/conditions-dutilisation\/\",\"name\":\"Conditions d'utilisation - Labellink\",\"isPartOf\":{\"@id\":\"https:\/\/labellink.org\/fr\/#website\"},\"datePublished\":\"2024-04-12T10:12:31+00:00\",\"dateModified\":\"2024-04-16T07:30:22+00:00\",\"breadcrumb\":{\"@id\":\"https:\/\/labellink.org\/fr\/conditions-dutilisation\/#breadcrumb\"},\"inLanguage\":\"fr-FR\",\"potentialAction\":[{\"@type\":\"ReadAction\",\"target\":[\"https:\/\/labellink.org\/fr\/conditions-dutilisation\/\"]}]},{\"@type\":\"BreadcrumbList\",\"@id\":\"https:\/\/labellink.org\/fr\/conditions-dutilisation\/#breadcrumb\",\"itemListElement\":[{\"@type\":\"ListItem\",\"position\":1,\"name\":\"Home\",\"item\":\"https:\/\/labellink.org\/fr\/labellink-le-scan-de-code-qr-apprecie-de-tous\/\"},{\"@type\":\"ListItem\",\"position\":2,\"name\":\"Conditions d&#8217;utilisation\"}]},{\"@type\":\"WebSite\",\"@id\":\"https:\/\/labellink.org\/fr\/#website\",\"url\":\"https:\/\/labellink.org\/fr\/\",\"name\":\"Labellink\",\"description\":\"E-label software and services\",\"publisher\":{\"@id\":\"https:\/\/labellink.org\/fr\/#organization\"},\"potentialAction\":[{\"@type\":\"SearchAction\",\"target\":{\"@type\":\"EntryPoint\",\"urlTemplate\":\"https:\/\/labellink.org\/fr\/?s={search_term_string}\"},\"query-input\":\"required name=search_term_string\"}],\"inLanguage\":\"fr-FR\"},{\"@type\":\"Organization\",\"@id\":\"https:\/\/labellink.org\/fr\/#organization\",\"name\":\"Labellink\",\"url\":\"https:\/\/labellink.org\/fr\/\",\"logo\":{\"@type\":\"ImageObject\",\"inLanguage\":\"fr-FR\",\"@id\":\"https:\/\/labellink.org\/fr\/#\/schema\/logo\/image\/\",\"url\":\"https:\/\/labellink.org\/wp-content\/uploads\/2024\/01\/labellink-logo.png\",\"contentUrl\":\"https:\/\/labellink.org\/wp-content\/uploads\/2024\/01\/labellink-logo.png\",\"width\":900,\"height\":200,\"caption\":\"Labellink\"},\"image\":{\"@id\":\"https:\/\/labellink.org\/fr\/#\/schema\/logo\/image\/\"}}]}<\/script>\n<!-- \/ Yoast SEO plugin. -->","yoast_head_json":{"title":"Conditions d'utilisation - Labellink","robots":{"index":"noindex","follow":"nofollow"},"og_locale":"fr_FR","og_type":"article","og_title":"Conditions d'utilisation - Labellink","og_description":"Conditions d&#8217;utilisation de Labellink Derni\u00e8re mise \u00e0 jour : 12 avril 2024 Bienvenue sur labellink.org. Les pr\u00e9sentes conditions d&#8217;utilisation (&#8220;Conditions&#8221;) r\u00e9gissent votre utilisation de notre site web, situ\u00e9 \u00e0 l&#8217;adresse labellink.org (&#8220;Site web&#8221;), et sont fournies par UE Labellink Ltd. (&#8220;Soci\u00e9t\u00e9&#8221;, &#8220;nous&#8221;, &#8220;notre&#8221; ou &#8220;nos&#8221;). En acc\u00e9dant au site web ou en l&#8217;utilisant, vous acceptez [&hellip;]","og_url":"https:\/\/labellink.org\/fr\/conditions-dutilisation\/","og_site_name":"Labellink","article_modified_time":"2024-04-16T07:30:22+00:00","og_image":[{"width":1200,"height":675,"url":"https:\/\/labellink.org\/wp-content\/uploads\/labellink.png","type":"image\/png"}],"twitter_card":"summary_large_image","twitter_misc":{"Dur\u00e9e de lecture estim\u00e9e":"2 minutes"},"schema":{"@context":"https:\/\/schema.org","@graph":[{"@type":"WebPage","@id":"https:\/\/labellink.org\/fr\/conditions-dutilisation\/","url":"https:\/\/labellink.org\/fr\/conditions-dutilisation\/","name":"Conditions d'utilisation - Labellink","isPartOf":{"@id":"https:\/\/labellink.org\/fr\/#website"},"datePublished":"2024-04-12T10:12:31+00:00","dateModified":"2024-04-16T07:30:22+00:00","breadcrumb":{"@id":"https:\/\/labellink.org\/fr\/conditions-dutilisation\/#breadcrumb"},"inLanguage":"fr-FR","potentialAction":[{"@type":"ReadAction","target":["https:\/\/labellink.org\/fr\/conditions-dutilisation\/"]}]},{"@type":"BreadcrumbList","@id":"https:\/\/labellink.org\/fr\/conditions-dutilisation\/#breadcrumb","itemListElement":[{"@type":"ListItem","position":1,"name":"Home","item":"https:\/\/labellink.org\/fr\/labellink-le-scan-de-code-qr-apprecie-de-tous\/"},{"@type":"ListItem","position":2,"name":"Conditions d&#8217;utilisation"}]},{"@type":"WebSite","@id":"https:\/\/labellink.org\/fr\/#website","url":"https:\/\/labellink.org\/fr\/","name":"Labellink","description":"E-label software and services","publisher":{"@id":"https:\/\/labellink.org\/fr\/#organization"},"potentialAction":[{"@type":"SearchAction","target":{"@type":"EntryPoint","urlTemplate":"https:\/\/labellink.org\/fr\/?s={search_term_string}"},"query-input":"required name=search_term_string"}],"inLanguage":"fr-FR"},{"@type":"Organization","@id":"https:\/\/labellink.org\/fr\/#organization","name":"Labellink","url":"https:\/\/labellink.org\/fr\/","logo":{"@type":"ImageObject","inLanguage":"fr-FR","@id":"https:\/\/labellink.org\/fr\/#\/schema\/logo\/image\/","url":"https:\/\/labellink.org\/wp-content\/uploads\/2024\/01\/labellink-logo.png","contentUrl":"https:\/\/labellink.org\/wp-content\/uploads\/2024\/01\/labellink-logo.png","width":900,"height":200,"caption":"Labellink"},"image":{"@id":"https:\/\/labellink.org\/fr\/#\/schema\/logo\/image\/"}}]}},"tpgb_featured_images":null,"tpgb_post_meta_info":{"get_date":"12 avril 2024","author_name":"Boris Motusic","author_url":"https:\/\/labellink.org\/fr\/author\/boris\/","author_email":"boris@uexperts.com","author_website":"https:\/\/www.linkedin.com\/in\/boris-motusic\/","author_description":"Boris Motusic is the CEO of Labellink and United Experts, a seasoned Chief Solution Architect, consultant, author, and public speaker, with experience working on projects for global brands like Microsoft, BNP Paribas, ABB, Panasonic, and Best Western Hotels.\r\n\r\n<a href=\"https:\/\/www.linkedin.com\/in\/boris-motusic\/\">LinkedIn Profile<\/a>","author_facebook":"","author_twitter":"","author_instagram":"","author_role":["administrator"],"author_firstname":"Boris","author_lastname":"Motusic","user_login":"Boris","author_avatar":"<img alt='' src='https:\/\/secure.gravatar.com\/avatar\/a16ac50596ba289795b185a9dc6123239c87be7224f05ac14470b09a0d3cf8c4?s=200&#038;d=mm&#038;r=g' srcset='https:\/\/secure.gravatar.com\/avatar\/a16ac50596ba289795b185a9dc6123239c87be7224f05ac14470b09a0d3cf8c4?s=400&#038;d=mm&#038;r=g 2x' class='avatar avatar-200 photo' height='200' width='200' decoding='async'\/>","author_avatar_url":"https:\/\/secure.gravatar.com\/avatar\/a16ac50596ba289795b185a9dc6123239c87be7224f05ac14470b09a0d3cf8c4?s=96&d=mm&r=g","comment_count":0,"post_likes":0,"post_views":0},"tpgb_post_category":[],"_links":{"self":[{"href":"https:\/\/labellink.org\/fr\/wp-json\/wp\/v2\/pages\/1001014","targetHints":{"allow":["GET"]}}],"collection":[{"href":"https:\/\/labellink.org\/fr\/wp-json\/wp\/v2\/pages"}],"about":[{"href":"https:\/\/labellink.org\/fr\/wp-json\/wp\/v2\/types\/page"}],"author":[{"embeddable":true,"href":"https:\/\/labellink.org\/fr\/wp-json\/wp\/v2\/users\/2"}],"replies":[{"embeddable":true,"href":"https:\/\/labellink.org\/fr\/wp-json\/wp\/v2\/comments?post=1001014"}],"version-history":[{"count":1,"href":"https:\/\/labellink.org\/fr\/wp-json\/wp\/v2\/pages\/1001014\/revisions"}],"predecessor-version":[{"id":1001022,"href":"https:\/\/labellink.org\/fr\/wp-json\/wp\/v2\/pages\/1001014\/revisions\/1001022"}],"wp:attachment":[{"href":"https:\/\/labellink.org\/fr\/wp-json\/wp\/v2\/media?parent=1001014"}],"curies":[{"name":"wp","href":"https:\/\/api.w.org\/{rel}","templated":true}]}}