{"id":1001191,"date":"2024-06-30T10:58:32","date_gmt":"2024-06-30T09:58:32","guid":{"rendered":"https:\/\/labellink.org\/servicios-de-etiquetado-electronico-labellink\/"},"modified":"2024-04-16T08:45:57","modified_gmt":"2024-04-16T07:45:57","slug":"servicios-de-etiquetado-electronico-labellink","status":"publish","type":"page","link":"https:\/\/labellink.org\/es\/servicios-de-etiquetado-electronico-labellink\/","title":{"rendered":"Servicios de etiquetado electr\u00f3nico &#8211; Labellink"},"content":{"rendered":"\t\t<div data-elementor-type=\"wp-page\" data-elementor-id=\"1001191\" class=\"elementor elementor-1001191 elementor-992033\" data-elementor-post-type=\"page\">\n\t\t\t\t<div data-particle_enable=\"false\" data-particle-mobile-disabled=\"false\" class=\"elementor-element elementor-element-7237475 e-flex e-con-boxed e-con e-parent\" data-id=\"7237475\" data-element_type=\"container\" data-settings=\"{&quot;background_background&quot;:&quot;classic&quot;,&quot;jet_parallax_layout_list&quot;:[]}\">\n\t\t\t\t\t<div class=\"e-con-inner\">\n\t\t\t\t<div class=\"elementor-element elementor-element-a3cac8f elementor-widget__width-initial elementor-widget elementor-widget-heading\" data-id=\"a3cac8f\" data-element_type=\"widget\" data-widget_type=\"heading.default\">\n\t\t\t\t<div class=\"elementor-widget-container\">\n\t\t\t<h1 class=\"elementor-heading-title elementor-size-default\">Servicios Labellink<\/h1>\t\t<\/div>\n\t\t\t\t<\/div>\n\t\t\t\t<div class=\"elementor-element elementor-element-c9ce0bf elementor-widget elementor-widget-text-editor\" data-id=\"c9ce0bf\" data-element_type=\"widget\" data-widget_type=\"text-editor.default\">\n\t\t\t\t<div class=\"elementor-widget-container\">\n\t\t\t\t\t\t\t<p>Labellink fusiona software de vanguardia con un enfoque de servicio completo, ofreciendo consultor\u00eda estrat\u00e9gica, desarrollo personalizado, creaci\u00f3n de contenidos profesionales y una amplia formaci\u00f3n para garantizar la excelencia en experiencias y gesti\u00f3n de etiquetas electr\u00f3nicas.<\/p>\n\t\t\t\t\t\t<\/div>\n\t\t\t\t<\/div>\n\t\t\t\t\t<\/div>\n\t\t\t\t<\/div>\n\t\t<div data-particle_enable=\"false\" data-particle-mobile-disabled=\"false\" class=\"elementor-element elementor-element-8108700 e-flex e-con-boxed e-con e-parent\" data-id=\"8108700\" data-element_type=\"container\" data-settings=\"{&quot;background_background&quot;:&quot;classic&quot;,&quot;jet_parallax_layout_list&quot;:[]}\">\n\t\t\t\t\t<div class=\"e-con-inner\">\n\t\t<div data-particle_enable=\"false\" data-particle-mobile-disabled=\"false\" class=\"elementor-element elementor-element-3936527 e-con-full e-flex e-con e-child\" data-id=\"3936527\" data-element_type=\"container\" data-settings=\"{&quot;background_background&quot;:&quot;classic&quot;,&quot;jet_parallax_layout_list&quot;:[]}\">\n\t\t\t\t<div class=\"elementor-element elementor-element-b31209a elementor-widget elementor-widget-heading\" data-id=\"b31209a\" data-element_type=\"widget\" data-widget_type=\"heading.default\">\n\t\t\t\t<div class=\"elementor-widget-container\">\n\t\t\t<h3 class=\"elementor-heading-title elementor-size-default\">Consultor\u00eda<\/h3>\t\t<\/div>\n\t\t\t\t<\/div>\n\t\t\t\t<div class=\"elementor-element elementor-element-b2bc816 elementor-widget elementor-widget-text-editor\" data-id=\"b2bc816\" data-element_type=\"widget\" data-widget_type=\"text-editor.default\">\n\t\t\t\t<div class=\"elementor-widget-container\">\n\t\t\t\t\t\t\t<p>En Labellink, los servicios de consultor\u00eda abarcan desde el asesoramiento de expertos hasta la elaboraci\u00f3n de estrategias integrales de etiquetado electr\u00f3nico adaptadas a las necesidades espec\u00edficas de cada cliente. Este enfoque garantiza que las empresas puedan navegar por el complejo panorama del etiquetado digital con confianza, tomando decisiones informadas que se ajusten a sus objetivos y requisitos normativos.<\/p>\n\t\t\t\t\t\t<\/div>\n\t\t\t\t<\/div>\n\t\t\t\t<\/div>\n\t\t<div data-particle_enable=\"false\" data-particle-mobile-disabled=\"false\" class=\"elementor-element elementor-element-d80b0dd e-con-full e-flex e-con e-child\" data-id=\"d80b0dd\" data-element_type=\"container\" data-settings=\"{&quot;background_background&quot;:&quot;classic&quot;,&quot;jet_parallax_layout_list&quot;:[]}\">\n\t\t\t\t<\/div>\n\t\t\t\t\t<\/div>\n\t\t\t\t<\/div>\n\t\t<div data-particle_enable=\"false\" data-particle-mobile-disabled=\"false\" class=\"elementor-element elementor-element-9b4dcf0 e-flex e-con-boxed e-con e-parent\" data-id=\"9b4dcf0\" data-element_type=\"container\" data-settings=\"{&quot;background_background&quot;:&quot;classic&quot;,&quot;jet_parallax_layout_list&quot;:[]}\">\n\t\t\t\t\t<div class=\"e-con-inner\">\n\t\t<div data-particle_enable=\"false\" data-particle-mobile-disabled=\"false\" class=\"elementor-element elementor-element-71f5e5d e-con-full e-flex e-con e-child\" data-id=\"71f5e5d\" data-element_type=\"container\" data-settings=\"{&quot;background_background&quot;:&quot;classic&quot;,&quot;jet_parallax_layout_list&quot;:[]}\">\n\t\t\t\t<div class=\"elementor-element elementor-element-52f4843 elementor-widget elementor-widget-heading\" data-id=\"52f4843\" data-element_type=\"widget\" data-widget_type=\"heading.default\">\n\t\t\t\t<div class=\"elementor-widget-container\">\n\t\t\t<h3 class=\"elementor-heading-title elementor-size-default\">UX y dise\u00f1o<\/h3>\t\t<\/div>\n\t\t\t\t<\/div>\n\t\t\t\t<div class=\"elementor-element elementor-element-59fe0af elementor-widget elementor-widget-text-editor\" data-id=\"59fe0af\" data-element_type=\"widget\" data-widget_type=\"text-editor.default\">\n\t\t\t\t<div class=\"elementor-widget-container\">\n\t\t\t\t\t\t\t<p>La experiencia del usuario (UX) y el dise\u00f1o de las etiquetas electr\u00f3nicas son fundamentales para su \u00e9xito. El servicio UX &amp; Design de Labellink se dedica a elaborar, probar y perfeccionar meticulosamente los aspectos visuales e interactivos de las etiquetas electr\u00f3nicas, garantizando que sean intuitivas, accesibles y est\u00e9ticamente agradables. Este proceso implica un profundo conocimiento del comportamiento y las preferencias de los usuarios, que se traduce en etiquetas electr\u00f3nicas que los usuarios encuentran f\u00e1ciles de navegar y con las que interactuar.<\/p>\n\t\t\t\t\t\t<\/div>\n\t\t\t\t<\/div>\n\t\t\t\t<\/div>\n\t\t<div data-particle_enable=\"false\" data-particle-mobile-disabled=\"false\" class=\"elementor-element elementor-element-a0168a6 e-con-full e-flex e-con e-child\" data-id=\"a0168a6\" data-element_type=\"container\" data-settings=\"{&quot;background_background&quot;:&quot;classic&quot;,&quot;jet_parallax_layout_list&quot;:[]}\">\n\t\t\t\t<\/div>\n\t\t\t\t\t<\/div>\n\t\t\t\t<\/div>\n\t\t<div data-particle_enable=\"false\" data-particle-mobile-disabled=\"false\" class=\"elementor-element elementor-element-1acbea6 e-flex e-con-boxed e-con e-parent\" data-id=\"1acbea6\" data-element_type=\"container\" data-settings=\"{&quot;background_background&quot;:&quot;classic&quot;,&quot;jet_parallax_layout_list&quot;:[]}\">\n\t\t\t\t\t<div class=\"e-con-inner\">\n\t\t<div data-particle_enable=\"false\" data-particle-mobile-disabled=\"false\" class=\"elementor-element elementor-element-27dcac2 e-con-full e-flex e-con e-child\" data-id=\"27dcac2\" data-element_type=\"container\" data-settings=\"{&quot;background_background&quot;:&quot;classic&quot;,&quot;jet_parallax_layout_list&quot;:[]}\">\n\t\t\t\t<div class=\"elementor-element elementor-element-c1b735a elementor-widget elementor-widget-heading\" data-id=\"c1b735a\" data-element_type=\"widget\" data-widget_type=\"heading.default\">\n\t\t\t\t<div class=\"elementor-widget-container\">\n\t\t\t<h3 class=\"elementor-heading-title elementor-size-default\">Desarrollo<\/h3>\t\t<\/div>\n\t\t\t\t<\/div>\n\t\t\t\t<div class=\"elementor-element elementor-element-dd1c6c8 elementor-widget elementor-widget-text-editor\" data-id=\"dd1c6c8\" data-element_type=\"widget\" data-widget_type=\"text-editor.default\">\n\t\t\t\t<div class=\"elementor-widget-container\">\n\t\t\t\t\t\t\t<p>Labellink se enorgullece de ofrecer opciones de desarrollo flexibles, desde la personalizaci\u00f3n de paquetes de inicio hasta la creaci\u00f3n de soluciones de etiquetado electr\u00f3nico totalmente a medida. Este servicio se adapta a las necesidades espec\u00edficas de cada cliente, garantizando que cada aspecto de la soluci\u00f3n de etiquetado electr\u00f3nico se ajuste perfectamente a sus requisitos operativos y objetivos estrat\u00e9gicos.<\/p>\n\t\t\t\t\t\t<\/div>\n\t\t\t\t<\/div>\n\t\t\t\t<\/div>\n\t\t<div data-particle_enable=\"false\" data-particle-mobile-disabled=\"false\" class=\"elementor-element elementor-element-65967ad e-con-full e-flex e-con e-child\" data-id=\"65967ad\" data-element_type=\"container\" data-settings=\"{&quot;background_background&quot;:&quot;classic&quot;,&quot;jet_parallax_layout_list&quot;:[]}\">\n\t\t\t\t<\/div>\n\t\t\t\t\t<\/div>\n\t\t\t\t<\/div>\n\t\t<div data-particle_enable=\"false\" data-particle-mobile-disabled=\"false\" class=\"elementor-element elementor-element-db9c1eb e-flex e-con-boxed e-con e-parent\" data-id=\"db9c1eb\" data-element_type=\"container\" data-settings=\"{&quot;background_background&quot;:&quot;classic&quot;,&quot;jet_parallax_layout_list&quot;:[]}\">\n\t\t\t\t\t<div class=\"e-con-inner\">\n\t\t<div data-particle_enable=\"false\" data-particle-mobile-disabled=\"false\" class=\"elementor-element elementor-element-72b3eef e-con-full e-flex e-con e-child\" data-id=\"72b3eef\" data-element_type=\"container\" data-settings=\"{&quot;background_background&quot;:&quot;classic&quot;,&quot;jet_parallax_layout_list&quot;:[]}\">\n\t\t\t\t<div class=\"elementor-element elementor-element-8e92b28 elementor-widget elementor-widget-heading\" data-id=\"8e92b28\" data-element_type=\"widget\" data-widget_type=\"heading.default\">\n\t\t\t\t<div class=\"elementor-widget-container\">\n\t\t\t<h3 class=\"elementor-heading-title elementor-size-default\">Creaci\u00f3n de contenidos profesionales<\/h3>\t\t<\/div>\n\t\t\t\t<\/div>\n\t\t\t\t<div class=\"elementor-element elementor-element-25f73fe elementor-widget elementor-widget-text-editor\" data-id=\"25f73fe\" data-element_type=\"widget\" data-widget_type=\"text-editor.default\">\n\t\t\t\t<div class=\"elementor-widget-container\">\n\t\t\t\t\t\t\t<p>Consciente de la importancia de un contenido convincente, Labellink ofrece servicios profesionales de fotograf\u00eda, videograf\u00eda, redacci\u00f3n, imagen e introducci\u00f3n de datos, entre otros. Esta amplia gama de servicios de creaci\u00f3n de contenidos est\u00e1 dise\u00f1ada para que las etiquetas electr\u00f3nicas no s\u00f3lo sean informativas, sino tambi\u00e9n visualmente cautivadoras y atractivas, estableciendo un alto nivel para los contenidos de etiquetas digitales.<\/p>\n\t\t\t\t\t\t<\/div>\n\t\t\t\t<\/div>\n\t\t\t\t<\/div>\n\t\t<div data-particle_enable=\"false\" data-particle-mobile-disabled=\"false\" class=\"elementor-element elementor-element-e0d5eba e-con-full e-flex e-con e-child\" data-id=\"e0d5eba\" data-element_type=\"container\" data-settings=\"{&quot;background_background&quot;:&quot;classic&quot;,&quot;jet_parallax_layout_list&quot;:[]}\">\n\t\t\t\t<\/div>\n\t\t\t\t\t<\/div>\n\t\t\t\t<\/div>\n\t\t<div data-particle_enable=\"false\" data-particle-mobile-disabled=\"false\" class=\"elementor-element elementor-element-a236cd8 e-flex e-con-boxed e-con e-parent\" data-id=\"a236cd8\" data-element_type=\"container\" data-settings=\"{&quot;background_background&quot;:&quot;classic&quot;,&quot;jet_parallax_layout_list&quot;:[]}\">\n\t\t\t\t\t<div class=\"e-con-inner\">\n\t\t<div data-particle_enable=\"false\" data-particle-mobile-disabled=\"false\" class=\"elementor-element elementor-element-397b1a5 e-con-full e-flex e-con e-child\" data-id=\"397b1a5\" data-element_type=\"container\" data-settings=\"{&quot;background_background&quot;:&quot;classic&quot;,&quot;jet_parallax_layout_list&quot;:[]}\">\n\t\t\t\t<div class=\"elementor-element elementor-element-6058a2f elementor-widget elementor-widget-heading\" data-id=\"6058a2f\" data-element_type=\"widget\" data-widget_type=\"heading.default\">\n\t\t\t\t<div class=\"elementor-widget-container\">\n\t\t\t<h3 class=\"elementor-heading-title elementor-size-default\">Formaci\u00f3n<\/h3>\t\t<\/div>\n\t\t\t\t<\/div>\n\t\t\t\t<div class=\"elementor-element elementor-element-2991bba elementor-widget elementor-widget-text-editor\" data-id=\"2991bba\" data-element_type=\"widget\" data-widget_type=\"text-editor.default\">\n\t\t\t\t<div class=\"elementor-widget-container\">\n\t\t\t\t\t\t\t<p>Para que los clientes puedan sacar el m\u00e1ximo partido de sus soluciones de etiquetado electr\u00f3nico, Labellink ofrece programas de formaci\u00f3n completos. Est\u00e1n disponibles tanto in situ como en l\u00ednea, y abarcan desde la navegaci\u00f3n b\u00e1sica hasta las funciones avanzadas de la plataforma Labellink. La formaci\u00f3n est\u00e1 concebida para mejorar las competencias de los usuarios en materia de etiquetado electr\u00f3nico, garantizando que est\u00e9n plenamente equipados para gestionar y optimizar eficazmente sus etiquetas electr\u00f3nicas.<\/p>\n\t\t\t\t\t\t<\/div>\n\t\t\t\t<\/div>\n\t\t\t\t<\/div>\n\t\t<div data-particle_enable=\"false\" data-particle-mobile-disabled=\"false\" class=\"elementor-element elementor-element-9cc5621 e-con-full e-flex e-con e-child\" data-id=\"9cc5621\" data-element_type=\"container\" data-settings=\"{&quot;background_background&quot;:&quot;classic&quot;,&quot;jet_parallax_layout_list&quot;:[]}\">\n\t\t\t\t<\/div>\n\t\t\t\t\t<\/div>\n\t\t\t\t<\/div>\n\t\t\t\t<\/div>\n\t\t","protected":false},"excerpt":{"rendered":"<p>Servicios Labellink Labellink fusiona software de vanguardia con un enfoque de servicio completo, ofreciendo consultor\u00eda estrat\u00e9gica, desarrollo personalizado, creaci\u00f3n de contenidos profesionales y una amplia formaci\u00f3n para garantizar la excelencia en experiencias y gesti\u00f3n de etiquetas electr\u00f3nicas. Consultor\u00eda En Labellink, los servicios de consultor\u00eda abarcan desde el asesoramiento de expertos hasta la elaboraci\u00f3n de estrategias [&hellip;]<\/p>\n","protected":false},"author":2,"featured_media":0,"parent":0,"menu_order":14,"comment_status":"closed","ping_status":"closed","template":"","meta":{"tpgb_global_settings":"","footnotes":""},"class_list":["post-1001191","page","type-page","status-publish","hentry"],"yoast_head":"<!-- This site is optimized with the Yoast SEO plugin v22.6 - https:\/\/yoast.com\/wordpress\/plugins\/seo\/ -->\n<title>Servicios de etiquetado electr\u00f3nico - Labellink<\/title>\n<meta name=\"description\" content=\"Los servicios de etiquetado electr\u00f3nico de Labellink abarcan la consultor\u00eda, el dise\u00f1o UX, el desarrollo, la formaci\u00f3n y la creaci\u00f3n de contenidos profesionales, proporcionando una soluci\u00f3n integral para una gesti\u00f3n perfecta del etiquetado electr\u00f3nico.\" \/>\n<meta name=\"robots\" content=\"index, follow, max-snippet:-1, max-image-preview:large, max-video-preview:-1\" \/>\n<link rel=\"canonical\" href=\"https:\/\/labellink.org\/es\/servicios-de-etiquetado-electronico-labellink\/\" \/>\n<meta property=\"og:locale\" content=\"es_ES\" \/>\n<meta property=\"og:type\" content=\"article\" \/>\n<meta property=\"og:title\" content=\"Servicios de etiquetado electr\u00f3nico - Labellink\" \/>\n<meta property=\"og:description\" content=\"Los servicios de etiquetado electr\u00f3nico de Labellink abarcan la consultor\u00eda, el dise\u00f1o UX, el desarrollo, la formaci\u00f3n y la creaci\u00f3n de contenidos profesionales, proporcionando una soluci\u00f3n integral para una gesti\u00f3n perfecta del etiquetado electr\u00f3nico.\" \/>\n<meta property=\"og:url\" content=\"https:\/\/labellink.org\/es\/servicios-de-etiquetado-electronico-labellink\/\" \/>\n<meta property=\"og:site_name\" content=\"Labellink\" \/>\n<meta property=\"article:modified_time\" content=\"2024-04-16T07:45:57+00:00\" \/>\n<meta property=\"og:image\" content=\"https:\/\/labellink.org\/wp-content\/uploads\/labellink.png\" \/>\n\t<meta property=\"og:image:width\" content=\"1200\" \/>\n\t<meta property=\"og:image:height\" content=\"675\" \/>\n\t<meta property=\"og:image:type\" content=\"image\/png\" \/>\n<meta name=\"twitter:card\" content=\"summary_large_image\" \/>\n<meta name=\"twitter:label1\" content=\"Tiempo de lectura\" \/>\n\t<meta name=\"twitter:data1\" content=\"2 minutos\" \/>\n<script type=\"application\/ld+json\" class=\"yoast-schema-graph\">{\"@context\":\"https:\/\/schema.org\",\"@graph\":[{\"@type\":\"WebPage\",\"@id\":\"https:\/\/labellink.org\/es\/servicios-de-etiquetado-electronico-labellink\/\",\"url\":\"https:\/\/labellink.org\/es\/servicios-de-etiquetado-electronico-labellink\/\",\"name\":\"Servicios de etiquetado electr\u00f3nico - Labellink\",\"isPartOf\":{\"@id\":\"https:\/\/labellink.org\/es\/#website\"},\"datePublished\":\"2024-06-30T09:58:32+00:00\",\"dateModified\":\"2024-04-16T07:45:57+00:00\",\"description\":\"Los servicios de etiquetado electr\u00f3nico de Labellink abarcan la consultor\u00eda, el dise\u00f1o UX, el desarrollo, la formaci\u00f3n y la creaci\u00f3n de contenidos profesionales, proporcionando una soluci\u00f3n integral para una gesti\u00f3n perfecta del etiquetado electr\u00f3nico.\",\"breadcrumb\":{\"@id\":\"https:\/\/labellink.org\/es\/servicios-de-etiquetado-electronico-labellink\/#breadcrumb\"},\"inLanguage\":\"es\",\"potentialAction\":[{\"@type\":\"ReadAction\",\"target\":[\"https:\/\/labellink.org\/es\/servicios-de-etiquetado-electronico-labellink\/\"]}]},{\"@type\":\"BreadcrumbList\",\"@id\":\"https:\/\/labellink.org\/es\/servicios-de-etiquetado-electronico-labellink\/#breadcrumb\",\"itemListElement\":[{\"@type\":\"ListItem\",\"position\":1,\"name\":\"Home\",\"item\":\"https:\/\/labellink.org\/es\/\"},{\"@type\":\"ListItem\",\"position\":2,\"name\":\"Servicios de etiquetado electr\u00f3nico &#8211; Labellink\"}]},{\"@type\":\"WebSite\",\"@id\":\"https:\/\/labellink.org\/es\/#website\",\"url\":\"https:\/\/labellink.org\/es\/\",\"name\":\"Labellink\",\"description\":\"E-label software and services\",\"publisher\":{\"@id\":\"https:\/\/labellink.org\/es\/#organization\"},\"potentialAction\":[{\"@type\":\"SearchAction\",\"target\":{\"@type\":\"EntryPoint\",\"urlTemplate\":\"https:\/\/labellink.org\/es\/?s={search_term_string}\"},\"query-input\":\"required name=search_term_string\"}],\"inLanguage\":\"es\"},{\"@type\":\"Organization\",\"@id\":\"https:\/\/labellink.org\/es\/#organization\",\"name\":\"Labellink\",\"url\":\"https:\/\/labellink.org\/es\/\",\"logo\":{\"@type\":\"ImageObject\",\"inLanguage\":\"es\",\"@id\":\"https:\/\/labellink.org\/es\/#\/schema\/logo\/image\/\",\"url\":\"https:\/\/labellink.org\/wp-content\/uploads\/2024\/01\/labellink-logo.png\",\"contentUrl\":\"https:\/\/labellink.org\/wp-content\/uploads\/2024\/01\/labellink-logo.png\",\"width\":900,\"height\":200,\"caption\":\"Labellink\"},\"image\":{\"@id\":\"https:\/\/labellink.org\/es\/#\/schema\/logo\/image\/\"}}]}<\/script>\n<!-- \/ Yoast SEO plugin. -->","yoast_head_json":{"title":"Servicios de etiquetado electr\u00f3nico - Labellink","description":"Los servicios de etiquetado electr\u00f3nico de Labellink abarcan la consultor\u00eda, el dise\u00f1o UX, el desarrollo, la formaci\u00f3n y la creaci\u00f3n de contenidos profesionales, proporcionando una soluci\u00f3n integral para una gesti\u00f3n perfecta del etiquetado electr\u00f3nico.","robots":{"index":"index","follow":"follow","max-snippet":"max-snippet:-1","max-image-preview":"max-image-preview:large","max-video-preview":"max-video-preview:-1"},"canonical":"https:\/\/labellink.org\/es\/servicios-de-etiquetado-electronico-labellink\/","og_locale":"es_ES","og_type":"article","og_title":"Servicios de etiquetado electr\u00f3nico - Labellink","og_description":"Los servicios de etiquetado electr\u00f3nico de Labellink abarcan la consultor\u00eda, el dise\u00f1o UX, el desarrollo, la formaci\u00f3n y la creaci\u00f3n de contenidos profesionales, proporcionando una soluci\u00f3n integral para una gesti\u00f3n perfecta del etiquetado electr\u00f3nico.","og_url":"https:\/\/labellink.org\/es\/servicios-de-etiquetado-electronico-labellink\/","og_site_name":"Labellink","article_modified_time":"2024-04-16T07:45:57+00:00","og_image":[{"width":1200,"height":675,"url":"https:\/\/labellink.org\/wp-content\/uploads\/labellink.png","type":"image\/png"}],"twitter_card":"summary_large_image","twitter_misc":{"Tiempo de lectura":"2 minutos"},"schema":{"@context":"https:\/\/schema.org","@graph":[{"@type":"WebPage","@id":"https:\/\/labellink.org\/es\/servicios-de-etiquetado-electronico-labellink\/","url":"https:\/\/labellink.org\/es\/servicios-de-etiquetado-electronico-labellink\/","name":"Servicios de etiquetado electr\u00f3nico - Labellink","isPartOf":{"@id":"https:\/\/labellink.org\/es\/#website"},"datePublished":"2024-06-30T09:58:32+00:00","dateModified":"2024-04-16T07:45:57+00:00","description":"Los servicios de etiquetado electr\u00f3nico de Labellink abarcan la consultor\u00eda, el dise\u00f1o UX, el desarrollo, la formaci\u00f3n y la creaci\u00f3n de contenidos profesionales, proporcionando una soluci\u00f3n integral para una gesti\u00f3n perfecta del etiquetado electr\u00f3nico.","breadcrumb":{"@id":"https:\/\/labellink.org\/es\/servicios-de-etiquetado-electronico-labellink\/#breadcrumb"},"inLanguage":"es","potentialAction":[{"@type":"ReadAction","target":["https:\/\/labellink.org\/es\/servicios-de-etiquetado-electronico-labellink\/"]}]},{"@type":"BreadcrumbList","@id":"https:\/\/labellink.org\/es\/servicios-de-etiquetado-electronico-labellink\/#breadcrumb","itemListElement":[{"@type":"ListItem","position":1,"name":"Home","item":"https:\/\/labellink.org\/es\/"},{"@type":"ListItem","position":2,"name":"Servicios de etiquetado electr\u00f3nico &#8211; Labellink"}]},{"@type":"WebSite","@id":"https:\/\/labellink.org\/es\/#website","url":"https:\/\/labellink.org\/es\/","name":"Labellink","description":"E-label software and services","publisher":{"@id":"https:\/\/labellink.org\/es\/#organization"},"potentialAction":[{"@type":"SearchAction","target":{"@type":"EntryPoint","urlTemplate":"https:\/\/labellink.org\/es\/?s={search_term_string}"},"query-input":"required name=search_term_string"}],"inLanguage":"es"},{"@type":"Organization","@id":"https:\/\/labellink.org\/es\/#organization","name":"Labellink","url":"https:\/\/labellink.org\/es\/","logo":{"@type":"ImageObject","inLanguage":"es","@id":"https:\/\/labellink.org\/es\/#\/schema\/logo\/image\/","url":"https:\/\/labellink.org\/wp-content\/uploads\/2024\/01\/labellink-logo.png","contentUrl":"https:\/\/labellink.org\/wp-content\/uploads\/2024\/01\/labellink-logo.png","width":900,"height":200,"caption":"Labellink"},"image":{"@id":"https:\/\/labellink.org\/es\/#\/schema\/logo\/image\/"}}]}},"tpgb_featured_images":null,"tpgb_post_meta_info":{"get_date":"30 junio 2024","author_name":"Boris Motusic","author_url":"https:\/\/labellink.org\/es\/author\/boris\/","author_email":"boris@uexperts.com","author_website":"https:\/\/www.linkedin.com\/in\/boris-motusic\/","author_description":"Boris Motusic is the CEO of Labellink and United Experts, a seasoned Chief Solution Architect, consultant, author, and public speaker, with experience working on projects for global brands like Microsoft, BNP Paribas, ABB, Panasonic, and Best Western Hotels.\r\n\r\n<a href=\"https:\/\/www.linkedin.com\/in\/boris-motusic\/\">LinkedIn Profile<\/a>","author_facebook":"","author_twitter":"","author_instagram":"","author_role":["administrator"],"author_firstname":"Boris","author_lastname":"Motusic","user_login":"Boris","author_avatar":"<img alt='' src='https:\/\/secure.gravatar.com\/avatar\/a16ac50596ba289795b185a9dc6123239c87be7224f05ac14470b09a0d3cf8c4?s=200&#038;d=mm&#038;r=g' srcset='https:\/\/secure.gravatar.com\/avatar\/a16ac50596ba289795b185a9dc6123239c87be7224f05ac14470b09a0d3cf8c4?s=400&#038;d=mm&#038;r=g 2x' class='avatar avatar-200 photo' height='200' width='200' decoding='async'\/>","author_avatar_url":"https:\/\/secure.gravatar.com\/avatar\/a16ac50596ba289795b185a9dc6123239c87be7224f05ac14470b09a0d3cf8c4?s=96&d=mm&r=g","comment_count":0,"post_likes":0,"post_views":0},"tpgb_post_category":[],"_links":{"self":[{"href":"https:\/\/labellink.org\/es\/wp-json\/wp\/v2\/pages\/1001191","targetHints":{"allow":["GET"]}}],"collection":[{"href":"https:\/\/labellink.org\/es\/wp-json\/wp\/v2\/pages"}],"about":[{"href":"https:\/\/labellink.org\/es\/wp-json\/wp\/v2\/types\/page"}],"author":[{"embeddable":true,"href":"https:\/\/labellink.org\/es\/wp-json\/wp\/v2\/users\/2"}],"replies":[{"embeddable":true,"href":"https:\/\/labellink.org\/es\/wp-json\/wp\/v2\/comments?post=1001191"}],"version-history":[{"count":3,"href":"https:\/\/labellink.org\/es\/wp-json\/wp\/v2\/pages\/1001191\/revisions"}],"predecessor-version":[{"id":1001275,"href":"https:\/\/labellink.org\/es\/wp-json\/wp\/v2\/pages\/1001191\/revisions\/1001275"}],"wp:attachment":[{"href":"https:\/\/labellink.org\/es\/wp-json\/wp\/v2\/media?parent=1001191"}],"curies":[{"name":"wp","href":"https:\/\/api.w.org\/{rel}","templated":true}]}}