{"id":1001163,"date":"2024-06-30T10:42:57","date_gmt":"2024-06-30T09:42:57","guid":{"rendered":"https:\/\/labellink.org\/cumplimiento-y-certificacion-de-etiquetado-electronico-labellink\/"},"modified":"2024-04-16T08:36:13","modified_gmt":"2024-04-16T07:36:13","slug":"cumplimiento-y-certificacion-de-etiquetado-electronico-labellink","status":"publish","type":"page","link":"https:\/\/labellink.org\/es\/cumplimiento-y-certificacion-de-etiquetado-electronico-labellink\/","title":{"rendered":"Cumplimiento y certificaci\u00f3n de etiquetado electr\u00f3nico &#8211; Labellink"},"content":{"rendered":"\t\t<div data-elementor-type=\"wp-page\" data-elementor-id=\"1001163\" class=\"elementor elementor-1001163 elementor-995733\" data-elementor-post-type=\"page\">\n\t\t\t\t<div data-particle_enable=\"false\" data-particle-mobile-disabled=\"false\" class=\"elementor-element elementor-element-4c2425a e-flex e-con-boxed e-con e-parent\" data-id=\"4c2425a\" data-element_type=\"container\" data-settings=\"{&quot;background_background&quot;:&quot;classic&quot;,&quot;jet_parallax_layout_list&quot;:[]}\">\n\t\t\t\t\t<div class=\"e-con-inner\">\n\t\t<div data-particle_enable=\"false\" data-particle-mobile-disabled=\"false\" class=\"elementor-element elementor-element-eebdc63 e-con-full e-flex e-con e-child\" data-id=\"eebdc63\" data-element_type=\"container\" data-settings=\"{&quot;jet_parallax_layout_list&quot;:[]}\">\n\t\t\t\t<div class=\"elementor-element elementor-element-eeb445c elementor-widget__width-initial elementor-widget elementor-widget-heading\" data-id=\"eeb445c\" data-element_type=\"widget\" data-widget_type=\"heading.default\">\n\t\t\t\t<div class=\"elementor-widget-container\">\n\t\t\t<h1 class=\"elementor-heading-title elementor-size-default\">Cumplimiento y certificaci\u00f3n de la etiqueta electr\u00f3nica<\/h1>\t\t<\/div>\n\t\t\t\t<\/div>\n\t\t\t\t<div class=\"elementor-element elementor-element-07f8088 elementor-widget elementor-widget-text-editor\" data-id=\"07f8088\" data-element_type=\"widget\" data-widget_type=\"text-editor.default\">\n\t\t\t\t<div class=\"elementor-widget-container\">\n\t\t\t\t\t\t\t<div data-pm-slice=\"1 1 []\" data-en-clipboard=\"true\">\n<div data-pm-slice=\"1 1 []\" data-en-clipboard=\"true\">\n<div data-pm-slice=\"1 1 []\" data-en-clipboard=\"true\">\n<div class=\"flex flex-grow flex-col max-w-full\">\n<div class=\"min-h-[20px] text-message flex flex-col items-start gap-3 whitespace-pre-wrap break-words [.text-message+&amp;]:mt-5 overflow-x-auto\" data-message-author-role=\"assistant\" data-message-id=\"dce313ee-9c02-4c7b-b21a-9372c8241400\">\n<div class=\"markdown prose w-full break-words dark:prose-invert light\">\n<p>La certificaci\u00f3n Labellink garantiza a los consumidores y simplifica a las empresas la certificaci\u00f3n y el cumplimiento de la etiqueta electr\u00f3nica.<\/p>\n<\/div>\n<\/div>\n<\/div>\n<\/div>\n<\/div>\n<\/div>\n\t\t\t\t\t\t<\/div>\n\t\t\t\t<\/div>\n\t\t\t\t<\/div>\n\t\t\t\t\t<\/div>\n\t\t\t\t<\/div>\n\t\t<div data-particle_enable=\"false\" data-particle-mobile-disabled=\"false\" class=\"elementor-element elementor-element-8262044 e-flex e-con-boxed e-con e-parent\" data-id=\"8262044\" data-element_type=\"container\" data-settings=\"{&quot;background_background&quot;:&quot;classic&quot;,&quot;jet_parallax_layout_list&quot;:[]}\">\n\t\t\t\t\t<div class=\"e-con-inner\">\n\t\t<div data-particle_enable=\"false\" data-particle-mobile-disabled=\"false\" class=\"elementor-element elementor-element-dc72668 e-con-full e-flex e-con e-child\" data-id=\"dc72668\" data-element_type=\"container\" data-settings=\"{&quot;background_background&quot;:&quot;classic&quot;,&quot;jet_parallax_layout_list&quot;:[]}\">\n\t\t\t\t<div class=\"elementor-element elementor-element-7e83179 elementor-widget elementor-widget-heading\" data-id=\"7e83179\" data-element_type=\"widget\" data-widget_type=\"heading.default\">\n\t\t\t\t<div class=\"elementor-widget-container\">\n\t\t\t<h3 class=\"elementor-heading-title elementor-size-default\">Conformidad<\/h3>\t\t<\/div>\n\t\t\t\t<\/div>\n\t\t\t\t<div class=\"elementor-element elementor-element-65236c5 elementor-widget elementor-widget-text-editor\" data-id=\"65236c5\" data-element_type=\"widget\" data-widget_type=\"text-editor.default\">\n\t\t\t\t<div class=\"elementor-widget-container\">\n\t\t\t\t\t\t\t<p>En el \u00e1mbito del etiquetado digital, es primordial cumplir las normas reglamentarias. La plataforma de Labellink est\u00e1 meticulosamente dise\u00f1ada para garantizar que todas las etiquetas electr\u00f3nicas generadas y gestionadas a trav\u00e9s de su sistema cumplan autom\u00e1ticamente los estrictos requisitos establecidos por las normativas tanto de la Uni\u00f3n Europea (UE) como de Estados Unidos (EE.UU.). Este cumplimiento autom\u00e1tico elimina la necesidad de que las empresas naveguen por la compleja red de requisitos normativos individuales, ahorrando tiempo y reduciendo el riesgo de sanciones por incumplimiento. Labellink se mantiene al corriente de los cambios normativos y actualiza sus funciones de conformidad en consecuencia, lo que proporciona a las empresas una tranquilidad continua y garantiza que sus etiquetas electr\u00f3nicas se ajusten siempre a las normas legales m\u00e1s recientes.<\/p>\n\t\t\t\t\t\t<\/div>\n\t\t\t\t<\/div>\n\t\t\t\t<\/div>\n\t\t<div data-particle_enable=\"false\" data-particle-mobile-disabled=\"false\" class=\"elementor-element elementor-element-ce88a05 e-con-full e-flex e-con e-child\" data-id=\"ce88a05\" data-element_type=\"container\" data-settings=\"{&quot;background_background&quot;:&quot;classic&quot;,&quot;jet_parallax_layout_list&quot;:[]}\">\n\t\t\t\t<div class=\"elementor-element elementor-element-a065a9d elementor-hidden-mobile elementor-widget elementor-widget-image\" data-id=\"a065a9d\" data-element_type=\"widget\" data-widget_type=\"image.default\">\n\t\t\t\t<div class=\"elementor-widget-container\">\n\t\t\t\t\t\t\t\t\t\t\t\t\t<img fetchpriority=\"high\" decoding=\"async\" width=\"500\" height=\"500\" src=\"https:\/\/labellink.org\/wp-content\/uploads\/2024\/04\/e-label-compliance-1.webp\" class=\"attachment-full size-full wp-image-997067\" alt=\"\" srcset=\"https:\/\/labellink.org\/wp-content\/uploads\/2024\/04\/e-label-compliance-1.webp 500w, https:\/\/labellink.org\/wp-content\/uploads\/2024\/04\/e-label-compliance-1-300x300.webp 300w, https:\/\/labellink.org\/wp-content\/uploads\/2024\/04\/e-label-compliance-1-700x700.webp 700w, https:\/\/labellink.org\/wp-content\/uploads\/2024\/04\/e-label-compliance-1-900x900.webp 900w, https:\/\/labellink.org\/wp-content\/uploads\/2024\/04\/e-label-compliance-1-1200x1200.webp 1200w\" sizes=\"(max-width: 500px) 100vw, 500px\" \/>\t\t\t\t\t\t\t\t\t\t\t\t\t<\/div>\n\t\t\t\t<\/div>\n\t\t\t\t<\/div>\n\t\t\t\t\t<\/div>\n\t\t\t\t<\/div>\n\t\t<div data-particle_enable=\"false\" data-particle-mobile-disabled=\"false\" class=\"elementor-element elementor-element-f61120e e-flex e-con-boxed e-con e-parent\" data-id=\"f61120e\" data-element_type=\"container\" data-settings=\"{&quot;background_background&quot;:&quot;classic&quot;,&quot;jet_parallax_layout_list&quot;:[]}\">\n\t\t\t\t\t<div class=\"e-con-inner\">\n\t\t<div data-particle_enable=\"false\" data-particle-mobile-disabled=\"false\" class=\"elementor-element elementor-element-8b7be9d e-con-full e-flex e-con e-child\" data-id=\"8b7be9d\" data-element_type=\"container\" data-settings=\"{&quot;background_background&quot;:&quot;classic&quot;,&quot;jet_parallax_layout_list&quot;:[]}\">\n\t\t\t\t<div class=\"elementor-element elementor-element-0a7d21e elementor-widget elementor-widget-heading\" data-id=\"0a7d21e\" data-element_type=\"widget\" data-widget_type=\"heading.default\">\n\t\t\t\t<div class=\"elementor-widget-container\">\n\t\t\t<h3 class=\"elementor-heading-title elementor-size-default\">Certificaci\u00f3n<\/h3>\t\t<\/div>\n\t\t\t\t<\/div>\n\t\t\t\t<div class=\"elementor-element elementor-element-84a9a79 elementor-widget elementor-widget-text-editor\" data-id=\"84a9a79\" data-element_type=\"widget\" data-widget_type=\"text-editor.default\">\n\t\t\t\t<div class=\"elementor-widget-container\">\n\t\t\t\t\t\t\t<p>M\u00e1s all\u00e1 de la mera conformidad, Labellink eleva el nivel de las etiquetas electr\u00f3nicas con su funci\u00f3n de certificaci\u00f3n, que ofrece una marca de autenticidad y garant\u00eda de calidad que las empresas pueden exhibir en sus etiquetas digitales. Esta certificaci\u00f3n es un testimonio de la adhesi\u00f3n de la etiqueta electr\u00f3nica a las normas y reglamentos establecidos, proporcionando una capa adicional de confianza y seguridad a los consumidores. Al someterse al proceso de certificaci\u00f3n de Labellink, las empresas pueden diferenciar sus productos, mejorar la credibilidad de su marca y fomentar la confianza de los consumidores. El proceso de certificaci\u00f3n Labellink es minucioso pero sencillo, dise\u00f1ado para ser accesible a empresas de todos los tama\u00f1os y para garantizar a los consumidores la informaci\u00f3n y los productos que encuentran.<\/p>\n\t\t\t\t\t\t<\/div>\n\t\t\t\t<\/div>\n\t\t\t\t<\/div>\n\t\t<div data-particle_enable=\"false\" data-particle-mobile-disabled=\"false\" class=\"elementor-element elementor-element-7e52141 e-con-full e-flex e-con e-child\" data-id=\"7e52141\" data-element_type=\"container\" data-settings=\"{&quot;background_background&quot;:&quot;classic&quot;,&quot;jet_parallax_layout_list&quot;:[]}\">\n\t\t\t\t<div class=\"elementor-element elementor-element-2fa679d elementor-hidden-mobile elementor-widget elementor-widget-image\" data-id=\"2fa679d\" data-element_type=\"widget\" data-widget_type=\"image.default\">\n\t\t\t\t<div class=\"elementor-widget-container\">\n\t\t\t\t\t\t\t\t\t\t\t\t\t<img decoding=\"async\" width=\"500\" height=\"500\" src=\"https:\/\/labellink.org\/wp-content\/uploads\/2024\/03\/qr-label-certification-1.png\" class=\"attachment-full size-full wp-image-991618\" alt=\"\" srcset=\"https:\/\/labellink.org\/wp-content\/uploads\/2024\/03\/qr-label-certification-1.png 500w, https:\/\/labellink.org\/wp-content\/uploads\/2024\/03\/qr-label-certification-1-300x300.png 300w, https:\/\/labellink.org\/wp-content\/uploads\/2024\/03\/qr-label-certification-1-700x700.png 700w, https:\/\/labellink.org\/wp-content\/uploads\/2024\/03\/qr-label-certification-1-900x900.png 900w, https:\/\/labellink.org\/wp-content\/uploads\/2024\/03\/qr-label-certification-1-1200x1200.png 1200w\" sizes=\"(max-width: 500px) 100vw, 500px\" \/>\t\t\t\t\t\t\t\t\t\t\t\t\t<\/div>\n\t\t\t\t<\/div>\n\t\t\t\t<\/div>\n\t\t\t\t\t<\/div>\n\t\t\t\t<\/div>\n\t\t<div data-particle_enable=\"false\" data-particle-mobile-disabled=\"false\" class=\"elementor-element elementor-element-2e7255f e-flex e-con-boxed e-con e-parent\" data-id=\"2e7255f\" data-element_type=\"container\" data-settings=\"{&quot;background_background&quot;:&quot;classic&quot;,&quot;jet_parallax_layout_list&quot;:[]}\">\n\t\t\t\t\t<div class=\"e-con-inner\">\n\t\t<div data-particle_enable=\"false\" data-particle-mobile-disabled=\"false\" class=\"elementor-element elementor-element-2167b5b e-con-full e-flex e-con e-child\" data-id=\"2167b5b\" data-element_type=\"container\" data-settings=\"{&quot;background_background&quot;:&quot;classic&quot;,&quot;jet_parallax_layout_list&quot;:[]}\">\n\t\t\t\t<div class=\"elementor-element elementor-element-f424c84 elementor-widget elementor-widget-heading\" data-id=\"f424c84\" data-element_type=\"widget\" data-widget_type=\"heading.default\">\n\t\t\t\t<div class=\"elementor-widget-container\">\n\t\t\t<h3 class=\"elementor-heading-title elementor-size-default\">Verificaci\u00f3n<\/h3>\t\t<\/div>\n\t\t\t\t<\/div>\n\t\t\t\t<div class=\"elementor-element elementor-element-bbe4530 elementor-widget elementor-widget-text-editor\" data-id=\"bbe4530\" data-element_type=\"widget\" data-widget_type=\"text-editor.default\">\n\t\t\t\t<div class=\"elementor-widget-container\">\n\t\t\t\t\t\t\t<p>El proceso de verificaci\u00f3n de Labellink est\u00e1 intrincadamente dise\u00f1ado para infundir confianza entre los consumidores, garantizando que los vendedores que est\u00e1n detr\u00e1s de las etiquetas electr\u00f3nicas son aut\u00e9nticos y fiables. Este paso crucial no s\u00f3lo garantiza la integridad de la informaci\u00f3n presentada, sino que tambi\u00e9n sirve de salvaguardia contra productos falsificados y no autorizados en el mercado. Mediante una meticulosa verificaci\u00f3n de los vendedores, Labellink establece una red de fuentes de confianza, lo que permite a los consumidores distinguir f\u00e1cilmente los productos aut\u00e9nticos de las imitaciones. Este nivel de verificaci\u00f3n es especialmente importante en el mercado actual, donde discernir la legitimidad de la informaci\u00f3n y los productos en l\u00ednea puede resultar dif\u00edcil. La dedicaci\u00f3n de Labellink a la verificaci\u00f3n de proveedores subraya su compromiso de mantener los m\u00e1s altos niveles de transparencia y fiabilidad en el ecosistema de la etiqueta electr\u00f3nica.<\/p>\n\t\t\t\t\t\t<\/div>\n\t\t\t\t<\/div>\n\t\t\t\t<\/div>\n\t\t<div data-particle_enable=\"false\" data-particle-mobile-disabled=\"false\" class=\"elementor-element elementor-element-eb19df2 e-con-full e-flex e-con e-child\" data-id=\"eb19df2\" data-element_type=\"container\" data-settings=\"{&quot;background_background&quot;:&quot;classic&quot;,&quot;jet_parallax_layout_list&quot;:[]}\">\n\t\t\t\t<div class=\"elementor-element elementor-element-b0fb73c elementor-hidden-mobile elementor-widget elementor-widget-image\" data-id=\"b0fb73c\" data-element_type=\"widget\" data-widget_type=\"image.default\">\n\t\t\t\t<div class=\"elementor-widget-container\">\n\t\t\t\t\t\t\t\t\t\t\t\t\t<img decoding=\"async\" width=\"500\" height=\"500\" src=\"https:\/\/labellink.org\/wp-content\/uploads\/2024\/04\/e-label-verification-1.webp\" class=\"attachment-full size-full wp-image-997068\" alt=\"\" srcset=\"https:\/\/labellink.org\/wp-content\/uploads\/2024\/04\/e-label-verification-1.webp 500w, https:\/\/labellink.org\/wp-content\/uploads\/2024\/04\/e-label-verification-1-300x300.webp 300w, https:\/\/labellink.org\/wp-content\/uploads\/2024\/04\/e-label-verification-1-700x700.webp 700w, https:\/\/labellink.org\/wp-content\/uploads\/2024\/04\/e-label-verification-1-900x900.webp 900w, https:\/\/labellink.org\/wp-content\/uploads\/2024\/04\/e-label-verification-1-1200x1200.webp 1200w\" sizes=\"(max-width: 500px) 100vw, 500px\" \/>\t\t\t\t\t\t\t\t\t\t\t\t\t<\/div>\n\t\t\t\t<\/div>\n\t\t\t\t<\/div>\n\t\t\t\t\t<\/div>\n\t\t\t\t<\/div>\n\t\t\t\t<\/div>\n\t\t","protected":false},"excerpt":{"rendered":"<p>Cumplimiento y certificaci\u00f3n de la etiqueta electr\u00f3nica La certificaci\u00f3n Labellink garantiza a los consumidores y simplifica a las empresas la certificaci\u00f3n y el cumplimiento de la etiqueta electr\u00f3nica. Conformidad En el \u00e1mbito del etiquetado digital, es primordial cumplir las normas reglamentarias. La plataforma de Labellink est\u00e1 meticulosamente dise\u00f1ada para garantizar que todas las etiquetas electr\u00f3nicas [&hellip;]<\/p>\n","protected":false},"author":2,"featured_media":0,"parent":0,"menu_order":11,"comment_status":"closed","ping_status":"closed","template":"","meta":{"tpgb_global_settings":"","footnotes":""},"class_list":["post-1001163","page","type-page","status-publish","hentry"],"yoast_head":"<!-- This site is optimized with the Yoast SEO plugin v22.6 - https:\/\/yoast.com\/wordpress\/plugins\/seo\/ -->\n<title>Cumplimiento y certificaci\u00f3n de etiquetado electr\u00f3nico - Labellink<\/title>\n<meta name=\"description\" content=\"Las soluciones de conformidad y certificaci\u00f3n de etiquetado electr\u00f3nico de Labellink agilizan las normas del sector y el etiquetado electr\u00f3nico, garantizando una conformidad sin fisuras.\" \/>\n<meta name=\"robots\" content=\"index, follow, max-snippet:-1, max-image-preview:large, max-video-preview:-1\" \/>\n<link rel=\"canonical\" href=\"https:\/\/labellink.org\/es\/cumplimiento-y-certificacion-de-etiquetado-electronico-labellink\/\" \/>\n<meta property=\"og:locale\" content=\"es_ES\" \/>\n<meta property=\"og:type\" content=\"article\" \/>\n<meta property=\"og:title\" content=\"Cumplimiento y certificaci\u00f3n de etiquetado electr\u00f3nico - Labellink\" \/>\n<meta property=\"og:description\" content=\"Las soluciones de conformidad y certificaci\u00f3n de etiquetado electr\u00f3nico de Labellink agilizan las normas del sector y el etiquetado electr\u00f3nico, garantizando una conformidad sin fisuras.\" \/>\n<meta property=\"og:url\" content=\"https:\/\/labellink.org\/es\/cumplimiento-y-certificacion-de-etiquetado-electronico-labellink\/\" \/>\n<meta property=\"og:site_name\" content=\"Labellink\" \/>\n<meta property=\"article:modified_time\" content=\"2024-04-16T07:36:13+00:00\" \/>\n<meta property=\"og:image\" content=\"https:\/\/labellink.org\/wp-content\/uploads\/2024\/04\/e-label-compliance-1.webp\" \/>\n<meta name=\"twitter:card\" content=\"summary_large_image\" \/>\n<meta name=\"twitter:label1\" content=\"Tiempo de lectura\" \/>\n\t<meta name=\"twitter:data1\" content=\"2 minutos\" \/>\n<script type=\"application\/ld+json\" class=\"yoast-schema-graph\">{\"@context\":\"https:\/\/schema.org\",\"@graph\":[{\"@type\":\"WebPage\",\"@id\":\"https:\/\/labellink.org\/es\/cumplimiento-y-certificacion-de-etiquetado-electronico-labellink\/\",\"url\":\"https:\/\/labellink.org\/es\/cumplimiento-y-certificacion-de-etiquetado-electronico-labellink\/\",\"name\":\"Cumplimiento y certificaci\u00f3n de etiquetado electr\u00f3nico - Labellink\",\"isPartOf\":{\"@id\":\"https:\/\/labellink.org\/es\/#website\"},\"primaryImageOfPage\":{\"@id\":\"https:\/\/labellink.org\/es\/cumplimiento-y-certificacion-de-etiquetado-electronico-labellink\/#primaryimage\"},\"image\":{\"@id\":\"https:\/\/labellink.org\/es\/cumplimiento-y-certificacion-de-etiquetado-electronico-labellink\/#primaryimage\"},\"thumbnailUrl\":\"https:\/\/labellink.org\/wp-content\/uploads\/2024\/04\/e-label-compliance-1.webp\",\"datePublished\":\"2024-06-30T09:42:57+00:00\",\"dateModified\":\"2024-04-16T07:36:13+00:00\",\"description\":\"Las soluciones de conformidad y certificaci\u00f3n de etiquetado electr\u00f3nico de Labellink agilizan las normas del sector y el etiquetado electr\u00f3nico, garantizando una conformidad sin fisuras.\",\"breadcrumb\":{\"@id\":\"https:\/\/labellink.org\/es\/cumplimiento-y-certificacion-de-etiquetado-electronico-labellink\/#breadcrumb\"},\"inLanguage\":\"es\",\"potentialAction\":[{\"@type\":\"ReadAction\",\"target\":[\"https:\/\/labellink.org\/es\/cumplimiento-y-certificacion-de-etiquetado-electronico-labellink\/\"]}]},{\"@type\":\"ImageObject\",\"inLanguage\":\"es\",\"@id\":\"https:\/\/labellink.org\/es\/cumplimiento-y-certificacion-de-etiquetado-electronico-labellink\/#primaryimage\",\"url\":\"https:\/\/labellink.org\/wp-content\/uploads\/2024\/04\/e-label-compliance-1.webp\",\"contentUrl\":\"https:\/\/labellink.org\/wp-content\/uploads\/2024\/04\/e-label-compliance-1.webp\"},{\"@type\":\"BreadcrumbList\",\"@id\":\"https:\/\/labellink.org\/es\/cumplimiento-y-certificacion-de-etiquetado-electronico-labellink\/#breadcrumb\",\"itemListElement\":[{\"@type\":\"ListItem\",\"position\":1,\"name\":\"Home\",\"item\":\"https:\/\/labellink.org\/es\/\"},{\"@type\":\"ListItem\",\"position\":2,\"name\":\"Cumplimiento y certificaci\u00f3n de etiquetado electr\u00f3nico &#8211; Labellink\"}]},{\"@type\":\"WebSite\",\"@id\":\"https:\/\/labellink.org\/es\/#website\",\"url\":\"https:\/\/labellink.org\/es\/\",\"name\":\"Labellink\",\"description\":\"E-label software and services\",\"publisher\":{\"@id\":\"https:\/\/labellink.org\/es\/#organization\"},\"potentialAction\":[{\"@type\":\"SearchAction\",\"target\":{\"@type\":\"EntryPoint\",\"urlTemplate\":\"https:\/\/labellink.org\/es\/?s={search_term_string}\"},\"query-input\":\"required name=search_term_string\"}],\"inLanguage\":\"es\"},{\"@type\":\"Organization\",\"@id\":\"https:\/\/labellink.org\/es\/#organization\",\"name\":\"Labellink\",\"url\":\"https:\/\/labellink.org\/es\/\",\"logo\":{\"@type\":\"ImageObject\",\"inLanguage\":\"es\",\"@id\":\"https:\/\/labellink.org\/es\/#\/schema\/logo\/image\/\",\"url\":\"https:\/\/labellink.org\/wp-content\/uploads\/2024\/01\/labellink-logo.png\",\"contentUrl\":\"https:\/\/labellink.org\/wp-content\/uploads\/2024\/01\/labellink-logo.png\",\"width\":900,\"height\":200,\"caption\":\"Labellink\"},\"image\":{\"@id\":\"https:\/\/labellink.org\/es\/#\/schema\/logo\/image\/\"}}]}<\/script>\n<!-- \/ Yoast SEO plugin. -->","yoast_head_json":{"title":"Cumplimiento y certificaci\u00f3n de etiquetado electr\u00f3nico - Labellink","description":"Las soluciones de conformidad y certificaci\u00f3n de etiquetado electr\u00f3nico de Labellink agilizan las normas del sector y el etiquetado electr\u00f3nico, garantizando una conformidad sin fisuras.","robots":{"index":"index","follow":"follow","max-snippet":"max-snippet:-1","max-image-preview":"max-image-preview:large","max-video-preview":"max-video-preview:-1"},"canonical":"https:\/\/labellink.org\/es\/cumplimiento-y-certificacion-de-etiquetado-electronico-labellink\/","og_locale":"es_ES","og_type":"article","og_title":"Cumplimiento y certificaci\u00f3n de etiquetado electr\u00f3nico - Labellink","og_description":"Las soluciones de conformidad y certificaci\u00f3n de etiquetado electr\u00f3nico de Labellink agilizan las normas del sector y el etiquetado electr\u00f3nico, garantizando una conformidad sin fisuras.","og_url":"https:\/\/labellink.org\/es\/cumplimiento-y-certificacion-de-etiquetado-electronico-labellink\/","og_site_name":"Labellink","article_modified_time":"2024-04-16T07:36:13+00:00","og_image":[{"url":"https:\/\/labellink.org\/wp-content\/uploads\/2024\/04\/e-label-compliance-1.webp"}],"twitter_card":"summary_large_image","twitter_misc":{"Tiempo de lectura":"2 minutos"},"schema":{"@context":"https:\/\/schema.org","@graph":[{"@type":"WebPage","@id":"https:\/\/labellink.org\/es\/cumplimiento-y-certificacion-de-etiquetado-electronico-labellink\/","url":"https:\/\/labellink.org\/es\/cumplimiento-y-certificacion-de-etiquetado-electronico-labellink\/","name":"Cumplimiento y certificaci\u00f3n de etiquetado electr\u00f3nico - Labellink","isPartOf":{"@id":"https:\/\/labellink.org\/es\/#website"},"primaryImageOfPage":{"@id":"https:\/\/labellink.org\/es\/cumplimiento-y-certificacion-de-etiquetado-electronico-labellink\/#primaryimage"},"image":{"@id":"https:\/\/labellink.org\/es\/cumplimiento-y-certificacion-de-etiquetado-electronico-labellink\/#primaryimage"},"thumbnailUrl":"https:\/\/labellink.org\/wp-content\/uploads\/2024\/04\/e-label-compliance-1.webp","datePublished":"2024-06-30T09:42:57+00:00","dateModified":"2024-04-16T07:36:13+00:00","description":"Las soluciones de conformidad y certificaci\u00f3n de etiquetado electr\u00f3nico de Labellink agilizan las normas del sector y el etiquetado electr\u00f3nico, garantizando una conformidad sin fisuras.","breadcrumb":{"@id":"https:\/\/labellink.org\/es\/cumplimiento-y-certificacion-de-etiquetado-electronico-labellink\/#breadcrumb"},"inLanguage":"es","potentialAction":[{"@type":"ReadAction","target":["https:\/\/labellink.org\/es\/cumplimiento-y-certificacion-de-etiquetado-electronico-labellink\/"]}]},{"@type":"ImageObject","inLanguage":"es","@id":"https:\/\/labellink.org\/es\/cumplimiento-y-certificacion-de-etiquetado-electronico-labellink\/#primaryimage","url":"https:\/\/labellink.org\/wp-content\/uploads\/2024\/04\/e-label-compliance-1.webp","contentUrl":"https:\/\/labellink.org\/wp-content\/uploads\/2024\/04\/e-label-compliance-1.webp"},{"@type":"BreadcrumbList","@id":"https:\/\/labellink.org\/es\/cumplimiento-y-certificacion-de-etiquetado-electronico-labellink\/#breadcrumb","itemListElement":[{"@type":"ListItem","position":1,"name":"Home","item":"https:\/\/labellink.org\/es\/"},{"@type":"ListItem","position":2,"name":"Cumplimiento y certificaci\u00f3n de etiquetado electr\u00f3nico &#8211; Labellink"}]},{"@type":"WebSite","@id":"https:\/\/labellink.org\/es\/#website","url":"https:\/\/labellink.org\/es\/","name":"Labellink","description":"E-label software and services","publisher":{"@id":"https:\/\/labellink.org\/es\/#organization"},"potentialAction":[{"@type":"SearchAction","target":{"@type":"EntryPoint","urlTemplate":"https:\/\/labellink.org\/es\/?s={search_term_string}"},"query-input":"required name=search_term_string"}],"inLanguage":"es"},{"@type":"Organization","@id":"https:\/\/labellink.org\/es\/#organization","name":"Labellink","url":"https:\/\/labellink.org\/es\/","logo":{"@type":"ImageObject","inLanguage":"es","@id":"https:\/\/labellink.org\/es\/#\/schema\/logo\/image\/","url":"https:\/\/labellink.org\/wp-content\/uploads\/2024\/01\/labellink-logo.png","contentUrl":"https:\/\/labellink.org\/wp-content\/uploads\/2024\/01\/labellink-logo.png","width":900,"height":200,"caption":"Labellink"},"image":{"@id":"https:\/\/labellink.org\/es\/#\/schema\/logo\/image\/"}}]}},"tpgb_featured_images":null,"tpgb_post_meta_info":{"get_date":"30 junio 2024","author_name":"Boris Motusic","author_url":"https:\/\/labellink.org\/es\/author\/boris\/","author_email":"boris@uexperts.com","author_website":"https:\/\/www.linkedin.com\/in\/boris-motusic\/","author_description":"Boris Motusic is the CEO of Labellink and United Experts, a seasoned Chief Solution Architect, consultant, author, and public speaker, with experience working on projects for global brands like Microsoft, BNP Paribas, ABB, Panasonic, and Best Western Hotels.\r\n\r\n<a href=\"https:\/\/www.linkedin.com\/in\/boris-motusic\/\">LinkedIn Profile<\/a>","author_facebook":"","author_twitter":"","author_instagram":"","author_role":["administrator"],"author_firstname":"Boris","author_lastname":"Motusic","user_login":"Boris","author_avatar":"<img alt='' src='https:\/\/secure.gravatar.com\/avatar\/a16ac50596ba289795b185a9dc6123239c87be7224f05ac14470b09a0d3cf8c4?s=200&#038;d=mm&#038;r=g' srcset='https:\/\/secure.gravatar.com\/avatar\/a16ac50596ba289795b185a9dc6123239c87be7224f05ac14470b09a0d3cf8c4?s=400&#038;d=mm&#038;r=g 2x' class='avatar avatar-200 photo' height='200' width='200' decoding='async'\/>","author_avatar_url":"https:\/\/secure.gravatar.com\/avatar\/a16ac50596ba289795b185a9dc6123239c87be7224f05ac14470b09a0d3cf8c4?s=96&d=mm&r=g","comment_count":0,"post_likes":0,"post_views":0},"tpgb_post_category":[],"_links":{"self":[{"href":"https:\/\/labellink.org\/es\/wp-json\/wp\/v2\/pages\/1001163","targetHints":{"allow":["GET"]}}],"collection":[{"href":"https:\/\/labellink.org\/es\/wp-json\/wp\/v2\/pages"}],"about":[{"href":"https:\/\/labellink.org\/es\/wp-json\/wp\/v2\/types\/page"}],"author":[{"embeddable":true,"href":"https:\/\/labellink.org\/es\/wp-json\/wp\/v2\/users\/2"}],"replies":[{"embeddable":true,"href":"https:\/\/labellink.org\/es\/wp-json\/wp\/v2\/comments?post=1001163"}],"version-history":[{"count":1,"href":"https:\/\/labellink.org\/es\/wp-json\/wp\/v2\/pages\/1001163\/revisions"}],"predecessor-version":[{"id":1001165,"href":"https:\/\/labellink.org\/es\/wp-json\/wp\/v2\/pages\/1001163\/revisions\/1001165"}],"wp:attachment":[{"href":"https:\/\/labellink.org\/es\/wp-json\/wp\/v2\/media?parent=1001163"}],"curies":[{"name":"wp","href":"https:\/\/api.w.org\/{rel}","templated":true}]}}