{"id":1001099,"date":"2024-06-30T10:06:47","date_gmt":"2024-06-30T09:06:47","guid":{"rendered":"https:\/\/labellink.org\/casos-practicos-de-etiquetado-electronico-labellink\/"},"modified":"2024-04-16T08:30:52","modified_gmt":"2024-04-16T07:30:52","slug":"casos-practicos-de-etiquetado-electronico-labellink","status":"publish","type":"page","link":"https:\/\/labellink.org\/es\/casos-practicos-de-etiquetado-electronico-labellink\/","title":{"rendered":"Casos pr\u00e1cticos de etiquetado electr\u00f3nico &#8211; Labellink"},"content":{"rendered":"\t\t<div data-elementor-type=\"wp-page\" data-elementor-id=\"1001099\" class=\"elementor elementor-1001099 elementor-996832\" data-elementor-post-type=\"page\">\n\t\t\t\t<div data-particle_enable=\"false\" data-particle-mobile-disabled=\"false\" class=\"elementor-element elementor-element-adf5fc8 e-flex e-con-boxed e-con e-parent\" data-id=\"adf5fc8\" data-element_type=\"container\" data-settings=\"{&quot;background_background&quot;:&quot;classic&quot;,&quot;jet_parallax_layout_list&quot;:[]}\">\n\t\t\t\t\t<div class=\"e-con-inner\">\n\t\t<div data-particle_enable=\"false\" data-particle-mobile-disabled=\"false\" class=\"elementor-element elementor-element-b21aaee e-con-full e-flex e-con e-child\" data-id=\"b21aaee\" data-element_type=\"container\" data-settings=\"{&quot;jet_parallax_layout_list&quot;:[]}\">\n\t\t\t\t<div class=\"elementor-element elementor-element-465b4f9 elementor-widget__width-initial elementor-widget elementor-widget-heading\" data-id=\"465b4f9\" data-element_type=\"widget\" data-widget_type=\"heading.default\">\n\t\t\t\t<div class=\"elementor-widget-container\">\n\t\t\t<h1 class=\"elementor-heading-title elementor-size-default\">Casos pr\u00e1cticos<\/h1>\t\t<\/div>\n\t\t\t\t<\/div>\n\t\t\t\t<div class=\"elementor-element elementor-element-2483773 elementor-widget elementor-widget-text-editor\" data-id=\"2483773\" data-element_type=\"widget\" data-widget_type=\"text-editor.default\">\n\t\t\t\t<div class=\"elementor-widget-container\">\n\t\t\t\t\t\t\t<div data-pm-slice=\"1 1 []\" data-en-clipboard=\"true\">\n<div data-pm-slice=\"1 1 []\" data-en-clipboard=\"true\">\n<div data-pm-slice=\"1 1 []\" data-en-clipboard=\"true\">Profundice en estudios de casos sobre aplicaciones de etiquetado electr\u00f3nico en distintos sectores.<\/div>\n<\/div>\n<\/div>\n\t\t\t\t\t\t<\/div>\n\t\t\t\t<\/div>\n\t\t\t\t<div class=\"elementor-element elementor-element-9a118c8 ee-grid-columns-4 ee-posts-thumbnail-ratio ee-grid-columns-tablet-2 ee-grid-columns-mobile-1 ee-grid-align--stretch ee-grid-halign--left ee-posts-align-top ee-posts-avatar-position-left elementor-widget elementor-widget-posts-extra\" data-id=\"9a118c8\" data-element_type=\"widget\" data-settings=\"{&quot;columns&quot;:&quot;4&quot;,&quot;columns_tablet&quot;:&quot;2&quot;,&quot;columns_mobile&quot;:&quot;1&quot;,&quot;classic_layout&quot;:&quot;default&quot;,&quot;classic_grid_columns_spacing&quot;:{&quot;unit&quot;:&quot;px&quot;,&quot;size&quot;:24,&quot;sizes&quot;:[]},&quot;classic_grid_columns_spacing_tablet&quot;:{&quot;unit&quot;:&quot;px&quot;,&quot;size&quot;:12,&quot;sizes&quot;:[]},&quot;classic_grid_columns_spacing_mobile&quot;:{&quot;unit&quot;:&quot;px&quot;,&quot;size&quot;:0,&quot;sizes&quot;:[]}}\" data-widget_type=\"posts-extra.classic\">\n\t\t\t\t<div class=\"elementor-widget-container\">\n\t\t\t<div class=\"ee-posts__nothing-found\">It seems we can't find what you're looking for.<\/div>\t\t<\/div>\n\t\t\t\t<\/div>\n\t\t\t\t<\/div>\n\t\t\t\t\t<\/div>\n\t\t\t\t<\/div>\n\t\t\t\t<\/div>\n\t\t","protected":false},"excerpt":{"rendered":"<p>Casos pr\u00e1cticos Profundice en estudios de casos sobre aplicaciones de etiquetado electr\u00f3nico en distintos sectores. Eco-Friendly City Campaigns: Amplifying Sustainability Initiatives Through QR Codes Engaging Citizens with Gamified City Tours: The Power of QR Code Scavenger Hunts From Farm to Table: QR Codes Trace the Journey of Organic Produce Bean &#038; Bean Coffee Roasters&#8217; Success [&hellip;]<\/p>\n","protected":false},"author":2,"featured_media":0,"parent":0,"menu_order":17,"comment_status":"closed","ping_status":"closed","template":"","meta":{"tpgb_global_settings":"","footnotes":""},"class_list":["post-1001099","page","type-page","status-publish","hentry"],"yoast_head":"<!-- This site is optimized with the Yoast SEO plugin v22.6 - https:\/\/yoast.com\/wordpress\/plugins\/seo\/ -->\n<title>Casos pr\u00e1cticos de etiquetado electr\u00f3nico - Labellink<\/title>\n<meta name=\"description\" content=\"Casos pr\u00e1cticos de etiquetado electr\u00f3nico de Labellink: Sum\u00e9rjase en ejemplos reales que muestran la eficacia de las soluciones de etiquetado electr\u00f3nico.\" \/>\n<meta name=\"robots\" content=\"index, follow, max-snippet:-1, max-image-preview:large, max-video-preview:-1\" \/>\n<link rel=\"canonical\" href=\"https:\/\/labellink.org\/es\/casos-practicos-de-etiquetado-electronico-labellink\/\" \/>\n<meta property=\"og:locale\" content=\"es_ES\" \/>\n<meta property=\"og:type\" content=\"article\" \/>\n<meta property=\"og:title\" content=\"Casos pr\u00e1cticos de etiquetado electr\u00f3nico - Labellink\" \/>\n<meta property=\"og:description\" content=\"Casos pr\u00e1cticos de etiquetado electr\u00f3nico de Labellink: Sum\u00e9rjase en ejemplos reales que muestran la eficacia de las soluciones de etiquetado electr\u00f3nico.\" \/>\n<meta property=\"og:url\" content=\"https:\/\/labellink.org\/es\/casos-practicos-de-etiquetado-electronico-labellink\/\" \/>\n<meta property=\"og:site_name\" content=\"Labellink\" \/>\n<meta property=\"article:modified_time\" content=\"2024-04-16T07:30:52+00:00\" \/>\n<meta property=\"og:image\" content=\"https:\/\/labellink.org\/wp-content\/uploads\/qr-codes-city-government-Sustainability-300x300.webp\" \/>\n<meta name=\"twitter:card\" content=\"summary_large_image\" \/>\n<script type=\"application\/ld+json\" class=\"yoast-schema-graph\">{\"@context\":\"https:\/\/schema.org\",\"@graph\":[{\"@type\":\"WebPage\",\"@id\":\"https:\/\/labellink.org\/es\/casos-practicos-de-etiquetado-electronico-labellink\/\",\"url\":\"https:\/\/labellink.org\/es\/casos-practicos-de-etiquetado-electronico-labellink\/\",\"name\":\"Casos pr\u00e1cticos de etiquetado electr\u00f3nico - Labellink\",\"isPartOf\":{\"@id\":\"https:\/\/labellink.org\/es\/#website\"},\"primaryImageOfPage\":{\"@id\":\"https:\/\/labellink.org\/es\/casos-practicos-de-etiquetado-electronico-labellink\/#primaryimage\"},\"image\":{\"@id\":\"https:\/\/labellink.org\/es\/casos-practicos-de-etiquetado-electronico-labellink\/#primaryimage\"},\"thumbnailUrl\":\"https:\/\/labellink.org\/wp-content\/uploads\/qr-codes-city-government-Sustainability-300x300.webp\",\"datePublished\":\"2024-06-30T09:06:47+00:00\",\"dateModified\":\"2024-04-16T07:30:52+00:00\",\"description\":\"Casos pr\u00e1cticos de etiquetado electr\u00f3nico de Labellink: Sum\u00e9rjase en ejemplos reales que muestran la eficacia de las soluciones de etiquetado electr\u00f3nico.\",\"breadcrumb\":{\"@id\":\"https:\/\/labellink.org\/es\/casos-practicos-de-etiquetado-electronico-labellink\/#breadcrumb\"},\"inLanguage\":\"es\",\"potentialAction\":[{\"@type\":\"ReadAction\",\"target\":[\"https:\/\/labellink.org\/es\/casos-practicos-de-etiquetado-electronico-labellink\/\"]}]},{\"@type\":\"ImageObject\",\"inLanguage\":\"es\",\"@id\":\"https:\/\/labellink.org\/es\/casos-practicos-de-etiquetado-electronico-labellink\/#primaryimage\",\"url\":\"https:\/\/labellink.org\/wp-content\/uploads\/qr-codes-city-government-Sustainability-300x300.webp\",\"contentUrl\":\"https:\/\/labellink.org\/wp-content\/uploads\/qr-codes-city-government-Sustainability-300x300.webp\"},{\"@type\":\"BreadcrumbList\",\"@id\":\"https:\/\/labellink.org\/es\/casos-practicos-de-etiquetado-electronico-labellink\/#breadcrumb\",\"itemListElement\":[{\"@type\":\"ListItem\",\"position\":1,\"name\":\"Home\",\"item\":\"https:\/\/labellink.org\/es\/\"},{\"@type\":\"ListItem\",\"position\":2,\"name\":\"Casos pr\u00e1cticos de etiquetado electr\u00f3nico &#8211; Labellink\"}]},{\"@type\":\"WebSite\",\"@id\":\"https:\/\/labellink.org\/es\/#website\",\"url\":\"https:\/\/labellink.org\/es\/\",\"name\":\"Labellink\",\"description\":\"E-label software and services\",\"publisher\":{\"@id\":\"https:\/\/labellink.org\/es\/#organization\"},\"potentialAction\":[{\"@type\":\"SearchAction\",\"target\":{\"@type\":\"EntryPoint\",\"urlTemplate\":\"https:\/\/labellink.org\/es\/?s={search_term_string}\"},\"query-input\":\"required name=search_term_string\"}],\"inLanguage\":\"es\"},{\"@type\":\"Organization\",\"@id\":\"https:\/\/labellink.org\/es\/#organization\",\"name\":\"Labellink\",\"url\":\"https:\/\/labellink.org\/es\/\",\"logo\":{\"@type\":\"ImageObject\",\"inLanguage\":\"es\",\"@id\":\"https:\/\/labellink.org\/es\/#\/schema\/logo\/image\/\",\"url\":\"https:\/\/labellink.org\/wp-content\/uploads\/2024\/01\/labellink-logo.png\",\"contentUrl\":\"https:\/\/labellink.org\/wp-content\/uploads\/2024\/01\/labellink-logo.png\",\"width\":900,\"height\":200,\"caption\":\"Labellink\"},\"image\":{\"@id\":\"https:\/\/labellink.org\/es\/#\/schema\/logo\/image\/\"}}]}<\/script>\n<!-- \/ Yoast SEO plugin. -->","yoast_head_json":{"title":"Casos pr\u00e1cticos de etiquetado electr\u00f3nico - Labellink","description":"Casos pr\u00e1cticos de etiquetado electr\u00f3nico de Labellink: Sum\u00e9rjase en ejemplos reales que muestran la eficacia de las soluciones de etiquetado electr\u00f3nico.","robots":{"index":"index","follow":"follow","max-snippet":"max-snippet:-1","max-image-preview":"max-image-preview:large","max-video-preview":"max-video-preview:-1"},"canonical":"https:\/\/labellink.org\/es\/casos-practicos-de-etiquetado-electronico-labellink\/","og_locale":"es_ES","og_type":"article","og_title":"Casos pr\u00e1cticos de etiquetado electr\u00f3nico - Labellink","og_description":"Casos pr\u00e1cticos de etiquetado electr\u00f3nico de Labellink: Sum\u00e9rjase en ejemplos reales que muestran la eficacia de las soluciones de etiquetado electr\u00f3nico.","og_url":"https:\/\/labellink.org\/es\/casos-practicos-de-etiquetado-electronico-labellink\/","og_site_name":"Labellink","article_modified_time":"2024-04-16T07:30:52+00:00","og_image":[{"url":"https:\/\/labellink.org\/wp-content\/uploads\/qr-codes-city-government-Sustainability-300x300.webp"}],"twitter_card":"summary_large_image","schema":{"@context":"https:\/\/schema.org","@graph":[{"@type":"WebPage","@id":"https:\/\/labellink.org\/es\/casos-practicos-de-etiquetado-electronico-labellink\/","url":"https:\/\/labellink.org\/es\/casos-practicos-de-etiquetado-electronico-labellink\/","name":"Casos pr\u00e1cticos de etiquetado electr\u00f3nico - Labellink","isPartOf":{"@id":"https:\/\/labellink.org\/es\/#website"},"primaryImageOfPage":{"@id":"https:\/\/labellink.org\/es\/casos-practicos-de-etiquetado-electronico-labellink\/#primaryimage"},"image":{"@id":"https:\/\/labellink.org\/es\/casos-practicos-de-etiquetado-electronico-labellink\/#primaryimage"},"thumbnailUrl":"https:\/\/labellink.org\/wp-content\/uploads\/qr-codes-city-government-Sustainability-300x300.webp","datePublished":"2024-06-30T09:06:47+00:00","dateModified":"2024-04-16T07:30:52+00:00","description":"Casos pr\u00e1cticos de etiquetado electr\u00f3nico de Labellink: Sum\u00e9rjase en ejemplos reales que muestran la eficacia de las soluciones de etiquetado electr\u00f3nico.","breadcrumb":{"@id":"https:\/\/labellink.org\/es\/casos-practicos-de-etiquetado-electronico-labellink\/#breadcrumb"},"inLanguage":"es","potentialAction":[{"@type":"ReadAction","target":["https:\/\/labellink.org\/es\/casos-practicos-de-etiquetado-electronico-labellink\/"]}]},{"@type":"ImageObject","inLanguage":"es","@id":"https:\/\/labellink.org\/es\/casos-practicos-de-etiquetado-electronico-labellink\/#primaryimage","url":"https:\/\/labellink.org\/wp-content\/uploads\/qr-codes-city-government-Sustainability-300x300.webp","contentUrl":"https:\/\/labellink.org\/wp-content\/uploads\/qr-codes-city-government-Sustainability-300x300.webp"},{"@type":"BreadcrumbList","@id":"https:\/\/labellink.org\/es\/casos-practicos-de-etiquetado-electronico-labellink\/#breadcrumb","itemListElement":[{"@type":"ListItem","position":1,"name":"Home","item":"https:\/\/labellink.org\/es\/"},{"@type":"ListItem","position":2,"name":"Casos pr\u00e1cticos de etiquetado electr\u00f3nico &#8211; Labellink"}]},{"@type":"WebSite","@id":"https:\/\/labellink.org\/es\/#website","url":"https:\/\/labellink.org\/es\/","name":"Labellink","description":"E-label software and services","publisher":{"@id":"https:\/\/labellink.org\/es\/#organization"},"potentialAction":[{"@type":"SearchAction","target":{"@type":"EntryPoint","urlTemplate":"https:\/\/labellink.org\/es\/?s={search_term_string}"},"query-input":"required name=search_term_string"}],"inLanguage":"es"},{"@type":"Organization","@id":"https:\/\/labellink.org\/es\/#organization","name":"Labellink","url":"https:\/\/labellink.org\/es\/","logo":{"@type":"ImageObject","inLanguage":"es","@id":"https:\/\/labellink.org\/es\/#\/schema\/logo\/image\/","url":"https:\/\/labellink.org\/wp-content\/uploads\/2024\/01\/labellink-logo.png","contentUrl":"https:\/\/labellink.org\/wp-content\/uploads\/2024\/01\/labellink-logo.png","width":900,"height":200,"caption":"Labellink"},"image":{"@id":"https:\/\/labellink.org\/es\/#\/schema\/logo\/image\/"}}]}},"tpgb_featured_images":null,"tpgb_post_meta_info":{"get_date":"30 junio 2024","author_name":"Boris Motusic","author_url":"https:\/\/labellink.org\/es\/author\/boris\/","author_email":"boris@uexperts.com","author_website":"https:\/\/www.linkedin.com\/in\/boris-motusic\/","author_description":"Boris Motusic is the CEO of Labellink and United Experts, a seasoned Chief Solution Architect, consultant, author, and public speaker, with experience working on projects for global brands like Microsoft, BNP Paribas, ABB, Panasonic, and Best Western Hotels.\r\n\r\n<a href=\"https:\/\/www.linkedin.com\/in\/boris-motusic\/\">LinkedIn Profile<\/a>","author_facebook":"","author_twitter":"","author_instagram":"","author_role":["administrator"],"author_firstname":"Boris","author_lastname":"Motusic","user_login":"Boris","author_avatar":"<img alt='' src='https:\/\/secure.gravatar.com\/avatar\/a16ac50596ba289795b185a9dc6123239c87be7224f05ac14470b09a0d3cf8c4?s=200&#038;d=mm&#038;r=g' srcset='https:\/\/secure.gravatar.com\/avatar\/a16ac50596ba289795b185a9dc6123239c87be7224f05ac14470b09a0d3cf8c4?s=400&#038;d=mm&#038;r=g 2x' class='avatar avatar-200 photo' height='200' width='200' decoding='async'\/>","author_avatar_url":"https:\/\/secure.gravatar.com\/avatar\/a16ac50596ba289795b185a9dc6123239c87be7224f05ac14470b09a0d3cf8c4?s=96&d=mm&r=g","comment_count":0,"post_likes":0,"post_views":0},"tpgb_post_category":[],"_links":{"self":[{"href":"https:\/\/labellink.org\/es\/wp-json\/wp\/v2\/pages\/1001099","targetHints":{"allow":["GET"]}}],"collection":[{"href":"https:\/\/labellink.org\/es\/wp-json\/wp\/v2\/pages"}],"about":[{"href":"https:\/\/labellink.org\/es\/wp-json\/wp\/v2\/types\/page"}],"author":[{"embeddable":true,"href":"https:\/\/labellink.org\/es\/wp-json\/wp\/v2\/users\/2"}],"replies":[{"embeddable":true,"href":"https:\/\/labellink.org\/es\/wp-json\/wp\/v2\/comments?post=1001099"}],"version-history":[{"count":1,"href":"https:\/\/labellink.org\/es\/wp-json\/wp\/v2\/pages\/1001099\/revisions"}],"predecessor-version":[{"id":1001118,"href":"https:\/\/labellink.org\/es\/wp-json\/wp\/v2\/pages\/1001099\/revisions\/1001118"}],"wp:attachment":[{"href":"https:\/\/labellink.org\/es\/wp-json\/wp\/v2\/media?parent=1001099"}],"curies":[{"name":"wp","href":"https:\/\/api.w.org\/{rel}","templated":true}]}}