{"id":1001092,"date":"2024-04-02T12:09:23","date_gmt":"2024-04-02T11:09:23","guid":{"rendered":"https:\/\/labellink.org\/asistencia-labellink\/"},"modified":"2024-04-16T08:30:54","modified_gmt":"2024-04-16T07:30:54","slug":"asistencia-labellink","status":"publish","type":"page","link":"https:\/\/labellink.org\/es\/asistencia-labellink\/","title":{"rendered":"Asistencia Labellink"},"content":{"rendered":"\t\t<div data-elementor-type=\"wp-page\" data-elementor-id=\"1001092\" class=\"elementor elementor-1001092 elementor-996867\" data-elementor-post-type=\"page\">\n\t\t\t\t<div data-particle_enable=\"false\" data-particle-mobile-disabled=\"false\" class=\"elementor-element elementor-element-adf5fc8 e-flex e-con-boxed e-con e-parent\" data-id=\"adf5fc8\" data-element_type=\"container\" data-settings=\"{&quot;background_background&quot;:&quot;classic&quot;,&quot;jet_parallax_layout_list&quot;:[]}\">\n\t\t\t\t\t<div class=\"e-con-inner\">\n\t\t<div data-particle_enable=\"false\" data-particle-mobile-disabled=\"false\" class=\"elementor-element elementor-element-b21aaee e-con-full e-flex e-con e-child\" data-id=\"b21aaee\" data-element_type=\"container\" data-settings=\"{&quot;jet_parallax_layout_list&quot;:[]}\">\n\t\t\t\t<div class=\"elementor-element elementor-element-465b4f9 elementor-widget__width-initial elementor-widget elementor-widget-heading\" data-id=\"465b4f9\" data-element_type=\"widget\" data-widget_type=\"heading.default\">\n\t\t\t\t<div class=\"elementor-widget-container\">\n\t\t\t<h1 class=\"elementor-heading-title elementor-size-default\">Centro de ayuda<\/h1>\t\t<\/div>\n\t\t\t\t<\/div>\n\t\t\t\t<div class=\"elementor-element elementor-element-2483773 elementor-widget elementor-widget-text-editor\" data-id=\"2483773\" data-element_type=\"widget\" data-widget_type=\"text-editor.default\">\n\t\t\t\t<div class=\"elementor-widget-container\">\n\t\t\t\t\t\t\t<div data-pm-slice=\"1 1 []\" data-en-clipboard=\"true\">\n<div data-pm-slice=\"1 1 []\" data-en-clipboard=\"true\">\n<div data-pm-slice=\"1 1 []\" data-en-clipboard=\"true\">\n<div class=\"flex flex-grow flex-col max-w-full\">\n<div class=\"min-h-[20px] text-message flex flex-col items-start gap-3 whitespace-pre-wrap break-words [.text-message+&amp;]:mt-5 overflow-x-auto\" data-message-author-role=\"assistant\" data-message-id=\"c943d18e-eb24-4444-9358-6f8d07927402\">\n<div class=\"markdown prose w-full break-words dark:prose-invert light\">\n<p>Todos los clientes de Labellink pueden acceder f\u00e1cilmente a la asistencia. Haga clic en el siguiente enlace para acceder al Centro de ayuda e inicie sesi\u00f3n con sus credenciales.<\/p>\n<\/div>\n<\/div>\n<\/div>\n<\/div>\n<\/div>\n<\/div>\n\t\t\t\t\t\t<\/div>\n\t\t\t\t<\/div>\n\t\t\t\t<div class=\"elementor-element elementor-element-a3e052f elementor-align-left elementor-widget elementor-widget-button\" data-id=\"a3e052f\" data-element_type=\"widget\" data-widget_type=\"button.default\">\n\t\t\t\t<div class=\"elementor-widget-container\">\n\t\t\t\t\t\t\t<div class=\"elementor-button-wrapper\">\n\t\t\t\t\t<a class=\"elementor-button elementor-button-link elementor-size-sm\" href=\"https:\/\/teamwork.ue.team\" target=\"_blank\" rel=\"nofollow\">\n\t\t\t\t\t\t<span class=\"elementor-button-content-wrapper\">\n\t\t\t\t\t\t<span class=\"elementor-button-icon\">\n\t\t\t\t<i aria-hidden=\"true\" class=\"far fa-window-restore\"><\/i>\t\t\t<\/span>\n\t\t\t\t\t\t\t\t\t<span class=\"elementor-button-text\">Abrir el Centro de ayuda<\/span>\n\t\t\t\t\t<\/span>\n\t\t\t\t\t<\/a>\n\t\t\t\t<\/div>\n\t\t\t\t\t\t<\/div>\n\t\t\t\t<\/div>\n\t\t\t\t<\/div>\n\t\t\t\t\t<\/div>\n\t\t\t\t<\/div>\n\t\t\t\t<\/div>\n\t\t","protected":false},"excerpt":{"rendered":"<p>Centro de ayuda Todos los clientes de Labellink pueden acceder f\u00e1cilmente a la asistencia. Haga clic en el siguiente enlace para acceder al Centro de ayuda e inicie sesi\u00f3n con sus credenciales. Abrir el Centro de ayuda<\/p>\n","protected":false},"author":2,"featured_media":0,"parent":0,"menu_order":18,"comment_status":"closed","ping_status":"closed","template":"","meta":{"tpgb_global_settings":"","footnotes":""},"class_list":["post-1001092","page","type-page","status-publish","hentry"],"yoast_head":"<!-- This site is optimized with the Yoast SEO plugin v22.6 - https:\/\/yoast.com\/wordpress\/plugins\/seo\/ -->\n<title>Asistencia Labellink<\/title>\n<meta name=\"description\" content=\"Obtenga asistencia fiable y orientaci\u00f3n experta con el servicio de asistencia de Labellink. Nuestro equipo especializado est\u00e1 a su disposici\u00f3n para ayudarle a superar cualquier reto, garantizando un funcionamiento sin problemas y un rendimiento \u00f3ptimo para sus necesidades de etiquetado electr\u00f3nico.\" \/>\n<meta name=\"robots\" content=\"index, follow, max-snippet:-1, max-image-preview:large, max-video-preview:-1\" \/>\n<link rel=\"canonical\" href=\"https:\/\/labellink.org\/es\/asistencia-labellink\/\" \/>\n<meta property=\"og:locale\" content=\"es_ES\" \/>\n<meta property=\"og:type\" content=\"article\" \/>\n<meta property=\"og:title\" content=\"Asistencia Labellink\" \/>\n<meta property=\"og:description\" content=\"Obtenga asistencia fiable y orientaci\u00f3n experta con el servicio de asistencia de Labellink. Nuestro equipo especializado est\u00e1 a su disposici\u00f3n para ayudarle a superar cualquier reto, garantizando un funcionamiento sin problemas y un rendimiento \u00f3ptimo para sus necesidades de etiquetado electr\u00f3nico.\" \/>\n<meta property=\"og:url\" content=\"https:\/\/labellink.org\/es\/asistencia-labellink\/\" \/>\n<meta property=\"og:site_name\" content=\"Labellink\" \/>\n<meta property=\"article:modified_time\" content=\"2024-04-16T07:30:54+00:00\" \/>\n<meta property=\"og:image\" content=\"https:\/\/labellink.org\/wp-content\/uploads\/labellink.png\" \/>\n\t<meta property=\"og:image:width\" content=\"1200\" \/>\n\t<meta property=\"og:image:height\" content=\"675\" \/>\n\t<meta property=\"og:image:type\" content=\"image\/png\" \/>\n<meta name=\"twitter:card\" content=\"summary_large_image\" \/>\n<script type=\"application\/ld+json\" class=\"yoast-schema-graph\">{\"@context\":\"https:\/\/schema.org\",\"@graph\":[{\"@type\":\"WebPage\",\"@id\":\"https:\/\/labellink.org\/es\/asistencia-labellink\/\",\"url\":\"https:\/\/labellink.org\/es\/asistencia-labellink\/\",\"name\":\"Asistencia Labellink\",\"isPartOf\":{\"@id\":\"https:\/\/labellink.org\/es\/#website\"},\"datePublished\":\"2024-04-02T11:09:23+00:00\",\"dateModified\":\"2024-04-16T07:30:54+00:00\",\"description\":\"Obtenga asistencia fiable y orientaci\u00f3n experta con el servicio de asistencia de Labellink. Nuestro equipo especializado est\u00e1 a su disposici\u00f3n para ayudarle a superar cualquier reto, garantizando un funcionamiento sin problemas y un rendimiento \u00f3ptimo para sus necesidades de etiquetado electr\u00f3nico.\",\"breadcrumb\":{\"@id\":\"https:\/\/labellink.org\/es\/asistencia-labellink\/#breadcrumb\"},\"inLanguage\":\"es\",\"potentialAction\":[{\"@type\":\"ReadAction\",\"target\":[\"https:\/\/labellink.org\/es\/asistencia-labellink\/\"]}]},{\"@type\":\"BreadcrumbList\",\"@id\":\"https:\/\/labellink.org\/es\/asistencia-labellink\/#breadcrumb\",\"itemListElement\":[{\"@type\":\"ListItem\",\"position\":1,\"name\":\"Home\",\"item\":\"https:\/\/labellink.org\/es\/\"},{\"@type\":\"ListItem\",\"position\":2,\"name\":\"Asistencia Labellink\"}]},{\"@type\":\"WebSite\",\"@id\":\"https:\/\/labellink.org\/es\/#website\",\"url\":\"https:\/\/labellink.org\/es\/\",\"name\":\"Labellink\",\"description\":\"E-label software and services\",\"publisher\":{\"@id\":\"https:\/\/labellink.org\/es\/#organization\"},\"potentialAction\":[{\"@type\":\"SearchAction\",\"target\":{\"@type\":\"EntryPoint\",\"urlTemplate\":\"https:\/\/labellink.org\/es\/?s={search_term_string}\"},\"query-input\":\"required name=search_term_string\"}],\"inLanguage\":\"es\"},{\"@type\":\"Organization\",\"@id\":\"https:\/\/labellink.org\/es\/#organization\",\"name\":\"Labellink\",\"url\":\"https:\/\/labellink.org\/es\/\",\"logo\":{\"@type\":\"ImageObject\",\"inLanguage\":\"es\",\"@id\":\"https:\/\/labellink.org\/es\/#\/schema\/logo\/image\/\",\"url\":\"https:\/\/labellink.org\/wp-content\/uploads\/2024\/01\/labellink-logo.png\",\"contentUrl\":\"https:\/\/labellink.org\/wp-content\/uploads\/2024\/01\/labellink-logo.png\",\"width\":900,\"height\":200,\"caption\":\"Labellink\"},\"image\":{\"@id\":\"https:\/\/labellink.org\/es\/#\/schema\/logo\/image\/\"}}]}<\/script>\n<!-- \/ Yoast SEO plugin. -->","yoast_head_json":{"title":"Asistencia Labellink","description":"Obtenga asistencia fiable y orientaci\u00f3n experta con el servicio de asistencia de Labellink. Nuestro equipo especializado est\u00e1 a su disposici\u00f3n para ayudarle a superar cualquier reto, garantizando un funcionamiento sin problemas y un rendimiento \u00f3ptimo para sus necesidades de etiquetado electr\u00f3nico.","robots":{"index":"index","follow":"follow","max-snippet":"max-snippet:-1","max-image-preview":"max-image-preview:large","max-video-preview":"max-video-preview:-1"},"canonical":"https:\/\/labellink.org\/es\/asistencia-labellink\/","og_locale":"es_ES","og_type":"article","og_title":"Asistencia Labellink","og_description":"Obtenga asistencia fiable y orientaci\u00f3n experta con el servicio de asistencia de Labellink. Nuestro equipo especializado est\u00e1 a su disposici\u00f3n para ayudarle a superar cualquier reto, garantizando un funcionamiento sin problemas y un rendimiento \u00f3ptimo para sus necesidades de etiquetado electr\u00f3nico.","og_url":"https:\/\/labellink.org\/es\/asistencia-labellink\/","og_site_name":"Labellink","article_modified_time":"2024-04-16T07:30:54+00:00","og_image":[{"width":1200,"height":675,"url":"https:\/\/labellink.org\/wp-content\/uploads\/labellink.png","type":"image\/png"}],"twitter_card":"summary_large_image","schema":{"@context":"https:\/\/schema.org","@graph":[{"@type":"WebPage","@id":"https:\/\/labellink.org\/es\/asistencia-labellink\/","url":"https:\/\/labellink.org\/es\/asistencia-labellink\/","name":"Asistencia Labellink","isPartOf":{"@id":"https:\/\/labellink.org\/es\/#website"},"datePublished":"2024-04-02T11:09:23+00:00","dateModified":"2024-04-16T07:30:54+00:00","description":"Obtenga asistencia fiable y orientaci\u00f3n experta con el servicio de asistencia de Labellink. Nuestro equipo especializado est\u00e1 a su disposici\u00f3n para ayudarle a superar cualquier reto, garantizando un funcionamiento sin problemas y un rendimiento \u00f3ptimo para sus necesidades de etiquetado electr\u00f3nico.","breadcrumb":{"@id":"https:\/\/labellink.org\/es\/asistencia-labellink\/#breadcrumb"},"inLanguage":"es","potentialAction":[{"@type":"ReadAction","target":["https:\/\/labellink.org\/es\/asistencia-labellink\/"]}]},{"@type":"BreadcrumbList","@id":"https:\/\/labellink.org\/es\/asistencia-labellink\/#breadcrumb","itemListElement":[{"@type":"ListItem","position":1,"name":"Home","item":"https:\/\/labellink.org\/es\/"},{"@type":"ListItem","position":2,"name":"Asistencia Labellink"}]},{"@type":"WebSite","@id":"https:\/\/labellink.org\/es\/#website","url":"https:\/\/labellink.org\/es\/","name":"Labellink","description":"E-label software and services","publisher":{"@id":"https:\/\/labellink.org\/es\/#organization"},"potentialAction":[{"@type":"SearchAction","target":{"@type":"EntryPoint","urlTemplate":"https:\/\/labellink.org\/es\/?s={search_term_string}"},"query-input":"required name=search_term_string"}],"inLanguage":"es"},{"@type":"Organization","@id":"https:\/\/labellink.org\/es\/#organization","name":"Labellink","url":"https:\/\/labellink.org\/es\/","logo":{"@type":"ImageObject","inLanguage":"es","@id":"https:\/\/labellink.org\/es\/#\/schema\/logo\/image\/","url":"https:\/\/labellink.org\/wp-content\/uploads\/2024\/01\/labellink-logo.png","contentUrl":"https:\/\/labellink.org\/wp-content\/uploads\/2024\/01\/labellink-logo.png","width":900,"height":200,"caption":"Labellink"},"image":{"@id":"https:\/\/labellink.org\/es\/#\/schema\/logo\/image\/"}}]}},"tpgb_featured_images":null,"tpgb_post_meta_info":{"get_date":"2 abril 2024","author_name":"Boris Motusic","author_url":"https:\/\/labellink.org\/es\/author\/boris\/","author_email":"boris@uexperts.com","author_website":"https:\/\/www.linkedin.com\/in\/boris-motusic\/","author_description":"Boris Motusic is the CEO of Labellink and United Experts, a seasoned Chief Solution Architect, consultant, author, and public speaker, with experience working on projects for global brands like Microsoft, BNP Paribas, ABB, Panasonic, and Best Western Hotels.\r\n\r\n<a href=\"https:\/\/www.linkedin.com\/in\/boris-motusic\/\">LinkedIn Profile<\/a>","author_facebook":"","author_twitter":"","author_instagram":"","author_role":["administrator"],"author_firstname":"Boris","author_lastname":"Motusic","user_login":"Boris","author_avatar":"<img alt='' src='https:\/\/secure.gravatar.com\/avatar\/a16ac50596ba289795b185a9dc6123239c87be7224f05ac14470b09a0d3cf8c4?s=200&#038;d=mm&#038;r=g' srcset='https:\/\/secure.gravatar.com\/avatar\/a16ac50596ba289795b185a9dc6123239c87be7224f05ac14470b09a0d3cf8c4?s=400&#038;d=mm&#038;r=g 2x' class='avatar avatar-200 photo' height='200' width='200' decoding='async'\/>","author_avatar_url":"https:\/\/secure.gravatar.com\/avatar\/a16ac50596ba289795b185a9dc6123239c87be7224f05ac14470b09a0d3cf8c4?s=96&d=mm&r=g","comment_count":0,"post_likes":0,"post_views":0},"tpgb_post_category":[],"_links":{"self":[{"href":"https:\/\/labellink.org\/es\/wp-json\/wp\/v2\/pages\/1001092","targetHints":{"allow":["GET"]}}],"collection":[{"href":"https:\/\/labellink.org\/es\/wp-json\/wp\/v2\/pages"}],"about":[{"href":"https:\/\/labellink.org\/es\/wp-json\/wp\/v2\/types\/page"}],"author":[{"embeddable":true,"href":"https:\/\/labellink.org\/es\/wp-json\/wp\/v2\/users\/2"}],"replies":[{"embeddable":true,"href":"https:\/\/labellink.org\/es\/wp-json\/wp\/v2\/comments?post=1001092"}],"version-history":[{"count":1,"href":"https:\/\/labellink.org\/es\/wp-json\/wp\/v2\/pages\/1001092\/revisions"}],"predecessor-version":[{"id":1001109,"href":"https:\/\/labellink.org\/es\/wp-json\/wp\/v2\/pages\/1001092\/revisions\/1001109"}],"wp:attachment":[{"href":"https:\/\/labellink.org\/es\/wp-json\/wp\/v2\/media?parent=1001092"}],"curies":[{"name":"wp","href":"https:\/\/api.w.org\/{rel}","templated":true}]}}