{"id":1001057,"date":"2024-04-12T11:05:56","date_gmt":"2024-04-12T10:05:56","guid":{"rendered":"https:\/\/labellink.org\/politica-de-privacidad\/"},"modified":"2024-04-16T08:30:24","modified_gmt":"2024-04-16T07:30:24","slug":"politica-de-privacidad","status":"publish","type":"page","link":"https:\/\/labellink.org\/es\/politica-de-privacidad\/","title":{"rendered":"Pol\u00edtica de privacidad"},"content":{"rendered":"\t\t<div data-elementor-type=\"wp-page\" data-elementor-id=\"1001057\" class=\"elementor elementor-1001057 elementor-998138\" data-elementor-post-type=\"page\">\n\t\t\t\t<div data-particle_enable=\"false\" data-particle-mobile-disabled=\"false\" class=\"elementor-element elementor-element-791a36c e-flex e-con-boxed e-con e-parent\" data-id=\"791a36c\" data-element_type=\"container\" data-settings=\"{&quot;jet_parallax_layout_list&quot;:[]}\">\n\t\t\t\t\t<div class=\"e-con-inner\">\n\t\t\t\t<div class=\"elementor-element elementor-element-3b0525b elementor-widget__width-initial elementor-widget elementor-widget-heading\" data-id=\"3b0525b\" data-element_type=\"widget\" data-widget_type=\"heading.default\">\n\t\t\t\t<div class=\"elementor-widget-container\">\n\t\t\t<h1 class=\"elementor-heading-title elementor-size-default\">Pol\u00edtica de privacidad de Labellink<\/h1>\t\t<\/div>\n\t\t\t\t<\/div>\n\t\t\t\t<div class=\"elementor-element elementor-element-20ded9e elementor-widget elementor-widget-text-editor\" data-id=\"20ded9e\" data-element_type=\"widget\" data-widget_type=\"text-editor.default\">\n\t\t\t\t<div class=\"elementor-widget-container\">\n\t\t\t\t\t\t\t<p><strong>\u00daltima actualizaci\u00f3n:<\/strong> 12 de abril de 2024<\/p>\n<p>Bienvenido a labellink.org, propiedad y operado por UE Labellink Ltd. (&#8220;nosotros&#8221;, &#8220;nos&#8221; o &#8220;nuestro&#8221;). (&#8220;nosotros&#8221;, &#8220;nos&#8221; o &#8220;nuestro&#8221;). Su privacidad es primordial para nosotros. Este documento de Pol\u00edtica de privacidad contiene los tipos de informaci\u00f3n que recoge y registra labellink.org y c\u00f3mo la utilizamos.<\/p>\n<p>Si tiene m\u00e1s preguntas o necesita m\u00e1s informaci\u00f3n sobre nuestra Pol\u00edtica de Privacidad, no dude en ponerse en contacto con nosotros.<\/p>\n<h4> <\/h4>\n<h4>Recogida de informaci\u00f3n<\/h4>\n<p>Recopilamos distintos tipos de informaci\u00f3n con diversos fines para prestarle y mejorar nuestro servicio. Dicha informaci\u00f3n puede incluir, entre otras cosas:<\/p>\n<ul>\n<li>\n<p>Datos <strong>personales<\/strong>: Al utilizar nuestro sitio web, es posible que le pidamos que nos proporcione cierta informaci\u00f3n de identificaci\u00f3n personal que pueda utilizarse para ponernos en contacto con usted o identificarle (&#8220;Datos Personales&#8221;). Esto puede incluir, entre otros datos, la direcci\u00f3n de correo electr\u00f3nico, el nombre y los apellidos, el n\u00famero de tel\u00e9fono y las cookies y los datos de uso.<\/p>\n<\/li>\n<li>\n<p>Datos de <strong>uso<\/strong>: Tambi\u00e9n podemos recopilar informaci\u00f3n sobre c\u00f3mo se accede al sitio web y c\u00f3mo se utiliza (&#8220;Datos de uso&#8221;). Estos Datos de Uso pueden incluir informaci\u00f3n como la direcci\u00f3n de Protocolo de Internet de su ordenador (por ejemplo, la direcci\u00f3n IP), el tipo de navegador, la versi\u00f3n del navegador, las p\u00e1ginas de nuestro sitio web que visita, la hora y la fecha de su visita, el tiempo que pasa en esas p\u00e1ginas, identificadores \u00fanicos de dispositivo y otros datos de diagn\u00f3stico.<\/p>\n<\/li>\n<\/ul>\n<h4> <\/h4>\n<h4>Uso de los datos<\/h4>\n<p>UE Labellink Ltd. utiliza los datos recogidos para diversos fines, entre ellos:<\/p>\n<ul>\n<li>Proporcionar y mantener nuestro sitio web<\/li>\n<li>Para notificarle cambios en nuestro sitio web<\/li>\n<li>Permitirle participar en funciones interactivas de nuestro sitio web cuando decida hacerlo.<\/li>\n<li>Prestar asistencia al cliente<\/li>\n<li>Para recopilar an\u00e1lisis o informaci\u00f3n valiosa que nos permita mejorar nuestro sitio web.<\/li>\n<li>Supervisar el uso de nuestro sitio web<\/li>\n<li>Detectar, prevenir y resolver problemas t\u00e9cnicos<\/li>\n<li>Para proporcionarle noticias, ofertas especiales e informaci\u00f3n general sobre otros productos, servicios y eventos que ofrecemos.<\/li>\n<\/ul>\n<h4> <\/h4>\n<h4>Seguridad de los datos<\/h4>\n<p>La seguridad de sus datos es importante para nosotros, pero recuerde que ning\u00fan m\u00e9todo de transmisi\u00f3n a trav\u00e9s de Internet.<\/p>\n\t\t\t\t\t\t<\/div>\n\t\t\t\t<\/div>\n\t\t\t\t\t<\/div>\n\t\t\t\t<\/div>\n\t\t<div data-particle_enable=\"false\" data-particle-mobile-disabled=\"false\" class=\"elementor-element elementor-element-0bd8d02 e-flex e-con-boxed e-con e-parent\" data-id=\"0bd8d02\" data-element_type=\"container\" data-settings=\"{&quot;jet_parallax_layout_list&quot;:[],&quot;background_background&quot;:&quot;gradient&quot;}\">\n\t\t\t\t\t<div class=\"e-con-inner\">\n\t\t\t\t<div class=\"elementor-element elementor-element-9f800ba elementor-widget__width-initial elementor-widget elementor-widget-heading\" data-id=\"9f800ba\" data-element_type=\"widget\" data-widget_type=\"heading.default\">\n\t\t\t\t<div class=\"elementor-widget-container\">\n\t\t\t<h1 class=\"elementor-heading-title elementor-size-default\">Pol\u00edtica de cookies de Labellink<\/h1>\t\t<\/div>\n\t\t\t\t<\/div>\n\t\t\t\t<div class=\"elementor-element elementor-element-7dd8c6b elementor-widget elementor-widget-text-editor\" data-id=\"7dd8c6b\" data-element_type=\"widget\" data-widget_type=\"text-editor.default\">\n\t\t\t\t<div class=\"elementor-widget-container\">\n\t\t\t\t\t\t\t<p>Labellink <strong>no utiliza cookies<\/strong> ni tecnolog\u00edas de seguimiento similares para recopilar informaci\u00f3n personal de los usuarios de nuestro sitio web.<\/p>\n\t\t\t\t\t\t<\/div>\n\t\t\t\t<\/div>\n\t\t\t\t\t<\/div>\n\t\t\t\t<\/div>\n\t\t\t\t<\/div>\n\t\t","protected":false},"excerpt":{"rendered":"<p>Pol\u00edtica de privacidad de Labellink \u00daltima actualizaci\u00f3n: 12 de abril de 2024 Bienvenido a labellink.org, propiedad y operado por UE Labellink Ltd. (&#8220;nosotros&#8221;, &#8220;nos&#8221; o &#8220;nuestro&#8221;). (&#8220;nosotros&#8221;, &#8220;nos&#8221; o &#8220;nuestro&#8221;). Su privacidad es primordial para nosotros. Este documento de Pol\u00edtica de privacidad contiene los tipos de informaci\u00f3n que recoge y registra labellink.org y c\u00f3mo la [&hellip;]<\/p>\n","protected":false},"author":2,"featured_media":0,"parent":0,"menu_order":28,"comment_status":"closed","ping_status":"closed","template":"","meta":{"tpgb_global_settings":"","footnotes":""},"class_list":["post-1001057","page","type-page","status-publish","hentry"],"yoast_head":"<!-- This site is optimized with the Yoast SEO plugin v22.6 - https:\/\/yoast.com\/wordpress\/plugins\/seo\/ -->\n<title>Pol\u00edtica de privacidad - Labellink<\/title>\n<meta name=\"robots\" content=\"noindex, nofollow\" \/>\n<meta property=\"og:locale\" content=\"es_ES\" \/>\n<meta property=\"og:type\" content=\"article\" \/>\n<meta property=\"og:title\" content=\"Pol\u00edtica de privacidad - Labellink\" \/>\n<meta property=\"og:description\" content=\"Pol\u00edtica de privacidad de Labellink \u00daltima actualizaci\u00f3n: 12 de abril de 2024 Bienvenido a labellink.org, propiedad y operado por UE Labellink Ltd. (&#8220;nosotros&#8221;, &#8220;nos&#8221; o &#8220;nuestro&#8221;). (&#8220;nosotros&#8221;, &#8220;nos&#8221; o &#8220;nuestro&#8221;). Su privacidad es primordial para nosotros. Este documento de Pol\u00edtica de privacidad contiene los tipos de informaci\u00f3n que recoge y registra labellink.org y c\u00f3mo la [&hellip;]\" \/>\n<meta property=\"og:url\" content=\"https:\/\/labellink.org\/es\/politica-de-privacidad\/\" \/>\n<meta property=\"og:site_name\" content=\"Labellink\" \/>\n<meta property=\"article:modified_time\" content=\"2024-04-16T07:30:24+00:00\" \/>\n<meta property=\"og:image\" content=\"https:\/\/labellink.org\/wp-content\/uploads\/labellink.png\" \/>\n\t<meta property=\"og:image:width\" content=\"1200\" \/>\n\t<meta property=\"og:image:height\" content=\"675\" \/>\n\t<meta property=\"og:image:type\" content=\"image\/png\" \/>\n<meta name=\"twitter:card\" content=\"summary_large_image\" \/>\n<meta name=\"twitter:label1\" content=\"Tiempo de lectura\" \/>\n\t<meta name=\"twitter:data1\" content=\"4 minutos\" \/>\n<script type=\"application\/ld+json\" class=\"yoast-schema-graph\">{\"@context\":\"https:\/\/schema.org\",\"@graph\":[{\"@type\":\"WebPage\",\"@id\":\"https:\/\/labellink.org\/es\/politica-de-privacidad\/\",\"url\":\"https:\/\/labellink.org\/es\/politica-de-privacidad\/\",\"name\":\"Pol\u00edtica de privacidad - Labellink\",\"isPartOf\":{\"@id\":\"https:\/\/labellink.org\/es\/#website\"},\"datePublished\":\"2024-04-12T10:05:56+00:00\",\"dateModified\":\"2024-04-16T07:30:24+00:00\",\"breadcrumb\":{\"@id\":\"https:\/\/labellink.org\/es\/politica-de-privacidad\/#breadcrumb\"},\"inLanguage\":\"es\",\"potentialAction\":[{\"@type\":\"ReadAction\",\"target\":[\"https:\/\/labellink.org\/es\/politica-de-privacidad\/\"]}]},{\"@type\":\"BreadcrumbList\",\"@id\":\"https:\/\/labellink.org\/es\/politica-de-privacidad\/#breadcrumb\",\"itemListElement\":[{\"@type\":\"ListItem\",\"position\":1,\"name\":\"Home\",\"item\":\"https:\/\/labellink.org\/es\/\"},{\"@type\":\"ListItem\",\"position\":2,\"name\":\"Pol\u00edtica de privacidad\"}]},{\"@type\":\"WebSite\",\"@id\":\"https:\/\/labellink.org\/es\/#website\",\"url\":\"https:\/\/labellink.org\/es\/\",\"name\":\"Labellink\",\"description\":\"E-label software and services\",\"publisher\":{\"@id\":\"https:\/\/labellink.org\/es\/#organization\"},\"potentialAction\":[{\"@type\":\"SearchAction\",\"target\":{\"@type\":\"EntryPoint\",\"urlTemplate\":\"https:\/\/labellink.org\/es\/?s={search_term_string}\"},\"query-input\":\"required name=search_term_string\"}],\"inLanguage\":\"es\"},{\"@type\":\"Organization\",\"@id\":\"https:\/\/labellink.org\/es\/#organization\",\"name\":\"Labellink\",\"url\":\"https:\/\/labellink.org\/es\/\",\"logo\":{\"@type\":\"ImageObject\",\"inLanguage\":\"es\",\"@id\":\"https:\/\/labellink.org\/es\/#\/schema\/logo\/image\/\",\"url\":\"https:\/\/labellink.org\/wp-content\/uploads\/2024\/01\/labellink-logo.png\",\"contentUrl\":\"https:\/\/labellink.org\/wp-content\/uploads\/2024\/01\/labellink-logo.png\",\"width\":900,\"height\":200,\"caption\":\"Labellink\"},\"image\":{\"@id\":\"https:\/\/labellink.org\/es\/#\/schema\/logo\/image\/\"}}]}<\/script>\n<!-- \/ Yoast SEO plugin. -->","yoast_head_json":{"title":"Pol\u00edtica de privacidad - Labellink","robots":{"index":"noindex","follow":"nofollow"},"og_locale":"es_ES","og_type":"article","og_title":"Pol\u00edtica de privacidad - Labellink","og_description":"Pol\u00edtica de privacidad de Labellink \u00daltima actualizaci\u00f3n: 12 de abril de 2024 Bienvenido a labellink.org, propiedad y operado por UE Labellink Ltd. (&#8220;nosotros&#8221;, &#8220;nos&#8221; o &#8220;nuestro&#8221;). (&#8220;nosotros&#8221;, &#8220;nos&#8221; o &#8220;nuestro&#8221;). Su privacidad es primordial para nosotros. Este documento de Pol\u00edtica de privacidad contiene los tipos de informaci\u00f3n que recoge y registra labellink.org y c\u00f3mo la [&hellip;]","og_url":"https:\/\/labellink.org\/es\/politica-de-privacidad\/","og_site_name":"Labellink","article_modified_time":"2024-04-16T07:30:24+00:00","og_image":[{"width":1200,"height":675,"url":"https:\/\/labellink.org\/wp-content\/uploads\/labellink.png","type":"image\/png"}],"twitter_card":"summary_large_image","twitter_misc":{"Tiempo de lectura":"4 minutos"},"schema":{"@context":"https:\/\/schema.org","@graph":[{"@type":"WebPage","@id":"https:\/\/labellink.org\/es\/politica-de-privacidad\/","url":"https:\/\/labellink.org\/es\/politica-de-privacidad\/","name":"Pol\u00edtica de privacidad - Labellink","isPartOf":{"@id":"https:\/\/labellink.org\/es\/#website"},"datePublished":"2024-04-12T10:05:56+00:00","dateModified":"2024-04-16T07:30:24+00:00","breadcrumb":{"@id":"https:\/\/labellink.org\/es\/politica-de-privacidad\/#breadcrumb"},"inLanguage":"es","potentialAction":[{"@type":"ReadAction","target":["https:\/\/labellink.org\/es\/politica-de-privacidad\/"]}]},{"@type":"BreadcrumbList","@id":"https:\/\/labellink.org\/es\/politica-de-privacidad\/#breadcrumb","itemListElement":[{"@type":"ListItem","position":1,"name":"Home","item":"https:\/\/labellink.org\/es\/"},{"@type":"ListItem","position":2,"name":"Pol\u00edtica de privacidad"}]},{"@type":"WebSite","@id":"https:\/\/labellink.org\/es\/#website","url":"https:\/\/labellink.org\/es\/","name":"Labellink","description":"E-label software and services","publisher":{"@id":"https:\/\/labellink.org\/es\/#organization"},"potentialAction":[{"@type":"SearchAction","target":{"@type":"EntryPoint","urlTemplate":"https:\/\/labellink.org\/es\/?s={search_term_string}"},"query-input":"required name=search_term_string"}],"inLanguage":"es"},{"@type":"Organization","@id":"https:\/\/labellink.org\/es\/#organization","name":"Labellink","url":"https:\/\/labellink.org\/es\/","logo":{"@type":"ImageObject","inLanguage":"es","@id":"https:\/\/labellink.org\/es\/#\/schema\/logo\/image\/","url":"https:\/\/labellink.org\/wp-content\/uploads\/2024\/01\/labellink-logo.png","contentUrl":"https:\/\/labellink.org\/wp-content\/uploads\/2024\/01\/labellink-logo.png","width":900,"height":200,"caption":"Labellink"},"image":{"@id":"https:\/\/labellink.org\/es\/#\/schema\/logo\/image\/"}}]}},"tpgb_featured_images":null,"tpgb_post_meta_info":{"get_date":"12 abril 2024","author_name":"Boris Motusic","author_url":"https:\/\/labellink.org\/es\/author\/boris\/","author_email":"boris@uexperts.com","author_website":"https:\/\/www.linkedin.com\/in\/boris-motusic\/","author_description":"Boris Motusic is the CEO of Labellink and United Experts, a seasoned Chief Solution Architect, consultant, author, and public speaker, with experience working on projects for global brands like Microsoft, BNP Paribas, ABB, Panasonic, and Best Western Hotels.\r\n\r\n<a href=\"https:\/\/www.linkedin.com\/in\/boris-motusic\/\">LinkedIn Profile<\/a>","author_facebook":"","author_twitter":"","author_instagram":"","author_role":["administrator"],"author_firstname":"Boris","author_lastname":"Motusic","user_login":"Boris","author_avatar":"<img alt='' src='https:\/\/secure.gravatar.com\/avatar\/a16ac50596ba289795b185a9dc6123239c87be7224f05ac14470b09a0d3cf8c4?s=200&#038;d=mm&#038;r=g' srcset='https:\/\/secure.gravatar.com\/avatar\/a16ac50596ba289795b185a9dc6123239c87be7224f05ac14470b09a0d3cf8c4?s=400&#038;d=mm&#038;r=g 2x' class='avatar avatar-200 photo' height='200' width='200' decoding='async'\/>","author_avatar_url":"https:\/\/secure.gravatar.com\/avatar\/a16ac50596ba289795b185a9dc6123239c87be7224f05ac14470b09a0d3cf8c4?s=96&d=mm&r=g","comment_count":0,"post_likes":0,"post_views":0},"tpgb_post_category":[],"_links":{"self":[{"href":"https:\/\/labellink.org\/es\/wp-json\/wp\/v2\/pages\/1001057","targetHints":{"allow":["GET"]}}],"collection":[{"href":"https:\/\/labellink.org\/es\/wp-json\/wp\/v2\/pages"}],"about":[{"href":"https:\/\/labellink.org\/es\/wp-json\/wp\/v2\/types\/page"}],"author":[{"embeddable":true,"href":"https:\/\/labellink.org\/es\/wp-json\/wp\/v2\/users\/2"}],"replies":[{"embeddable":true,"href":"https:\/\/labellink.org\/es\/wp-json\/wp\/v2\/comments?post=1001057"}],"version-history":[{"count":1,"href":"https:\/\/labellink.org\/es\/wp-json\/wp\/v2\/pages\/1001057\/revisions"}],"predecessor-version":[{"id":1001058,"href":"https:\/\/labellink.org\/es\/wp-json\/wp\/v2\/pages\/1001057\/revisions\/1001058"}],"wp:attachment":[{"href":"https:\/\/labellink.org\/es\/wp-json\/wp\/v2\/media?parent=1001057"}],"curies":[{"name":"wp","href":"https:\/\/api.w.org\/{rel}","templated":true}]}}