{"id":1001051,"date":"2024-04-12T11:12:31","date_gmt":"2024-04-12T10:12:31","guid":{"rendered":"https:\/\/labellink.org\/condiciones-de-uso\/"},"modified":"2024-04-16T08:30:22","modified_gmt":"2024-04-16T07:30:22","slug":"condiciones-de-uso","status":"publish","type":"page","link":"https:\/\/labellink.org\/es\/condiciones-de-uso\/","title":{"rendered":"Condiciones de uso"},"content":{"rendered":"\t\t<div data-elementor-type=\"wp-page\" data-elementor-id=\"1001051\" class=\"elementor elementor-1001051 elementor-998146\" data-elementor-post-type=\"page\">\n\t\t\t\t<div data-particle_enable=\"false\" data-particle-mobile-disabled=\"false\" class=\"elementor-element elementor-element-791a36c e-flex e-con-boxed e-con e-parent\" data-id=\"791a36c\" data-element_type=\"container\" data-settings=\"{&quot;jet_parallax_layout_list&quot;:[]}\">\n\t\t\t\t\t<div class=\"e-con-inner\">\n\t\t\t\t<div class=\"elementor-element elementor-element-3b0525b elementor-widget__width-initial elementor-widget elementor-widget-heading\" data-id=\"3b0525b\" data-element_type=\"widget\" data-widget_type=\"heading.default\">\n\t\t\t\t<div class=\"elementor-widget-container\">\n\t\t\t<h1 class=\"elementor-heading-title elementor-size-default\">Condiciones de uso de Labellink<\/h1>\t\t<\/div>\n\t\t\t\t<\/div>\n\t\t\t\t<div class=\"elementor-element elementor-element-20ded9e elementor-widget elementor-widget-text-editor\" data-id=\"20ded9e\" data-element_type=\"widget\" data-widget_type=\"text-editor.default\">\n\t\t\t\t<div class=\"elementor-widget-container\">\n\t\t\t\t\t\t\t<p><strong>\u00daltima actualizaci\u00f3n:<\/strong> 12 de abril de 2024<\/p>\n<p>Bienvenido a labellink.org. Las presentes Condiciones de uso (&#8220;Condiciones&#8221;) regulan el uso de nuestro sitio web, ubicado en labellink.org (&#8220;Sitio web&#8221;), y son facilitadas por UE Labellink Ltd. (&#8220;Empresa&#8221;, &#8220;nosotros&#8221; o &#8220;nuestro&#8221;). (&#8220;Empresa&#8221;, &#8220;nosotros&#8221;, &#8220;nos&#8221; o &#8220;nuestro&#8221;). Al acceder o utilizar el Sitio Web, usted acepta someterse a estas Condiciones y a todas las leyes y reglamentos aplicables. Si no est\u00e1 de acuerdo con alguna parte de las condiciones, no tiene permiso para acceder al sitio web.<\/p>\n<h4> <\/h4>\n<h4>Acceso al sitio web<\/h4>\n<p>Sujeto a estas Condiciones, le concedemos una licencia no transferible, no exclusiva, revocable y limitada para utilizar y acceder al Sitio Web \u00fanicamente para su uso personal y no comercial.<\/p>\n<h4> <\/h4>\n<h4>Usos prohibidos<\/h4>\n<p>Al utilizar el Sitio Web, usted se compromete a no:<\/p>\n<ul>\n<li>Violar cualquier ley o reglamento nacional o internacional.<\/li>\n<li>Infringir o violar nuestros derechos de propiedad intelectual o los derechos de propiedad intelectual de terceros.<\/li>\n<li>Participar en cualquier actividad de miner\u00eda de datos, recopilaci\u00f3n de datos, extracci\u00f3n de datos o cualquier otra actividad similar en relaci\u00f3n con el Sitio Web, o mientras utilice el Sitio Web.<\/li>\n<li>Utilizar el Sitio Web con fines comerciales no autorizados.<\/li>\n<\/ul>\n<h4> <\/h4>\n<h4>Derechos de propiedad intelectual<\/h4>\n<p>El Sitio Web y su contenido original (excluyendo el contenido proporcionado por los usuarios), caracter\u00edsticas y funcionalidad son y seguir\u00e1n siendo propiedad exclusiva de UE Labellink Ltd. y sus licenciantes. Nuestras marcas comerciales e imagen comercial no pueden utilizarse en relaci\u00f3n con ning\u00fan producto o servicio sin el consentimiento previo por escrito de UE Labellink Ltd.<\/p>\n<h4> <\/h4>\n<h4>Terminaci\u00f3n<\/h4>\n<p>Podemos terminar o suspender su acceso a nuestro Sitio Web inmediatamente, sin previo aviso ni responsabilidad, por cualquier motivo, incluyendo, sin limitaci\u00f3n, si usted incumple las Condiciones.<\/p>\n<h4> <\/h4>\n<h4>Derecho aplicable<\/h4>\n<p>Las presentes Condiciones se regir\u00e1n e interpretar\u00e1n de conformidad con la legislaci\u00f3n de Inglaterra y Gales, sin tener en cuenta sus disposiciones en materia de conflicto de leyes.<\/p>\n<h4> <\/h4>\n<h4>Cambios<\/h4>\n<p>Nos reservamos el derecho, a nuestra entera discreci\u00f3n, de modificar o sustituir estas Condiciones en cualquier momento. Al continuar accediendo o utilizando nuestro sitio web despu\u00e9s de que las revisiones entren en vigor, usted acepta quedar vinculado por los t\u00e9rminos revisados. Si no acepta las nuevas condiciones, ya no estar\u00e1 autorizado a utilizar el sitio web.<\/p>\n<h4> <\/h4>\n<h4>P\u00f3ngase en contacto con nosotros<\/h4>\n<p>Si tiene alguna pregunta sobre estas Condiciones, p\u00f3ngase en contacto con nosotros en office@labellink.org.<\/p>\n\t\t\t\t\t\t<\/div>\n\t\t\t\t<\/div>\n\t\t\t\t\t<\/div>\n\t\t\t\t<\/div>\n\t\t\t\t<\/div>\n\t\t","protected":false},"excerpt":{"rendered":"<p>Condiciones de uso de Labellink \u00daltima actualizaci\u00f3n: 12 de abril de 2024 Bienvenido a labellink.org. Las presentes Condiciones de uso (&#8220;Condiciones&#8221;) regulan el uso de nuestro sitio web, ubicado en labellink.org (&#8220;Sitio web&#8221;), y son facilitadas por UE Labellink Ltd. (&#8220;Empresa&#8221;, &#8220;nosotros&#8221; o &#8220;nuestro&#8221;). (&#8220;Empresa&#8221;, &#8220;nosotros&#8221;, &#8220;nos&#8221; o &#8220;nuestro&#8221;). Al acceder o utilizar el Sitio [&hellip;]<\/p>\n","protected":false},"author":2,"featured_media":0,"parent":0,"menu_order":29,"comment_status":"closed","ping_status":"closed","template":"","meta":{"tpgb_global_settings":"","footnotes":""},"class_list":["post-1001051","page","type-page","status-publish","hentry"],"yoast_head":"<!-- This site is optimized with the Yoast SEO plugin v22.6 - https:\/\/yoast.com\/wordpress\/plugins\/seo\/ -->\n<title>Condiciones de uso - Labellink<\/title>\n<meta name=\"robots\" content=\"noindex, nofollow\" \/>\n<meta property=\"og:locale\" content=\"es_ES\" \/>\n<meta property=\"og:type\" content=\"article\" \/>\n<meta property=\"og:title\" content=\"Condiciones de uso - Labellink\" \/>\n<meta property=\"og:description\" content=\"Condiciones de uso de Labellink \u00daltima actualizaci\u00f3n: 12 de abril de 2024 Bienvenido a labellink.org. Las presentes Condiciones de uso (&#8220;Condiciones&#8221;) regulan el uso de nuestro sitio web, ubicado en labellink.org (&#8220;Sitio web&#8221;), y son facilitadas por UE Labellink Ltd. (&#8220;Empresa&#8221;, &#8220;nosotros&#8221; o &#8220;nuestro&#8221;). (&#8220;Empresa&#8221;, &#8220;nosotros&#8221;, &#8220;nos&#8221; o &#8220;nuestro&#8221;). Al acceder o utilizar el Sitio [&hellip;]\" \/>\n<meta property=\"og:url\" content=\"https:\/\/labellink.org\/es\/condiciones-de-uso\/\" \/>\n<meta property=\"og:site_name\" content=\"Labellink\" \/>\n<meta property=\"article:modified_time\" content=\"2024-04-16T07:30:22+00:00\" \/>\n<meta property=\"og:image\" content=\"https:\/\/labellink.org\/wp-content\/uploads\/labellink.png\" \/>\n\t<meta property=\"og:image:width\" content=\"1200\" \/>\n\t<meta property=\"og:image:height\" content=\"675\" \/>\n\t<meta property=\"og:image:type\" content=\"image\/png\" \/>\n<meta name=\"twitter:card\" content=\"summary_large_image\" \/>\n<meta name=\"twitter:label1\" content=\"Tiempo de lectura\" \/>\n\t<meta name=\"twitter:data1\" content=\"2 minutos\" \/>\n<script type=\"application\/ld+json\" class=\"yoast-schema-graph\">{\"@context\":\"https:\/\/schema.org\",\"@graph\":[{\"@type\":\"WebPage\",\"@id\":\"https:\/\/labellink.org\/es\/condiciones-de-uso\/\",\"url\":\"https:\/\/labellink.org\/es\/condiciones-de-uso\/\",\"name\":\"Condiciones de uso - Labellink\",\"isPartOf\":{\"@id\":\"https:\/\/labellink.org\/es\/#website\"},\"datePublished\":\"2024-04-12T10:12:31+00:00\",\"dateModified\":\"2024-04-16T07:30:22+00:00\",\"breadcrumb\":{\"@id\":\"https:\/\/labellink.org\/es\/condiciones-de-uso\/#breadcrumb\"},\"inLanguage\":\"es\",\"potentialAction\":[{\"@type\":\"ReadAction\",\"target\":[\"https:\/\/labellink.org\/es\/condiciones-de-uso\/\"]}]},{\"@type\":\"BreadcrumbList\",\"@id\":\"https:\/\/labellink.org\/es\/condiciones-de-uso\/#breadcrumb\",\"itemListElement\":[{\"@type\":\"ListItem\",\"position\":1,\"name\":\"Home\",\"item\":\"https:\/\/labellink.org\/es\/\"},{\"@type\":\"ListItem\",\"position\":2,\"name\":\"Condiciones de uso\"}]},{\"@type\":\"WebSite\",\"@id\":\"https:\/\/labellink.org\/es\/#website\",\"url\":\"https:\/\/labellink.org\/es\/\",\"name\":\"Labellink\",\"description\":\"E-label software and services\",\"publisher\":{\"@id\":\"https:\/\/labellink.org\/es\/#organization\"},\"potentialAction\":[{\"@type\":\"SearchAction\",\"target\":{\"@type\":\"EntryPoint\",\"urlTemplate\":\"https:\/\/labellink.org\/es\/?s={search_term_string}\"},\"query-input\":\"required name=search_term_string\"}],\"inLanguage\":\"es\"},{\"@type\":\"Organization\",\"@id\":\"https:\/\/labellink.org\/es\/#organization\",\"name\":\"Labellink\",\"url\":\"https:\/\/labellink.org\/es\/\",\"logo\":{\"@type\":\"ImageObject\",\"inLanguage\":\"es\",\"@id\":\"https:\/\/labellink.org\/es\/#\/schema\/logo\/image\/\",\"url\":\"https:\/\/labellink.org\/wp-content\/uploads\/2024\/01\/labellink-logo.png\",\"contentUrl\":\"https:\/\/labellink.org\/wp-content\/uploads\/2024\/01\/labellink-logo.png\",\"width\":900,\"height\":200,\"caption\":\"Labellink\"},\"image\":{\"@id\":\"https:\/\/labellink.org\/es\/#\/schema\/logo\/image\/\"}}]}<\/script>\n<!-- \/ Yoast SEO plugin. -->","yoast_head_json":{"title":"Condiciones de uso - Labellink","robots":{"index":"noindex","follow":"nofollow"},"og_locale":"es_ES","og_type":"article","og_title":"Condiciones de uso - Labellink","og_description":"Condiciones de uso de Labellink \u00daltima actualizaci\u00f3n: 12 de abril de 2024 Bienvenido a labellink.org. Las presentes Condiciones de uso (&#8220;Condiciones&#8221;) regulan el uso de nuestro sitio web, ubicado en labellink.org (&#8220;Sitio web&#8221;), y son facilitadas por UE Labellink Ltd. (&#8220;Empresa&#8221;, &#8220;nosotros&#8221; o &#8220;nuestro&#8221;). (&#8220;Empresa&#8221;, &#8220;nosotros&#8221;, &#8220;nos&#8221; o &#8220;nuestro&#8221;). Al acceder o utilizar el Sitio [&hellip;]","og_url":"https:\/\/labellink.org\/es\/condiciones-de-uso\/","og_site_name":"Labellink","article_modified_time":"2024-04-16T07:30:22+00:00","og_image":[{"width":1200,"height":675,"url":"https:\/\/labellink.org\/wp-content\/uploads\/labellink.png","type":"image\/png"}],"twitter_card":"summary_large_image","twitter_misc":{"Tiempo de lectura":"2 minutos"},"schema":{"@context":"https:\/\/schema.org","@graph":[{"@type":"WebPage","@id":"https:\/\/labellink.org\/es\/condiciones-de-uso\/","url":"https:\/\/labellink.org\/es\/condiciones-de-uso\/","name":"Condiciones de uso - Labellink","isPartOf":{"@id":"https:\/\/labellink.org\/es\/#website"},"datePublished":"2024-04-12T10:12:31+00:00","dateModified":"2024-04-16T07:30:22+00:00","breadcrumb":{"@id":"https:\/\/labellink.org\/es\/condiciones-de-uso\/#breadcrumb"},"inLanguage":"es","potentialAction":[{"@type":"ReadAction","target":["https:\/\/labellink.org\/es\/condiciones-de-uso\/"]}]},{"@type":"BreadcrumbList","@id":"https:\/\/labellink.org\/es\/condiciones-de-uso\/#breadcrumb","itemListElement":[{"@type":"ListItem","position":1,"name":"Home","item":"https:\/\/labellink.org\/es\/"},{"@type":"ListItem","position":2,"name":"Condiciones de uso"}]},{"@type":"WebSite","@id":"https:\/\/labellink.org\/es\/#website","url":"https:\/\/labellink.org\/es\/","name":"Labellink","description":"E-label software and services","publisher":{"@id":"https:\/\/labellink.org\/es\/#organization"},"potentialAction":[{"@type":"SearchAction","target":{"@type":"EntryPoint","urlTemplate":"https:\/\/labellink.org\/es\/?s={search_term_string}"},"query-input":"required name=search_term_string"}],"inLanguage":"es"},{"@type":"Organization","@id":"https:\/\/labellink.org\/es\/#organization","name":"Labellink","url":"https:\/\/labellink.org\/es\/","logo":{"@type":"ImageObject","inLanguage":"es","@id":"https:\/\/labellink.org\/es\/#\/schema\/logo\/image\/","url":"https:\/\/labellink.org\/wp-content\/uploads\/2024\/01\/labellink-logo.png","contentUrl":"https:\/\/labellink.org\/wp-content\/uploads\/2024\/01\/labellink-logo.png","width":900,"height":200,"caption":"Labellink"},"image":{"@id":"https:\/\/labellink.org\/es\/#\/schema\/logo\/image\/"}}]}},"tpgb_featured_images":null,"tpgb_post_meta_info":{"get_date":"12 abril 2024","author_name":"Boris Motusic","author_url":"https:\/\/labellink.org\/es\/author\/boris\/","author_email":"boris@uexperts.com","author_website":"https:\/\/www.linkedin.com\/in\/boris-motusic\/","author_description":"Boris Motusic is the CEO of Labellink and United Experts, a seasoned Chief Solution Architect, consultant, author, and public speaker, with experience working on projects for global brands like Microsoft, BNP Paribas, ABB, Panasonic, and Best Western Hotels.\r\n\r\n<a href=\"https:\/\/www.linkedin.com\/in\/boris-motusic\/\">LinkedIn Profile<\/a>","author_facebook":"","author_twitter":"","author_instagram":"","author_role":["administrator"],"author_firstname":"Boris","author_lastname":"Motusic","user_login":"Boris","author_avatar":"<img alt='' src='https:\/\/secure.gravatar.com\/avatar\/a16ac50596ba289795b185a9dc6123239c87be7224f05ac14470b09a0d3cf8c4?s=200&#038;d=mm&#038;r=g' srcset='https:\/\/secure.gravatar.com\/avatar\/a16ac50596ba289795b185a9dc6123239c87be7224f05ac14470b09a0d3cf8c4?s=400&#038;d=mm&#038;r=g 2x' class='avatar avatar-200 photo' height='200' width='200' decoding='async'\/>","author_avatar_url":"https:\/\/secure.gravatar.com\/avatar\/a16ac50596ba289795b185a9dc6123239c87be7224f05ac14470b09a0d3cf8c4?s=96&d=mm&r=g","comment_count":0,"post_likes":0,"post_views":0},"tpgb_post_category":[],"_links":{"self":[{"href":"https:\/\/labellink.org\/es\/wp-json\/wp\/v2\/pages\/1001051","targetHints":{"allow":["GET"]}}],"collection":[{"href":"https:\/\/labellink.org\/es\/wp-json\/wp\/v2\/pages"}],"about":[{"href":"https:\/\/labellink.org\/es\/wp-json\/wp\/v2\/types\/page"}],"author":[{"embeddable":true,"href":"https:\/\/labellink.org\/es\/wp-json\/wp\/v2\/users\/2"}],"replies":[{"embeddable":true,"href":"https:\/\/labellink.org\/es\/wp-json\/wp\/v2\/comments?post=1001051"}],"version-history":[{"count":1,"href":"https:\/\/labellink.org\/es\/wp-json\/wp\/v2\/pages\/1001051\/revisions"}],"predecessor-version":[{"id":1001054,"href":"https:\/\/labellink.org\/es\/wp-json\/wp\/v2\/pages\/1001051\/revisions\/1001054"}],"wp:attachment":[{"href":"https:\/\/labellink.org\/es\/wp-json\/wp\/v2\/media?parent=1001051"}],"curies":[{"name":"wp","href":"https:\/\/api.w.org\/{rel}","templated":true}]}}