{"id":1001246,"date":"2024-06-30T10:58:32","date_gmt":"2024-06-30T09:58:32","guid":{"rendered":"https:\/\/labellink.org\/e-etiketten-dienstleistungen-labellink\/"},"modified":"2024-04-16T08:45:57","modified_gmt":"2024-04-16T07:45:57","slug":"e-etiketten-dienstleistungen-labellink","status":"publish","type":"page","link":"https:\/\/labellink.org\/de\/e-etiketten-dienstleistungen-labellink\/","title":{"rendered":"E-Etiketten Dienstleistungen &#8211; Labellink"},"content":{"rendered":"\t\t<div data-elementor-type=\"wp-page\" data-elementor-id=\"1001246\" class=\"elementor elementor-1001246 elementor-992033\" data-elementor-post-type=\"page\">\n\t\t\t\t<div data-particle_enable=\"false\" data-particle-mobile-disabled=\"false\" class=\"elementor-element elementor-element-7237475 e-flex e-con-boxed e-con e-parent\" data-id=\"7237475\" data-element_type=\"container\" data-settings=\"{&quot;background_background&quot;:&quot;classic&quot;,&quot;jet_parallax_layout_list&quot;:[]}\">\n\t\t\t\t\t<div class=\"e-con-inner\">\n\t\t\t\t<div class=\"elementor-element elementor-element-a3cac8f elementor-widget__width-initial elementor-widget elementor-widget-heading\" data-id=\"a3cac8f\" data-element_type=\"widget\" data-widget_type=\"heading.default\">\n\t\t\t\t<div class=\"elementor-widget-container\">\n\t\t\t<h1 class=\"elementor-heading-title elementor-size-default\">Labellink Dienstleistungen<\/h1>\t\t<\/div>\n\t\t\t\t<\/div>\n\t\t\t\t<div class=\"elementor-element elementor-element-c9ce0bf elementor-widget elementor-widget-text-editor\" data-id=\"c9ce0bf\" data-element_type=\"widget\" data-widget_type=\"text-editor.default\">\n\t\t\t\t<div class=\"elementor-widget-container\">\n\t\t\t\t\t\t\t<p>Labellink verbindet modernste Software mit einem Full-Service-Ansatz, der strategische Beratung, kundenspezifische Entwicklung, professionelle Inhaltserstellung und umfassende Schulungen bietet, um hervorragende E-Label-Erfahrungen und -Management zu gew\u00e4hrleisten.<\/p>\n\t\t\t\t\t\t<\/div>\n\t\t\t\t<\/div>\n\t\t\t\t\t<\/div>\n\t\t\t\t<\/div>\n\t\t<div data-particle_enable=\"false\" data-particle-mobile-disabled=\"false\" class=\"elementor-element elementor-element-8108700 e-flex e-con-boxed e-con e-parent\" data-id=\"8108700\" data-element_type=\"container\" data-settings=\"{&quot;background_background&quot;:&quot;classic&quot;,&quot;jet_parallax_layout_list&quot;:[]}\">\n\t\t\t\t\t<div class=\"e-con-inner\">\n\t\t<div data-particle_enable=\"false\" data-particle-mobile-disabled=\"false\" class=\"elementor-element elementor-element-3936527 e-con-full e-flex e-con e-child\" data-id=\"3936527\" data-element_type=\"container\" data-settings=\"{&quot;background_background&quot;:&quot;classic&quot;,&quot;jet_parallax_layout_list&quot;:[]}\">\n\t\t\t\t<div class=\"elementor-element elementor-element-b31209a elementor-widget elementor-widget-heading\" data-id=\"b31209a\" data-element_type=\"widget\" data-widget_type=\"heading.default\">\n\t\t\t\t<div class=\"elementor-widget-container\">\n\t\t\t<h3 class=\"elementor-heading-title elementor-size-default\">Beratung<\/h3>\t\t<\/div>\n\t\t\t\t<\/div>\n\t\t\t\t<div class=\"elementor-element elementor-element-b2bc816 elementor-widget elementor-widget-text-editor\" data-id=\"b2bc816\" data-element_type=\"widget\" data-widget_type=\"text-editor.default\">\n\t\t\t\t<div class=\"elementor-widget-container\">\n\t\t\t\t\t\t\t<p>Die Beratungsleistungen von Labellink reichen von der fachkundigen Beratung bis hin zur Ausarbeitung umfassender E-Label-Strategien, die auf die individuellen Bed\u00fcrfnisse jedes Kunden zugeschnitten sind. Dieser Ansatz stellt sicher, dass Unternehmen sich in der komplexen Landschaft der digitalen Kennzeichnung sicher bewegen und fundierte Entscheidungen treffen k\u00f6nnen, die mit ihren Zielen und gesetzlichen Anforderungen \u00fcbereinstimmen.<\/p>\n\t\t\t\t\t\t<\/div>\n\t\t\t\t<\/div>\n\t\t\t\t<\/div>\n\t\t<div data-particle_enable=\"false\" data-particle-mobile-disabled=\"false\" class=\"elementor-element elementor-element-d80b0dd e-con-full e-flex e-con e-child\" data-id=\"d80b0dd\" data-element_type=\"container\" data-settings=\"{&quot;background_background&quot;:&quot;classic&quot;,&quot;jet_parallax_layout_list&quot;:[]}\">\n\t\t\t\t<\/div>\n\t\t\t\t\t<\/div>\n\t\t\t\t<\/div>\n\t\t<div data-particle_enable=\"false\" data-particle-mobile-disabled=\"false\" class=\"elementor-element elementor-element-9b4dcf0 e-flex e-con-boxed e-con e-parent\" data-id=\"9b4dcf0\" data-element_type=\"container\" data-settings=\"{&quot;background_background&quot;:&quot;classic&quot;,&quot;jet_parallax_layout_list&quot;:[]}\">\n\t\t\t\t\t<div class=\"e-con-inner\">\n\t\t<div data-particle_enable=\"false\" data-particle-mobile-disabled=\"false\" class=\"elementor-element elementor-element-71f5e5d e-con-full e-flex e-con e-child\" data-id=\"71f5e5d\" data-element_type=\"container\" data-settings=\"{&quot;background_background&quot;:&quot;classic&quot;,&quot;jet_parallax_layout_list&quot;:[]}\">\n\t\t\t\t<div class=\"elementor-element elementor-element-52f4843 elementor-widget elementor-widget-heading\" data-id=\"52f4843\" data-element_type=\"widget\" data-widget_type=\"heading.default\">\n\t\t\t\t<div class=\"elementor-widget-container\">\n\t\t\t<h3 class=\"elementor-heading-title elementor-size-default\">UX &amp; Gestaltung<\/h3>\t\t<\/div>\n\t\t\t\t<\/div>\n\t\t\t\t<div class=\"elementor-element elementor-element-59fe0af elementor-widget elementor-widget-text-editor\" data-id=\"59fe0af\" data-element_type=\"widget\" data-widget_type=\"text-editor.default\">\n\t\t\t\t<div class=\"elementor-widget-container\">\n\t\t\t\t\t\t\t<p>Die Nutzererfahrung (UX) und das Design von E-Labels sind entscheidend f\u00fcr ihren Erfolg. Der UX &amp; Design Service von Labellink widmet sich der sorgf\u00e4ltigen Ausarbeitung, Pr\u00fcfung und Verfeinerung der visuellen und interaktiven Aspekte von E-Labels, um sicherzustellen, dass sie intuitiv, zug\u00e4nglich und \u00e4sthetisch ansprechend sind. Dieser Prozess erfordert ein tiefes Verst\u00e4ndnis des Nutzerverhaltens und der Vorlieben, was sich in elektronischen Etiketten niederschl\u00e4gt, die f\u00fcr die Nutzer einfach zu navigieren und zu bedienen sind.<\/p>\n\t\t\t\t\t\t<\/div>\n\t\t\t\t<\/div>\n\t\t\t\t<\/div>\n\t\t<div data-particle_enable=\"false\" data-particle-mobile-disabled=\"false\" class=\"elementor-element elementor-element-a0168a6 e-con-full e-flex e-con e-child\" data-id=\"a0168a6\" data-element_type=\"container\" data-settings=\"{&quot;background_background&quot;:&quot;classic&quot;,&quot;jet_parallax_layout_list&quot;:[]}\">\n\t\t\t\t<\/div>\n\t\t\t\t\t<\/div>\n\t\t\t\t<\/div>\n\t\t<div data-particle_enable=\"false\" data-particle-mobile-disabled=\"false\" class=\"elementor-element elementor-element-1acbea6 e-flex e-con-boxed e-con e-parent\" data-id=\"1acbea6\" data-element_type=\"container\" data-settings=\"{&quot;background_background&quot;:&quot;classic&quot;,&quot;jet_parallax_layout_list&quot;:[]}\">\n\t\t\t\t\t<div class=\"e-con-inner\">\n\t\t<div data-particle_enable=\"false\" data-particle-mobile-disabled=\"false\" class=\"elementor-element elementor-element-27dcac2 e-con-full e-flex e-con e-child\" data-id=\"27dcac2\" data-element_type=\"container\" data-settings=\"{&quot;background_background&quot;:&quot;classic&quot;,&quot;jet_parallax_layout_list&quot;:[]}\">\n\t\t\t\t<div class=\"elementor-element elementor-element-c1b735a elementor-widget elementor-widget-heading\" data-id=\"c1b735a\" data-element_type=\"widget\" data-widget_type=\"heading.default\">\n\t\t\t\t<div class=\"elementor-widget-container\">\n\t\t\t<h3 class=\"elementor-heading-title elementor-size-default\">Entwicklung<\/h3>\t\t<\/div>\n\t\t\t\t<\/div>\n\t\t\t\t<div class=\"elementor-element elementor-element-dd1c6c8 elementor-widget elementor-widget-text-editor\" data-id=\"dd1c6c8\" data-element_type=\"widget\" data-widget_type=\"text-editor.default\">\n\t\t\t\t<div class=\"elementor-widget-container\">\n\t\t\t\t\t\t\t<p>Labellink ist stolz darauf, flexible Entwicklungsoptionen anbieten zu k\u00f6nnen, von der Anpassung von Starterpaketen bis hin zur Erstellung vollst\u00e4ndig ma\u00dfgeschneiderter E-Label-L\u00f6sungen. Dieser Service ist auf die spezifischen Bed\u00fcrfnisse jedes Kunden zugeschnitten und gew\u00e4hrleistet, dass jeder Aspekt der E-Label-L\u00f6sung perfekt auf die betrieblichen Anforderungen und strategischen Ziele abgestimmt ist.<\/p>\n\t\t\t\t\t\t<\/div>\n\t\t\t\t<\/div>\n\t\t\t\t<\/div>\n\t\t<div data-particle_enable=\"false\" data-particle-mobile-disabled=\"false\" class=\"elementor-element elementor-element-65967ad e-con-full e-flex e-con e-child\" data-id=\"65967ad\" data-element_type=\"container\" data-settings=\"{&quot;background_background&quot;:&quot;classic&quot;,&quot;jet_parallax_layout_list&quot;:[]}\">\n\t\t\t\t<\/div>\n\t\t\t\t\t<\/div>\n\t\t\t\t<\/div>\n\t\t<div data-particle_enable=\"false\" data-particle-mobile-disabled=\"false\" class=\"elementor-element elementor-element-db9c1eb e-flex e-con-boxed e-con e-parent\" data-id=\"db9c1eb\" data-element_type=\"container\" data-settings=\"{&quot;background_background&quot;:&quot;classic&quot;,&quot;jet_parallax_layout_list&quot;:[]}\">\n\t\t\t\t\t<div class=\"e-con-inner\">\n\t\t<div data-particle_enable=\"false\" data-particle-mobile-disabled=\"false\" class=\"elementor-element elementor-element-72b3eef e-con-full e-flex e-con e-child\" data-id=\"72b3eef\" data-element_type=\"container\" data-settings=\"{&quot;background_background&quot;:&quot;classic&quot;,&quot;jet_parallax_layout_list&quot;:[]}\">\n\t\t\t\t<div class=\"elementor-element elementor-element-8e92b28 elementor-widget elementor-widget-heading\" data-id=\"8e92b28\" data-element_type=\"widget\" data-widget_type=\"heading.default\">\n\t\t\t\t<div class=\"elementor-widget-container\">\n\t\t\t<h3 class=\"elementor-heading-title elementor-size-default\">Professionelle Erstellung von Inhalten<\/h3>\t\t<\/div>\n\t\t\t\t<\/div>\n\t\t\t\t<div class=\"elementor-element elementor-element-25f73fe elementor-widget elementor-widget-text-editor\" data-id=\"25f73fe\" data-element_type=\"widget\" data-widget_type=\"text-editor.default\">\n\t\t\t\t<div class=\"elementor-widget-container\">\n\t\t\t\t\t\t\t<p>Labellink ist sich der Bedeutung \u00fcberzeugender Inhalte bewusst und bietet unter anderem professionelle Dienstleistungen in den Bereichen Fotografie, Videografie, Copywriting, Bildbearbeitung und Dateneingabe an. Diese breite Palette von Dienstleistungen zur Erstellung von Inhalten ist so konzipiert, dass E-Labels nicht nur informativ, sondern auch visuell fesselnd und ansprechend sind und einen hohen Standard f\u00fcr digitale Etiketteninhalte setzen.<\/p>\n\t\t\t\t\t\t<\/div>\n\t\t\t\t<\/div>\n\t\t\t\t<\/div>\n\t\t<div data-particle_enable=\"false\" data-particle-mobile-disabled=\"false\" class=\"elementor-element elementor-element-e0d5eba e-con-full e-flex e-con e-child\" data-id=\"e0d5eba\" data-element_type=\"container\" data-settings=\"{&quot;background_background&quot;:&quot;classic&quot;,&quot;jet_parallax_layout_list&quot;:[]}\">\n\t\t\t\t<\/div>\n\t\t\t\t\t<\/div>\n\t\t\t\t<\/div>\n\t\t<div data-particle_enable=\"false\" data-particle-mobile-disabled=\"false\" class=\"elementor-element elementor-element-a236cd8 e-flex e-con-boxed e-con e-parent\" data-id=\"a236cd8\" data-element_type=\"container\" data-settings=\"{&quot;background_background&quot;:&quot;classic&quot;,&quot;jet_parallax_layout_list&quot;:[]}\">\n\t\t\t\t\t<div class=\"e-con-inner\">\n\t\t<div data-particle_enable=\"false\" data-particle-mobile-disabled=\"false\" class=\"elementor-element elementor-element-397b1a5 e-con-full e-flex e-con e-child\" data-id=\"397b1a5\" data-element_type=\"container\" data-settings=\"{&quot;background_background&quot;:&quot;classic&quot;,&quot;jet_parallax_layout_list&quot;:[]}\">\n\t\t\t\t<div class=\"elementor-element elementor-element-6058a2f elementor-widget elementor-widget-heading\" data-id=\"6058a2f\" data-element_type=\"widget\" data-widget_type=\"heading.default\">\n\t\t\t\t<div class=\"elementor-widget-container\">\n\t\t\t<h3 class=\"elementor-heading-title elementor-size-default\">Ausbildung<\/h3>\t\t<\/div>\n\t\t\t\t<\/div>\n\t\t\t\t<div class=\"elementor-element elementor-element-2991bba elementor-widget elementor-widget-text-editor\" data-id=\"2991bba\" data-element_type=\"widget\" data-widget_type=\"text-editor.default\">\n\t\t\t\t<div class=\"elementor-widget-container\">\n\t\t\t\t\t\t\t<p>Damit die Kunden das Beste aus ihren E-Label-L\u00f6sungen herausholen k\u00f6nnen, bietet Labellink umfassende Schulungsprogramme an. Diese sind sowohl vor Ort als auch online verf\u00fcgbar und decken alles ab, von der grundlegenden Navigation bis hin zu fortgeschrittenen Funktionen der Labellink-Plattform. Die Schulung soll die E-Label-Kenntnisse der Nutzer verbessern und sicherstellen, dass sie in der Lage sind, ihre E-Labels effektiv zu verwalten und zu optimieren.<\/p>\n\t\t\t\t\t\t<\/div>\n\t\t\t\t<\/div>\n\t\t\t\t<\/div>\n\t\t<div data-particle_enable=\"false\" data-particle-mobile-disabled=\"false\" class=\"elementor-element elementor-element-9cc5621 e-con-full e-flex e-con e-child\" data-id=\"9cc5621\" data-element_type=\"container\" data-settings=\"{&quot;background_background&quot;:&quot;classic&quot;,&quot;jet_parallax_layout_list&quot;:[]}\">\n\t\t\t\t<\/div>\n\t\t\t\t\t<\/div>\n\t\t\t\t<\/div>\n\t\t\t\t<\/div>\n\t\t","protected":false},"excerpt":{"rendered":"<p>Labellink Dienstleistungen Labellink verbindet modernste Software mit einem Full-Service-Ansatz, der strategische Beratung, kundenspezifische Entwicklung, professionelle Inhaltserstellung und umfassende Schulungen bietet, um hervorragende E-Label-Erfahrungen und -Management zu gew\u00e4hrleisten. Beratung Die Beratungsleistungen von Labellink reichen von der fachkundigen Beratung bis hin zur Ausarbeitung umfassender E-Label-Strategien, die auf die individuellen Bed\u00fcrfnisse jedes Kunden zugeschnitten sind. Dieser Ansatz stellt [&hellip;]<\/p>\n","protected":false},"author":2,"featured_media":0,"parent":0,"menu_order":14,"comment_status":"closed","ping_status":"closed","template":"","meta":{"tpgb_global_settings":"","footnotes":""},"class_list":["post-1001246","page","type-page","status-publish","hentry"],"yoast_head":"<!-- This site is optimized with the Yoast SEO plugin v22.6 - https:\/\/yoast.com\/wordpress\/plugins\/seo\/ -->\n<title>E-Etiketten Dienstleistungen - Labellink<\/title>\n<meta name=\"description\" content=\"Die E-Label-Services von Labellink umfassen Beratung, UX-Design, Entwicklung, Schulung und professionelle Inhaltserstellung und bieten eine ganzheitliche L\u00f6sung f\u00fcr ein reibungsloses E-Label-Management.\" \/>\n<meta name=\"robots\" content=\"index, follow, max-snippet:-1, max-image-preview:large, max-video-preview:-1\" \/>\n<link rel=\"canonical\" href=\"https:\/\/labellink.org\/de\/e-etiketten-dienstleistungen-labellink\/\" \/>\n<meta property=\"og:locale\" content=\"de_DE\" \/>\n<meta property=\"og:type\" content=\"article\" \/>\n<meta property=\"og:title\" content=\"E-Etiketten Dienstleistungen - Labellink\" \/>\n<meta property=\"og:description\" content=\"Die E-Label-Services von Labellink umfassen Beratung, UX-Design, Entwicklung, Schulung und professionelle Inhaltserstellung und bieten eine ganzheitliche L\u00f6sung f\u00fcr ein reibungsloses E-Label-Management.\" \/>\n<meta property=\"og:url\" content=\"https:\/\/labellink.org\/de\/e-etiketten-dienstleistungen-labellink\/\" \/>\n<meta property=\"og:site_name\" content=\"Labellink\" \/>\n<meta property=\"article:modified_time\" content=\"2024-04-16T07:45:57+00:00\" \/>\n<meta property=\"og:image\" content=\"https:\/\/labellink.org\/wp-content\/uploads\/labellink.png\" \/>\n\t<meta property=\"og:image:width\" content=\"1200\" \/>\n\t<meta property=\"og:image:height\" content=\"675\" \/>\n\t<meta property=\"og:image:type\" content=\"image\/png\" \/>\n<meta name=\"twitter:card\" content=\"summary_large_image\" \/>\n<meta name=\"twitter:label1\" content=\"Gesch\u00e4tzte Lesezeit\" \/>\n\t<meta name=\"twitter:data1\" content=\"2\u00a0Minuten\" \/>\n<script type=\"application\/ld+json\" class=\"yoast-schema-graph\">{\"@context\":\"https:\/\/schema.org\",\"@graph\":[{\"@type\":\"WebPage\",\"@id\":\"https:\/\/labellink.org\/de\/e-etiketten-dienstleistungen-labellink\/\",\"url\":\"https:\/\/labellink.org\/de\/e-etiketten-dienstleistungen-labellink\/\",\"name\":\"E-Etiketten Dienstleistungen - Labellink\",\"isPartOf\":{\"@id\":\"https:\/\/labellink.org\/de\/#website\"},\"datePublished\":\"2024-06-30T09:58:32+00:00\",\"dateModified\":\"2024-04-16T07:45:57+00:00\",\"description\":\"Die E-Label-Services von Labellink umfassen Beratung, UX-Design, Entwicklung, Schulung und professionelle Inhaltserstellung und bieten eine ganzheitliche L\u00f6sung f\u00fcr ein reibungsloses E-Label-Management.\",\"breadcrumb\":{\"@id\":\"https:\/\/labellink.org\/de\/e-etiketten-dienstleistungen-labellink\/#breadcrumb\"},\"inLanguage\":\"de\",\"potentialAction\":[{\"@type\":\"ReadAction\",\"target\":[\"https:\/\/labellink.org\/de\/e-etiketten-dienstleistungen-labellink\/\"]}]},{\"@type\":\"BreadcrumbList\",\"@id\":\"https:\/\/labellink.org\/de\/e-etiketten-dienstleistungen-labellink\/#breadcrumb\",\"itemListElement\":[{\"@type\":\"ListItem\",\"position\":1,\"name\":\"Home\",\"item\":\"https:\/\/labellink.org\/de\/\"},{\"@type\":\"ListItem\",\"position\":2,\"name\":\"E-Etiketten Dienstleistungen &#8211; Labellink\"}]},{\"@type\":\"WebSite\",\"@id\":\"https:\/\/labellink.org\/de\/#website\",\"url\":\"https:\/\/labellink.org\/de\/\",\"name\":\"Labellink\",\"description\":\"E-label software and services\",\"publisher\":{\"@id\":\"https:\/\/labellink.org\/de\/#organization\"},\"potentialAction\":[{\"@type\":\"SearchAction\",\"target\":{\"@type\":\"EntryPoint\",\"urlTemplate\":\"https:\/\/labellink.org\/de\/?s={search_term_string}\"},\"query-input\":\"required name=search_term_string\"}],\"inLanguage\":\"de\"},{\"@type\":\"Organization\",\"@id\":\"https:\/\/labellink.org\/de\/#organization\",\"name\":\"Labellink\",\"url\":\"https:\/\/labellink.org\/de\/\",\"logo\":{\"@type\":\"ImageObject\",\"inLanguage\":\"de\",\"@id\":\"https:\/\/labellink.org\/de\/#\/schema\/logo\/image\/\",\"url\":\"https:\/\/labellink.org\/wp-content\/uploads\/2024\/01\/labellink-logo.png\",\"contentUrl\":\"https:\/\/labellink.org\/wp-content\/uploads\/2024\/01\/labellink-logo.png\",\"width\":900,\"height\":200,\"caption\":\"Labellink\"},\"image\":{\"@id\":\"https:\/\/labellink.org\/de\/#\/schema\/logo\/image\/\"}}]}<\/script>\n<!-- \/ Yoast SEO plugin. -->","yoast_head_json":{"title":"E-Etiketten Dienstleistungen - Labellink","description":"Die E-Label-Services von Labellink umfassen Beratung, UX-Design, Entwicklung, Schulung und professionelle Inhaltserstellung und bieten eine ganzheitliche L\u00f6sung f\u00fcr ein reibungsloses E-Label-Management.","robots":{"index":"index","follow":"follow","max-snippet":"max-snippet:-1","max-image-preview":"max-image-preview:large","max-video-preview":"max-video-preview:-1"},"canonical":"https:\/\/labellink.org\/de\/e-etiketten-dienstleistungen-labellink\/","og_locale":"de_DE","og_type":"article","og_title":"E-Etiketten Dienstleistungen - Labellink","og_description":"Die E-Label-Services von Labellink umfassen Beratung, UX-Design, Entwicklung, Schulung und professionelle Inhaltserstellung und bieten eine ganzheitliche L\u00f6sung f\u00fcr ein reibungsloses E-Label-Management.","og_url":"https:\/\/labellink.org\/de\/e-etiketten-dienstleistungen-labellink\/","og_site_name":"Labellink","article_modified_time":"2024-04-16T07:45:57+00:00","og_image":[{"width":1200,"height":675,"url":"https:\/\/labellink.org\/wp-content\/uploads\/labellink.png","type":"image\/png"}],"twitter_card":"summary_large_image","twitter_misc":{"Gesch\u00e4tzte Lesezeit":"2\u00a0Minuten"},"schema":{"@context":"https:\/\/schema.org","@graph":[{"@type":"WebPage","@id":"https:\/\/labellink.org\/de\/e-etiketten-dienstleistungen-labellink\/","url":"https:\/\/labellink.org\/de\/e-etiketten-dienstleistungen-labellink\/","name":"E-Etiketten Dienstleistungen - Labellink","isPartOf":{"@id":"https:\/\/labellink.org\/de\/#website"},"datePublished":"2024-06-30T09:58:32+00:00","dateModified":"2024-04-16T07:45:57+00:00","description":"Die E-Label-Services von Labellink umfassen Beratung, UX-Design, Entwicklung, Schulung und professionelle Inhaltserstellung und bieten eine ganzheitliche L\u00f6sung f\u00fcr ein reibungsloses E-Label-Management.","breadcrumb":{"@id":"https:\/\/labellink.org\/de\/e-etiketten-dienstleistungen-labellink\/#breadcrumb"},"inLanguage":"de","potentialAction":[{"@type":"ReadAction","target":["https:\/\/labellink.org\/de\/e-etiketten-dienstleistungen-labellink\/"]}]},{"@type":"BreadcrumbList","@id":"https:\/\/labellink.org\/de\/e-etiketten-dienstleistungen-labellink\/#breadcrumb","itemListElement":[{"@type":"ListItem","position":1,"name":"Home","item":"https:\/\/labellink.org\/de\/"},{"@type":"ListItem","position":2,"name":"E-Etiketten Dienstleistungen &#8211; Labellink"}]},{"@type":"WebSite","@id":"https:\/\/labellink.org\/de\/#website","url":"https:\/\/labellink.org\/de\/","name":"Labellink","description":"E-label software and services","publisher":{"@id":"https:\/\/labellink.org\/de\/#organization"},"potentialAction":[{"@type":"SearchAction","target":{"@type":"EntryPoint","urlTemplate":"https:\/\/labellink.org\/de\/?s={search_term_string}"},"query-input":"required name=search_term_string"}],"inLanguage":"de"},{"@type":"Organization","@id":"https:\/\/labellink.org\/de\/#organization","name":"Labellink","url":"https:\/\/labellink.org\/de\/","logo":{"@type":"ImageObject","inLanguage":"de","@id":"https:\/\/labellink.org\/de\/#\/schema\/logo\/image\/","url":"https:\/\/labellink.org\/wp-content\/uploads\/2024\/01\/labellink-logo.png","contentUrl":"https:\/\/labellink.org\/wp-content\/uploads\/2024\/01\/labellink-logo.png","width":900,"height":200,"caption":"Labellink"},"image":{"@id":"https:\/\/labellink.org\/de\/#\/schema\/logo\/image\/"}}]}},"tpgb_featured_images":null,"tpgb_post_meta_info":{"get_date":"30 Juni 2024","author_name":"Boris Motusic","author_url":"https:\/\/labellink.org\/de\/author\/boris\/","author_email":"boris@uexperts.com","author_website":"https:\/\/www.linkedin.com\/in\/boris-motusic\/","author_description":"Boris Motusic is the CEO of Labellink and United Experts, a seasoned Chief Solution Architect, consultant, author, and public speaker, with experience working on projects for global brands like Microsoft, BNP Paribas, ABB, Panasonic, and Best Western Hotels.\r\n\r\n<a href=\"https:\/\/www.linkedin.com\/in\/boris-motusic\/\">LinkedIn Profile<\/a>","author_facebook":"","author_twitter":"","author_instagram":"","author_role":["administrator"],"author_firstname":"Boris","author_lastname":"Motusic","user_login":"Boris","author_avatar":"<img alt='' src='https:\/\/secure.gravatar.com\/avatar\/a16ac50596ba289795b185a9dc6123239c87be7224f05ac14470b09a0d3cf8c4?s=200&#038;d=mm&#038;r=g' srcset='https:\/\/secure.gravatar.com\/avatar\/a16ac50596ba289795b185a9dc6123239c87be7224f05ac14470b09a0d3cf8c4?s=400&#038;d=mm&#038;r=g 2x' class='avatar avatar-200 photo' height='200' width='200' decoding='async'\/>","author_avatar_url":"https:\/\/secure.gravatar.com\/avatar\/a16ac50596ba289795b185a9dc6123239c87be7224f05ac14470b09a0d3cf8c4?s=96&d=mm&r=g","comment_count":0,"post_likes":0,"post_views":0},"tpgb_post_category":[],"_links":{"self":[{"href":"https:\/\/labellink.org\/de\/wp-json\/wp\/v2\/pages\/1001246","targetHints":{"allow":["GET"]}}],"collection":[{"href":"https:\/\/labellink.org\/de\/wp-json\/wp\/v2\/pages"}],"about":[{"href":"https:\/\/labellink.org\/de\/wp-json\/wp\/v2\/types\/page"}],"author":[{"embeddable":true,"href":"https:\/\/labellink.org\/de\/wp-json\/wp\/v2\/users\/2"}],"replies":[{"embeddable":true,"href":"https:\/\/labellink.org\/de\/wp-json\/wp\/v2\/comments?post=1001246"}],"version-history":[{"count":1,"href":"https:\/\/labellink.org\/de\/wp-json\/wp\/v2\/pages\/1001246\/revisions"}],"predecessor-version":[{"id":1001260,"href":"https:\/\/labellink.org\/de\/wp-json\/wp\/v2\/pages\/1001246\/revisions\/1001260"}],"wp:attachment":[{"href":"https:\/\/labellink.org\/de\/wp-json\/wp\/v2\/media?parent=1001246"}],"curies":[{"name":"wp","href":"https:\/\/api.w.org\/{rel}","templated":true}]}}