{"id":1001154,"date":"2024-06-30T10:42:57","date_gmt":"2024-06-30T09:42:57","guid":{"rendered":"https:\/\/labellink.org\/einhaltung-und-zertifizierung-von-e-labels-labellink\/"},"modified":"2024-04-16T08:36:13","modified_gmt":"2024-04-16T07:36:13","slug":"einhaltung-und-zertifizierung-von-e-labels-labellink","status":"publish","type":"page","link":"https:\/\/labellink.org\/de\/einhaltung-und-zertifizierung-von-e-labels-labellink\/","title":{"rendered":"Einhaltung und Zertifizierung von E-Labels &#8211; Labellink"},"content":{"rendered":"\t\t<div data-elementor-type=\"wp-page\" data-elementor-id=\"1001154\" class=\"elementor elementor-1001154 elementor-995733\" data-elementor-post-type=\"page\">\n\t\t\t\t<div data-particle_enable=\"false\" data-particle-mobile-disabled=\"false\" class=\"elementor-element elementor-element-4c2425a e-flex e-con-boxed e-con e-parent\" data-id=\"4c2425a\" data-element_type=\"container\" data-settings=\"{&quot;background_background&quot;:&quot;classic&quot;,&quot;jet_parallax_layout_list&quot;:[]}\">\n\t\t\t\t\t<div class=\"e-con-inner\">\n\t\t<div data-particle_enable=\"false\" data-particle-mobile-disabled=\"false\" class=\"elementor-element elementor-element-eebdc63 e-con-full e-flex e-con e-child\" data-id=\"eebdc63\" data-element_type=\"container\" data-settings=\"{&quot;jet_parallax_layout_list&quot;:[]}\">\n\t\t\t\t<div class=\"elementor-element elementor-element-eeb445c elementor-widget__width-initial elementor-widget elementor-widget-heading\" data-id=\"eeb445c\" data-element_type=\"widget\" data-widget_type=\"heading.default\">\n\t\t\t\t<div class=\"elementor-widget-container\">\n\t\t\t<h1 class=\"elementor-heading-title elementor-size-default\">Konformit\u00e4t und Zertifizierung von E-Labels<\/h1>\t\t<\/div>\n\t\t\t\t<\/div>\n\t\t\t\t<div class=\"elementor-element elementor-element-07f8088 elementor-widget elementor-widget-text-editor\" data-id=\"07f8088\" data-element_type=\"widget\" data-widget_type=\"text-editor.default\">\n\t\t\t\t<div class=\"elementor-widget-container\">\n\t\t\t\t\t\t\t<div data-pm-slice=\"1 1 []\" data-en-clipboard=\"true\">\n<div data-pm-slice=\"1 1 []\" data-en-clipboard=\"true\">\n<div data-pm-slice=\"1 1 []\" data-en-clipboard=\"true\">\n<div class=\"flex flex-grow flex-col max-w-full\">\n<div class=\"min-h-[20px] text-message flex flex-col items-start gap-3 whitespace-pre-wrap break-words [.text-message+&amp;]:mt-5 overflow-x-auto\" data-message-author-role=\"assistant\" data-message-id=\"dce313ee-9c02-4c7b-b21a-9372c8241400\">\n<div class=\"markdown prose w-full break-words dark:prose-invert light\">\n<p>Die Labellink-Zertifizierung gibt den Verbrauchern Sicherheit und vereinfacht den Unternehmen die Zertifizierung und Einhaltung der Vorschriften f\u00fcr elektronische Etiketten.<\/p>\n<\/div>\n<\/div>\n<\/div>\n<\/div>\n<\/div>\n<\/div>\n\t\t\t\t\t\t<\/div>\n\t\t\t\t<\/div>\n\t\t\t\t<\/div>\n\t\t\t\t\t<\/div>\n\t\t\t\t<\/div>\n\t\t<div data-particle_enable=\"false\" data-particle-mobile-disabled=\"false\" class=\"elementor-element elementor-element-8262044 e-flex e-con-boxed e-con e-parent\" data-id=\"8262044\" data-element_type=\"container\" data-settings=\"{&quot;background_background&quot;:&quot;classic&quot;,&quot;jet_parallax_layout_list&quot;:[]}\">\n\t\t\t\t\t<div class=\"e-con-inner\">\n\t\t<div data-particle_enable=\"false\" data-particle-mobile-disabled=\"false\" class=\"elementor-element elementor-element-dc72668 e-con-full e-flex e-con e-child\" data-id=\"dc72668\" data-element_type=\"container\" data-settings=\"{&quot;background_background&quot;:&quot;classic&quot;,&quot;jet_parallax_layout_list&quot;:[]}\">\n\t\t\t\t<div class=\"elementor-element elementor-element-7e83179 elementor-widget elementor-widget-heading\" data-id=\"7e83179\" data-element_type=\"widget\" data-widget_type=\"heading.default\">\n\t\t\t\t<div class=\"elementor-widget-container\">\n\t\t\t<h3 class=\"elementor-heading-title elementor-size-default\">Einhaltung der Vorschriften<\/h3>\t\t<\/div>\n\t\t\t\t<\/div>\n\t\t\t\t<div class=\"elementor-element elementor-element-65236c5 elementor-widget elementor-widget-text-editor\" data-id=\"65236c5\" data-element_type=\"widget\" data-widget_type=\"text-editor.default\">\n\t\t\t\t<div class=\"elementor-widget-container\">\n\t\t\t\t\t\t\t<p>Im Bereich der digitalen Etikettierung ist die Einhaltung gesetzlicher Standards von gr\u00f6\u00dfter Bedeutung. Die Plattform von Labellink wurde sorgf\u00e4ltig entwickelt, um sicherzustellen, dass alle elektronischen Etiketten, die \u00fcber das System erstellt und verwaltet werden, automatisch die strengen Anforderungen der Europ\u00e4ischen Union (EU) und der Vereinigten Staaten (USA) erf\u00fcllen. Durch die automatische Einhaltung der Vorschriften m\u00fcssen sich die Unternehmen nicht mehr durch das komplexe Geflecht der einzelnen Vorschriften k\u00e4mpfen, was Zeit spart und das Risiko von Strafen bei Nichteinhaltung verringert. Labellink h\u00e4lt sich \u00fcber \u00c4nderungen der gesetzlichen Vorschriften auf dem Laufenden und aktualisiert seine Compliance-Funktionen entsprechend, so dass die Unternehmen stets die Gewissheit haben, dass ihre E-Labels den neuesten rechtlichen Standards entsprechen.<\/p>\n\t\t\t\t\t\t<\/div>\n\t\t\t\t<\/div>\n\t\t\t\t<\/div>\n\t\t<div data-particle_enable=\"false\" data-particle-mobile-disabled=\"false\" class=\"elementor-element elementor-element-ce88a05 e-con-full e-flex e-con e-child\" data-id=\"ce88a05\" data-element_type=\"container\" data-settings=\"{&quot;background_background&quot;:&quot;classic&quot;,&quot;jet_parallax_layout_list&quot;:[]}\">\n\t\t\t\t<div class=\"elementor-element elementor-element-a065a9d elementor-hidden-mobile elementor-widget elementor-widget-image\" data-id=\"a065a9d\" data-element_type=\"widget\" data-widget_type=\"image.default\">\n\t\t\t\t<div class=\"elementor-widget-container\">\n\t\t\t\t\t\t\t\t\t\t\t\t\t<img fetchpriority=\"high\" decoding=\"async\" width=\"500\" height=\"500\" src=\"https:\/\/labellink.org\/wp-content\/uploads\/2024\/04\/e-label-compliance-1.webp\" class=\"attachment-full size-full wp-image-997067\" alt=\"\" srcset=\"https:\/\/labellink.org\/wp-content\/uploads\/2024\/04\/e-label-compliance-1.webp 500w, https:\/\/labellink.org\/wp-content\/uploads\/2024\/04\/e-label-compliance-1-300x300.webp 300w, https:\/\/labellink.org\/wp-content\/uploads\/2024\/04\/e-label-compliance-1-700x700.webp 700w, https:\/\/labellink.org\/wp-content\/uploads\/2024\/04\/e-label-compliance-1-900x900.webp 900w, https:\/\/labellink.org\/wp-content\/uploads\/2024\/04\/e-label-compliance-1-1200x1200.webp 1200w\" sizes=\"(max-width: 500px) 100vw, 500px\" \/>\t\t\t\t\t\t\t\t\t\t\t\t\t<\/div>\n\t\t\t\t<\/div>\n\t\t\t\t<\/div>\n\t\t\t\t\t<\/div>\n\t\t\t\t<\/div>\n\t\t<div data-particle_enable=\"false\" data-particle-mobile-disabled=\"false\" class=\"elementor-element elementor-element-f61120e e-flex e-con-boxed e-con e-parent\" data-id=\"f61120e\" data-element_type=\"container\" data-settings=\"{&quot;background_background&quot;:&quot;classic&quot;,&quot;jet_parallax_layout_list&quot;:[]}\">\n\t\t\t\t\t<div class=\"e-con-inner\">\n\t\t<div data-particle_enable=\"false\" data-particle-mobile-disabled=\"false\" class=\"elementor-element elementor-element-8b7be9d e-con-full e-flex e-con e-child\" data-id=\"8b7be9d\" data-element_type=\"container\" data-settings=\"{&quot;background_background&quot;:&quot;classic&quot;,&quot;jet_parallax_layout_list&quot;:[]}\">\n\t\t\t\t<div class=\"elementor-element elementor-element-0a7d21e elementor-widget elementor-widget-heading\" data-id=\"0a7d21e\" data-element_type=\"widget\" data-widget_type=\"heading.default\">\n\t\t\t\t<div class=\"elementor-widget-container\">\n\t\t\t<h3 class=\"elementor-heading-title elementor-size-default\">Zertifizierung<\/h3>\t\t<\/div>\n\t\t\t\t<\/div>\n\t\t\t\t<div class=\"elementor-element elementor-element-84a9a79 elementor-widget elementor-widget-text-editor\" data-id=\"84a9a79\" data-element_type=\"widget\" data-widget_type=\"text-editor.default\">\n\t\t\t\t<div class=\"elementor-widget-container\">\n\t\t\t\t\t\t\t<p>\u00dcber die blo\u00dfe Einhaltung von Vorschriften hinaus wertet Labellink elektronische Etiketten mit seiner Zertifizierungsfunktion auf und bietet ein Zeichen der Authentizit\u00e4t und Qualit\u00e4tssicherung, das Unternehmen auf ihren digitalen Etiketten anzeigen k\u00f6nnen. Diese Zertifizierung ist ein Beweis f\u00fcr die Einhaltung etablierter Normen und Vorschriften durch das E-Label und bietet den Verbrauchern ein zus\u00e4tzliches Ma\u00df an Vertrauen und Gewissheit. Durch das Zertifizierungsverfahren von Labellink k\u00f6nnen Unternehmen ihre Produkte differenzieren, die Glaubw\u00fcrdigkeit ihrer Marke erh\u00f6hen und das Vertrauen der Verbraucher st\u00e4rken. Das Labellink-Zertifizierungsverfahren ist gr\u00fcndlich, aber dennoch einfach und so konzipiert, dass es f\u00fcr Unternehmen jeder Gr\u00f6\u00dfe zug\u00e4nglich ist und den Verbrauchern Sicherheit bez\u00fcglich der Informationen und Produkte gibt, mit denen sie konfrontiert werden.<\/p>\n\t\t\t\t\t\t<\/div>\n\t\t\t\t<\/div>\n\t\t\t\t<\/div>\n\t\t<div data-particle_enable=\"false\" data-particle-mobile-disabled=\"false\" class=\"elementor-element elementor-element-7e52141 e-con-full e-flex e-con e-child\" data-id=\"7e52141\" data-element_type=\"container\" data-settings=\"{&quot;background_background&quot;:&quot;classic&quot;,&quot;jet_parallax_layout_list&quot;:[]}\">\n\t\t\t\t<div class=\"elementor-element elementor-element-2fa679d elementor-hidden-mobile elementor-widget elementor-widget-image\" data-id=\"2fa679d\" data-element_type=\"widget\" data-widget_type=\"image.default\">\n\t\t\t\t<div class=\"elementor-widget-container\">\n\t\t\t\t\t\t\t\t\t\t\t\t\t<img decoding=\"async\" width=\"500\" height=\"500\" src=\"https:\/\/labellink.org\/wp-content\/uploads\/2024\/03\/qr-label-certification-1.png\" class=\"attachment-full size-full wp-image-991618\" alt=\"\" srcset=\"https:\/\/labellink.org\/wp-content\/uploads\/2024\/03\/qr-label-certification-1.png 500w, https:\/\/labellink.org\/wp-content\/uploads\/2024\/03\/qr-label-certification-1-300x300.png 300w, https:\/\/labellink.org\/wp-content\/uploads\/2024\/03\/qr-label-certification-1-700x700.png 700w, https:\/\/labellink.org\/wp-content\/uploads\/2024\/03\/qr-label-certification-1-900x900.png 900w, https:\/\/labellink.org\/wp-content\/uploads\/2024\/03\/qr-label-certification-1-1200x1200.png 1200w\" sizes=\"(max-width: 500px) 100vw, 500px\" \/>\t\t\t\t\t\t\t\t\t\t\t\t\t<\/div>\n\t\t\t\t<\/div>\n\t\t\t\t<\/div>\n\t\t\t\t\t<\/div>\n\t\t\t\t<\/div>\n\t\t<div data-particle_enable=\"false\" data-particle-mobile-disabled=\"false\" class=\"elementor-element elementor-element-2e7255f e-flex e-con-boxed e-con e-parent\" data-id=\"2e7255f\" data-element_type=\"container\" data-settings=\"{&quot;background_background&quot;:&quot;classic&quot;,&quot;jet_parallax_layout_list&quot;:[]}\">\n\t\t\t\t\t<div class=\"e-con-inner\">\n\t\t<div data-particle_enable=\"false\" data-particle-mobile-disabled=\"false\" class=\"elementor-element elementor-element-2167b5b e-con-full e-flex e-con e-child\" data-id=\"2167b5b\" data-element_type=\"container\" data-settings=\"{&quot;background_background&quot;:&quot;classic&quot;,&quot;jet_parallax_layout_list&quot;:[]}\">\n\t\t\t\t<div class=\"elementor-element elementor-element-f424c84 elementor-widget elementor-widget-heading\" data-id=\"f424c84\" data-element_type=\"widget\" data-widget_type=\"heading.default\">\n\t\t\t\t<div class=\"elementor-widget-container\">\n\t\t\t<h3 class=\"elementor-heading-title elementor-size-default\">\u00dcberpr\u00fcfung<\/h3>\t\t<\/div>\n\t\t\t\t<\/div>\n\t\t\t\t<div class=\"elementor-element elementor-element-bbe4530 elementor-widget elementor-widget-text-editor\" data-id=\"bbe4530\" data-element_type=\"widget\" data-widget_type=\"text-editor.default\">\n\t\t\t\t<div class=\"elementor-widget-container\">\n\t\t\t\t\t\t\t<p>Der Verifizierungsprozess von Labellink ist so konzipiert, dass das Vertrauen der Verbraucher gest\u00e4rkt wird, indem sichergestellt wird, dass die Anbieter hinter den elektronischen Etiketten authentifiziert und zuverl\u00e4ssig sind. Dieser entscheidende Schritt garantiert nicht nur die Integrit\u00e4t der dargestellten Informationen, sondern dient auch als Schutz vor gef\u00e4lschten und nicht zugelassenen Produkten auf dem Markt. Durch eine sorgf\u00e4ltige \u00dcberpr\u00fcfung der Anbieter baut Labellink ein vertrauensw\u00fcrdiges Netzwerk von Quellen auf, das es den Verbrauchern erm\u00f6glicht, authentische Produkte leicht von Imitationen zu unterscheiden. Diese \u00dcberpr\u00fcfungsebene ist besonders wichtig auf dem heutigen Markt, wo es schwierig sein kann, die Legitimit\u00e4t von Online-Informationen und -Produkten zu erkennen. Das Engagement von Labellink bei der \u00dcberpr\u00fcfung von Anbietern unterstreicht die Verpflichtung des Unternehmens, die h\u00f6chsten Standards f\u00fcr Transparenz und Zuverl\u00e4ssigkeit im E-Label-\u00d6kosystem aufrechtzuerhalten.<\/p>\n\t\t\t\t\t\t<\/div>\n\t\t\t\t<\/div>\n\t\t\t\t<\/div>\n\t\t<div data-particle_enable=\"false\" data-particle-mobile-disabled=\"false\" class=\"elementor-element elementor-element-eb19df2 e-con-full e-flex e-con e-child\" data-id=\"eb19df2\" data-element_type=\"container\" data-settings=\"{&quot;background_background&quot;:&quot;classic&quot;,&quot;jet_parallax_layout_list&quot;:[]}\">\n\t\t\t\t<div class=\"elementor-element elementor-element-b0fb73c elementor-hidden-mobile elementor-widget elementor-widget-image\" data-id=\"b0fb73c\" data-element_type=\"widget\" data-widget_type=\"image.default\">\n\t\t\t\t<div class=\"elementor-widget-container\">\n\t\t\t\t\t\t\t\t\t\t\t\t\t<img decoding=\"async\" width=\"500\" height=\"500\" src=\"https:\/\/labellink.org\/wp-content\/uploads\/2024\/04\/e-label-verification-1.webp\" class=\"attachment-full size-full wp-image-997068\" alt=\"\" srcset=\"https:\/\/labellink.org\/wp-content\/uploads\/2024\/04\/e-label-verification-1.webp 500w, https:\/\/labellink.org\/wp-content\/uploads\/2024\/04\/e-label-verification-1-300x300.webp 300w, https:\/\/labellink.org\/wp-content\/uploads\/2024\/04\/e-label-verification-1-700x700.webp 700w, https:\/\/labellink.org\/wp-content\/uploads\/2024\/04\/e-label-verification-1-900x900.webp 900w, https:\/\/labellink.org\/wp-content\/uploads\/2024\/04\/e-label-verification-1-1200x1200.webp 1200w\" sizes=\"(max-width: 500px) 100vw, 500px\" \/>\t\t\t\t\t\t\t\t\t\t\t\t\t<\/div>\n\t\t\t\t<\/div>\n\t\t\t\t<\/div>\n\t\t\t\t\t<\/div>\n\t\t\t\t<\/div>\n\t\t\t\t<\/div>\n\t\t","protected":false},"excerpt":{"rendered":"<p>Konformit\u00e4t und Zertifizierung von E-Labels Die Labellink-Zertifizierung gibt den Verbrauchern Sicherheit und vereinfacht den Unternehmen die Zertifizierung und Einhaltung der Vorschriften f\u00fcr elektronische Etiketten. Einhaltung der Vorschriften Im Bereich der digitalen Etikettierung ist die Einhaltung gesetzlicher Standards von gr\u00f6\u00dfter Bedeutung. Die Plattform von Labellink wurde sorgf\u00e4ltig entwickelt, um sicherzustellen, dass alle elektronischen Etiketten, die \u00fcber [&hellip;]<\/p>\n","protected":false},"author":2,"featured_media":0,"parent":0,"menu_order":11,"comment_status":"closed","ping_status":"closed","template":"","meta":{"tpgb_global_settings":"","footnotes":""},"class_list":["post-1001154","page","type-page","status-publish","hentry"],"yoast_head":"<!-- This site is optimized with the Yoast SEO plugin v22.6 - https:\/\/yoast.com\/wordpress\/plugins\/seo\/ -->\n<title>Einhaltung und Zertifizierung von E-Labels - Labellink<\/title>\n<meta name=\"description\" content=\"Die L\u00f6sungen zur Einhaltung von E-Label-Vorschriften und die Zertifizierung durch Labellink rationalisieren Industriestandards und E-Labeling und gew\u00e4hrleisten eine nahtlose Einhaltung der Vorschriften.\" \/>\n<meta name=\"robots\" content=\"index, follow, max-snippet:-1, max-image-preview:large, max-video-preview:-1\" \/>\n<link rel=\"canonical\" href=\"https:\/\/labellink.org\/de\/einhaltung-und-zertifizierung-von-e-labels-labellink\/\" \/>\n<meta property=\"og:locale\" content=\"de_DE\" \/>\n<meta property=\"og:type\" content=\"article\" \/>\n<meta property=\"og:title\" content=\"Einhaltung und Zertifizierung von E-Labels - Labellink\" \/>\n<meta property=\"og:description\" content=\"Die L\u00f6sungen zur Einhaltung von E-Label-Vorschriften und die Zertifizierung durch Labellink rationalisieren Industriestandards und E-Labeling und gew\u00e4hrleisten eine nahtlose Einhaltung der Vorschriften.\" \/>\n<meta property=\"og:url\" content=\"https:\/\/labellink.org\/de\/einhaltung-und-zertifizierung-von-e-labels-labellink\/\" \/>\n<meta property=\"og:site_name\" content=\"Labellink\" \/>\n<meta property=\"article:modified_time\" content=\"2024-04-16T07:36:13+00:00\" \/>\n<meta property=\"og:image\" content=\"https:\/\/labellink.org\/wp-content\/uploads\/2024\/04\/e-label-compliance-1.webp\" \/>\n<meta name=\"twitter:card\" content=\"summary_large_image\" \/>\n<meta name=\"twitter:label1\" content=\"Gesch\u00e4tzte Lesezeit\" \/>\n\t<meta name=\"twitter:data1\" content=\"2\u00a0Minuten\" \/>\n<script type=\"application\/ld+json\" class=\"yoast-schema-graph\">{\"@context\":\"https:\/\/schema.org\",\"@graph\":[{\"@type\":\"WebPage\",\"@id\":\"https:\/\/labellink.org\/de\/einhaltung-und-zertifizierung-von-e-labels-labellink\/\",\"url\":\"https:\/\/labellink.org\/de\/einhaltung-und-zertifizierung-von-e-labels-labellink\/\",\"name\":\"Einhaltung und Zertifizierung von E-Labels - Labellink\",\"isPartOf\":{\"@id\":\"https:\/\/labellink.org\/de\/#website\"},\"primaryImageOfPage\":{\"@id\":\"https:\/\/labellink.org\/de\/einhaltung-und-zertifizierung-von-e-labels-labellink\/#primaryimage\"},\"image\":{\"@id\":\"https:\/\/labellink.org\/de\/einhaltung-und-zertifizierung-von-e-labels-labellink\/#primaryimage\"},\"thumbnailUrl\":\"https:\/\/labellink.org\/wp-content\/uploads\/2024\/04\/e-label-compliance-1.webp\",\"datePublished\":\"2024-06-30T09:42:57+00:00\",\"dateModified\":\"2024-04-16T07:36:13+00:00\",\"description\":\"Die L\u00f6sungen zur Einhaltung von E-Label-Vorschriften und die Zertifizierung durch Labellink rationalisieren Industriestandards und E-Labeling und gew\u00e4hrleisten eine nahtlose Einhaltung der Vorschriften.\",\"breadcrumb\":{\"@id\":\"https:\/\/labellink.org\/de\/einhaltung-und-zertifizierung-von-e-labels-labellink\/#breadcrumb\"},\"inLanguage\":\"de\",\"potentialAction\":[{\"@type\":\"ReadAction\",\"target\":[\"https:\/\/labellink.org\/de\/einhaltung-und-zertifizierung-von-e-labels-labellink\/\"]}]},{\"@type\":\"ImageObject\",\"inLanguage\":\"de\",\"@id\":\"https:\/\/labellink.org\/de\/einhaltung-und-zertifizierung-von-e-labels-labellink\/#primaryimage\",\"url\":\"https:\/\/labellink.org\/wp-content\/uploads\/2024\/04\/e-label-compliance-1.webp\",\"contentUrl\":\"https:\/\/labellink.org\/wp-content\/uploads\/2024\/04\/e-label-compliance-1.webp\"},{\"@type\":\"BreadcrumbList\",\"@id\":\"https:\/\/labellink.org\/de\/einhaltung-und-zertifizierung-von-e-labels-labellink\/#breadcrumb\",\"itemListElement\":[{\"@type\":\"ListItem\",\"position\":1,\"name\":\"Home\",\"item\":\"https:\/\/labellink.org\/de\/\"},{\"@type\":\"ListItem\",\"position\":2,\"name\":\"Einhaltung und Zertifizierung von E-Labels &#8211; Labellink\"}]},{\"@type\":\"WebSite\",\"@id\":\"https:\/\/labellink.org\/de\/#website\",\"url\":\"https:\/\/labellink.org\/de\/\",\"name\":\"Labellink\",\"description\":\"E-label software and services\",\"publisher\":{\"@id\":\"https:\/\/labellink.org\/de\/#organization\"},\"potentialAction\":[{\"@type\":\"SearchAction\",\"target\":{\"@type\":\"EntryPoint\",\"urlTemplate\":\"https:\/\/labellink.org\/de\/?s={search_term_string}\"},\"query-input\":\"required name=search_term_string\"}],\"inLanguage\":\"de\"},{\"@type\":\"Organization\",\"@id\":\"https:\/\/labellink.org\/de\/#organization\",\"name\":\"Labellink\",\"url\":\"https:\/\/labellink.org\/de\/\",\"logo\":{\"@type\":\"ImageObject\",\"inLanguage\":\"de\",\"@id\":\"https:\/\/labellink.org\/de\/#\/schema\/logo\/image\/\",\"url\":\"https:\/\/labellink.org\/wp-content\/uploads\/2024\/01\/labellink-logo.png\",\"contentUrl\":\"https:\/\/labellink.org\/wp-content\/uploads\/2024\/01\/labellink-logo.png\",\"width\":900,\"height\":200,\"caption\":\"Labellink\"},\"image\":{\"@id\":\"https:\/\/labellink.org\/de\/#\/schema\/logo\/image\/\"}}]}<\/script>\n<!-- \/ Yoast SEO plugin. -->","yoast_head_json":{"title":"Einhaltung und Zertifizierung von E-Labels - Labellink","description":"Die L\u00f6sungen zur Einhaltung von E-Label-Vorschriften und die Zertifizierung durch Labellink rationalisieren Industriestandards und E-Labeling und gew\u00e4hrleisten eine nahtlose Einhaltung der Vorschriften.","robots":{"index":"index","follow":"follow","max-snippet":"max-snippet:-1","max-image-preview":"max-image-preview:large","max-video-preview":"max-video-preview:-1"},"canonical":"https:\/\/labellink.org\/de\/einhaltung-und-zertifizierung-von-e-labels-labellink\/","og_locale":"de_DE","og_type":"article","og_title":"Einhaltung und Zertifizierung von E-Labels - Labellink","og_description":"Die L\u00f6sungen zur Einhaltung von E-Label-Vorschriften und die Zertifizierung durch Labellink rationalisieren Industriestandards und E-Labeling und gew\u00e4hrleisten eine nahtlose Einhaltung der Vorschriften.","og_url":"https:\/\/labellink.org\/de\/einhaltung-und-zertifizierung-von-e-labels-labellink\/","og_site_name":"Labellink","article_modified_time":"2024-04-16T07:36:13+00:00","og_image":[{"url":"https:\/\/labellink.org\/wp-content\/uploads\/2024\/04\/e-label-compliance-1.webp"}],"twitter_card":"summary_large_image","twitter_misc":{"Gesch\u00e4tzte Lesezeit":"2\u00a0Minuten"},"schema":{"@context":"https:\/\/schema.org","@graph":[{"@type":"WebPage","@id":"https:\/\/labellink.org\/de\/einhaltung-und-zertifizierung-von-e-labels-labellink\/","url":"https:\/\/labellink.org\/de\/einhaltung-und-zertifizierung-von-e-labels-labellink\/","name":"Einhaltung und Zertifizierung von E-Labels - Labellink","isPartOf":{"@id":"https:\/\/labellink.org\/de\/#website"},"primaryImageOfPage":{"@id":"https:\/\/labellink.org\/de\/einhaltung-und-zertifizierung-von-e-labels-labellink\/#primaryimage"},"image":{"@id":"https:\/\/labellink.org\/de\/einhaltung-und-zertifizierung-von-e-labels-labellink\/#primaryimage"},"thumbnailUrl":"https:\/\/labellink.org\/wp-content\/uploads\/2024\/04\/e-label-compliance-1.webp","datePublished":"2024-06-30T09:42:57+00:00","dateModified":"2024-04-16T07:36:13+00:00","description":"Die L\u00f6sungen zur Einhaltung von E-Label-Vorschriften und die Zertifizierung durch Labellink rationalisieren Industriestandards und E-Labeling und gew\u00e4hrleisten eine nahtlose Einhaltung der Vorschriften.","breadcrumb":{"@id":"https:\/\/labellink.org\/de\/einhaltung-und-zertifizierung-von-e-labels-labellink\/#breadcrumb"},"inLanguage":"de","potentialAction":[{"@type":"ReadAction","target":["https:\/\/labellink.org\/de\/einhaltung-und-zertifizierung-von-e-labels-labellink\/"]}]},{"@type":"ImageObject","inLanguage":"de","@id":"https:\/\/labellink.org\/de\/einhaltung-und-zertifizierung-von-e-labels-labellink\/#primaryimage","url":"https:\/\/labellink.org\/wp-content\/uploads\/2024\/04\/e-label-compliance-1.webp","contentUrl":"https:\/\/labellink.org\/wp-content\/uploads\/2024\/04\/e-label-compliance-1.webp"},{"@type":"BreadcrumbList","@id":"https:\/\/labellink.org\/de\/einhaltung-und-zertifizierung-von-e-labels-labellink\/#breadcrumb","itemListElement":[{"@type":"ListItem","position":1,"name":"Home","item":"https:\/\/labellink.org\/de\/"},{"@type":"ListItem","position":2,"name":"Einhaltung und Zertifizierung von E-Labels &#8211; Labellink"}]},{"@type":"WebSite","@id":"https:\/\/labellink.org\/de\/#website","url":"https:\/\/labellink.org\/de\/","name":"Labellink","description":"E-label software and services","publisher":{"@id":"https:\/\/labellink.org\/de\/#organization"},"potentialAction":[{"@type":"SearchAction","target":{"@type":"EntryPoint","urlTemplate":"https:\/\/labellink.org\/de\/?s={search_term_string}"},"query-input":"required name=search_term_string"}],"inLanguage":"de"},{"@type":"Organization","@id":"https:\/\/labellink.org\/de\/#organization","name":"Labellink","url":"https:\/\/labellink.org\/de\/","logo":{"@type":"ImageObject","inLanguage":"de","@id":"https:\/\/labellink.org\/de\/#\/schema\/logo\/image\/","url":"https:\/\/labellink.org\/wp-content\/uploads\/2024\/01\/labellink-logo.png","contentUrl":"https:\/\/labellink.org\/wp-content\/uploads\/2024\/01\/labellink-logo.png","width":900,"height":200,"caption":"Labellink"},"image":{"@id":"https:\/\/labellink.org\/de\/#\/schema\/logo\/image\/"}}]}},"tpgb_featured_images":null,"tpgb_post_meta_info":{"get_date":"30 Juni 2024","author_name":"Boris Motusic","author_url":"https:\/\/labellink.org\/de\/author\/boris\/","author_email":"boris@uexperts.com","author_website":"https:\/\/www.linkedin.com\/in\/boris-motusic\/","author_description":"Boris Motusic is the CEO of Labellink and United Experts, a seasoned Chief Solution Architect, consultant, author, and public speaker, with experience working on projects for global brands like Microsoft, BNP Paribas, ABB, Panasonic, and Best Western Hotels.\r\n\r\n<a href=\"https:\/\/www.linkedin.com\/in\/boris-motusic\/\">LinkedIn Profile<\/a>","author_facebook":"","author_twitter":"","author_instagram":"","author_role":["administrator"],"author_firstname":"Boris","author_lastname":"Motusic","user_login":"Boris","author_avatar":"<img alt='' src='https:\/\/secure.gravatar.com\/avatar\/a16ac50596ba289795b185a9dc6123239c87be7224f05ac14470b09a0d3cf8c4?s=200&#038;d=mm&#038;r=g' srcset='https:\/\/secure.gravatar.com\/avatar\/a16ac50596ba289795b185a9dc6123239c87be7224f05ac14470b09a0d3cf8c4?s=400&#038;d=mm&#038;r=g 2x' class='avatar avatar-200 photo' height='200' width='200' decoding='async'\/>","author_avatar_url":"https:\/\/secure.gravatar.com\/avatar\/a16ac50596ba289795b185a9dc6123239c87be7224f05ac14470b09a0d3cf8c4?s=96&d=mm&r=g","comment_count":0,"post_likes":0,"post_views":0},"tpgb_post_category":[],"_links":{"self":[{"href":"https:\/\/labellink.org\/de\/wp-json\/wp\/v2\/pages\/1001154","targetHints":{"allow":["GET"]}}],"collection":[{"href":"https:\/\/labellink.org\/de\/wp-json\/wp\/v2\/pages"}],"about":[{"href":"https:\/\/labellink.org\/de\/wp-json\/wp\/v2\/types\/page"}],"author":[{"embeddable":true,"href":"https:\/\/labellink.org\/de\/wp-json\/wp\/v2\/users\/2"}],"replies":[{"embeddable":true,"href":"https:\/\/labellink.org\/de\/wp-json\/wp\/v2\/comments?post=1001154"}],"version-history":[{"count":1,"href":"https:\/\/labellink.org\/de\/wp-json\/wp\/v2\/pages\/1001154\/revisions"}],"predecessor-version":[{"id":1001157,"href":"https:\/\/labellink.org\/de\/wp-json\/wp\/v2\/pages\/1001154\/revisions\/1001157"}],"wp:attachment":[{"href":"https:\/\/labellink.org\/de\/wp-json\/wp\/v2\/media?parent=1001154"}],"curies":[{"name":"wp","href":"https:\/\/api.w.org\/{rel}","templated":true}]}}