{"id":1001035,"date":"2024-04-12T11:05:56","date_gmt":"2024-04-12T10:05:56","guid":{"rendered":"https:\/\/labellink.org\/datenschutzbestimmungen\/"},"modified":"2024-04-16T08:30:23","modified_gmt":"2024-04-16T07:30:23","slug":"datenschutzbestimmungen","status":"publish","type":"page","link":"https:\/\/labellink.org\/de\/datenschutzbestimmungen\/","title":{"rendered":"Datenschutzbestimmungen"},"content":{"rendered":"\t\t<div data-elementor-type=\"wp-page\" data-elementor-id=\"1001035\" class=\"elementor elementor-1001035 elementor-998138\" data-elementor-post-type=\"page\">\n\t\t\t\t<div data-particle_enable=\"false\" data-particle-mobile-disabled=\"false\" class=\"elementor-element elementor-element-791a36c e-flex e-con-boxed e-con e-parent\" data-id=\"791a36c\" data-element_type=\"container\" data-settings=\"{&quot;jet_parallax_layout_list&quot;:[]}\">\n\t\t\t\t\t<div class=\"e-con-inner\">\n\t\t\t\t<div class=\"elementor-element elementor-element-3b0525b elementor-widget__width-initial elementor-widget elementor-widget-heading\" data-id=\"3b0525b\" data-element_type=\"widget\" data-widget_type=\"heading.default\">\n\t\t\t\t<div class=\"elementor-widget-container\">\n\t\t\t<h1 class=\"elementor-heading-title elementor-size-default\">Labellink Datenschutzrichtlinie<\/h1>\t\t<\/div>\n\t\t\t\t<\/div>\n\t\t\t\t<div class=\"elementor-element elementor-element-20ded9e elementor-widget elementor-widget-text-editor\" data-id=\"20ded9e\" data-element_type=\"widget\" data-widget_type=\"text-editor.default\">\n\t\t\t\t<div class=\"elementor-widget-container\">\n\t\t\t\t\t\t\t<p><strong>Zuletzt aktualisiert:<\/strong> April 12, 2024<\/p>\n<p>Willkommen bei labellink.org, im Besitz und betrieben von UE Labellink Ltd. (&#8220;wir&#8221;, &#8220;uns&#8221;, oder &#8220;unser&#8221;). Ihre Privatsph\u00e4re ist f\u00fcr uns von gr\u00f6\u00dfter Bedeutung. Diese Datenschutzrichtlinie enth\u00e4lt die Arten von Informationen, die von labellink.org gesammelt und aufgezeichnet werden, und wie wir sie verwenden.<\/p>\n<p>Wenn Sie weitere Fragen haben oder mehr Informationen \u00fcber unsere Datenschutzpolitik ben\u00f6tigen, z\u00f6gern Sie nicht, uns zu kontaktieren.<\/p>\n<h4> <\/h4>\n<h4>Sammlung von Informationen<\/h4>\n<p>Wir sammeln verschiedene Arten von Informationen zu unterschiedlichen Zwecken, um unseren Service f\u00fcr Sie bereitzustellen und zu verbessern. Diese Informationen k\u00f6nnen unter anderem Folgendes umfassen:<\/p>\n<ul>\n<li>\n<p><strong>Pers\u00f6nliche Daten<\/strong>: Bei der Nutzung unserer Website k\u00f6nnen wir Sie bitten, uns bestimmte personenbezogene Daten mitzuteilen, die dazu verwendet werden k\u00f6nnen, Sie zu kontaktieren oder zu identifizieren (&#8220;personenbezogene Daten&#8221;). Dazu geh\u00f6ren unter anderem E-Mail-Adresse, Vor- und Nachname, Telefonnummer sowie Cookies und Nutzungsdaten.<\/p>\n<\/li>\n<li>\n<p><strong>Nutzungsdaten<\/strong>: Wir k\u00f6nnen auch Informationen dar\u00fcber sammeln, wie die Website aufgerufen und genutzt wird (&#8220;Nutzungsdaten&#8221;). Diese Nutzungsdaten k\u00f6nnen Informationen wie die Internetprotokolladresse Ihres Computers (z. B. IP-Adresse), den Browsertyp, die Browserversion, die von Ihnen besuchten Seiten unserer Website, die Uhrzeit und das Datum Ihres Besuchs, die auf diesen Seiten verbrachte Zeit, eindeutige Ger\u00e4tekennungen und andere Diagnosedaten enthalten.<\/p>\n<\/li>\n<\/ul>\n<h4> <\/h4>\n<h4>Verwendung von Daten<\/h4>\n<p>Die UE Labellink Ltd. verwendet die gesammelten Daten f\u00fcr verschiedene Zwecke, darunter:<\/p>\n<ul>\n<li>Zur Bereitstellung und Pflege unserer Website<\/li>\n<li>Um Sie \u00fcber \u00c4nderungen auf unserer Website zu informieren<\/li>\n<li>Um Ihnen die Teilnahme an interaktiven Funktionen auf unserer Website zu erm\u00f6glichen, wenn Sie dies w\u00fcnschen<\/li>\n<li>Kundenunterst\u00fctzung bieten<\/li>\n<li>Um Analysen oder wertvolle Informationen zu sammeln, damit wir unsere Website verbessern k\u00f6nnen<\/li>\n<li>Zur \u00dcberwachung der Nutzung unserer Website<\/li>\n<li>Technische Probleme erkennen, verhindern und beheben<\/li>\n<li>Um Sie mit Neuigkeiten, Sonderangeboten und allgemeinen Informationen \u00fcber andere Waren, Dienstleistungen und Veranstaltungen, die wir anbieten, zu versorgen<\/li>\n<\/ul>\n<h4> <\/h4>\n<h4>Sicherheit der Daten<\/h4>\n<p>Die Sicherheit Ihrer Daten ist uns wichtig, aber bedenken Sie, dass keine Methode der \u00dcbertragung \u00fcber das Internet.<\/p>\n\t\t\t\t\t\t<\/div>\n\t\t\t\t<\/div>\n\t\t\t\t\t<\/div>\n\t\t\t\t<\/div>\n\t\t<div data-particle_enable=\"false\" data-particle-mobile-disabled=\"false\" class=\"elementor-element elementor-element-0bd8d02 e-flex e-con-boxed e-con e-parent\" data-id=\"0bd8d02\" data-element_type=\"container\" data-settings=\"{&quot;jet_parallax_layout_list&quot;:[],&quot;background_background&quot;:&quot;gradient&quot;}\">\n\t\t\t\t\t<div class=\"e-con-inner\">\n\t\t\t\t<div class=\"elementor-element elementor-element-9f800ba elementor-widget__width-initial elementor-widget elementor-widget-heading\" data-id=\"9f800ba\" data-element_type=\"widget\" data-widget_type=\"heading.default\">\n\t\t\t\t<div class=\"elementor-widget-container\">\n\t\t\t<h1 class=\"elementor-heading-title elementor-size-default\">Labellink Cookie-Richtlinie<\/h1>\t\t<\/div>\n\t\t\t\t<\/div>\n\t\t\t\t<div class=\"elementor-element elementor-element-7dd8c6b elementor-widget elementor-widget-text-editor\" data-id=\"7dd8c6b\" data-element_type=\"widget\" data-widget_type=\"text-editor.default\">\n\t\t\t\t<div class=\"elementor-widget-container\">\n\t\t\t\t\t\t\t<p>Labellink <strong>verwendet keine Cookies<\/strong> oder \u00e4hnliche Tracking-Technologien, um pers\u00f6nliche Informationen von den Benutzern unserer Website zu sammeln.<\/p>\n\t\t\t\t\t\t<\/div>\n\t\t\t\t<\/div>\n\t\t\t\t\t<\/div>\n\t\t\t\t<\/div>\n\t\t\t\t<\/div>\n\t\t","protected":false},"excerpt":{"rendered":"<p>Labellink Datenschutzrichtlinie Zuletzt aktualisiert: April 12, 2024 Willkommen bei labellink.org, im Besitz und betrieben von UE Labellink Ltd. (&#8220;wir&#8221;, &#8220;uns&#8221;, oder &#8220;unser&#8221;). Ihre Privatsph\u00e4re ist f\u00fcr uns von gr\u00f6\u00dfter Bedeutung. Diese Datenschutzrichtlinie enth\u00e4lt die Arten von Informationen, die von labellink.org gesammelt und aufgezeichnet werden, und wie wir sie verwenden. Wenn Sie weitere Fragen haben oder [&hellip;]<\/p>\n","protected":false},"author":2,"featured_media":0,"parent":0,"menu_order":28,"comment_status":"closed","ping_status":"closed","template":"","meta":{"tpgb_global_settings":"","footnotes":""},"class_list":["post-1001035","page","type-page","status-publish","hentry"],"yoast_head":"<!-- This site is optimized with the Yoast SEO plugin v22.6 - https:\/\/yoast.com\/wordpress\/plugins\/seo\/ -->\n<title>Datenschutzbestimmungen - Labellink<\/title>\n<meta name=\"robots\" content=\"noindex, nofollow\" \/>\n<meta property=\"og:locale\" content=\"de_DE\" \/>\n<meta property=\"og:type\" content=\"article\" \/>\n<meta property=\"og:title\" content=\"Datenschutzbestimmungen - Labellink\" \/>\n<meta property=\"og:description\" content=\"Labellink Datenschutzrichtlinie Zuletzt aktualisiert: April 12, 2024 Willkommen bei labellink.org, im Besitz und betrieben von UE Labellink Ltd. (&#8220;wir&#8221;, &#8220;uns&#8221;, oder &#8220;unser&#8221;). Ihre Privatsph\u00e4re ist f\u00fcr uns von gr\u00f6\u00dfter Bedeutung. Diese Datenschutzrichtlinie enth\u00e4lt die Arten von Informationen, die von labellink.org gesammelt und aufgezeichnet werden, und wie wir sie verwenden. Wenn Sie weitere Fragen haben oder [&hellip;]\" \/>\n<meta property=\"og:url\" content=\"https:\/\/labellink.org\/de\/datenschutzbestimmungen\/\" \/>\n<meta property=\"og:site_name\" content=\"Labellink\" \/>\n<meta property=\"article:modified_time\" content=\"2024-04-16T07:30:23+00:00\" \/>\n<meta property=\"og:image\" content=\"https:\/\/labellink.org\/wp-content\/uploads\/labellink.png\" \/>\n\t<meta property=\"og:image:width\" content=\"1200\" \/>\n\t<meta property=\"og:image:height\" content=\"675\" \/>\n\t<meta property=\"og:image:type\" content=\"image\/png\" \/>\n<meta name=\"twitter:card\" content=\"summary_large_image\" \/>\n<meta name=\"twitter:label1\" content=\"Gesch\u00e4tzte Lesezeit\" \/>\n\t<meta name=\"twitter:data1\" content=\"3\u00a0Minuten\" \/>\n<script type=\"application\/ld+json\" class=\"yoast-schema-graph\">{\"@context\":\"https:\/\/schema.org\",\"@graph\":[{\"@type\":\"WebPage\",\"@id\":\"https:\/\/labellink.org\/de\/datenschutzbestimmungen\/\",\"url\":\"https:\/\/labellink.org\/de\/datenschutzbestimmungen\/\",\"name\":\"Datenschutzbestimmungen - Labellink\",\"isPartOf\":{\"@id\":\"https:\/\/labellink.org\/de\/#website\"},\"datePublished\":\"2024-04-12T10:05:56+00:00\",\"dateModified\":\"2024-04-16T07:30:23+00:00\",\"breadcrumb\":{\"@id\":\"https:\/\/labellink.org\/de\/datenschutzbestimmungen\/#breadcrumb\"},\"inLanguage\":\"de\",\"potentialAction\":[{\"@type\":\"ReadAction\",\"target\":[\"https:\/\/labellink.org\/de\/datenschutzbestimmungen\/\"]}]},{\"@type\":\"BreadcrumbList\",\"@id\":\"https:\/\/labellink.org\/de\/datenschutzbestimmungen\/#breadcrumb\",\"itemListElement\":[{\"@type\":\"ListItem\",\"position\":1,\"name\":\"Home\",\"item\":\"https:\/\/labellink.org\/de\/\"},{\"@type\":\"ListItem\",\"position\":2,\"name\":\"Datenschutzbestimmungen\"}]},{\"@type\":\"WebSite\",\"@id\":\"https:\/\/labellink.org\/de\/#website\",\"url\":\"https:\/\/labellink.org\/de\/\",\"name\":\"Labellink\",\"description\":\"E-label software and services\",\"publisher\":{\"@id\":\"https:\/\/labellink.org\/de\/#organization\"},\"potentialAction\":[{\"@type\":\"SearchAction\",\"target\":{\"@type\":\"EntryPoint\",\"urlTemplate\":\"https:\/\/labellink.org\/de\/?s={search_term_string}\"},\"query-input\":\"required name=search_term_string\"}],\"inLanguage\":\"de\"},{\"@type\":\"Organization\",\"@id\":\"https:\/\/labellink.org\/de\/#organization\",\"name\":\"Labellink\",\"url\":\"https:\/\/labellink.org\/de\/\",\"logo\":{\"@type\":\"ImageObject\",\"inLanguage\":\"de\",\"@id\":\"https:\/\/labellink.org\/de\/#\/schema\/logo\/image\/\",\"url\":\"https:\/\/labellink.org\/wp-content\/uploads\/2024\/01\/labellink-logo.png\",\"contentUrl\":\"https:\/\/labellink.org\/wp-content\/uploads\/2024\/01\/labellink-logo.png\",\"width\":900,\"height\":200,\"caption\":\"Labellink\"},\"image\":{\"@id\":\"https:\/\/labellink.org\/de\/#\/schema\/logo\/image\/\"}}]}<\/script>\n<!-- \/ Yoast SEO plugin. -->","yoast_head_json":{"title":"Datenschutzbestimmungen - Labellink","robots":{"index":"noindex","follow":"nofollow"},"og_locale":"de_DE","og_type":"article","og_title":"Datenschutzbestimmungen - Labellink","og_description":"Labellink Datenschutzrichtlinie Zuletzt aktualisiert: April 12, 2024 Willkommen bei labellink.org, im Besitz und betrieben von UE Labellink Ltd. (&#8220;wir&#8221;, &#8220;uns&#8221;, oder &#8220;unser&#8221;). Ihre Privatsph\u00e4re ist f\u00fcr uns von gr\u00f6\u00dfter Bedeutung. Diese Datenschutzrichtlinie enth\u00e4lt die Arten von Informationen, die von labellink.org gesammelt und aufgezeichnet werden, und wie wir sie verwenden. Wenn Sie weitere Fragen haben oder [&hellip;]","og_url":"https:\/\/labellink.org\/de\/datenschutzbestimmungen\/","og_site_name":"Labellink","article_modified_time":"2024-04-16T07:30:23+00:00","og_image":[{"width":1200,"height":675,"url":"https:\/\/labellink.org\/wp-content\/uploads\/labellink.png","type":"image\/png"}],"twitter_card":"summary_large_image","twitter_misc":{"Gesch\u00e4tzte Lesezeit":"3\u00a0Minuten"},"schema":{"@context":"https:\/\/schema.org","@graph":[{"@type":"WebPage","@id":"https:\/\/labellink.org\/de\/datenschutzbestimmungen\/","url":"https:\/\/labellink.org\/de\/datenschutzbestimmungen\/","name":"Datenschutzbestimmungen - Labellink","isPartOf":{"@id":"https:\/\/labellink.org\/de\/#website"},"datePublished":"2024-04-12T10:05:56+00:00","dateModified":"2024-04-16T07:30:23+00:00","breadcrumb":{"@id":"https:\/\/labellink.org\/de\/datenschutzbestimmungen\/#breadcrumb"},"inLanguage":"de","potentialAction":[{"@type":"ReadAction","target":["https:\/\/labellink.org\/de\/datenschutzbestimmungen\/"]}]},{"@type":"BreadcrumbList","@id":"https:\/\/labellink.org\/de\/datenschutzbestimmungen\/#breadcrumb","itemListElement":[{"@type":"ListItem","position":1,"name":"Home","item":"https:\/\/labellink.org\/de\/"},{"@type":"ListItem","position":2,"name":"Datenschutzbestimmungen"}]},{"@type":"WebSite","@id":"https:\/\/labellink.org\/de\/#website","url":"https:\/\/labellink.org\/de\/","name":"Labellink","description":"E-label software and services","publisher":{"@id":"https:\/\/labellink.org\/de\/#organization"},"potentialAction":[{"@type":"SearchAction","target":{"@type":"EntryPoint","urlTemplate":"https:\/\/labellink.org\/de\/?s={search_term_string}"},"query-input":"required name=search_term_string"}],"inLanguage":"de"},{"@type":"Organization","@id":"https:\/\/labellink.org\/de\/#organization","name":"Labellink","url":"https:\/\/labellink.org\/de\/","logo":{"@type":"ImageObject","inLanguage":"de","@id":"https:\/\/labellink.org\/de\/#\/schema\/logo\/image\/","url":"https:\/\/labellink.org\/wp-content\/uploads\/2024\/01\/labellink-logo.png","contentUrl":"https:\/\/labellink.org\/wp-content\/uploads\/2024\/01\/labellink-logo.png","width":900,"height":200,"caption":"Labellink"},"image":{"@id":"https:\/\/labellink.org\/de\/#\/schema\/logo\/image\/"}}]}},"tpgb_featured_images":null,"tpgb_post_meta_info":{"get_date":"12 April 2024","author_name":"Boris Motusic","author_url":"https:\/\/labellink.org\/de\/author\/boris\/","author_email":"boris@uexperts.com","author_website":"https:\/\/www.linkedin.com\/in\/boris-motusic\/","author_description":"Boris Motusic is the CEO of Labellink and United Experts, a seasoned Chief Solution Architect, consultant, author, and public speaker, with experience working on projects for global brands like Microsoft, BNP Paribas, ABB, Panasonic, and Best Western Hotels.\r\n\r\n<a href=\"https:\/\/www.linkedin.com\/in\/boris-motusic\/\">LinkedIn Profile<\/a>","author_facebook":"","author_twitter":"","author_instagram":"","author_role":["administrator"],"author_firstname":"Boris","author_lastname":"Motusic","user_login":"Boris","author_avatar":"<img alt='' src='https:\/\/secure.gravatar.com\/avatar\/a16ac50596ba289795b185a9dc6123239c87be7224f05ac14470b09a0d3cf8c4?s=200&#038;d=mm&#038;r=g' srcset='https:\/\/secure.gravatar.com\/avatar\/a16ac50596ba289795b185a9dc6123239c87be7224f05ac14470b09a0d3cf8c4?s=400&#038;d=mm&#038;r=g 2x' class='avatar avatar-200 photo' height='200' width='200' decoding='async'\/>","author_avatar_url":"https:\/\/secure.gravatar.com\/avatar\/a16ac50596ba289795b185a9dc6123239c87be7224f05ac14470b09a0d3cf8c4?s=96&d=mm&r=g","comment_count":0,"post_likes":0,"post_views":0},"tpgb_post_category":[],"_links":{"self":[{"href":"https:\/\/labellink.org\/de\/wp-json\/wp\/v2\/pages\/1001035","targetHints":{"allow":["GET"]}}],"collection":[{"href":"https:\/\/labellink.org\/de\/wp-json\/wp\/v2\/pages"}],"about":[{"href":"https:\/\/labellink.org\/de\/wp-json\/wp\/v2\/types\/page"}],"author":[{"embeddable":true,"href":"https:\/\/labellink.org\/de\/wp-json\/wp\/v2\/users\/2"}],"replies":[{"embeddable":true,"href":"https:\/\/labellink.org\/de\/wp-json\/wp\/v2\/comments?post=1001035"}],"version-history":[{"count":1,"href":"https:\/\/labellink.org\/de\/wp-json\/wp\/v2\/pages\/1001035\/revisions"}],"predecessor-version":[{"id":1001048,"href":"https:\/\/labellink.org\/de\/wp-json\/wp\/v2\/pages\/1001035\/revisions\/1001048"}],"wp:attachment":[{"href":"https:\/\/labellink.org\/de\/wp-json\/wp\/v2\/media?parent=1001035"}],"curies":[{"name":"wp","href":"https:\/\/api.w.org\/{rel}","templated":true}]}}