{"id":1001023,"date":"2024-04-12T11:12:31","date_gmt":"2024-04-12T10:12:31","guid":{"rendered":"https:\/\/labellink.org\/nutzungsbedingungen\/"},"modified":"2024-04-16T08:30:22","modified_gmt":"2024-04-16T07:30:22","slug":"nutzungsbedingungen","status":"publish","type":"page","link":"https:\/\/labellink.org\/de\/nutzungsbedingungen\/","title":{"rendered":"Nutzungsbedingungen"},"content":{"rendered":"\t\t<div data-elementor-type=\"wp-page\" data-elementor-id=\"1001023\" class=\"elementor elementor-1001023 elementor-998146\" data-elementor-post-type=\"page\">\n\t\t\t\t<div data-particle_enable=\"false\" data-particle-mobile-disabled=\"false\" class=\"elementor-element elementor-element-791a36c e-flex e-con-boxed e-con e-parent\" data-id=\"791a36c\" data-element_type=\"container\" data-settings=\"{&quot;jet_parallax_layout_list&quot;:[]}\">\n\t\t\t\t\t<div class=\"e-con-inner\">\n\t\t\t\t<div class=\"elementor-element elementor-element-3b0525b elementor-widget__width-initial elementor-widget elementor-widget-heading\" data-id=\"3b0525b\" data-element_type=\"widget\" data-widget_type=\"heading.default\">\n\t\t\t\t<div class=\"elementor-widget-container\">\n\t\t\t<h1 class=\"elementor-heading-title elementor-size-default\">Labellink-Nutzungsbedingungen<\/h1>\t\t<\/div>\n\t\t\t\t<\/div>\n\t\t\t\t<div class=\"elementor-element elementor-element-20ded9e elementor-widget elementor-widget-text-editor\" data-id=\"20ded9e\" data-element_type=\"widget\" data-widget_type=\"text-editor.default\">\n\t\t\t\t<div class=\"elementor-widget-container\">\n\t\t\t\t\t\t\t<p><strong>Zuletzt aktualisiert:<\/strong> April 12, 2024<\/p>\n<p>Willkommen bei labellink.org. Diese Nutzungsbedingungen (&#8220;Bedingungen&#8221;) regeln Ihre Nutzung unserer Website, die sich unter labellink.org (&#8220;Website&#8221;) befindet und von der UE Labellink Ltd. (&#8220;Unternehmen&#8221;, &#8220;wir&#8221;, &#8220;uns&#8221;, oder &#8220;unser&#8221;). Indem Sie auf die Website zugreifen oder sie nutzen, erkl\u00e4ren Sie sich mit den vorliegenden Bedingungen und allen geltenden Gesetzen und Vorschriften einverstanden. Wenn Sie mit irgendeinem Teil der Bedingungen nicht einverstanden sind, haben Sie keine Berechtigung, auf die Website zuzugreifen.<\/p>\n<h4> <\/h4>\n<h4>Zugang zur Website<\/h4>\n<p>Vorbehaltlich dieser Bedingungen gew\u00e4hren wir Ihnen eine nicht \u00fcbertragbare, nicht ausschlie\u00dfliche, widerrufliche, begrenzte Lizenz zur Nutzung und zum Zugriff auf die Website ausschlie\u00dflich f\u00fcr Ihren eigenen pers\u00f6nlichen, nicht kommerziellen Gebrauch.<\/p>\n<h4> <\/h4>\n<h4>Verbotene Verwendungen<\/h4>\n<p>Bei der Nutzung der Website verpflichten Sie sich, nichts zu tun:<\/p>\n<ul>\n<li>gegen ein nationales oder internationales Gesetz oder eine Verordnung versto\u00dfen.<\/li>\n<li>unsere geistigen Eigentumsrechte oder die geistigen Eigentumsrechte anderer verletzen.<\/li>\n<li>Data Mining, Data Harvesting, Datenextraktion oder andere \u00e4hnliche Aktivit\u00e4ten in Bezug auf die Website oder w\u00e4hrend der Nutzung der Website zu betreiben.<\/li>\n<li>die Website f\u00fcr nicht genehmigte kommerzielle Zwecke zu nutzen.<\/li>\n<\/ul>\n<h4> <\/h4>\n<h4>Rechte an geistigem Eigentum<\/h4>\n<p>Die Website und ihr urspr\u00fcnglicher Inhalt (mit Ausnahme des von den Benutzern zur Verf\u00fcgung gestellten Inhalts), die Eigenschaften und die Funktionalit\u00e4t sind und bleiben das ausschlie\u00dfliche Eigentum der UE Labellink Ltd. und ihrer Lizenzgeber. Unsere Warenzeichen und Handelsaufmachungen d\u00fcrfen ohne die vorherige schriftliche Zustimmung von UE Labellink Ltd. nicht in Verbindung mit einem Produkt oder einer Dienstleistung verwendet werden.<\/p>\n<h4> <\/h4>\n<h4>Terminierung<\/h4>\n<p>Wir k\u00f6nnen Ihren Zugang zu unserer Website sofort und ohne vorherige Ank\u00fcndigung oder Haftung beenden oder aussetzen, aus welchem Grund auch immer, einschlie\u00dflich und ohne Einschr\u00e4nkung, wenn Sie gegen die Bedingungen versto\u00dfen.<\/p>\n<h4> <\/h4>\n<h4>Geltendes Recht<\/h4>\n<p>Diese Bedingungen unterliegen den Gesetzen von England und Wales und sind entsprechend auszulegen, ungeachtet der Bestimmungen des Kollisionsrechts.<\/p>\n<h4> <\/h4>\n<h4>\u00c4nderungen<\/h4>\n<p>Wir behalten uns das Recht vor, diese Bedingungen jederzeit und nach eigenem Ermessen zu \u00e4ndern oder zu ersetzen. Indem Sie nach Inkrafttreten von \u00c4nderungen weiterhin auf unsere Website zugreifen oder diese nutzen, erkl\u00e4ren Sie sich mit den \u00fcberarbeiteten Bedingungen einverstanden. Wenn Sie den neuen Bedingungen nicht zustimmen, sind Sie nicht mehr berechtigt, die Website zu nutzen.<\/p>\n<h4> <\/h4>\n<h4>Kontakt<\/h4>\n<p>Wenn Sie Fragen zu diesen Bedingungen haben, kontaktieren Sie uns bitte unter office@labellink.org.<\/p>\n\t\t\t\t\t\t<\/div>\n\t\t\t\t<\/div>\n\t\t\t\t\t<\/div>\n\t\t\t\t<\/div>\n\t\t\t\t<\/div>\n\t\t","protected":false},"excerpt":{"rendered":"<p>Labellink-Nutzungsbedingungen Zuletzt aktualisiert: April 12, 2024 Willkommen bei labellink.org. Diese Nutzungsbedingungen (&#8220;Bedingungen&#8221;) regeln Ihre Nutzung unserer Website, die sich unter labellink.org (&#8220;Website&#8221;) befindet und von der UE Labellink Ltd. (&#8220;Unternehmen&#8221;, &#8220;wir&#8221;, &#8220;uns&#8221;, oder &#8220;unser&#8221;). Indem Sie auf die Website zugreifen oder sie nutzen, erkl\u00e4ren Sie sich mit den vorliegenden Bedingungen und allen geltenden Gesetzen und [&hellip;]<\/p>\n","protected":false},"author":2,"featured_media":0,"parent":0,"menu_order":29,"comment_status":"closed","ping_status":"closed","template":"","meta":{"tpgb_global_settings":"","footnotes":""},"class_list":["post-1001023","page","type-page","status-publish","hentry"],"yoast_head":"<!-- This site is optimized with the Yoast SEO plugin v22.6 - https:\/\/yoast.com\/wordpress\/plugins\/seo\/ -->\n<title>Nutzungsbedingungen - Labellink<\/title>\n<meta name=\"robots\" content=\"noindex, nofollow\" \/>\n<meta property=\"og:locale\" content=\"de_DE\" \/>\n<meta property=\"og:type\" content=\"article\" \/>\n<meta property=\"og:title\" content=\"Nutzungsbedingungen - Labellink\" \/>\n<meta property=\"og:description\" content=\"Labellink-Nutzungsbedingungen Zuletzt aktualisiert: April 12, 2024 Willkommen bei labellink.org. Diese Nutzungsbedingungen (&#8220;Bedingungen&#8221;) regeln Ihre Nutzung unserer Website, die sich unter labellink.org (&#8220;Website&#8221;) befindet und von der UE Labellink Ltd. (&#8220;Unternehmen&#8221;, &#8220;wir&#8221;, &#8220;uns&#8221;, oder &#8220;unser&#8221;). Indem Sie auf die Website zugreifen oder sie nutzen, erkl\u00e4ren Sie sich mit den vorliegenden Bedingungen und allen geltenden Gesetzen und [&hellip;]\" \/>\n<meta property=\"og:url\" content=\"https:\/\/labellink.org\/de\/nutzungsbedingungen\/\" \/>\n<meta property=\"og:site_name\" content=\"Labellink\" \/>\n<meta property=\"article:modified_time\" content=\"2024-04-16T07:30:22+00:00\" \/>\n<meta property=\"og:image\" content=\"https:\/\/labellink.org\/wp-content\/uploads\/labellink.png\" \/>\n\t<meta property=\"og:image:width\" content=\"1200\" \/>\n\t<meta property=\"og:image:height\" content=\"675\" \/>\n\t<meta property=\"og:image:type\" content=\"image\/png\" \/>\n<meta name=\"twitter:card\" content=\"summary_large_image\" \/>\n<meta name=\"twitter:label1\" content=\"Gesch\u00e4tzte Lesezeit\" \/>\n\t<meta name=\"twitter:data1\" content=\"2\u00a0Minuten\" \/>\n<script type=\"application\/ld+json\" class=\"yoast-schema-graph\">{\"@context\":\"https:\/\/schema.org\",\"@graph\":[{\"@type\":\"WebPage\",\"@id\":\"https:\/\/labellink.org\/de\/nutzungsbedingungen\/\",\"url\":\"https:\/\/labellink.org\/de\/nutzungsbedingungen\/\",\"name\":\"Nutzungsbedingungen - Labellink\",\"isPartOf\":{\"@id\":\"https:\/\/labellink.org\/de\/#website\"},\"datePublished\":\"2024-04-12T10:12:31+00:00\",\"dateModified\":\"2024-04-16T07:30:22+00:00\",\"breadcrumb\":{\"@id\":\"https:\/\/labellink.org\/de\/nutzungsbedingungen\/#breadcrumb\"},\"inLanguage\":\"de\",\"potentialAction\":[{\"@type\":\"ReadAction\",\"target\":[\"https:\/\/labellink.org\/de\/nutzungsbedingungen\/\"]}]},{\"@type\":\"BreadcrumbList\",\"@id\":\"https:\/\/labellink.org\/de\/nutzungsbedingungen\/#breadcrumb\",\"itemListElement\":[{\"@type\":\"ListItem\",\"position\":1,\"name\":\"Home\",\"item\":\"https:\/\/labellink.org\/de\/\"},{\"@type\":\"ListItem\",\"position\":2,\"name\":\"Nutzungsbedingungen\"}]},{\"@type\":\"WebSite\",\"@id\":\"https:\/\/labellink.org\/de\/#website\",\"url\":\"https:\/\/labellink.org\/de\/\",\"name\":\"Labellink\",\"description\":\"E-label software and services\",\"publisher\":{\"@id\":\"https:\/\/labellink.org\/de\/#organization\"},\"potentialAction\":[{\"@type\":\"SearchAction\",\"target\":{\"@type\":\"EntryPoint\",\"urlTemplate\":\"https:\/\/labellink.org\/de\/?s={search_term_string}\"},\"query-input\":\"required name=search_term_string\"}],\"inLanguage\":\"de\"},{\"@type\":\"Organization\",\"@id\":\"https:\/\/labellink.org\/de\/#organization\",\"name\":\"Labellink\",\"url\":\"https:\/\/labellink.org\/de\/\",\"logo\":{\"@type\":\"ImageObject\",\"inLanguage\":\"de\",\"@id\":\"https:\/\/labellink.org\/de\/#\/schema\/logo\/image\/\",\"url\":\"https:\/\/labellink.org\/wp-content\/uploads\/2024\/01\/labellink-logo.png\",\"contentUrl\":\"https:\/\/labellink.org\/wp-content\/uploads\/2024\/01\/labellink-logo.png\",\"width\":900,\"height\":200,\"caption\":\"Labellink\"},\"image\":{\"@id\":\"https:\/\/labellink.org\/de\/#\/schema\/logo\/image\/\"}}]}<\/script>\n<!-- \/ Yoast SEO plugin. -->","yoast_head_json":{"title":"Nutzungsbedingungen - Labellink","robots":{"index":"noindex","follow":"nofollow"},"og_locale":"de_DE","og_type":"article","og_title":"Nutzungsbedingungen - Labellink","og_description":"Labellink-Nutzungsbedingungen Zuletzt aktualisiert: April 12, 2024 Willkommen bei labellink.org. Diese Nutzungsbedingungen (&#8220;Bedingungen&#8221;) regeln Ihre Nutzung unserer Website, die sich unter labellink.org (&#8220;Website&#8221;) befindet und von der UE Labellink Ltd. (&#8220;Unternehmen&#8221;, &#8220;wir&#8221;, &#8220;uns&#8221;, oder &#8220;unser&#8221;). Indem Sie auf die Website zugreifen oder sie nutzen, erkl\u00e4ren Sie sich mit den vorliegenden Bedingungen und allen geltenden Gesetzen und [&hellip;]","og_url":"https:\/\/labellink.org\/de\/nutzungsbedingungen\/","og_site_name":"Labellink","article_modified_time":"2024-04-16T07:30:22+00:00","og_image":[{"width":1200,"height":675,"url":"https:\/\/labellink.org\/wp-content\/uploads\/labellink.png","type":"image\/png"}],"twitter_card":"summary_large_image","twitter_misc":{"Gesch\u00e4tzte Lesezeit":"2\u00a0Minuten"},"schema":{"@context":"https:\/\/schema.org","@graph":[{"@type":"WebPage","@id":"https:\/\/labellink.org\/de\/nutzungsbedingungen\/","url":"https:\/\/labellink.org\/de\/nutzungsbedingungen\/","name":"Nutzungsbedingungen - Labellink","isPartOf":{"@id":"https:\/\/labellink.org\/de\/#website"},"datePublished":"2024-04-12T10:12:31+00:00","dateModified":"2024-04-16T07:30:22+00:00","breadcrumb":{"@id":"https:\/\/labellink.org\/de\/nutzungsbedingungen\/#breadcrumb"},"inLanguage":"de","potentialAction":[{"@type":"ReadAction","target":["https:\/\/labellink.org\/de\/nutzungsbedingungen\/"]}]},{"@type":"BreadcrumbList","@id":"https:\/\/labellink.org\/de\/nutzungsbedingungen\/#breadcrumb","itemListElement":[{"@type":"ListItem","position":1,"name":"Home","item":"https:\/\/labellink.org\/de\/"},{"@type":"ListItem","position":2,"name":"Nutzungsbedingungen"}]},{"@type":"WebSite","@id":"https:\/\/labellink.org\/de\/#website","url":"https:\/\/labellink.org\/de\/","name":"Labellink","description":"E-label software and services","publisher":{"@id":"https:\/\/labellink.org\/de\/#organization"},"potentialAction":[{"@type":"SearchAction","target":{"@type":"EntryPoint","urlTemplate":"https:\/\/labellink.org\/de\/?s={search_term_string}"},"query-input":"required name=search_term_string"}],"inLanguage":"de"},{"@type":"Organization","@id":"https:\/\/labellink.org\/de\/#organization","name":"Labellink","url":"https:\/\/labellink.org\/de\/","logo":{"@type":"ImageObject","inLanguage":"de","@id":"https:\/\/labellink.org\/de\/#\/schema\/logo\/image\/","url":"https:\/\/labellink.org\/wp-content\/uploads\/2024\/01\/labellink-logo.png","contentUrl":"https:\/\/labellink.org\/wp-content\/uploads\/2024\/01\/labellink-logo.png","width":900,"height":200,"caption":"Labellink"},"image":{"@id":"https:\/\/labellink.org\/de\/#\/schema\/logo\/image\/"}}]}},"tpgb_featured_images":null,"tpgb_post_meta_info":{"get_date":"12 April 2024","author_name":"Boris Motusic","author_url":"https:\/\/labellink.org\/de\/author\/boris\/","author_email":"boris@uexperts.com","author_website":"https:\/\/www.linkedin.com\/in\/boris-motusic\/","author_description":"Boris Motusic is the CEO of Labellink and United Experts, a seasoned Chief Solution Architect, consultant, author, and public speaker, with experience working on projects for global brands like Microsoft, BNP Paribas, ABB, Panasonic, and Best Western Hotels.\r\n\r\n<a href=\"https:\/\/www.linkedin.com\/in\/boris-motusic\/\">LinkedIn Profile<\/a>","author_facebook":"","author_twitter":"","author_instagram":"","author_role":["administrator"],"author_firstname":"Boris","author_lastname":"Motusic","user_login":"Boris","author_avatar":"<img alt='' src='https:\/\/secure.gravatar.com\/avatar\/a16ac50596ba289795b185a9dc6123239c87be7224f05ac14470b09a0d3cf8c4?s=200&#038;d=mm&#038;r=g' srcset='https:\/\/secure.gravatar.com\/avatar\/a16ac50596ba289795b185a9dc6123239c87be7224f05ac14470b09a0d3cf8c4?s=400&#038;d=mm&#038;r=g 2x' class='avatar avatar-200 photo' height='200' width='200' decoding='async'\/>","author_avatar_url":"https:\/\/secure.gravatar.com\/avatar\/a16ac50596ba289795b185a9dc6123239c87be7224f05ac14470b09a0d3cf8c4?s=96&d=mm&r=g","comment_count":0,"post_likes":0,"post_views":0},"tpgb_post_category":[],"_links":{"self":[{"href":"https:\/\/labellink.org\/de\/wp-json\/wp\/v2\/pages\/1001023","targetHints":{"allow":["GET"]}}],"collection":[{"href":"https:\/\/labellink.org\/de\/wp-json\/wp\/v2\/pages"}],"about":[{"href":"https:\/\/labellink.org\/de\/wp-json\/wp\/v2\/types\/page"}],"author":[{"embeddable":true,"href":"https:\/\/labellink.org\/de\/wp-json\/wp\/v2\/users\/2"}],"replies":[{"embeddable":true,"href":"https:\/\/labellink.org\/de\/wp-json\/wp\/v2\/comments?post=1001023"}],"version-history":[{"count":1,"href":"https:\/\/labellink.org\/de\/wp-json\/wp\/v2\/pages\/1001023\/revisions"}],"predecessor-version":[{"id":1001038,"href":"https:\/\/labellink.org\/de\/wp-json\/wp\/v2\/pages\/1001023\/revisions\/1001038"}],"wp:attachment":[{"href":"https:\/\/labellink.org\/de\/wp-json\/wp\/v2\/media?parent=1001023"}],"curies":[{"name":"wp","href":"https:\/\/api.w.org\/{rel}","templated":true}]}}